{"id":41446,"date":"2024-11-28T14:00:14","date_gmt":"2024-11-28T13:00:14","guid":{"rendered":"https:\/\/jmp-ch.org\/eco-schools-jmp\/"},"modified":"2026-02-23T12:21:18","modified_gmt":"2026-02-23T11:21:18","slug":"eco-schools-jmp","status":"publish","type":"page","link":"https:\/\/jmp-ch.org\/de\/eco-schools-jmp\/","title":{"rendered":"Eco-Schools &#8211; JMP"},"content":{"rendered":"\t\t<div data-elementor-type=\"wp-page\" data-elementor-id=\"41446\" class=\"elementor elementor-41446 elementor-38008\" data-elementor-post-type=\"page\">\n\t\t\t\t<div class=\"elementor-element elementor-element-563fee6 e-flex e-con-boxed e-con e-parent\" data-id=\"563fee6\" data-element_type=\"container\" data-e-type=\"container\">\n\t\t\t\t\t<div class=\"e-con-inner\">\n\t\t<div class=\"elementor-element elementor-element-514ad40 overflow e-con-full e-flex e-con e-child\" data-id=\"514ad40\" data-element_type=\"container\" data-e-type=\"container\">\n\t\t<div class=\"elementor-element elementor-element-c82b8d0 e-con-full e-flex e-con e-child\" data-id=\"c82b8d0\" data-element_type=\"container\" data-e-type=\"container\">\n\t\t\t\t<div class=\"elementor-element elementor-element-ed3cb50 elementor-widget__width-initial elementor-widget elementor-widget-text-editor\" data-id=\"ed3cb50\" data-element_type=\"widget\" data-e-type=\"widget\" data-widget_type=\"text-editor.default\">\n\t\t\t\t\t\t\t\t\t<h2>Eco-Schools<\/h2>\t\t\t\t\t\t\t\t<\/div>\n\t\t\t\t<div class=\"elementor-element elementor-element-3fe0094 elementor-widget__width-initial elementor-widget elementor-widget-text-editor\" data-id=\"3fe0094\" data-element_type=\"widget\" data-e-type=\"widget\" data-widget_type=\"text-editor.default\">\n\t\t\t\t\t\t\t\t\t<p>Kinder und Jugendliche gestalten eine nachhaltige Welt<\/p>\t\t\t\t\t\t\t\t<\/div>\n\t\t\t\t<div class=\"elementor-element elementor-element-d5abb97 elementor-widget__width-initial elementor-widget elementor-widget-text-editor\" data-id=\"d5abb97\" data-element_type=\"widget\" data-e-type=\"widget\" data-widget_type=\"text-editor.default\">\n\t\t\t\t\t\t\t\t\t<p>Eco-Schools ist ein von der UNESCO anerkanntes Bildungsprogramm f\u00fcr Schulen, die sich f\u00fcr ein nachhaltiges Schulleben einsetzen m\u00f6chten. Es unterst\u00fctzt die Schulgemeinschaft dabei, Bildung f\u00fcr Nachhaltige Entwicklung in den Schulalltag zu integrieren und gleichzeitig den \u00f6kologischen Fussabdruck der Schule zu reduzieren.<\/p><p>Mit einem gesamtschulischen Ansatz bringt Eco-Schools die gesamte Schulgemeinschaft zusammen \u2013 im Zentrum stehen die Sch\u00fclerinnen und Sch\u00fcler als Hauptakteur*innen. Sie erforschen Nachhaltigkeitsfragen alltagsnah, innerhalb und ausserhalb des Klassenzimmers, entwickeln eigene Ideen f\u00fcr einen nachhaltigeren Schulalltag und probieren diese aus.<\/p>\t\t\t\t\t\t\t\t<\/div>\n\t\t\t\t<\/div>\n\t\t<div class=\"elementor-element elementor-element-5af4776 e-con-full e-flex e-con e-child\" data-id=\"5af4776\" data-element_type=\"container\" data-e-type=\"container\">\n\t\t\t\t<div class=\"elementor-element elementor-element-0df3b28 elementor-widget elementor-widget-image\" data-id=\"0df3b28\" data-element_type=\"widget\" data-e-type=\"widget\" data-widget_type=\"image.default\">\n\t\t\t\t\t\t\t\t\t\t\t\t\t\t\t<img fetchpriority=\"high\" decoding=\"async\" width=\"800\" height=\"534\" src=\"https:\/\/jmp-ch.org\/wp-content\/uploads\/2024\/11\/IMG_9067-1-1024x683.jpg\" class=\"attachment-large size-large wp-image-37466\" alt=\"\" srcset=\"https:\/\/jmp-ch.org\/wp-content\/uploads\/2024\/11\/IMG_9067-1-1024x683.jpg 1024w, https:\/\/jmp-ch.org\/wp-content\/uploads\/2024\/11\/IMG_9067-1-300x200.jpg 300w, https:\/\/jmp-ch.org\/wp-content\/uploads\/2024\/11\/IMG_9067-1-768x512.jpg 768w, https:\/\/jmp-ch.org\/wp-content\/uploads\/2024\/11\/IMG_9067-1-1536x1024.jpg 1536w, https:\/\/jmp-ch.org\/wp-content\/uploads\/2024\/11\/IMG_9067-1-2048x1366.jpg 2048w\" sizes=\"(max-width: 800px) 100vw, 800px\" \/>\t\t\t\t\t\t\t\t\t\t\t\t\t\t\t<\/div>\n\t\t\t\t<div class=\"elementor-element elementor-element-261c622 elementor-align-right elementor-widget__width-initial simpleboutonorange elementor-widget-mobile__width-initial elementor-widget elementor-widget-button\" data-id=\"261c622\" data-element_type=\"widget\" data-e-type=\"widget\" data-widget_type=\"button.default\">\n\t\t\t\t\t\t\t\t\t\t<a class=\"elementor-button elementor-button-link elementor-size-sm\" href=\"https:\/\/jmp-ch.org\/de\/eco-schools\/\" target=\"_blank\">\n\t\t\t\t\t\t<span class=\"elementor-button-content-wrapper\">\n\t\t\t\t\t\t\t\t\t<span class=\"elementor-button-text\">Zur Eco-Schools-Website<\/span>\n\t\t\t\t\t<\/span>\n\t\t\t\t\t<\/a>\n\t\t\t\t\t\t\t\t<\/div>\n\t\t\t\t<\/div>\n\t\t\t\t<\/div>\n\t\t\t\t\t<\/div>\n\t\t\t\t<\/div>\n\t\t<div class=\"elementor-element elementor-element-bdebd15 pbleft e-flex e-con-boxed e-con e-parent\" data-id=\"bdebd15\" data-element_type=\"container\" data-e-type=\"container\" data-settings=\"{&quot;background_background&quot;:&quot;classic&quot;}\">\n\t\t\t\t\t<div class=\"e-con-inner\">\n\t\t<div class=\"elementor-element elementor-element-3171e33 e-con-full e-flex e-con e-child\" data-id=\"3171e33\" data-element_type=\"container\" data-e-type=\"container\" data-settings=\"{&quot;background_background&quot;:&quot;classic&quot;}\">\n\t\t\t\t<div class=\"elementor-element elementor-element-34cb511 elementor-widget__width-initial elementor-widget elementor-widget-text-editor\" data-id=\"34cb511\" data-element_type=\"widget\" data-e-type=\"widget\" data-widget_type=\"text-editor.default\">\n\t\t\t\t\t\t\t\t\t<p>WER KANN TEILNEHMEN?<\/p>\t\t\t\t\t\t\t\t<\/div>\n\t\t\t\t<div class=\"elementor-element elementor-element-ff031ed elementor-widget__width-initial e-transform elementor-widget elementor-widget-text-editor\" data-id=\"ff031ed\" data-element_type=\"widget\" data-e-type=\"widget\" data-settings=\"{&quot;_transform_scale_effect_hover&quot;:{&quot;unit&quot;:&quot;px&quot;,&quot;size&quot;:0.99,&quot;sizes&quot;:[]},&quot;_transform_scale_effect_hover_tablet&quot;:{&quot;unit&quot;:&quot;px&quot;,&quot;size&quot;:&quot;&quot;,&quot;sizes&quot;:[]},&quot;_transform_scale_effect_hover_mobile&quot;:{&quot;unit&quot;:&quot;px&quot;,&quot;size&quot;:&quot;&quot;,&quot;sizes&quot;:[]}}\" data-widget_type=\"text-editor.default\">\n\t\t\t\t\t\t\t\t\t<p>Das Eco-Schools-Programm richtet sich an Kitas sowie an Schulen aller Stufen \u2013 von der Primar- bis zur Sekundarstufe II.<\/p>\t\t\t\t\t\t\t\t<\/div>\n\t\t\t\t<div class=\"elementor-element elementor-element-6587d35 elementor-widget__width-initial elementor-widget elementor-widget-text-editor\" data-id=\"6587d35\" data-element_type=\"widget\" data-e-type=\"widget\" data-widget_type=\"text-editor.default\">\n\t\t\t\t\t\t\t\t\t<p>SO FUNKTIONIERT ES<\/p>\t\t\t\t\t\t\t\t<\/div>\n\t\t\t\t<div class=\"elementor-element elementor-element-74b067d elementor-widget__width-initial elementor-widget elementor-widget-text-editor\" data-id=\"74b067d\" data-element_type=\"widget\" data-e-type=\"widget\" data-widget_type=\"text-editor.default\">\n\t\t\t\t\t\t\t\t\t<p>Die Schulgemeinschaft w\u00e4hlt ein Schwerpunktthema f\u00fcr ein bis zwei Schuljahre und folgt sieben flexiblen Projektschritten, um den Schulalltag in diesem Bereich nachhaltiger zu gestalten.<\/p><p>Nach erfolgreichem Abschluss des Projekts erhalten die Schulen die international anerkannte Eco-Schools-Auszeichnung.<\/p>\t\t\t\t\t\t\t\t<\/div>\n\t\t\t\t<div class=\"elementor-element elementor-element-8f3d6f3 elementor-widget__width-initial elementor-widget elementor-widget-text-editor\" data-id=\"8f3d6f3\" data-element_type=\"widget\" data-e-type=\"widget\" data-widget_type=\"text-editor.default\">\n\t\t\t\t\t\t\t\t\t<p>UNSERE BEGLEITUNG<\/p>\t\t\t\t\t\t\t\t<\/div>\n\t\t\t\t<div class=\"elementor-element elementor-element-f2fc9fa elementor-widget__width-initial elementor-widget elementor-widget-text-editor\" data-id=\"f2fc9fa\" data-element_type=\"widget\" data-e-type=\"widget\" data-widget_type=\"text-editor.default\">\n\t\t\t\t\t\t\t\t\t<p>Wir von J&#8217;aime ma Plan\u00e8te unterst\u00fctzen die Schulen individuell und eng: durch regelm\u00e4ssige Beratungsgespr\u00e4che und eine pers\u00f6nliche Begleitung w\u00e4hrend des gesamten Projektzyklus \u2013 inklusive eines Einf\u00fchrungsworkshops f\u00fcr einen gelungenen Projektstart \u2013 sowie durch eine vielf\u00e4ltige Auswahl an thematischen und methodischen Bildungsmaterialien.<\/p>\t\t\t\t\t\t\t\t<\/div>\n\t\t\t\t<\/div>\n\t\t<div class=\"elementor-element elementor-element-e1b4d40 e-con-full e-flex e-con e-child\" data-id=\"e1b4d40\" data-element_type=\"container\" data-e-type=\"container\">\n\t\t\t\t<div class=\"elementor-element elementor-element-c2064fa elementor-widget__width-initial e-transform elementor-widget elementor-widget-text-editor\" data-id=\"c2064fa\" data-element_type=\"widget\" data-e-type=\"widget\" data-settings=\"{&quot;_transform_scale_effect_hover&quot;:{&quot;unit&quot;:&quot;px&quot;,&quot;size&quot;:0.99,&quot;sizes&quot;:[]},&quot;_transform_scale_effect_hover_tablet&quot;:{&quot;unit&quot;:&quot;px&quot;,&quot;size&quot;:&quot;&quot;,&quot;sizes&quot;:[]},&quot;_transform_scale_effect_hover_mobile&quot;:{&quot;unit&quot;:&quot;px&quot;,&quot;size&quot;:&quot;&quot;,&quot;sizes&quot;:[]}}\" data-widget_type=\"text-editor.default\">\n\t\t\t\t\t\t\t\t\t<p>SIE INTERESSIEREN SICH F\u00dcR DAS ECO-SCHOOLS-PROGRAMM?<\/p>\t\t\t\t\t\t\t\t<\/div>\n\t\t\t\t<div class=\"elementor-element elementor-element-4495fd4 e-transform e-transform elementor-widget elementor-widget-text-editor\" data-id=\"4495fd4\" data-element_type=\"widget\" data-e-type=\"widget\" data-settings=\"{&quot;_transform_scale_effect_hover&quot;:{&quot;unit&quot;:&quot;px&quot;,&quot;size&quot;:0.99,&quot;sizes&quot;:[]},&quot;_transform_scale_effect&quot;:{&quot;unit&quot;:&quot;px&quot;,&quot;size&quot;:&quot;&quot;,&quot;sizes&quot;:[]},&quot;_transform_scale_effect_tablet&quot;:{&quot;unit&quot;:&quot;px&quot;,&quot;size&quot;:&quot;&quot;,&quot;sizes&quot;:[]},&quot;_transform_scale_effect_mobile&quot;:{&quot;unit&quot;:&quot;px&quot;,&quot;size&quot;:&quot;&quot;,&quot;sizes&quot;:[]},&quot;_transform_scale_effect_hover_tablet&quot;:{&quot;unit&quot;:&quot;px&quot;,&quot;size&quot;:&quot;&quot;,&quot;sizes&quot;:[]},&quot;_transform_scale_effect_hover_mobile&quot;:{&quot;unit&quot;:&quot;px&quot;,&quot;size&quot;:&quot;&quot;,&quot;sizes&quot;:[]}}\" data-widget_type=\"text-editor.default\">\n\t\t\t\t\t\t\t\t\t<p>kontakt aufnehmen<\/p>\t\t\t\t\t\t\t\t<\/div>\n\t\t\t\t<div class=\"elementor-element elementor-element-ff3cb07 elementor-align-right elementor-widget__width-initial boutonorange elementor-widget elementor-widget-button\" data-id=\"ff3cb07\" data-element_type=\"widget\" data-e-type=\"widget\" data-widget_type=\"button.default\">\n\t\t\t\t\t\t\t\t\t\t<a class=\"elementor-button elementor-button-link elementor-size-sm\" href=\"https:\/\/jmp-ch.org\/wp-content\/uploads\/2025\/06\/2025_DE_FlyerES_WEB.pdf\" target=\"_blank\">\n\t\t\t\t\t\t<span class=\"elementor-button-content-wrapper\">\n\t\t\t\t\t\t\t\t\t<span class=\"elementor-button-text\">Flyer Schulen<\/span>\n\t\t\t\t\t<\/span>\n\t\t\t\t\t<\/a>\n\t\t\t\t\t\t\t\t<\/div>\n\t\t\t\t<div class=\"elementor-element elementor-element-6481cf4 elementor-align-right elementor-widget__width-initial boutonorange elementor-widget elementor-widget-button\" data-id=\"6481cf4\" data-element_type=\"widget\" data-e-type=\"widget\" data-widget_type=\"button.default\">\n\t\t\t\t\t\t\t\t\t\t<a class=\"elementor-button elementor-button-link elementor-size-sm\" href=\"https:\/\/jmp-ch.org\/wp-content\/uploads\/2025\/07\/2025_DE_FlyerESKita_WEB.pdf\" target=\"_blank\">\n\t\t\t\t\t\t<span class=\"elementor-button-content-wrapper\">\n\t\t\t\t\t\t\t\t\t<span class=\"elementor-button-text\">Flyer Kitas<\/span>\n\t\t\t\t\t<\/span>\n\t\t\t\t\t<\/a>\n\t\t\t\t\t\t\t\t<\/div>\n\t\t\t\t<\/div>\n\t\t\t\t\t<\/div>\n\t\t\t\t<\/div>\n\t\t<div class=\"elementor-element elementor-element-e865a56 e-flex e-con-boxed e-con e-parent\" data-id=\"e865a56\" data-element_type=\"container\" data-e-type=\"container\" data-settings=\"{&quot;background_background&quot;:&quot;classic&quot;}\">\n\t\t\t\t\t<div class=\"e-con-inner\">\n\t\t\t\t<div class=\"elementor-element elementor-element-9e4b404 elementor-arrows-position-inside elementor-widget elementor-widget-n-carousel\" data-id=\"9e4b404\" data-element_type=\"widget\" data-e-type=\"widget\" data-settings=\"{&quot;carousel_items&quot;:[{&quot;slide_title&quot;:&quot;Diapositive N\\u00b01&quot;,&quot;_id&quot;:&quot;0ab431d&quot;},{&quot;slide_title&quot;:&quot;Diapositive N\\u00b01&quot;,&quot;_id&quot;:&quot;e63561c&quot;},{&quot;slide_title&quot;:&quot;Diapositive N\\u00b01&quot;,&quot;_id&quot;:&quot;c927300&quot;}],&quot;slides_to_show&quot;:&quot;1&quot;,&quot;slides_to_scroll&quot;:&quot;1&quot;,&quot;slides_to_show_tablet&quot;:&quot;2&quot;,&quot;slides_to_show_mobile&quot;:&quot;1&quot;,&quot;autoplay&quot;:&quot;yes&quot;,&quot;autoplay_speed&quot;:5000,&quot;pause_on_hover&quot;:&quot;yes&quot;,&quot;pause_on_interaction&quot;:&quot;yes&quot;,&quot;infinite&quot;:&quot;yes&quot;,&quot;speed&quot;:500,&quot;offset_sides&quot;:&quot;none&quot;,&quot;arrows&quot;:&quot;yes&quot;,&quot;image_spacing_custom&quot;:{&quot;unit&quot;:&quot;px&quot;,&quot;size&quot;:10,&quot;sizes&quot;:[]},&quot;image_spacing_custom_tablet&quot;:{&quot;unit&quot;:&quot;px&quot;,&quot;size&quot;:&quot;&quot;,&quot;sizes&quot;:[]},&quot;image_spacing_custom_mobile&quot;:{&quot;unit&quot;:&quot;px&quot;,&quot;size&quot;:&quot;&quot;,&quot;sizes&quot;:[]}}\" data-widget_type=\"nested-carousel.default\">\n\t\t\t\t\t\t\t<div class=\"e-n-carousel swiper\" role=\"region\" aria-roledescription=\"carousel\" aria-label=\"Carousel\" dir=\"ltr\">\n\t\t\t<div class=\"swiper-wrapper\" aria-live=\"off\">\n\t\t\t\t\t\t\t\t\t\t<div class=\"swiper-slide\" data-slide=\"1\" role=\"group\" aria-roledescription=\"slide\" aria-label=\"1 von 3\">\n\t\t\t\t\t\t\t<div class=\"elementor-element elementor-element-2ed3d2e e-flex e-con-boxed e-con e-child\" data-id=\"2ed3d2e\" data-element_type=\"container\" data-e-type=\"container\" data-settings=\"{&quot;background_background&quot;:&quot;classic&quot;}\">\n\t\t\t\t\t<div class=\"e-con-inner\">\n\t\t\t\t<div class=\"elementor-element elementor-element-74e4858 elementor-widget elementor-widget-text-editor\" data-id=\"74e4858\" data-element_type=\"widget\" data-e-type=\"widget\" data-widget_type=\"text-editor.default\">\n\t\t\t\t\t\t\t\t\t<p>Testimonial<\/p>\t\t\t\t\t\t\t\t<\/div>\n\t\t\t\t<div class=\"elementor-element elementor-element-fac3594 elementor-widget elementor-widget-text-editor\" data-id=\"fac3594\" data-element_type=\"widget\" data-e-type=\"widget\" data-widget_type=\"text-editor.default\">\n\t\t\t\t\t\t\t\t\t<p>\u00abEs ist wirklich toll, dass auch wir Kinder einbezogen werden und mitbestimmen k\u00f6nnen. Ich w\u00fcnsche mir, dass auch andere Kinder die gleiche Chance bekommen wie wir. Es war super!\u00bb<\/p>\t\t\t\t\t\t\t\t<\/div>\n\t\t\t\t<div class=\"elementor-element elementor-element-422b659 elementor-widget elementor-widget-text-editor\" data-id=\"422b659\" data-element_type=\"widget\" data-e-type=\"widget\" data-widget_type=\"text-editor.default\">\n\t\t\t\t\t\t\t\t\t<p class=\"p1\">Sch\u00fclerin eines Eco-Komitees (4. Klasse)<\/p>\t\t\t\t\t\t\t\t<\/div>\n\t\t\t\t\t<\/div>\n\t\t\t\t<\/div>\n\t\t\t\t\t\t\t\t<\/div>\n\t\t\t\t\t\t\t\t\t\t\t<div class=\"swiper-slide\" data-slide=\"2\" role=\"group\" aria-roledescription=\"slide\" aria-label=\"2 von 3\">\n\t\t\t\t\t\t\t<div class=\"elementor-element elementor-element-bf303e0 e-flex e-con-boxed e-con e-child\" data-id=\"bf303e0\" data-element_type=\"container\" data-e-type=\"container\">\n\t\t\t\t\t<div class=\"e-con-inner\">\n\t\t\t\t<div class=\"elementor-element elementor-element-5ea68f4 elementor-widget elementor-widget-text-editor\" data-id=\"5ea68f4\" data-element_type=\"widget\" data-e-type=\"widget\" data-widget_type=\"text-editor.default\">\n\t\t\t\t\t\t\t\t\t<p>Testimonial<\/p>\t\t\t\t\t\t\t\t<\/div>\n\t\t\t\t<div class=\"elementor-element elementor-element-3f8b81b elementor-widget elementor-widget-text-editor\" data-id=\"3f8b81b\" data-element_type=\"widget\" data-e-type=\"widget\" data-widget_type=\"text-editor.default\">\n\t\t\t\t\t\t\t\t\t<p><em>\u00abDas Eco-Schools-Projekt war eine sehr bereichernde Erfahrung f\u00fcr die Kinder, das Team und die Familien. Wir haben festgestellt, dass nachhaltige Ver\u00e4nderungen leicht in unseren Lebensstil integriert werden k\u00f6nnen, solange wir verstehen, dass Perfektion nicht das Ziel ist.\u00bb<\/em><\/p>\t\t\t\t\t\t\t\t<\/div>\n\t\t\t\t<div class=\"elementor-element elementor-element-212a7c8 elementor-widget elementor-widget-text-editor\" data-id=\"212a7c8\" data-element_type=\"widget\" data-e-type=\"widget\" data-widget_type=\"text-editor.default\">\n\t\t\t\t\t\t\t\t\t<p>Eco-Schools-Koordinatorin<\/p>\t\t\t\t\t\t\t\t<\/div>\n\t\t\t\t\t<\/div>\n\t\t\t\t<\/div>\n\t\t\t\t\t\t\t\t<\/div>\n\t\t\t\t\t\t\t\t\t\t\t<div class=\"swiper-slide\" data-slide=\"3\" role=\"group\" aria-roledescription=\"slide\" aria-label=\"3 von 3\">\n\t\t\t\t\t\t\t<div class=\"elementor-element elementor-element-1112a61 e-flex e-con-boxed e-con e-child\" data-id=\"1112a61\" data-element_type=\"container\" data-e-type=\"container\">\n\t\t\t\t\t<div class=\"e-con-inner\">\n\t\t\t\t<div class=\"elementor-element elementor-element-b739610 elementor-widget elementor-widget-text-editor\" data-id=\"b739610\" data-element_type=\"widget\" data-e-type=\"widget\" data-widget_type=\"text-editor.default\">\n\t\t\t\t\t\t\t\t\t<p>Testimonial<\/p>\t\t\t\t\t\t\t\t<\/div>\n\t\t\t\t<div class=\"elementor-element elementor-element-7718c5a elementor-widget elementor-widget-text-editor\" data-id=\"7718c5a\" data-element_type=\"widget\" data-e-type=\"widget\" data-widget_type=\"text-editor.default\">\n\t\t\t\t\t\t\t\t\t<p>\u00abSeit Beginn des Projekts arbeiten die Lehrpersonen enger und erfolgreicher zusammen. Auch unsere Sch\u00fclerinnen und Sch\u00fcler aus unterschiedlichen Stufen sind durch das Projekt n\u00e4her zusammenger\u00fcckt.\u00bb<\/p>\t\t\t\t\t\t\t\t<\/div>\n\t\t\t\t<div class=\"elementor-element elementor-element-e3b3064 elementor-widget elementor-widget-text-editor\" data-id=\"e3b3064\" data-element_type=\"widget\" data-e-type=\"widget\" data-widget_type=\"text-editor.default\">\n\t\t\t\t\t\t\t\t\t<p>Eco-Schools Koordinatorin<\/p>\t\t\t\t\t\t\t\t<\/div>\n\t\t\t\t\t<\/div>\n\t\t\t\t<\/div>\n\t\t\t\t\t\t\t\t<\/div>\n\t\t\t\t\t\t\t\t<\/div>\n\t\t<\/div>\n\t\t\t\t\t<div class=\"elementor-swiper-button elementor-swiper-button-prev\" role=\"button\" tabindex=\"0\" aria-label=\"Voriger\">\n\t\t\t\t<svg aria-hidden=\"true\" class=\"e-font-icon-svg e-fas-chevron-left\" viewBox=\"0 0 320 512\" xmlns=\"http:\/\/www.w3.org\/2000\/svg\"><path d=\"M34.52 239.03L228.87 44.69c9.37-9.37 24.57-9.37 33.94 0l22.67 22.67c9.36 9.36 9.37 24.52.04 33.9L131.49 256l154.02 154.75c9.34 9.38 9.32 24.54-.04 33.9l-22.67 22.67c-9.37 9.37-24.57 9.37-33.94 0L34.52 272.97c-9.37-9.37-9.37-24.57 0-33.94z\"><\/path><\/svg>\t\t\t<\/div>\n\t\t\t<div class=\"elementor-swiper-button elementor-swiper-button-next\" role=\"button\" tabindex=\"0\" aria-label=\"N\u00e4chster\">\n\t\t\t\t<svg aria-hidden=\"true\" class=\"e-font-icon-svg e-fas-chevron-right\" viewBox=\"0 0 320 512\" xmlns=\"http:\/\/www.w3.org\/2000\/svg\"><path d=\"M285.476 272.971L91.132 467.314c-9.373 9.373-24.569 9.373-33.941 0l-22.667-22.667c-9.357-9.357-9.375-24.522-.04-33.901L188.505 256 34.484 101.255c-9.335-9.379-9.317-24.544.04-33.901l22.667-22.667c9.373-9.373 24.569-9.373 33.941 0L285.475 239.03c9.373 9.372 9.373 24.568.001 33.941z\"><\/path><\/svg>\t\t\t<\/div>\n\t\t\t\t\t\t<\/div>\n\t\t\t\t\t<\/div>\n\t\t\t\t<\/div>\n\t\t\t\t<\/div>\n\t\t","protected":false},"excerpt":{"rendered":"<p>Eco-Schools Kinder und Jugendliche gestalten eine nachhaltige Welt Eco-Schools ist ein von der UNESCO anerkanntes Bildungsprogramm f\u00fcr Schulen, die sich f\u00fcr ein nachhaltiges Schulleben einsetzen m\u00f6chten. Es unterst\u00fctzt die Schulgemeinschaft dabei, Bildung f\u00fcr Nachhaltige Entwicklung in den Schulalltag zu integrieren und gleichzeitig den \u00f6kologischen Fussabdruck der Schule zu reduzieren. Mit einem gesamtschulischen Ansatz bringt Eco-Schools [&hellip;]<\/p>\n","protected":false},"author":5,"featured_media":0,"parent":0,"menu_order":0,"comment_status":"closed","ping_status":"closed","template":"","meta":{"iawp_total_views":292,"footnotes":""},"categories":[],"class_list":["post-41446","page","type-page","status-publish","hentry"],"_links":{"self":[{"href":"https:\/\/jmp-ch.org\/de\/wp-json\/wp\/v2\/pages\/41446","targetHints":{"allow":["GET"]}}],"collection":[{"href":"https:\/\/jmp-ch.org\/de\/wp-json\/wp\/v2\/pages"}],"about":[{"href":"https:\/\/jmp-ch.org\/de\/wp-json\/wp\/v2\/types\/page"}],"author":[{"embeddable":true,"href":"https:\/\/jmp-ch.org\/de\/wp-json\/wp\/v2\/users\/5"}],"replies":[{"embeddable":true,"href":"https:\/\/jmp-ch.org\/de\/wp-json\/wp\/v2\/comments?post=41446"}],"version-history":[{"count":120,"href":"https:\/\/jmp-ch.org\/de\/wp-json\/wp\/v2\/pages\/41446\/revisions"}],"predecessor-version":[{"id":55355,"href":"https:\/\/jmp-ch.org\/de\/wp-json\/wp\/v2\/pages\/41446\/revisions\/55355"}],"wp:attachment":[{"href":"https:\/\/jmp-ch.org\/de\/wp-json\/wp\/v2\/media?parent=41446"}],"wp:term":[{"taxonomy":"category","embeddable":true,"href":"https:\/\/jmp-ch.org\/de\/wp-json\/wp\/v2\/categories?post=41446"}],"curies":[{"name":"wp","href":"https:\/\/api.w.org\/{rel}","templated":true}]}}