{"id":41606,"date":"2025-01-21T15:44:55","date_gmt":"2025-01-21T14:44:55","guid":{"rendered":"https:\/\/jmp-ch.org\/?page_id=41606"},"modified":"2025-05-22T09:38:05","modified_gmt":"2025-05-22T07:38:05","slug":"angebote-in-der-romandie","status":"publish","type":"page","link":"https:\/\/jmp-ch.org\/de\/angebote-in-der-romandie\/","title":{"rendered":"Angebote in der Romandie"},"content":{"rendered":"\t\t<div data-elementor-type=\"wp-page\" data-elementor-id=\"41606\" class=\"elementor elementor-41606\" data-elementor-post-type=\"page\">\n\t\t\t\t<div class=\"elementor-element elementor-element-6c36c67 overflow e-flex e-con-boxed e-con e-parent\" data-id=\"6c36c67\" data-element_type=\"container\" data-e-type=\"container\">\n\t\t\t\t\t<div class=\"e-con-inner\">\n\t\t<div class=\"elementor-element elementor-element-b042ecb e-con-full e-flex e-con e-child\" data-id=\"b042ecb\" data-element_type=\"container\" data-e-type=\"container\">\n\t\t\t\t<div class=\"elementor-element elementor-element-09147ba elementor-widget__width-initial titre-bg elementor-widget elementor-widget-text-editor\" data-id=\"09147ba\" data-element_type=\"widget\" data-e-type=\"widget\" data-widget_type=\"text-editor.default\">\n\t\t\t\t\t\t\t\t\t<h2>ANGEBOTE IN DER ROMANDIE<\/h2>\t\t\t\t\t\t\t\t<\/div>\n\t\t\t\t<div class=\"elementor-element elementor-element-b79e8c1 elementor-widget__width-initial elementor-widget elementor-widget-text-editor\" data-id=\"b79e8c1\" data-element_type=\"widget\" data-e-type=\"widget\" data-widget_type=\"text-editor.default\">\n\t\t\t\t\t\t\t\t\t<p>In den Kantonen Genf und Waadt bieten wir verschiedene Bildungsaktivit\u00e4ten zu Themen der nachhaltigen Entwicklung f\u00fcr Primarschulen an. Die Bildungsaktivit\u00e4ten werden auf Franz\u00f6sisch durchgef\u00fchrt.<\/p>\t\t\t\t\t\t\t\t<\/div>\n\t\t\t\t<\/div>\n\t\t<div class=\"elementor-element elementor-element-1308184 e-con-full e-flex e-con e-child\" data-id=\"1308184\" data-element_type=\"container\" data-e-type=\"container\">\n\t\t\t\t<div class=\"elementor-element elementor-element-12c0430 elementor-widget elementor-widget-image\" data-id=\"12c0430\" data-element_type=\"widget\" data-e-type=\"widget\" data-widget_type=\"image.default\">\n\t\t\t\t\t\t\t\t\t\t\t\t\t\t\t<img fetchpriority=\"high\" decoding=\"async\" width=\"800\" height=\"534\" src=\"https:\/\/jmp-ch.org\/wp-content\/uploads\/2025\/01\/IMG_9066-1-1024x683.jpg\" class=\"attachment-large size-large wp-image-42866\" alt=\"\" srcset=\"https:\/\/jmp-ch.org\/wp-content\/uploads\/2025\/01\/IMG_9066-1-1024x683.jpg 1024w, https:\/\/jmp-ch.org\/wp-content\/uploads\/2025\/01\/IMG_9066-1-300x200.jpg 300w, https:\/\/jmp-ch.org\/wp-content\/uploads\/2025\/01\/IMG_9066-1-768x512.jpg 768w, https:\/\/jmp-ch.org\/wp-content\/uploads\/2025\/01\/IMG_9066-1-1536x1024.jpg 1536w, https:\/\/jmp-ch.org\/wp-content\/uploads\/2025\/01\/IMG_9066-1-2048x1366.jpg 2048w\" sizes=\"(max-width: 800px) 100vw, 800px\" \/>\t\t\t\t\t\t\t\t\t\t\t\t\t\t\t<\/div>\n\t\t\t\t<\/div>\n\t\t\t\t\t<\/div>\n\t\t\t\t<\/div>\n\t\t<div class=\"elementor-element elementor-element-3714075 pbleft e-flex e-con-boxed e-con e-parent\" data-id=\"3714075\" data-element_type=\"container\" data-e-type=\"container\" data-settings=\"{&quot;background_background&quot;:&quot;classic&quot;}\">\n\t\t\t\t\t<div class=\"e-con-inner\">\n\t\t<div class=\"elementor-element elementor-element-501cff6 e-con-full e-flex e-con e-child\" data-id=\"501cff6\" data-element_type=\"container\" data-e-type=\"container\" data-settings=\"{&quot;background_background&quot;:&quot;classic&quot;}\">\n\t\t\t\t<div class=\"elementor-element elementor-element-54524a6 elementor-widget__width-initial elementor-widget elementor-widget-text-editor\" data-id=\"54524a6\" data-element_type=\"widget\" data-e-type=\"widget\" data-widget_type=\"text-editor.default\">\n\t\t\t\t\t\t\t\t\t<p>AUF EINEN BLICK<\/p>\t\t\t\t\t\t\t\t<\/div>\n\t\t\t\t<div class=\"elementor-element elementor-element-4ea0949 elementor-widget__width-initial elementor-widget elementor-widget-text-editor\" data-id=\"4ea0949\" data-element_type=\"widget\" data-e-type=\"widget\" data-widget_type=\"text-editor.default\">\n\t\t\t\t\t\t\t\t\t<p>AUSSTELLUNG<\/p>\t\t\t\t\t\t\t\t<\/div>\n\t\t\t\t<div class=\"elementor-element elementor-element-99fe450 elementor-widget__width-initial elementor-widget elementor-widget-text-editor\" data-id=\"99fe450\" data-element_type=\"widget\" data-e-type=\"widget\" data-widget_type=\"text-editor.default\">\n\t\t\t\t\t\t\t\t\t<p>In unserer Ausstellung erkunden Kinder und Erwachsene die Umweltauswirkungen und Herausforderungen im Zusammenhang mit der Ern\u00e4hrung und setzen sich mit ihren Konsumentscheidungen auseinander<\/p>\t\t\t\t\t\t\t\t<\/div>\n\t\t\t\t<div class=\"elementor-element elementor-element-4900813 elementor-widget__width-initial elementor-widget elementor-widget-text-editor\" data-id=\"4900813\" data-element_type=\"widget\" data-e-type=\"widget\" data-widget_type=\"text-editor.default\">\n\t\t\t\t\t\t\t\t\t<p>ANIMATIONEN<\/p>\t\t\t\t\t\t\t\t<\/div>\n\t\t\t\t<div class=\"elementor-element elementor-element-c273c42 elementor-widget__width-initial elementor-widget elementor-widget-text-editor\" data-id=\"c273c42\" data-element_type=\"widget\" data-e-type=\"widget\" data-widget_type=\"text-editor.default\">\n\t\t\t\t\t\t\t\t\t<p>In den Animationen (Umweltunterricht) zu Themen der nachhaltigen Entwicklung entdecken Primarschulklassen spielerisch die Wechselwirkungen zwischen Mensch und Umwelt.<\/p>\t\t\t\t\t\t\t\t<\/div>\n\t\t\t\t<div class=\"elementor-element elementor-element-3c454f6 elementor-widget__width-initial elementor-widget elementor-widget-text-editor\" data-id=\"3c454f6\" data-element_type=\"widget\" data-e-type=\"widget\" data-widget_type=\"text-editor.default\">\n\t\t\t\t\t\t\t\t\t<p>EXKURSIONEN<\/p>\t\t\t\t\t\t\t\t<\/div>\n\t\t\t\t<div class=\"elementor-element elementor-element-02c76df elementor-widget__width-initial elementor-widget elementor-widget-text-editor\" data-id=\"02c76df\" data-element_type=\"widget\" data-e-type=\"widget\" data-widget_type=\"text-editor.default\">\n\t\t\t\t\t\t\t\t\t<p>In unseren Exkursionen tauchen Primarsch\u00fclerinnen und -sch\u00fcler in ihre nat\u00fcrliche Umwelt ein und werden f\u00fcr einen sorgsamen Umgang mit der Natur sensibilisiert.<\/p>\t\t\t\t\t\t\t\t<\/div>\n\t\t\t\t<\/div>\n\t\t<div class=\"elementor-element elementor-element-e62cf1e e-con-full e-flex e-con e-child\" data-id=\"e62cf1e\" data-element_type=\"container\" data-e-type=\"container\">\n\t\t\t\t<div class=\"elementor-element elementor-element-047af22 elementor-widget__width-initial elementor-widget elementor-widget-text-editor\" data-id=\"047af22\" data-element_type=\"widget\" data-e-type=\"widget\" data-widget_type=\"text-editor.default\">\n\t\t\t\t\t\t\t\t\t<p>SIND SIE AN UNSEREN BILDUNGSANGEBOTEN INTERESSIERT?<\/p>\t\t\t\t\t\t\t\t<\/div>\n\t\t\t\t<div class=\"elementor-element elementor-element-aa0d169 elementor-widget__width-initial elementor-widget elementor-widget-text-editor\" data-id=\"aa0d169\" data-element_type=\"widget\" data-e-type=\"widget\" data-widget_type=\"text-editor.default\">\n\t\t\t\t\t\t\t\t\t<p>Wir beraten Sie gerne.<\/p>\t\t\t\t\t\t\t\t<\/div>\n\t\t\t\t<div class=\"elementor-element elementor-element-babfc08 elementor-widget__width-initial e-transform elementor-widget elementor-widget-text-editor\" data-id=\"babfc08\" data-element_type=\"widget\" data-e-type=\"widget\" data-settings=\"{&quot;_transform_scale_effect_hover&quot;:{&quot;unit&quot;:&quot;px&quot;,&quot;size&quot;:0.99,&quot;sizes&quot;:[]},&quot;_transform_scale_effect_hover_tablet&quot;:{&quot;unit&quot;:&quot;px&quot;,&quot;size&quot;:&quot;&quot;,&quot;sizes&quot;:[]},&quot;_transform_scale_effect_hover_mobile&quot;:{&quot;unit&quot;:&quot;px&quot;,&quot;size&quot;:&quot;&quot;,&quot;sizes&quot;:[]}}\" data-widget_type=\"text-editor.default\">\n\t\t\t\t\t\t\t\t\t<p>KONTAKTIEREN SIE UNS<\/p>\t\t\t\t\t\t\t\t<\/div>\n\t\t\t\t<div class=\"elementor-element elementor-element-373299b elementor-widget elementor-widget-spacer\" data-id=\"373299b\" data-element_type=\"widget\" data-e-type=\"widget\" data-widget_type=\"spacer.default\">\n\t\t\t\t\t\t\t<div class=\"elementor-spacer\">\n\t\t\t<div class=\"elementor-spacer-inner\"><\/div>\n\t\t<\/div>\n\t\t\t\t\t\t<\/div>\n\t\t\t\t<\/div>\n\t\t\t\t\t<\/div>\n\t\t\t\t<\/div>\n\t\t\t\t<\/div>\n\t\t","protected":false},"excerpt":{"rendered":"<p>ANGEBOTE IN DER ROMANDIE In den Kantonen Genf und Waadt bieten wir verschiedene Bildungsaktivit\u00e4ten zu Themen der nachhaltigen Entwicklung f\u00fcr Primarschulen an. Die Bildungsaktivit\u00e4ten werden auf Franz\u00f6sisch durchgef\u00fchrt. AUF EINEN BLICK AUSSTELLUNG In unserer Ausstellung erkunden Kinder und Erwachsene die Umweltauswirkungen und Herausforderungen im Zusammenhang mit der Ern\u00e4hrung und setzen sich mit ihren Konsumentscheidungen auseinander [&hellip;]<\/p>\n","protected":false},"author":5,"featured_media":0,"parent":0,"menu_order":0,"comment_status":"closed","ping_status":"closed","template":"","meta":{"iawp_total_views":62,"footnotes":""},"categories":[],"class_list":["post-41606","page","type-page","status-publish","hentry"],"_links":{"self":[{"href":"https:\/\/jmp-ch.org\/de\/wp-json\/wp\/v2\/pages\/41606","targetHints":{"allow":["GET"]}}],"collection":[{"href":"https:\/\/jmp-ch.org\/de\/wp-json\/wp\/v2\/pages"}],"about":[{"href":"https:\/\/jmp-ch.org\/de\/wp-json\/wp\/v2\/types\/page"}],"author":[{"embeddable":true,"href":"https:\/\/jmp-ch.org\/de\/wp-json\/wp\/v2\/users\/5"}],"replies":[{"embeddable":true,"href":"https:\/\/jmp-ch.org\/de\/wp-json\/wp\/v2\/comments?post=41606"}],"version-history":[{"count":31,"href":"https:\/\/jmp-ch.org\/de\/wp-json\/wp\/v2\/pages\/41606\/revisions"}],"predecessor-version":[{"id":50910,"href":"https:\/\/jmp-ch.org\/de\/wp-json\/wp\/v2\/pages\/41606\/revisions\/50910"}],"wp:attachment":[{"href":"https:\/\/jmp-ch.org\/de\/wp-json\/wp\/v2\/media?parent=41606"}],"wp:term":[{"taxonomy":"category","embeddable":true,"href":"https:\/\/jmp-ch.org\/de\/wp-json\/wp\/v2\/categories?post=41606"}],"curies":[{"name":"wp","href":"https:\/\/api.w.org\/{rel}","templated":true}]}}