{"id":41678,"date":"2024-09-30T08:25:24","date_gmt":"2024-09-30T06:25:24","guid":{"rendered":"https:\/\/jmp-ch.org\/action-days\/"},"modified":"2025-05-14T14:27:30","modified_gmt":"2025-05-14T12:27:30","slug":"aktionstage","status":"publish","type":"page","link":"https:\/\/jmp-ch.org\/de\/aktionstage\/","title":{"rendered":"Aktionstage"},"content":{"rendered":"\t\t<div data-elementor-type=\"wp-page\" data-elementor-id=\"41678\" class=\"elementor elementor-41678 elementor-35008\" data-elementor-post-type=\"page\">\n\t\t\t\t<div class=\"elementor-element elementor-element-9870033 overflow e-flex e-con-boxed e-con e-parent\" data-id=\"9870033\" data-element_type=\"container\" data-e-type=\"container\">\n\t\t\t\t\t<div class=\"e-con-inner\">\n\t\t<div class=\"elementor-element elementor-element-f69ead0 e-con-full e-flex e-con e-child\" data-id=\"f69ead0\" data-element_type=\"container\" data-e-type=\"container\">\n\t\t<div class=\"elementor-element elementor-element-2989908 e-con-full e-flex e-con e-child\" data-id=\"2989908\" data-element_type=\"container\" data-e-type=\"container\">\n\t\t\t\t<div class=\"elementor-element elementor-element-340fb5d elementor-widget__width-initial titre-bg elementor-widget elementor-widget-text-editor\" data-id=\"340fb5d\" data-element_type=\"widget\" data-e-type=\"widget\" data-widget_type=\"text-editor.default\">\n\t\t\t\t\t\t\t\t\t<h2>AKTIONSTAGE<\/h2>\t\t\t\t\t\t\t\t<\/div>\n\t\t\t\t<\/div>\n\t\t\t\t<div class=\"elementor-element elementor-element-46ec96b elementor-widget__width-initial elementor-widget elementor-widget-text-editor\" data-id=\"46ec96b\" data-element_type=\"widget\" data-e-type=\"widget\" data-widget_type=\"text-editor.default\">\n\t\t\t\t\t\t\t\t\t<p>Handeln f\u00fcr die Zukunft<\/p>\t\t\t\t\t\t\t\t<\/div>\n\t\t\t\t<div class=\"elementor-element elementor-element-7bd0d21 elementor-widget__width-initial elementor-widget elementor-widget-text-editor\" data-id=\"7bd0d21\" data-element_type=\"widget\" data-e-type=\"widget\" data-widget_type=\"text-editor.default\">\n\t\t\t\t\t\t\t\t\t<p>Wir organisieren Aktionstage f\u00fcr Firmen und ihre Mitarbeitenden rund um das Thema Nachhaltigkeit.\u00a0<\/p><p><strong>Langj\u00e4hrige Erfahrung <\/strong><\/p><p>Wir haben schon mehr als 20 Aktionstage mit verschiedenen Firmen durchgef\u00fchrt<\/p>\t\t\t\t\t\t\t\t<\/div>\n\t\t\t\t<\/div>\n\t\t<div class=\"elementor-element elementor-element-1a12bc4 e-con-full e-flex e-con e-child\" data-id=\"1a12bc4\" data-element_type=\"container\" data-e-type=\"container\">\n\t\t\t\t<div class=\"elementor-element elementor-element-b69b09a elementor-widget elementor-widget-image\" data-id=\"b69b09a\" data-element_type=\"widget\" data-e-type=\"widget\" data-widget_type=\"image.default\">\n\t\t\t\t\t\t\t\t\t\t\t\t\t\t\t<img fetchpriority=\"high\" decoding=\"async\" width=\"800\" height=\"534\" src=\"https:\/\/jmp-ch.org\/wp-content\/uploads\/2025\/01\/IMG_9308-1-1024x683.jpg\" class=\"attachment-large size-large wp-image-42897\" alt=\"\" srcset=\"https:\/\/jmp-ch.org\/wp-content\/uploads\/2025\/01\/IMG_9308-1-1024x683.jpg 1024w, https:\/\/jmp-ch.org\/wp-content\/uploads\/2025\/01\/IMG_9308-1-300x200.jpg 300w, https:\/\/jmp-ch.org\/wp-content\/uploads\/2025\/01\/IMG_9308-1-768x512.jpg 768w, https:\/\/jmp-ch.org\/wp-content\/uploads\/2025\/01\/IMG_9308-1-1536x1024.jpg 1536w, https:\/\/jmp-ch.org\/wp-content\/uploads\/2025\/01\/IMG_9308-1-2048x1366.jpg 2048w\" sizes=\"(max-width: 800px) 100vw, 800px\" \/>\t\t\t\t\t\t\t\t\t\t\t\t\t\t\t<\/div>\n\t\t\t\t<\/div>\n\t\t\t\t\t<\/div>\n\t\t\t\t<\/div>\n\t\t<div class=\"elementor-element elementor-element-ba06934 pbleft e-flex e-con-boxed e-con e-parent\" data-id=\"ba06934\" data-element_type=\"container\" data-e-type=\"container\" data-settings=\"{&quot;background_background&quot;:&quot;classic&quot;}\">\n\t\t\t\t\t<div class=\"e-con-inner\">\n\t\t<div class=\"elementor-element elementor-element-1f2eb11 e-con-full e-flex e-con e-child\" data-id=\"1f2eb11\" data-element_type=\"container\" data-e-type=\"container\" data-settings=\"{&quot;background_background&quot;:&quot;classic&quot;}\">\n\t\t\t\t<div class=\"elementor-element elementor-element-ce3500d elementor-widget__width-initial elementor-widget elementor-widget-text-editor\" data-id=\"ce3500d\" data-element_type=\"widget\" data-e-type=\"widget\" data-widget_type=\"text-editor.default\">\n\t\t\t\t\t\t\t\t\t<p>AUF EINEN BLICK<\/p>\t\t\t\t\t\t\t\t<\/div>\n\t\t\t\t<div class=\"elementor-element elementor-element-701e334 elementor-widget__width-initial elementor-widget elementor-widget-text-editor\" data-id=\"701e334\" data-element_type=\"widget\" data-e-type=\"widget\" data-widget_type=\"text-editor.default\">\n\t\t\t\t\t\t\t\t\t<p>AKTIONSTAGE<\/p>\t\t\t\t\t\t\t\t<\/div>\n\t\t\t\t<div class=\"elementor-element elementor-element-6459d7b elementor-widget__width-initial elementor-widget elementor-widget-text-editor\" data-id=\"6459d7b\" data-element_type=\"widget\" data-e-type=\"widget\" data-widget_type=\"text-editor.default\">\n\t\t\t\t\t\t\t\t\t<p>Unsere ganzt\u00e4gigen Aktionstage eignen sich f\u00fcr Gruppen von bis zu 15 Personen und werden zwischen April und September durchgef\u00fchrt. Den Durchf\u00fchrungsort w\u00e4hlen wir so, dass er f\u00fcr die Gruppe gut erreichbar ist. Wir bieten die Aktionstage auf Deutsch, Franz\u00f6sisch und Englisch an.<\/p>\t\t\t\t\t\t\t\t<\/div>\n\t\t\t\t<div class=\"elementor-element elementor-element-961c4b4 elementor-widget elementor-widget-spacer\" data-id=\"961c4b4\" data-element_type=\"widget\" data-e-type=\"widget\" data-widget_type=\"spacer.default\">\n\t\t\t\t\t\t\t<div class=\"elementor-spacer\">\n\t\t\t<div class=\"elementor-spacer-inner\"><\/div>\n\t\t<\/div>\n\t\t\t\t\t\t<\/div>\n\t\t\t\t<\/div>\n\t\t<div class=\"elementor-element elementor-element-e3a8136 e-con-full e-flex e-con e-child\" data-id=\"e3a8136\" data-element_type=\"container\" data-e-type=\"container\">\n\t\t\t\t<div class=\"elementor-element elementor-element-10a028c elementor-widget__width-initial elementor-widget elementor-widget-text-editor\" data-id=\"10a028c\" data-element_type=\"widget\" data-e-type=\"widget\" data-widget_type=\"text-editor.default\">\n\t\t\t\t\t\t\t\t\t<p>SIND SIE AN UNSEREN AKTIONSTAGEN INTERESSIERT?<\/p>\t\t\t\t\t\t\t\t<\/div>\n\t\t\t\t<div class=\"elementor-element elementor-element-ba4a209 elementor-widget__width-initial elementor-widget elementor-widget-text-editor\" data-id=\"ba4a209\" data-element_type=\"widget\" data-e-type=\"widget\" data-widget_type=\"text-editor.default\">\n\t\t\t\t\t\t\t\t\t<p>Kontaktieren Sie uns f\u00fcr n\u00e4here Informationen.<\/p>\t\t\t\t\t\t\t\t<\/div>\n\t\t\t\t<div class=\"elementor-element elementor-element-1a21716 e-transform elementor-widget elementor-widget-text-editor\" data-id=\"1a21716\" data-element_type=\"widget\" data-e-type=\"widget\" data-settings=\"{&quot;_transform_scale_effect_hover&quot;:{&quot;unit&quot;:&quot;px&quot;,&quot;size&quot;:0.99,&quot;sizes&quot;:[]},&quot;_transform_scale_effect_hover_tablet&quot;:{&quot;unit&quot;:&quot;px&quot;,&quot;size&quot;:&quot;&quot;,&quot;sizes&quot;:[]},&quot;_transform_scale_effect_hover_mobile&quot;:{&quot;unit&quot;:&quot;px&quot;,&quot;size&quot;:&quot;&quot;,&quot;sizes&quot;:[]}}\" data-widget_type=\"text-editor.default\">\n\t\t\t\t\t\t\t\t\t<p>KONTAKTIEREN SIE UNS<\/p>\t\t\t\t\t\t\t\t<\/div>\n\t\t\t\t<div class=\"elementor-element elementor-element-3e4d913 elementor-widget elementor-widget-spacer\" data-id=\"3e4d913\" data-element_type=\"widget\" data-e-type=\"widget\" data-widget_type=\"spacer.default\">\n\t\t\t\t\t\t\t<div class=\"elementor-spacer\">\n\t\t\t<div class=\"elementor-spacer-inner\"><\/div>\n\t\t<\/div>\n\t\t\t\t\t\t<\/div>\n\t\t\t\t<div class=\"elementor-element elementor-element-acb8c2c elementor-align-right elementor-widget__width-inherit boutonjaune elementor-hidden-desktop elementor-hidden-tablet elementor-hidden-mobile elementor-widget elementor-widget-button\" data-id=\"acb8c2c\" data-element_type=\"widget\" data-e-type=\"widget\" data-widget_type=\"button.default\">\n\t\t\t\t\t\t\t\t\t\t<a class=\"elementor-button elementor-button-link elementor-size-sm\" href=\"https:\/\/jmp-ch.org\/wp-content\/uploads\/2025\/01\/2023_Flyer_Final.pdf\" target=\"_blank\">\n\t\t\t\t\t\t<span class=\"elementor-button-content-wrapper\">\n\t\t\t\t\t\t\t\t\t<span class=\"elementor-button-text\">FLYER<\/span>\n\t\t\t\t\t<\/span>\n\t\t\t\t\t<\/a>\n\t\t\t\t\t\t\t\t<\/div>\n\t\t\t\t<\/div>\n\t\t\t\t\t<\/div>\n\t\t\t\t<\/div>\n\t\t<div class=\"elementor-element elementor-element-0f63f38 e-flex e-con-boxed e-con e-parent\" data-id=\"0f63f38\" data-element_type=\"container\" data-e-type=\"container\">\n\t\t\t\t\t<div class=\"e-con-inner\">\n\t\t\t\t<div class=\"elementor-element elementor-element-64fbb20 elementor-widget__width-initial e-transform elementor-widget elementor-widget-text-editor\" data-id=\"64fbb20\" data-element_type=\"widget\" data-e-type=\"widget\" data-settings=\"{&quot;_transform_scale_effect_hover&quot;:{&quot;unit&quot;:&quot;px&quot;,&quot;size&quot;:0.99,&quot;sizes&quot;:[]},&quot;_transform_scale_effect_hover_tablet&quot;:{&quot;unit&quot;:&quot;px&quot;,&quot;size&quot;:&quot;&quot;,&quot;sizes&quot;:[]},&quot;_transform_scale_effect_hover_mobile&quot;:{&quot;unit&quot;:&quot;px&quot;,&quot;size&quot;:&quot;&quot;,&quot;sizes&quot;:[]}}\" data-widget_type=\"text-editor.default\">\n\t\t\t\t\t\t\t\t\t<p>Aktionstage<\/p>\t\t\t\t\t\t\t\t<\/div>\n\t\t\t\t<div class=\"elementor-element elementor-element-b665332 elementor-grid-2 elementor-grid-tablet-2 elementor-grid-mobile-1 elementor-widget elementor-widget-loop-grid\" data-id=\"b665332\" data-element_type=\"widget\" data-e-type=\"widget\" data-settings=\"{&quot;template_id&quot;:36351,&quot;columns&quot;:2,&quot;_skin&quot;:&quot;post&quot;,&quot;columns_tablet&quot;:&quot;2&quot;,&quot;columns_mobile&quot;:&quot;1&quot;,&quot;edit_handle_selector&quot;:&quot;[data-elementor-type=\\&quot;loop-item\\&quot;]&quot;,&quot;row_gap&quot;:{&quot;unit&quot;:&quot;px&quot;,&quot;size&quot;:&quot;&quot;,&quot;sizes&quot;:[]},&quot;row_gap_tablet&quot;:{&quot;unit&quot;:&quot;px&quot;,&quot;size&quot;:&quot;&quot;,&quot;sizes&quot;:[]},&quot;row_gap_mobile&quot;:{&quot;unit&quot;:&quot;px&quot;,&quot;size&quot;:&quot;&quot;,&quot;sizes&quot;:[]}}\" data-widget_type=\"loop-grid.post\">\n\t\t\t\t<div class=\"elementor-widget-container\">\n\t\t\t\t\t\t\t<div class=\"elementor-loop-container elementor-grid\" role=\"list\">\n\t\t<style id=\"loop-36351\">.elementor-36351 .elementor-element.elementor-element-d45aaab{--display:flex;--gap:0px 0px;--row-gap:0px;--column-gap:0px;border-style:solid;--border-style:solid;border-color:var( --e-global-color-7421baa );--border-color:var( --e-global-color-7421baa );--border-radius:2px 2px 2px 2px;--margin-top:0px;--margin-bottom:0px;--margin-left:0px;--margin-right:0px;--padding-top:0px;--padding-bottom:0px;--padding-left:0px;--padding-right:0px;}.elementor-36351 .elementor-element.elementor-element-d3cf370{--display:flex;--flex-direction:row;--container-widget-width:initial;--container-widget-height:100%;--container-widget-flex-grow:1;--container-widget-align-self:stretch;--flex-wrap-mobile:wrap;--gap:0px 0px;--row-gap:0px;--column-gap:0px;--margin-top:0px;--margin-bottom:0px;--margin-left:0px;--margin-right:0px;--padding-top:0px;--padding-bottom:0px;--padding-left:0px;--padding-right:0px;}.elementor-36351 .elementor-element.elementor-element-99b60d3{--display:flex;--margin-top:0px;--margin-bottom:0px;--margin-left:0px;--margin-right:0px;--padding-top:0px;--padding-bottom:0px;--padding-left:0px;--padding-right:0px;}.elementor-widget-image .widget-image-caption{color:var( --e-global-color-text );font-family:var( --e-global-typography-text-font-family ), Sans-serif;font-size:var( --e-global-typography-text-font-size );font-weight:var( --e-global-typography-text-font-weight );}.elementor-36351 .elementor-element.elementor-element-d329454{--display:flex;--gap:0px 0px;--row-gap:0px;--column-gap:0px;--margin-top:0px;--margin-bottom:0px;--margin-left:0px;--margin-right:0px;--padding-top:0px;--padding-bottom:0px;--padding-left:0px;--padding-right:0px;}.elementor-36351 .elementor-element.elementor-element-b55d3d1{--display:flex;--min-height:82px;--margin-top:0px;--margin-bottom:0px;--margin-left:0px;--margin-right:0px;--padding-top:16px;--padding-bottom:16px;--padding-left:0px;--padding-right:6px;}.elementor-36351 .elementor-element.elementor-element-b55d3d1:not(.elementor-motion-effects-element-type-background), .elementor-36351 .elementor-element.elementor-element-b55d3d1 > .elementor-motion-effects-container > .elementor-motion-effects-layer{background-color:var( --e-global-color-7421baa );}.elementor-widget-post-info .elementor-icon-list-item:not(:last-child):after{border-color:var( --e-global-color-text );}.elementor-widget-post-info .elementor-icon-list-icon i{color:var( --e-global-color-primary );}.elementor-widget-post-info .elementor-icon-list-icon svg{fill:var( --e-global-color-primary );}.elementor-widget-post-info .elementor-icon-list-text, .elementor-widget-post-info .elementor-icon-list-text a{color:var( --e-global-color-secondary );}.elementor-widget-post-info .elementor-icon-list-item{font-family:var( --e-global-typography-text-font-family ), Sans-serif;font-size:var( --e-global-typography-text-font-size );font-weight:var( --e-global-typography-text-font-weight );}.elementor-36351 .elementor-element.elementor-element-74172a2 .elementor-icon-list-icon i{color:var( --e-global-color-7421baa );font-size:14px;}.elementor-36351 .elementor-element.elementor-element-74172a2 .elementor-icon-list-icon svg{fill:var( --e-global-color-7421baa );--e-icon-list-icon-size:14px;}.elementor-36351 .elementor-element.elementor-element-74172a2 .elementor-icon-list-icon{width:14px;}.elementor-36351 .elementor-element.elementor-element-74172a2 .elementor-icon-list-text, .elementor-36351 .elementor-element.elementor-element-74172a2 .elementor-icon-list-text a{color:var( --e-global-color-3f36736 );}.elementor-36351 .elementor-element.elementor-element-74172a2 .elementor-icon-list-item{font-family:var( --e-global-typography-c424433-font-family ), Sans-serif;font-size:var( --e-global-typography-c424433-font-size );font-weight:var( --e-global-typography-c424433-font-weight );text-transform:var( --e-global-typography-c424433-text-transform );line-height:var( --e-global-typography-c424433-line-height );letter-spacing:var( --e-global-typography-c424433-letter-spacing );word-spacing:var( --e-global-typography-c424433-word-spacing );}.elementor-36351 .elementor-element.elementor-element-74172a2{margin:0px 0px calc(var(--kit-widget-spacing, 0px) + 0px) 8px;padding:0px 0px 0px 0px;}.elementor-36351 .elementor-element.elementor-element-4a9e6d1{--display:flex;--margin-top:0px;--margin-bottom:0px;--margin-left:0px;--margin-right:0px;--padding-top:18px;--padding-bottom:18px;--padding-left:18px;--padding-right:18px;}.elementor-widget-theme-post-excerpt{font-family:var( --e-global-typography-text-font-family ), Sans-serif;font-size:var( --e-global-typography-text-font-size );font-weight:var( --e-global-typography-text-font-weight );color:var( --e-global-color-text );}.elementor-36351 .elementor-element.elementor-element-8f89f76{font-family:\"Fira Sans\", Sans-serif;font-size:15px;font-weight:300;letter-spacing:0px;}.elementor-widget-icon.elementor-view-stacked .elementor-icon{background-color:var( --e-global-color-primary );}.elementor-widget-icon.elementor-view-framed .elementor-icon, .elementor-widget-icon.elementor-view-default .elementor-icon{color:var( --e-global-color-primary );border-color:var( --e-global-color-primary );}.elementor-widget-icon.elementor-view-framed .elementor-icon, .elementor-widget-icon.elementor-view-default .elementor-icon svg{fill:var( --e-global-color-primary );}.elementor-36351 .elementor-element.elementor-element-a3e304c .elementor-icon-wrapper{text-align:end;}.elementor-36351 .elementor-element.elementor-element-a3e304c.elementor-view-stacked .elementor-icon{background-color:var( --e-global-color-7421baa );}.elementor-36351 .elementor-element.elementor-element-a3e304c.elementor-view-framed .elementor-icon, .elementor-36351 .elementor-element.elementor-element-a3e304c.elementor-view-default .elementor-icon{color:var( --e-global-color-7421baa );border-color:var( --e-global-color-7421baa );}.elementor-36351 .elementor-element.elementor-element-a3e304c.elementor-view-framed .elementor-icon, .elementor-36351 .elementor-element.elementor-element-a3e304c.elementor-view-default .elementor-icon svg{fill:var( --e-global-color-7421baa );}.elementor-36351 .elementor-element.elementor-element-a3e304c .elementor-icon{font-size:26px;}.elementor-36351 .elementor-element.elementor-element-a3e304c .elementor-icon svg{height:26px;}.elementor-36351 .elementor-element.elementor-element-a3e304c{margin:0px 0px calc(var(--kit-widget-spacing, 0px) + -12px) 0px;padding:0px 0px 0px 0px;bottom:-15px;border-radius:0px 0px 0px 0px;}body:not(.rtl) .elementor-36351 .elementor-element.elementor-element-a3e304c{right:-22px;}body.rtl .elementor-36351 .elementor-element.elementor-element-a3e304c{left:-22px;}@media(max-width:1024px){.elementor-widget-image .widget-image-caption{font-size:var( --e-global-typography-text-font-size );}.elementor-widget-post-info .elementor-icon-list-item{font-size:var( --e-global-typography-text-font-size );}.elementor-36351 .elementor-element.elementor-element-74172a2 .elementor-icon-list-item{font-size:var( --e-global-typography-c424433-font-size );line-height:var( --e-global-typography-c424433-line-height );letter-spacing:var( --e-global-typography-c424433-letter-spacing );word-spacing:var( --e-global-typography-c424433-word-spacing );}.elementor-widget-theme-post-excerpt{font-size:var( --e-global-typography-text-font-size );}}@media(max-width:767px){.elementor-widget-image .widget-image-caption{font-size:var( --e-global-typography-text-font-size );}.elementor-widget-post-info .elementor-icon-list-item{font-size:var( --e-global-typography-text-font-size );}.elementor-36351 .elementor-element.elementor-element-74172a2 .elementor-icon-list-item{font-size:var( --e-global-typography-c424433-font-size );line-height:var( --e-global-typography-c424433-line-height );letter-spacing:var( --e-global-typography-c424433-letter-spacing );word-spacing:var( --e-global-typography-c424433-word-spacing );}.elementor-widget-theme-post-excerpt{font-size:var( --e-global-typography-text-font-size );}}<\/style>\t\t<div data-elementor-type=\"loop-item\" data-elementor-id=\"36351\" class=\"elementor elementor-36351 e-loop-item e-loop-item-41214 post-41214 post type-post status-publish format-standard has-post-thumbnail hentry category-aktionstage\" data-elementor-post-type=\"elementor_library\" data-custom-edit-handle=\"1\">\n\t\t\t<a class=\"elementor-element elementor-element-d45aaab e-con-full e-flex e-con e-parent\" data-id=\"d45aaab\" data-element_type=\"container\" data-e-type=\"container\" href=\"https:\/\/jmp-ch.org\/de\/day-action-on-biodiversity\/\" target=\"_blank\">\n\t\t<div class=\"elementor-element elementor-element-d3cf370 e-con-full e-flex e-con e-child\" data-id=\"d3cf370\" data-element_type=\"container\" data-e-type=\"container\">\n\t\t<div class=\"elementor-element elementor-element-99b60d3 e-con-full e-flex e-con e-child\" data-id=\"99b60d3\" data-element_type=\"container\" data-e-type=\"container\">\n\t\t\t\t<div class=\"elementor-element elementor-element-e88e5b4 pro elementor-widget elementor-widget-image\" data-id=\"e88e5b4\" data-element_type=\"widget\" data-e-type=\"widget\" data-widget_type=\"image.default\">\n\t\t\t\t\t\t\t\t\t\t\t\t\t\t\t<img decoding=\"async\" width=\"1440\" height=\"1920\" src=\"https:\/\/jmp-ch.org\/wp-content\/uploads\/2024\/12\/20220617_095237.jpg\" class=\"attachment-full size-full wp-image-38233\" alt=\"\" srcset=\"https:\/\/jmp-ch.org\/wp-content\/uploads\/2024\/12\/20220617_095237.jpg 1440w, https:\/\/jmp-ch.org\/wp-content\/uploads\/2024\/12\/20220617_095237-225x300.jpg 225w, https:\/\/jmp-ch.org\/wp-content\/uploads\/2024\/12\/20220617_095237-768x1024.jpg 768w, https:\/\/jmp-ch.org\/wp-content\/uploads\/2024\/12\/20220617_095237-1152x1536.jpg 1152w\" sizes=\"(max-width: 1440px) 100vw, 1440px\" \/>\t\t\t\t\t\t\t\t\t\t\t\t\t\t\t<\/div>\n\t\t\t\t<\/div>\n\t\t<div class=\"elementor-element elementor-element-d329454 e-con-full e-flex e-con e-child\" data-id=\"d329454\" data-element_type=\"container\" data-e-type=\"container\">\n\t\t<div class=\"elementor-element elementor-element-b55d3d1 e-con-full e-flex e-con e-child\" data-id=\"b55d3d1\" data-element_type=\"container\" data-e-type=\"container\" data-settings=\"{&quot;background_background&quot;:&quot;classic&quot;}\">\n\t\t\t\t<div class=\"elementor-element elementor-element-74172a2 elementor-widget elementor-widget-post-info\" data-id=\"74172a2\" data-element_type=\"widget\" data-e-type=\"widget\" data-widget_type=\"post-info.default\">\n\t\t\t\t\t\t\t<ul class=\"elementor-inline-items elementor-icon-list-items elementor-post-info\">\n\t\t\t\t\t\t\t\t<li class=\"elementor-icon-list-item elementor-repeater-item-9b9a4b5 elementor-inline-item\">\n\t\t\t\t\t\t\t\t\t\t<span class=\"elementor-icon-list-icon\">\n\t\t\t\t\t\t\t\t<i aria-hidden=\"true\" class=\"far fa-tags\"><\/i>\t\t\t\t\t\t\t<\/span>\n\t\t\t\t\t\t\t\t\t<span class=\"elementor-icon-list-text elementor-post-info__item elementor-post-info__item--type-custom\">\n\t\t\t\t\t\t\t\t\t\tAktionstag Biodiversit\u00e4t\t\t\t\t\t<\/span>\n\t\t\t\t\t\t\t\t<\/li>\n\t\t\t\t<\/ul>\n\t\t\t\t\t\t<\/div>\n\t\t\t\t<\/div>\n\t\t<div class=\"elementor-element elementor-element-4a9e6d1 e-con-full e-flex e-con e-child\" data-id=\"4a9e6d1\" data-element_type=\"container\" data-e-type=\"container\">\n\t\t\t\t<div class=\"elementor-element elementor-element-8f89f76 elementor-widget elementor-widget-theme-post-excerpt\" data-id=\"8f89f76\" data-element_type=\"widget\" data-e-type=\"widget\" data-widget_type=\"theme-post-excerpt.default\">\n\t\t\t\t\tErleben Sie einen abwechslungsreichen Teamevent in der Natur ...\t\t\t\t<\/div>\n\t\t\t\t<\/div>\n\t\t\t\t<\/div>\n\t\t\t\t<\/div>\n\t\t\t\t<div class=\"elementor-element elementor-element-a3e304c elementor-absolute elementor-view-default elementor-widget elementor-widget-icon\" data-id=\"a3e304c\" data-element_type=\"widget\" data-e-type=\"widget\" data-settings=\"{&quot;_position&quot;:&quot;absolute&quot;}\" data-widget_type=\"icon.default\">\n\t\t\t\t\t\t\t<div class=\"elementor-icon-wrapper\">\n\t\t\t<div class=\"elementor-icon\">\n\t\t\t<i aria-hidden=\"true\" class=\"icon icon-plus\"><\/i>\t\t\t<\/div>\n\t\t<\/div>\n\t\t\t\t\t\t<\/div>\n\t\t\t\t<\/a>\n\t\t\t\t<\/div>\n\t\t\t\t<\/div>\n\t\t\n\t\t\t\t\t\t<\/div>\n\t\t\t\t<\/div>\n\t\t\t\t\t<\/div>\n\t\t\t\t<\/div>\n\t\t\t\t<\/div>\n\t\t","protected":false},"excerpt":{"rendered":"<p>AKTIONSTAGE Handeln f\u00fcr die Zukunft Wir organisieren Aktionstage f\u00fcr Firmen und ihre Mitarbeitenden rund um das Thema Nachhaltigkeit.\u00a0 Langj\u00e4hrige Erfahrung Wir haben schon mehr als 20 Aktionstage mit verschiedenen Firmen durchgef\u00fchrt AUF EINEN BLICK AKTIONSTAGE Unsere ganzt\u00e4gigen Aktionstage eignen sich f\u00fcr Gruppen von bis zu 15 Personen und werden zwischen April und September durchgef\u00fchrt. Den [&hellip;]<\/p>\n","protected":false},"author":1,"featured_media":0,"parent":0,"menu_order":0,"comment_status":"closed","ping_status":"closed","template":"","meta":{"iawp_total_views":146,"footnotes":""},"categories":[],"class_list":["post-41678","page","type-page","status-publish","hentry"],"_links":{"self":[{"href":"https:\/\/jmp-ch.org\/de\/wp-json\/wp\/v2\/pages\/41678","targetHints":{"allow":["GET"]}}],"collection":[{"href":"https:\/\/jmp-ch.org\/de\/wp-json\/wp\/v2\/pages"}],"about":[{"href":"https:\/\/jmp-ch.org\/de\/wp-json\/wp\/v2\/types\/page"}],"author":[{"embeddable":true,"href":"https:\/\/jmp-ch.org\/de\/wp-json\/wp\/v2\/users\/1"}],"replies":[{"embeddable":true,"href":"https:\/\/jmp-ch.org\/de\/wp-json\/wp\/v2\/comments?post=41678"}],"version-history":[{"count":54,"href":"https:\/\/jmp-ch.org\/de\/wp-json\/wp\/v2\/pages\/41678\/revisions"}],"predecessor-version":[{"id":50510,"href":"https:\/\/jmp-ch.org\/de\/wp-json\/wp\/v2\/pages\/41678\/revisions\/50510"}],"wp:attachment":[{"href":"https:\/\/jmp-ch.org\/de\/wp-json\/wp\/v2\/media?parent=41678"}],"wp:term":[{"taxonomy":"category","embeddable":true,"href":"https:\/\/jmp-ch.org\/de\/wp-json\/wp\/v2\/categories?post=41678"}],"curies":[{"name":"wp","href":"https:\/\/api.w.org\/{rel}","templated":true}]}}