{"id":41896,"date":"2024-06-04T09:02:27","date_gmt":"2024-06-04T07:02:27","guid":{"rendered":"https:\/\/jmp-ch.org\/nous-soutenir\/"},"modified":"2026-03-31T14:40:18","modified_gmt":"2026-03-31T12:40:18","slug":"jmp-spenden","status":"publish","type":"page","link":"https:\/\/jmp-ch.org\/de\/jmp-spenden\/","title":{"rendered":"Spenden"},"content":{"rendered":"\t\t<div data-elementor-type=\"wp-page\" data-elementor-id=\"41896\" class=\"elementor elementor-41896 elementor-33758\" data-elementor-post-type=\"page\">\n\t\t\t\t<div class=\"elementor-element elementor-element-a794e0d e-flex e-con-boxed e-con e-parent\" data-id=\"a794e0d\" data-element_type=\"container\" data-e-type=\"container\">\n\t\t\t\t\t<div class=\"e-con-inner\">\n\t\t<div class=\"elementor-element elementor-element-8e3ae14 e-con-full e-flex e-con e-child\" data-id=\"8e3ae14\" data-element_type=\"container\" data-e-type=\"container\">\n\t\t\t\t<div class=\"elementor-element elementor-element-46ddead elementor-widget__width-initial elementor-widget elementor-widget-text-editor\" data-id=\"46ddead\" data-element_type=\"widget\" data-e-type=\"widget\" data-widget_type=\"text-editor.default\">\n\t\t\t\t\t\t\t\t\t<p>Spenden<\/p>\t\t\t\t\t\t\t\t<\/div>\n\t\t\t\t<div class=\"elementor-element elementor-element-9d77d6a elementor-widget__width-initial elementor-widget elementor-widget-text-editor\" data-id=\"9d77d6a\" data-element_type=\"widget\" data-e-type=\"widget\" data-widget_type=\"text-editor.default\">\n\t\t\t\t\t\t\t\t\t<p><strong>Jetzt spenden und eine nachhaltige Entwicklung f\u00f6rdern<\/strong><\/p>\t\t\t\t\t\t\t\t<\/div>\n\t\t\t\t<div class=\"elementor-element elementor-element-f5bccc5 elementor-widget__width-initial elementor-widget elementor-widget-text-editor\" data-id=\"f5bccc5\" data-element_type=\"widget\" data-e-type=\"widget\" data-widget_type=\"text-editor.default\">\n\t\t\t\t\t\t\t\t\t<p>Mit Ihrer Unterst\u00fctzung k\u00f6nnen wir Bildung f\u00fcr Nachhaltige Entwicklung vorantreiben. Jede Spende hilft uns, unsere Projekte weiterzuentwickeln und zu verbessern. Unterst\u00fctzen Sie uns punktuell oder f\u00fcr bestimmte Projekte.<\/p><p>Danke, dass Sie mit uns nachhaltige Ver\u00e4nderungen erm\u00f6glichen!<\/p>\t\t\t\t\t\t\t\t<\/div>\n\t\t\t\t<\/div>\n\t\t<div class=\"elementor-element elementor-element-455d785 e-con-full e-flex e-con e-child\" data-id=\"455d785\" data-element_type=\"container\" data-e-type=\"container\">\n\t\t\t\t<div class=\"elementor-element elementor-element-45bf11e elementor-widget elementor-widget-image\" data-id=\"45bf11e\" data-element_type=\"widget\" data-e-type=\"widget\" data-widget_type=\"image.default\">\n\t\t\t\t\t\t\t\t\t\t\t\t\t\t\t<img fetchpriority=\"high\" decoding=\"async\" width=\"800\" height=\"449\" src=\"https:\/\/jmp-ch.org\/wp-content\/uploads\/2024\/12\/IMG_8912-1024x575.jpg\" class=\"attachment-large size-large wp-image-38173\" alt=\"\" srcset=\"https:\/\/jmp-ch.org\/wp-content\/uploads\/2024\/12\/IMG_8912-1024x575.jpg 1024w, https:\/\/jmp-ch.org\/wp-content\/uploads\/2024\/12\/IMG_8912-300x168.jpg 300w, https:\/\/jmp-ch.org\/wp-content\/uploads\/2024\/12\/IMG_8912-768x431.jpg 768w, https:\/\/jmp-ch.org\/wp-content\/uploads\/2024\/12\/IMG_8912-1536x863.jpg 1536w, https:\/\/jmp-ch.org\/wp-content\/uploads\/2024\/12\/IMG_8912-2048x1150.jpg 2048w\" sizes=\"(max-width: 800px) 100vw, 800px\" \/>\t\t\t\t\t\t\t\t\t\t\t\t\t\t\t<\/div>\n\t\t\t\t<\/div>\n\t\t\t\t\t<\/div>\n\t\t\t\t<\/div>\n\t\t<div class=\"elementor-element elementor-element-371483c e-flex e-con-boxed e-con e-parent\" data-id=\"371483c\" data-element_type=\"container\" data-e-type=\"container\">\n\t\t\t\t\t<div class=\"e-con-inner\">\n\t\t<div class=\"elementor-element elementor-element-564e262 e-con-full e-flex e-con e-child\" data-id=\"564e262\" data-element_type=\"container\" data-e-type=\"container\">\n\t\t\t\t<div class=\"elementor-element elementor-element-6c6167c elementor-widget elementor-widget-html\" data-id=\"6c6167c\" data-element_type=\"widget\" data-e-type=\"widget\" data-widget_type=\"html.default\">\n\t\t\t\t\t<iframe id=\"tamaro-iframe\" style=\"width: 100%; border: 0;\" \n  src=\"https:\/\/donate.raisenow.io\/jsgkr?lng=de\">\n<\/iframe>\n\n<script>\n  window.addEventListener(\n    'message',\n    e => {\n      const iframe = document.getElementById('tamaro-iframe')\n      if (iframe && e.origin === 'https:\/\/donate.raisenow.io') {\n        iframe.style.height = e.data.height + 'px'\n      }\n    }\n  )\n<\/script>\t\t\t\t<\/div>\n\t\t<div class=\"elementor-element elementor-element-b1529c3 e-con-full nuage_brush e-flex e-con e-child\" data-id=\"b1529c3\" data-element_type=\"container\" data-e-type=\"container\" data-settings=\"{&quot;background_background&quot;:&quot;classic&quot;}\">\n\t\t\t\t<div class=\"elementor-element elementor-element-e1ff32c elementor-widget__width-initial elementor-widget elementor-widget-text-editor\" data-id=\"e1ff32c\" data-element_type=\"widget\" data-e-type=\"widget\" data-widget_type=\"text-editor.default\">\n\t\t\t\t\t\t\t\t\t<p>M\u00f6chten Sie sich engagieren?<\/p>\t\t\t\t\t\t\t\t<\/div>\n\t\t\t\t<div class=\"elementor-element elementor-element-bb47e97 elementor-widget__width-inherit elementor-widget elementor-widget-text-editor\" data-id=\"bb47e97\" data-element_type=\"widget\" data-e-type=\"widget\" data-widget_type=\"text-editor.default\">\n\t\t\t\t\t\t\t\t\t<ul><li><a href=\"https:\/\/jmp-ch.org\/wp-content\/uploads\/2026\/03\/Rejoindre-benevolat_DE.pdf\" target=\"_blank\" rel=\"noopener\"><strong>Eco-Schools-Jury<\/strong><\/a>: Als Jurymitglied k\u00f6nnen Sie Eco-Schools-Projekte von Schulen bewerten und den Auszeichnungsprozess unterst\u00fctzen.<\/li><li>Bildungsmaterialien: Wirken Sie bei der Entwicklung mehrsprachiger Inhalte mit, indem Sie Unterlagen gegenlesen und \u00fcbersetzen (Franz\u00f6sisch, Deutsch, Italienisch, Englisch).<\/li><li>\u00d6ffentliche Veranstaltungen: Helfen Sie mit, Anl\u00e4sse zu realisieren, indem Sie bei der Vorbereitung helfen oder an Veranstaltungen vor Ort sind.<\/li><\/ul><p>Lesen Sie unsere FAQ auf der Seite <span style=\"text-decoration: underline;\"><a href=\"https:\/\/jmp-ch.org\/de\/jobs\/\">&#8222;Stellenangebote und Freiwilligenarbeit&#8220;<\/a><\/span><\/p><p>\u00a0<\/p>\t\t\t\t\t\t\t\t<\/div>\n\t\t\t\t<\/div>\n\t\t\t\t<\/div>\n\t\t<div class=\"elementor-element elementor-element-321286b e-con-full e-flex e-con e-child\" data-id=\"321286b\" data-element_type=\"container\" data-e-type=\"container\">\n\t\t\t\t<div class=\"elementor-element elementor-element-eb01711 elementor-widget__width-initial elementor-widget elementor-widget-text-editor\" data-id=\"eb01711\" data-element_type=\"widget\" data-e-type=\"widget\" data-widget_type=\"text-editor.default\">\n\t\t\t\t\t\t\t\t\t<p>Per Bank\u00fcberweisung spenden<\/p>\t\t\t\t\t\t\t\t<\/div>\n\t\t\t\t<div class=\"elementor-element elementor-element-c35fbad elementor-widget__width-initial elementor-widget elementor-widget-text-editor\" data-id=\"c35fbad\" data-element_type=\"widget\" data-e-type=\"widget\" data-widget_type=\"text-editor.default\">\n\t\t\t\t\t\t\t\t\t<p><strong>Bank:<\/strong> Raiffeisen r\u00e9gion Gen\u00e8ve Rh\u00f4ne, Rue de Bernex 259A 1233 Bernex<\/p><p><strong>Empf\u00e4nger:<\/strong> J\u2019aime ma Plan\u00e8te<br \/><strong>BIC\/SWIFT:<\/strong> RAIFCH22XXX<br \/><strong>IBAN:<\/strong> CH90 8080 8001 0567 3607 8<\/p><p>Sie k\u00f6nnen auch einen <a href=\"https:\/\/jmp-ch.org\/wp-content\/uploads\/2023\/01\/Swiss-QR-bill.pdf\">Einzahlungsschein<\/a> herunterladen.<\/p>\t\t\t\t\t\t\t\t<\/div>\n\t\t\t\t<div class=\"elementor-element elementor-element-17a4636 elementor-widget elementor-widget-image\" data-id=\"17a4636\" data-element_type=\"widget\" data-e-type=\"widget\" data-widget_type=\"image.default\">\n\t\t\t\t\t\t\t\t\t\t\t\t\t\t\t\t<a href=\"https:\/\/jmp-ch.org\/wp-content\/uploads\/2025\/02\/Bulletin-versement.pdf\" target=\"_blank\">\n\t\t\t\t\t\t\t<img decoding=\"async\" width=\"800\" height=\"402\" src=\"https:\/\/jmp-ch.org\/wp-content\/uploads\/2025\/02\/bulletin-1024x514.jpg\" class=\"attachment-large size-large wp-image-45627\" alt=\"\" srcset=\"https:\/\/jmp-ch.org\/wp-content\/uploads\/2025\/02\/bulletin-1024x514.jpg 1024w, https:\/\/jmp-ch.org\/wp-content\/uploads\/2025\/02\/bulletin-300x151.jpg 300w, https:\/\/jmp-ch.org\/wp-content\/uploads\/2025\/02\/bulletin-768x386.jpg 768w, https:\/\/jmp-ch.org\/wp-content\/uploads\/2025\/02\/bulletin.jpg 1516w\" sizes=\"(max-width: 800px) 100vw, 800px\" \/>\t\t\t\t\t\t\t\t<\/a>\n\t\t\t\t\t\t\t\t\t\t\t\t\t\t\t<\/div>\n\t\t\t\t<div class=\"elementor-element elementor-element-e97ffea elementor-widget__width-initial elementor-hidden-desktop elementor-hidden-tablet elementor-hidden-mobile elementor-widget elementor-widget-text-editor\" data-id=\"e97ffea\" data-element_type=\"widget\" data-e-type=\"widget\" data-widget_type=\"text-editor.default\">\n\t\t\t\t\t\t\t\t\t<p>Haben Sie Fragen?<\/p>\t\t\t\t\t\t\t\t<\/div>\n\t\t\t\t<div class=\"elementor-element elementor-element-f05f205 elementor-widget__width-initial elementor-hidden-desktop elementor-hidden-tablet elementor-hidden-mobile elementor-widget elementor-widget-text-editor\" data-id=\"f05f205\" data-element_type=\"widget\" data-e-type=\"widget\" data-widget_type=\"text-editor.default\">\n\t\t\t\t\t\t\t\t\t<p>Kontaktieren Sie uns, wir helfen Ihnen gerne weiter.<\/p>\t\t\t\t\t\t\t\t<\/div>\n\t\t\t\t<div class=\"elementor-element elementor-element-712cab7 e-transform elementor-hidden-desktop elementor-hidden-tablet elementor-hidden-mobile elementor-widget elementor-widget-text-editor\" data-id=\"712cab7\" data-element_type=\"widget\" data-e-type=\"widget\" data-settings=\"{&quot;_transform_scale_effect_hover&quot;:{&quot;unit&quot;:&quot;px&quot;,&quot;size&quot;:0.99,&quot;sizes&quot;:[]},&quot;_transform_scale_effect_hover_tablet&quot;:{&quot;unit&quot;:&quot;px&quot;,&quot;size&quot;:&quot;&quot;,&quot;sizes&quot;:[]},&quot;_transform_scale_effect_hover_mobile&quot;:{&quot;unit&quot;:&quot;px&quot;,&quot;size&quot;:&quot;&quot;,&quot;sizes&quot;:[]}}\" data-widget_type=\"text-editor.default\">\n\t\t\t\t\t\t\t\t\t<p>\u00a0 \u00a0 \u00a0 \u00a0KONTAKT\u00a0 \u00a0 \u00a0\u00a0<\/p>\t\t\t\t\t\t\t\t<\/div>\n\t\t<div class=\"elementor-element elementor-element-33dbbe3 e-con-full e-flex e-con e-child\" data-id=\"33dbbe3\" data-element_type=\"container\" data-e-type=\"container\">\n\t\t<div class=\"elementor-element elementor-element-96999df e-con-full e-flex e-con e-child\" data-id=\"96999df\" data-element_type=\"container\" data-e-type=\"container\">\n\t\t\t\t<div class=\"elementor-element elementor-element-847d11f elementor-widget elementor-widget-image\" data-id=\"847d11f\" data-element_type=\"widget\" data-e-type=\"widget\" data-widget_type=\"image.default\">\n\t\t\t\t\t\t\t\t\t\t\t\t\t\t\t<img decoding=\"async\" width=\"447\" height=\"113\" src=\"https:\/\/jmp-ch.org\/wp-content\/uploads\/2025\/02\/logo-zewo-DE.jpg\" class=\"attachment-large size-large wp-image-45856\" alt=\"\" srcset=\"https:\/\/jmp-ch.org\/wp-content\/uploads\/2025\/02\/logo-zewo-DE.jpg 447w, https:\/\/jmp-ch.org\/wp-content\/uploads\/2025\/02\/logo-zewo-DE-300x76.jpg 300w\" sizes=\"(max-width: 447px) 100vw, 447px\" \/>\t\t\t\t\t\t\t\t\t\t\t\t\t\t\t<\/div>\n\t\t\t\t<div class=\"elementor-element elementor-element-9449e81 elementor-widget__width-initial elementor-widget elementor-widget-text-editor\" data-id=\"9449e81\" data-element_type=\"widget\" data-e-type=\"widget\" data-widget_type=\"text-editor.default\">\n\t\t\t\t\t\t\t\t\t<p>Die Organisation J\u2019aime ma Plan\u00e8te ist Zewo-zertifiziert. Dieses G\u00fctesiegel best\u00e4tigt, dass die Organisation erhaltene Spenden zweckbestimmt, wirksam und wirtschaftlich einsetzt.<\/p>\t\t\t\t\t\t\t\t<\/div>\n\t\t\t\t<\/div>\n\t\t\t\t<\/div>\n\t\t<div class=\"elementor-element elementor-element-cca16c7 e-con-full e-flex e-con e-child\" data-id=\"cca16c7\" data-element_type=\"container\" data-e-type=\"container\">\n\t\t<div class=\"elementor-element elementor-element-6007a09 e-con-full nuage_brush e-flex e-con e-child\" data-id=\"6007a09\" data-element_type=\"container\" data-e-type=\"container\" data-settings=\"{&quot;background_background&quot;:&quot;classic&quot;}\">\n\t\t\t\t<div class=\"elementor-element elementor-element-08ac3c3 elementor-widget__width-initial elementor-widget elementor-widget-text-editor\" data-id=\"08ac3c3\" data-element_type=\"widget\" data-e-type=\"widget\" data-widget_type=\"text-editor.default\">\n\t\t\t\t\t\t\t\t\t<p>Spende von den Steuern abziehen<\/p>\t\t\t\t\t\t\t\t<\/div>\n\t\t\t\t<div class=\"elementor-element elementor-element-a15a7a1 elementor-widget elementor-widget-text-editor\" data-id=\"a15a7a1\" data-element_type=\"widget\" data-e-type=\"widget\" data-widget_type=\"text-editor.default\">\n\t\t\t\t\t\t\t\t\t<p>J\u2019aime ma Plan\u00e8te ist eine anerkannte gemeinn\u00fctzige Organisation. Die Spende kann in der Schweiz gem\u00e4ss den kantonalen Bestimmungen von den Steuern abgezogen werden.<\/p><p>F\u00fcr weitere Informationen:<\/p><p><a href=\"https:\/\/zewo.ch\/de\/spenden-von-der-steuer-abziehen\/\" target=\"_blank\" rel=\"noopener\">https:\/\/zewo.ch\/de\/spenden-von-der-steuer-abziehen\/<\/a><\/p>\t\t\t\t\t\t\t\t<\/div>\n\t\t\t\t<\/div>\n\t\t\t\t<\/div>\n\t\t\t\t<\/div>\n\t\t\t\t\t<\/div>\n\t\t\t\t<\/div>\n\t\t<div class=\"elementor-element elementor-element-2d89c59 e-flex e-con-boxed e-con e-parent\" data-id=\"2d89c59\" data-element_type=\"container\" data-e-type=\"container\">\n\t\t\t\t\t<div class=\"e-con-inner\">\n\t\t<div class=\"elementor-element elementor-element-4df2d0a e-con-full e-flex e-con e-child\" data-id=\"4df2d0a\" data-element_type=\"container\" data-e-type=\"container\">\n\t\t\t\t<\/div>\n\t\t\t\t\t<\/div>\n\t\t\t\t<\/div>\n\t\t<div class=\"elementor-element elementor-element-8c88c32 e-flex e-con-boxed e-con e-parent\" data-id=\"8c88c32\" data-element_type=\"container\" data-e-type=\"container\">\n\t\t\t\t\t<div class=\"e-con-inner\">\n\t\t<div class=\"elementor-element elementor-element-562c729 e-con-full e-flex e-con e-child\" data-id=\"562c729\" data-element_type=\"container\" data-e-type=\"container\">\n\t\t\t\t<\/div>\n\t\t\t\t\t<\/div>\n\t\t\t\t<\/div>\n\t\t\t\t<\/div>\n\t\t","protected":false},"excerpt":{"rendered":"<p>Spenden Jetzt spenden und eine nachhaltige Entwicklung f\u00f6rdern Mit Ihrer Unterst\u00fctzung k\u00f6nnen wir Bildung f\u00fcr Nachhaltige Entwicklung vorantreiben. Jede Spende hilft uns, unsere Projekte weiterzuentwickeln und zu verbessern. Unterst\u00fctzen Sie uns punktuell oder f\u00fcr bestimmte Projekte. Danke, dass Sie mit uns nachhaltige Ver\u00e4nderungen erm\u00f6glichen! M\u00f6chten Sie sich engagieren? Eco-Schools-Jury: Als Jurymitglied k\u00f6nnen Sie Eco-Schools-Projekte von [&hellip;]<\/p>\n","protected":false},"author":1,"featured_media":0,"parent":0,"menu_order":0,"comment_status":"closed","ping_status":"closed","template":"","meta":{"iawp_total_views":107,"footnotes":""},"categories":[],"class_list":["post-41896","page","type-page","status-publish","hentry"],"_links":{"self":[{"href":"https:\/\/jmp-ch.org\/de\/wp-json\/wp\/v2\/pages\/41896","targetHints":{"allow":["GET"]}}],"collection":[{"href":"https:\/\/jmp-ch.org\/de\/wp-json\/wp\/v2\/pages"}],"about":[{"href":"https:\/\/jmp-ch.org\/de\/wp-json\/wp\/v2\/types\/page"}],"author":[{"embeddable":true,"href":"https:\/\/jmp-ch.org\/de\/wp-json\/wp\/v2\/users\/1"}],"replies":[{"embeddable":true,"href":"https:\/\/jmp-ch.org\/de\/wp-json\/wp\/v2\/comments?post=41896"}],"version-history":[{"count":74,"href":"https:\/\/jmp-ch.org\/de\/wp-json\/wp\/v2\/pages\/41896\/revisions"}],"predecessor-version":[{"id":56384,"href":"https:\/\/jmp-ch.org\/de\/wp-json\/wp\/v2\/pages\/41896\/revisions\/56384"}],"wp:attachment":[{"href":"https:\/\/jmp-ch.org\/de\/wp-json\/wp\/v2\/media?parent=41896"}],"wp:term":[{"taxonomy":"category","embeddable":true,"href":"https:\/\/jmp-ch.org\/de\/wp-json\/wp\/v2\/categories?post=41896"}],"curies":[{"name":"wp","href":"https:\/\/api.w.org\/{rel}","templated":true}]}}