{"id":43055,"date":"2024-11-07T10:34:49","date_gmt":"2024-11-07T09:34:49","guid":{"rendered":"https:\/\/jmp-ch.org\/homepage-eco-schools\/les-7-etapes\/"},"modified":"2026-01-28T12:26:25","modified_gmt":"2026-01-28T11:26:25","slug":"die-sieben-eco-schools-schritte","status":"publish","type":"page","link":"https:\/\/jmp-ch.org\/de\/eco-schools\/die-sieben-eco-schools-schritte\/","title":{"rendered":"Die sieben Eco-Schools-Schritte"},"content":{"rendered":"\t\t<div data-elementor-type=\"wp-page\" data-elementor-id=\"43055\" class=\"elementor elementor-43055 elementor-36928\" data-elementor-post-type=\"page\">\n\t\t\t\t<div class=\"elementor-element elementor-element-3d22f8c espacehauteco e-flex e-con-boxed e-con e-parent\" data-id=\"3d22f8c\" data-element_type=\"container\" data-e-type=\"container\">\n\t\t\t\t\t<div class=\"e-con-inner\">\n\t\t\t\t<div class=\"elementor-element elementor-element-f9ae7b6 elementor-widget elementor-widget-spacer\" data-id=\"f9ae7b6\" data-element_type=\"widget\" data-e-type=\"widget\" data-widget_type=\"spacer.default\">\n\t\t\t\t\t\t\t<div class=\"elementor-spacer\">\n\t\t\t<div class=\"elementor-spacer-inner\"><\/div>\n\t\t<\/div>\n\t\t\t\t\t\t<\/div>\n\t\t\t\t\t<\/div>\n\t\t\t\t<\/div>\n\t\t<div class=\"elementor-element elementor-element-a7fa4e5 e-flex e-con-boxed e-con e-parent\" data-id=\"a7fa4e5\" data-element_type=\"container\" data-e-type=\"container\">\n\t\t\t\t\t<div class=\"e-con-inner\">\n\t\t<div class=\"elementor-element elementor-element-f2749ed e-con-full e-flex e-con e-child\" data-id=\"f2749ed\" data-element_type=\"container\" data-e-type=\"container\">\n\t\t\t\t<div class=\"elementor-element elementor-element-f2a8352 elementor-widget__width-initial elementor-widget elementor-widget-text-editor\" data-id=\"f2a8352\" data-element_type=\"widget\" data-e-type=\"widget\" data-widget_type=\"text-editor.default\">\n\t\t\t\t\t\t\t\t\t<h2>Die sieben Eco-Schools-<br \/>Schritte<\/h2>\t\t\t\t\t\t\t\t<\/div>\n\t\t\t\t<div class=\"elementor-element elementor-element-46e2818 elementor-widget__width-initial elementor-widget elementor-widget-text-editor\" data-id=\"46e2818\" data-element_type=\"widget\" data-e-type=\"widget\" data-widget_type=\"text-editor.default\">\n\t\t\t\t\t\t\t\t\t<p><strong>Die Schulen entwickeln ihr Eco-Schools-Projekt zu einem von J\u2019aime ma Plan\u00e8te vorgeschlagenen Eco-Schools-Thema.<\/strong><\/p>\t\t\t\t\t\t\t\t<\/div>\n\t\t\t\t<div class=\"elementor-element elementor-element-d9bcfee elementor-widget__width-initial elementor-widget elementor-widget-text-editor\" data-id=\"d9bcfee\" data-element_type=\"widget\" data-e-type=\"widget\" data-widget_type=\"text-editor.default\">\n\t\t\t\t\t\t\t\t\t<p>Dieses bearbeiten sie in sieben flexiblen Projektschritten. Die sieben Schritte bilden den Rahmen f\u00fcr ein ein- bis zweij\u00e4hriges Projekt, das die gesamte Schulgemeinschaft einbezieht und den Sch\u00fclerinnen und Sch\u00fclern die M\u00f6glichkeit gibt, eine f\u00fchrende Rolle bei der Umsetzung zu \u00fcbernehmen.<\/p>\t\t\t\t\t\t\t\t<\/div>\n\t\t\t\t<\/div>\n\t\t\t\t\t<\/div>\n\t\t\t\t<\/div>\n\t\t<div class=\"elementor-element elementor-element-5fda745 e-flex e-con-boxed e-con e-parent\" data-id=\"5fda745\" data-element_type=\"container\" data-e-type=\"container\">\n\t\t\t\t\t<div class=\"e-con-inner\">\n\t\t\t\t<div class=\"elementor-element elementor-element-7e5442e elementor-widget elementor-widget-spacer\" data-id=\"7e5442e\" data-element_type=\"widget\" data-e-type=\"widget\" data-widget_type=\"spacer.default\">\n\t\t\t\t\t\t\t<div class=\"elementor-spacer\">\n\t\t\t<div class=\"elementor-spacer-inner\"><\/div>\n\t\t<\/div>\n\t\t\t\t\t\t<\/div>\n\t\t\t\t\t<\/div>\n\t\t\t\t<\/div>\n\t\t<div class=\"elementor-element elementor-element-d89cf3f elementor-hidden-mobile e-flex e-con-boxed e-con e-parent\" data-id=\"d89cf3f\" data-element_type=\"container\" data-e-type=\"container\">\n\t\t\t\t\t<div class=\"e-con-inner\">\n\t\t\t\t<div class=\"elementor-element elementor-element-a9ea217 elementor-widget elementor-widget-image\" data-id=\"a9ea217\" data-element_type=\"widget\" data-e-type=\"widget\" data-widget_type=\"image.default\">\n\t\t\t\t\t\t\t\t\t\t\t\t\t\t\t\t<a href=\"https:\/\/jmp-ch.org\/de\/eco-schools\/die-sieben-eco-schools-schritte\/schritt-7-kreieren-eines-eco-codes\/\">\n\t\t\t\t\t\t\t<img decoding=\"async\" src=\"https:\/\/jmp-ch.org\/wp-content\/uploads\/elementor\/thumbs\/roue7-c-1-r19ffblj167n3f5iva7tvojho3ea24wkvrbxs3flfi.png\" title=\"roue7-c\" alt=\"roue7-c\" class=\"elementor-animation-grow\" loading=\"lazy\" \/>\t\t\t\t\t\t\t\t<\/a>\n\t\t\t\t\t\t\t\t\t\t\t\t\t\t\t<\/div>\n\t\t\t\t<div class=\"elementor-element elementor-element-151efac elementor-widget elementor-widget-image\" data-id=\"151efac\" data-element_type=\"widget\" data-e-type=\"widget\" data-widget_type=\"image.default\">\n\t\t\t\t\t\t\t\t\t\t\t\t\t\t\t\t<a href=\"https:\/\/jmp-ch.org\/de\/eco-schools\/die-sieben-eco-schools-schritte\/schritt-1-bildung-eines-eco-komitees\/\">\n\t\t\t\t\t\t\t<img decoding=\"async\" src=\"https:\/\/jmp-ch.org\/wp-content\/uploads\/elementor\/thumbs\/roue1-c-1-r19ffblj167n3f5iva7tvojho3ea24wkvrbxs3flfi.png\" title=\"roue1-c\" alt=\"roue1-c\" class=\"elementor-animation-grow\" loading=\"lazy\" \/>\t\t\t\t\t\t\t\t<\/a>\n\t\t\t\t\t\t\t\t\t\t\t\t\t\t\t<\/div>\n\t\t\t\t<div class=\"elementor-element elementor-element-d3061cd elementor-widget elementor-widget-image\" data-id=\"d3061cd\" data-element_type=\"widget\" data-e-type=\"widget\" data-widget_type=\"image.default\">\n\t\t\t\t\t\t\t\t\t\t\t\t\t\t\t\t<a href=\"https:\/\/jmp-ch.org\/de\/eco-schools\/die-sieben-eco-schools-schritte\/schritt-2-durchfuehrung-einer-nachhaltigkeitsanalyse\/\">\n\t\t\t\t\t\t\t<img decoding=\"async\" src=\"https:\/\/jmp-ch.org\/wp-content\/uploads\/elementor\/thumbs\/roue2-c-1-r19ffblj167n3f5iva7tvojho3ea24wkvrbxs3flfi.png\" title=\"roue2-c\" alt=\"roue2-c\" class=\"elementor-animation-grow\" loading=\"lazy\" \/>\t\t\t\t\t\t\t\t<\/a>\n\t\t\t\t\t\t\t\t\t\t\t\t\t\t\t<\/div>\n\t\t\t\t\t<\/div>\n\t\t\t\t<\/div>\n\t\t<div class=\"elementor-element elementor-element-bb7657c elementor-hidden-mobile e-flex e-con-boxed e-con e-parent\" data-id=\"bb7657c\" data-element_type=\"container\" data-e-type=\"container\">\n\t\t\t\t\t<div class=\"e-con-inner\">\n\t\t\t\t<div class=\"elementor-element elementor-element-ba30ab1 elementor-widget elementor-widget-image\" data-id=\"ba30ab1\" data-element_type=\"widget\" data-e-type=\"widget\" data-widget_type=\"image.default\">\n\t\t\t\t\t\t\t\t\t\t\t\t\t\t\t\t<a href=\"https:\/\/jmp-ch.org\/de\/eco-schools\/die-sieben-eco-schools-schritte\/schritt-6-informieren-und-involvieren\/\">\n\t\t\t\t\t\t\t<img decoding=\"async\" src=\"https:\/\/jmp-ch.org\/wp-content\/uploads\/elementor\/thumbs\/roue6-c-1-r19ffblj167n3f5iva7tvojho3ea24wkvrbxs3flfi.png\" title=\"roue6-c\" alt=\"roue6-c\" class=\"elementor-animation-grow\" loading=\"lazy\" \/>\t\t\t\t\t\t\t\t<\/a>\n\t\t\t\t\t\t\t\t\t\t\t\t\t\t\t<\/div>\n\t\t\t\t<div class=\"elementor-element elementor-element-95537d2 elementor-widget elementor-widget-image\" data-id=\"95537d2\" data-element_type=\"widget\" data-e-type=\"widget\" data-widget_type=\"image.default\">\n\t\t\t\t\t\t\t\t\t\t\t\t\t\t\t\t<a href=\"https:\/\/jmp-ch.org\/de\/eco-schools\/die-sieben-eco-schools-schritte\/schritt-3-erstellen-eines-aktionsplans\/\">\n\t\t\t\t\t\t\t<img decoding=\"async\" src=\"https:\/\/jmp-ch.org\/wp-content\/uploads\/elementor\/thumbs\/roue3-c-1-r19ffblj167n3f5iva7tvojho3ea24wkvrbxs3flfi.png\" title=\"roue3-c\" alt=\"roue3-c\" class=\"elementor-animation-grow\" loading=\"lazy\" \/>\t\t\t\t\t\t\t\t<\/a>\n\t\t\t\t\t\t\t\t\t\t\t\t\t\t\t<\/div>\n\t\t\t\t\t<\/div>\n\t\t\t\t<\/div>\n\t\t<div class=\"elementor-element elementor-element-474fe0d elementor-hidden-mobile e-flex e-con-boxed e-con e-parent\" data-id=\"474fe0d\" data-element_type=\"container\" data-e-type=\"container\">\n\t\t\t\t\t<div class=\"e-con-inner\">\n\t\t\t\t<div class=\"elementor-element elementor-element-b94c488 elementor-widget elementor-widget-image\" data-id=\"b94c488\" data-element_type=\"widget\" data-e-type=\"widget\" data-widget_type=\"image.default\">\n\t\t\t\t\t\t\t\t\t\t\t\t\t\t\t\t<a href=\"https:\/\/jmp-ch.org\/de\/eco-schools\/die-sieben-eco-schools-schritte\/schritt-5-verknuepfung-mit-dem-unterricht\/\">\n\t\t\t\t\t\t\t<img decoding=\"async\" src=\"https:\/\/jmp-ch.org\/wp-content\/uploads\/elementor\/thumbs\/roue5-c-1-r19ffblj167n3f5iva7tvojho3ea24wkvrbxs3flfi.png\" title=\"roue5-c\" alt=\"roue5-c\" class=\"elementor-animation-grow\" loading=\"lazy\" \/>\t\t\t\t\t\t\t\t<\/a>\n\t\t\t\t\t\t\t\t\t\t\t\t\t\t\t<\/div>\n\t\t\t\t<div class=\"elementor-element elementor-element-71b9df1 elementor-widget elementor-widget-image\" data-id=\"71b9df1\" data-element_type=\"widget\" data-e-type=\"widget\" data-widget_type=\"image.default\">\n\t\t\t\t\t\t\t\t\t\t\t\t\t\t\t\t<a href=\"https:\/\/jmp-ch.org\/de\/eco-schools\/die-sieben-eco-schools-schritte\/schritt-4-ueberpruefen-und-evaluieren\/\">\n\t\t\t\t\t\t\t<img decoding=\"async\" src=\"https:\/\/jmp-ch.org\/wp-content\/uploads\/elementor\/thumbs\/roue4-c-1-r19ffblj167n3f5iva7tvojho3ea24wkvrbxs3flfi.png\" title=\"roue4-c\" alt=\"roue4-c\" class=\"elementor-animation-grow\" loading=\"lazy\" \/>\t\t\t\t\t\t\t\t<\/a>\n\t\t\t\t\t\t\t\t\t\t\t\t\t\t\t<\/div>\n\t\t\t\t\t<\/div>\n\t\t\t\t<\/div>\n\t\t<div class=\"elementor-element elementor-element-ec9d37a elementor-hidden-desktop elementor-hidden-tablet e-flex e-con-boxed e-con e-parent\" data-id=\"ec9d37a\" data-element_type=\"container\" data-e-type=\"container\">\n\t\t\t\t\t<div class=\"e-con-inner\">\n\t\t\t\t<div class=\"elementor-element elementor-element-8f3a663 elementor-widget elementor-widget-image\" data-id=\"8f3a663\" data-element_type=\"widget\" data-e-type=\"widget\" data-widget_type=\"image.default\">\n\t\t\t\t\t\t\t\t\t\t\t\t\t\t\t\t<a href=\"https:\/\/jmp-ch.org\/de\/eco-schools\/die-sieben-eco-schools-schritte\/schritt-1-bildung-eines-eco-komitees\/\">\n\t\t\t\t\t\t\t<img decoding=\"async\" src=\"https:\/\/jmp-ch.org\/wp-content\/uploads\/elementor\/thumbs\/roue1-c-1-r19ffblj167n3f5iva7tvojho3ea24wkvrbxs3flfi.png\" title=\"roue1-c\" alt=\"roue1-c\" class=\"elementor-animation-grow\" loading=\"lazy\" \/>\t\t\t\t\t\t\t\t<\/a>\n\t\t\t\t\t\t\t\t\t\t\t\t\t\t\t<\/div>\n\t\t\t\t<div class=\"elementor-element elementor-element-faf4ee3 elementor-widget elementor-widget-image\" data-id=\"faf4ee3\" data-element_type=\"widget\" data-e-type=\"widget\" data-widget_type=\"image.default\">\n\t\t\t\t\t\t\t\t\t\t\t\t\t\t\t\t<a href=\"https:\/\/jmp-ch.org\/de\/eco-schools\/die-sieben-eco-schools-schritte\/schritt-2-durchfuehrung-einer-nachhaltigkeitsanalyse\/\">\n\t\t\t\t\t\t\t<img decoding=\"async\" src=\"https:\/\/jmp-ch.org\/wp-content\/uploads\/elementor\/thumbs\/roue2-c-1-r19ffblj167n3f5iva7tvojho3ea24wkvrbxs3flfi.png\" title=\"roue2-c\" alt=\"roue2-c\" class=\"elementor-animation-grow\" loading=\"lazy\" \/>\t\t\t\t\t\t\t\t<\/a>\n\t\t\t\t\t\t\t\t\t\t\t\t\t\t\t<\/div>\n\t\t\t\t<div class=\"elementor-element elementor-element-9b38fbc elementor-widget elementor-widget-image\" data-id=\"9b38fbc\" data-element_type=\"widget\" data-e-type=\"widget\" data-widget_type=\"image.default\">\n\t\t\t\t\t\t\t\t\t\t\t\t\t\t\t\t<a href=\"https:\/\/jmp-ch.org\/de\/eco-schools\/die-sieben-eco-schools-schritte\/schritt-3-erstellen-eines-aktionsplans\/\">\n\t\t\t\t\t\t\t<img decoding=\"async\" src=\"https:\/\/jmp-ch.org\/wp-content\/uploads\/elementor\/thumbs\/roue3-c-1-r19ffblj167n3f5iva7tvojho3ea24wkvrbxs3flfi.png\" title=\"roue3-c\" alt=\"roue3-c\" class=\"elementor-animation-grow\" loading=\"lazy\" \/>\t\t\t\t\t\t\t\t<\/a>\n\t\t\t\t\t\t\t\t\t\t\t\t\t\t\t<\/div>\n\t\t\t\t<div class=\"elementor-element elementor-element-9e1b362 elementor-widget elementor-widget-image\" data-id=\"9e1b362\" data-element_type=\"widget\" data-e-type=\"widget\" data-widget_type=\"image.default\">\n\t\t\t\t\t\t\t\t\t\t\t\t\t\t\t\t<a href=\"https:\/\/jmp-ch.org\/de\/eco-schools\/die-sieben-eco-schools-schritte\/schritt-4-ueberpruefen-und-evaluieren\/\">\n\t\t\t\t\t\t\t<img decoding=\"async\" src=\"https:\/\/jmp-ch.org\/wp-content\/uploads\/elementor\/thumbs\/roue4-c-1-r19ffblj167n3f5iva7tvojho3ea24wkvrbxs3flfi.png\" title=\"roue4-c\" alt=\"roue4-c\" class=\"elementor-animation-grow\" loading=\"lazy\" \/>\t\t\t\t\t\t\t\t<\/a>\n\t\t\t\t\t\t\t\t\t\t\t\t\t\t\t<\/div>\n\t\t\t\t<div class=\"elementor-element elementor-element-658c069 elementor-widget elementor-widget-image\" data-id=\"658c069\" data-element_type=\"widget\" data-e-type=\"widget\" data-widget_type=\"image.default\">\n\t\t\t\t\t\t\t\t\t\t\t\t\t\t\t\t<a href=\"https:\/\/jmp-ch.org\/de\/eco-schools\/die-sieben-eco-schools-schritte\/schritt-5-verknuepfung-mit-dem-unterricht\/\">\n\t\t\t\t\t\t\t<img decoding=\"async\" src=\"https:\/\/jmp-ch.org\/wp-content\/uploads\/elementor\/thumbs\/roue5-c-1-r19ffblj167n3f5iva7tvojho3ea24wkvrbxs3flfi.png\" title=\"roue5-c\" alt=\"roue5-c\" class=\"elementor-animation-grow\" loading=\"lazy\" \/>\t\t\t\t\t\t\t\t<\/a>\n\t\t\t\t\t\t\t\t\t\t\t\t\t\t\t<\/div>\n\t\t\t\t<div class=\"elementor-element elementor-element-cff397d elementor-widget elementor-widget-image\" data-id=\"cff397d\" data-element_type=\"widget\" data-e-type=\"widget\" data-widget_type=\"image.default\">\n\t\t\t\t\t\t\t\t\t\t\t\t\t\t\t\t<a href=\"https:\/\/jmp-ch.org\/de\/eco-schools\/die-sieben-eco-schools-schritte\/schritt-6-informieren-und-involvieren\/\">\n\t\t\t\t\t\t\t<img decoding=\"async\" src=\"https:\/\/jmp-ch.org\/wp-content\/uploads\/elementor\/thumbs\/roue6-c-1-r19ffblj167n3f5iva7tvojho3ea24wkvrbxs3flfi.png\" title=\"roue6-c\" alt=\"roue6-c\" class=\"elementor-animation-grow\" loading=\"lazy\" \/>\t\t\t\t\t\t\t\t<\/a>\n\t\t\t\t\t\t\t\t\t\t\t\t\t\t\t<\/div>\n\t\t\t\t<div class=\"elementor-element elementor-element-089bea3 elementor-widget elementor-widget-image\" data-id=\"089bea3\" data-element_type=\"widget\" data-e-type=\"widget\" data-widget_type=\"image.default\">\n\t\t\t\t\t\t\t\t\t\t\t\t\t\t\t\t<a href=\"https:\/\/jmp-ch.org\/de\/eco-schools\/die-sieben-eco-schools-schritte\/schritt-7-kreieren-eines-eco-codes\/\">\n\t\t\t\t\t\t\t<img decoding=\"async\" src=\"https:\/\/jmp-ch.org\/wp-content\/uploads\/elementor\/thumbs\/roue7-c-1-r19ffblj167n3f5iva7tvojho3ea24wkvrbxs3flfi.png\" title=\"roue7-c\" alt=\"roue7-c\" class=\"elementor-animation-grow\" loading=\"lazy\" \/>\t\t\t\t\t\t\t\t<\/a>\n\t\t\t\t\t\t\t\t\t\t\t\t\t\t\t<\/div>\n\t\t\t\t\t<\/div>\n\t\t\t\t<\/div>\n\t\t\t\t<\/div>\n\t\t","protected":false},"excerpt":{"rendered":"<p>Die sieben Eco-Schools-Schritte Die Schulen entwickeln ihr Eco-Schools-Projekt zu einem von J\u2019aime ma Plan\u00e8te vorgeschlagenen Eco-Schools-Thema. Dieses bearbeiten sie in sieben flexiblen Projektschritten. Die sieben Schritte bilden den Rahmen f\u00fcr ein ein- bis zweij\u00e4hriges Projekt, das die gesamte Schulgemeinschaft einbezieht und den Sch\u00fclerinnen und Sch\u00fclern die M\u00f6glichkeit gibt, eine f\u00fchrende Rolle bei der Umsetzung zu [&hellip;]<\/p>\n","protected":false},"author":1,"featured_media":0,"parent":43035,"menu_order":0,"comment_status":"closed","ping_status":"closed","template":"","meta":{"iawp_total_views":197,"footnotes":""},"categories":[32],"class_list":["post-43055","page","type-page","status-publish","hentry","category-eco-schools"],"_links":{"self":[{"href":"https:\/\/jmp-ch.org\/de\/wp-json\/wp\/v2\/pages\/43055","targetHints":{"allow":["GET"]}}],"collection":[{"href":"https:\/\/jmp-ch.org\/de\/wp-json\/wp\/v2\/pages"}],"about":[{"href":"https:\/\/jmp-ch.org\/de\/wp-json\/wp\/v2\/types\/page"}],"author":[{"embeddable":true,"href":"https:\/\/jmp-ch.org\/de\/wp-json\/wp\/v2\/users\/1"}],"replies":[{"embeddable":true,"href":"https:\/\/jmp-ch.org\/de\/wp-json\/wp\/v2\/comments?post=43055"}],"version-history":[{"count":57,"href":"https:\/\/jmp-ch.org\/de\/wp-json\/wp\/v2\/pages\/43055\/revisions"}],"predecessor-version":[{"id":55072,"href":"https:\/\/jmp-ch.org\/de\/wp-json\/wp\/v2\/pages\/43055\/revisions\/55072"}],"up":[{"embeddable":true,"href":"https:\/\/jmp-ch.org\/de\/wp-json\/wp\/v2\/pages\/43035"}],"wp:attachment":[{"href":"https:\/\/jmp-ch.org\/de\/wp-json\/wp\/v2\/media?parent=43055"}],"wp:term":[{"taxonomy":"category","embeddable":true,"href":"https:\/\/jmp-ch.org\/de\/wp-json\/wp\/v2\/categories?post=43055"}],"curies":[{"name":"wp","href":"https:\/\/api.w.org\/{rel}","templated":true}]}}