{"id":43060,"date":"2024-11-07T10:35:15","date_gmt":"2024-11-07T09:35:15","guid":{"rendered":"https:\/\/jmp-ch.org\/homepage-eco-schools\/unsere-begleitung\/"},"modified":"2026-03-23T14:25:30","modified_gmt":"2026-03-23T13:25:30","slug":"unsere-begleitung","status":"publish","type":"page","link":"https:\/\/jmp-ch.org\/de\/eco-schools\/unsere-begleitung\/","title":{"rendered":"Unsere Begleitung"},"content":{"rendered":"\t\t<div data-elementor-type=\"wp-page\" data-elementor-id=\"43060\" class=\"elementor elementor-43060 elementor-36930\" data-elementor-post-type=\"page\">\n\t\t\t\t<div class=\"elementor-element elementor-element-af236af e-flex e-con-boxed e-con e-parent\" data-id=\"af236af\" data-element_type=\"container\" data-e-type=\"container\">\n\t\t\t\t\t<div class=\"e-con-inner\">\n\t\t<div class=\"elementor-element elementor-element-7d9276d overflow e-con-full e-flex e-con e-child\" data-id=\"7d9276d\" data-element_type=\"container\" data-e-type=\"container\">\n\t\t<div class=\"elementor-element elementor-element-93bdd68 e-con-full e-flex e-con e-child\" data-id=\"93bdd68\" data-element_type=\"container\" data-e-type=\"container\">\n\t\t\t\t<div class=\"elementor-element elementor-element-138483f elementor-widget__width-initial elementor-widget elementor-widget-text-editor\" data-id=\"138483f\" data-element_type=\"widget\" data-e-type=\"widget\" data-widget_type=\"text-editor.default\">\n\t\t\t\t\t\t\t\t\t<p>Unsere Begleitung<\/p>\n\t\t\t\t\t\t\t\t<\/div>\n\t\t\t\t<div class=\"elementor-element elementor-element-90592a2 elementor-widget__width-initial elementor-widget elementor-widget-text-editor\" data-id=\"90592a2\" data-element_type=\"widget\" data-e-type=\"widget\" data-widget_type=\"text-editor.default\">\n\t\t\t\t\t\t\t\t\t<p>Unterst\u00fctzung f\u00fcr Schulen im Eco-Schools-Programm<\/p>\t\t\t\t\t\t\t\t<\/div>\n\t\t\t\t<div class=\"elementor-element elementor-element-ec14e2d elementor-widget__width-initial elementor-widget elementor-widget-text-editor\" data-id=\"ec14e2d\" data-element_type=\"widget\" data-e-type=\"widget\" data-widget_type=\"text-editor.default\">\n\t\t\t\t\t\t\t\t\t<p>J\u2019aime ma Plan\u00e8te steht den Schulen bei der Durchf\u00fchrung ihrer Eco-Schools-Projekte eng zur Seite. Wir bieten eine pers\u00f6nliche Prozessbegleitung sowie vielf\u00e4ltige Begleitmaterialien, die die Schulen w\u00e4hrend des Projektverlaufs unterst\u00fctzen.<\/p>\t\t\t\t\t\t\t\t<\/div>\n\t\t\t\t<\/div>\n\t\t<div class=\"elementor-element elementor-element-b2e7e79 e-con-full e-flex e-con e-child\" data-id=\"b2e7e79\" data-element_type=\"container\" data-e-type=\"container\">\n\t\t\t\t<div class=\"elementor-element elementor-element-0904c8a elementor-widget elementor-widget-image\" data-id=\"0904c8a\" data-element_type=\"widget\" data-e-type=\"widget\" data-widget_type=\"image.default\">\n\t\t\t\t\t\t\t\t\t\t\t\t\t\t\t<img fetchpriority=\"high\" decoding=\"async\" width=\"800\" height=\"534\" src=\"https:\/\/jmp-ch.org\/wp-content\/uploads\/2024\/12\/DSC_0072-1024x683.jpg\" class=\"attachment-large size-large wp-image-38937\" alt=\"\" srcset=\"https:\/\/jmp-ch.org\/wp-content\/uploads\/2024\/12\/DSC_0072-1024x683.jpg 1024w, https:\/\/jmp-ch.org\/wp-content\/uploads\/2024\/12\/DSC_0072-300x200.jpg 300w, https:\/\/jmp-ch.org\/wp-content\/uploads\/2024\/12\/DSC_0072-768x512.jpg 768w, https:\/\/jmp-ch.org\/wp-content\/uploads\/2024\/12\/DSC_0072-1536x1024.jpg 1536w, https:\/\/jmp-ch.org\/wp-content\/uploads\/2024\/12\/DSC_0072-2048x1366.jpg 2048w\" sizes=\"(max-width: 800px) 100vw, 800px\" \/>\t\t\t\t\t\t\t\t\t\t\t\t\t\t\t<\/div>\n\t\t\t\t<\/div>\n\t\t\t\t<\/div>\n\t\t\t\t\t<\/div>\n\t\t\t\t<\/div>\n\t\t<div class=\"elementor-element elementor-element-5a60db4 e-flex e-con-boxed e-con e-parent\" data-id=\"5a60db4\" data-element_type=\"container\" data-e-type=\"container\">\n\t\t\t\t\t<div class=\"e-con-inner\">\n\t\t<div class=\"elementor-element elementor-element-cc84f1a e-con-full e-flex e-con e-child\" data-id=\"cc84f1a\" data-element_type=\"container\" data-e-type=\"container\">\n\t\t\t\t<div class=\"elementor-element elementor-element-eb54352 elementor-widget elementor-widget-text-editor\" data-id=\"eb54352\" data-element_type=\"widget\" data-e-type=\"widget\" data-widget_type=\"text-editor.default\">\n\t\t\t\t\t\t\t\t\t<p>Pers\u00f6nliche Begleitung<\/p>\t\t\t\t\t\t\t\t<\/div>\n\t\t\t\t<div class=\"elementor-element elementor-element-b387b7c elementor-widget elementor-widget-text-editor\" data-id=\"b387b7c\" data-element_type=\"widget\" data-e-type=\"widget\" data-widget_type=\"text-editor.default\">\n\t\t\t\t\t\t\t\t\t<p>Jede Schule wird von einer festen Kontaktperson betreut. Die Begleitung umfasst:<\/p>\t\t\t\t\t\t\t\t<\/div>\n\t\t\t\t<div class=\"elementor-element elementor-element-ee84817 elementor-widget__width-initial e-transform elementor-widget elementor-widget-text-editor\" data-id=\"ee84817\" data-element_type=\"widget\" data-e-type=\"widget\" data-settings=\"{&quot;_transform_scale_effect_hover&quot;:{&quot;unit&quot;:&quot;px&quot;,&quot;size&quot;:0.99,&quot;sizes&quot;:[]},&quot;_transform_scale_effect_hover_tablet&quot;:{&quot;unit&quot;:&quot;px&quot;,&quot;size&quot;:&quot;&quot;,&quot;sizes&quot;:[]},&quot;_transform_scale_effect_hover_mobile&quot;:{&quot;unit&quot;:&quot;px&quot;,&quot;size&quot;:&quot;&quot;,&quot;sizes&quot;:[]}}\" data-widget_type=\"text-editor.default\">\n\t\t\t\t\t\t\t\t\t<p><strong>Einen Einf\u00fchrungsworkshop, <\/strong>der das Eco-Komitee mit allen n\u00f6tigen Informationen und Fertigkeiten f\u00fcr den Projektstart ausstattet.<\/p>\t\t\t\t\t\t\t\t<\/div>\n\t\t\t\t<div class=\"elementor-element elementor-element-d41a40e elementor-widget__width-initial e-transform elementor-widget elementor-widget-text-editor\" data-id=\"d41a40e\" data-element_type=\"widget\" data-e-type=\"widget\" data-settings=\"{&quot;_transform_scale_effect_hover&quot;:{&quot;unit&quot;:&quot;px&quot;,&quot;size&quot;:0.99,&quot;sizes&quot;:[]},&quot;_transform_scale_effect_hover_tablet&quot;:{&quot;unit&quot;:&quot;px&quot;,&quot;size&quot;:&quot;&quot;,&quot;sizes&quot;:[]},&quot;_transform_scale_effect_hover_mobile&quot;:{&quot;unit&quot;:&quot;px&quot;,&quot;size&quot;:&quot;&quot;,&quot;sizes&quot;:[]}}\" data-widget_type=\"text-editor.default\">\n\t\t\t\t\t\t\t\t\t<p><strong>Regelm\u00e4ssige Beratungsgespr\u00e4che<\/strong>, die Unterst\u00fctzung w\u00e4hrend des gesamten Projektprozesses bieten, besonders bei der Nachhaltigkeitsanalyse und der Erstellung des Aktionsplans.<\/p>\t\t\t\t\t\t\t\t<\/div>\n\t\t\t\t<div class=\"elementor-element elementor-element-a200f7b elementor-widget__width-initial e-transform elementor-widget elementor-widget-text-editor\" data-id=\"a200f7b\" data-element_type=\"widget\" data-e-type=\"widget\" data-settings=\"{&quot;_transform_scale_effect_hover&quot;:{&quot;unit&quot;:&quot;px&quot;,&quot;size&quot;:0.99,&quot;sizes&quot;:[]},&quot;_transform_scale_effect_hover_tablet&quot;:{&quot;unit&quot;:&quot;px&quot;,&quot;size&quot;:&quot;&quot;,&quot;sizes&quot;:[]},&quot;_transform_scale_effect_hover_mobile&quot;:{&quot;unit&quot;:&quot;px&quot;,&quot;size&quot;:&quot;&quot;,&quot;sizes&quot;:[]}}\" data-widget_type=\"text-editor.default\">\n\t\t\t\t\t\t\t\t\t<p><strong>Einen begleiteten Auszeichnungsprozess, <\/strong>bei dem wir die Schulen beim Abschluss des Projekts unterst\u00fctzen und die Auswertung durch die Eco-Schools-Jury organisieren.<\/p>\t\t\t\t\t\t\t\t<\/div>\n\t\t\t\t<\/div>\n\t\t<div class=\"elementor-element elementor-element-020984e e-con-full e-flex e-con e-child\" data-id=\"020984e\" data-element_type=\"container\" data-e-type=\"container\">\n\t\t\t\t<div class=\"elementor-element elementor-element-994f7c9 elementor-widget elementor-widget-text-editor\" data-id=\"994f7c9\" data-element_type=\"widget\" data-e-type=\"widget\" data-widget_type=\"text-editor.default\">\n\t\t\t\t\t\t\t\t\t<p>Methodische und thematische Begleitmaterialien<\/p>\t\t\t\t\t\t\t\t<\/div>\n\t\t\t\t<div class=\"elementor-element elementor-element-57c4fd9 elementor-widget elementor-widget-text-editor\" data-id=\"57c4fd9\" data-element_type=\"widget\" data-e-type=\"widget\" data-widget_type=\"text-editor.default\">\n\t\t\t\t\t\t\t\t\t<p>Die Begleitmaterialien sind \u00fcber eine Online-Plattform zug\u00e4nglich. Dazu geh\u00f6ren:<\/p>\t\t\t\t\t\t\t\t<\/div>\n\t\t\t\t<div class=\"elementor-element elementor-element-9893a2a elementor-widget__width-initial e-transform elementor-widget elementor-widget-text-editor\" data-id=\"9893a2a\" data-element_type=\"widget\" data-e-type=\"widget\" data-settings=\"{&quot;_transform_scale_effect_hover&quot;:{&quot;unit&quot;:&quot;px&quot;,&quot;size&quot;:0.99,&quot;sizes&quot;:[]},&quot;_transform_scale_effect_hover_tablet&quot;:{&quot;unit&quot;:&quot;px&quot;,&quot;size&quot;:&quot;&quot;,&quot;sizes&quot;:[]},&quot;_transform_scale_effect_hover_mobile&quot;:{&quot;unit&quot;:&quot;px&quot;,&quot;size&quot;:&quot;&quot;,&quot;sizes&quot;:[]}}\" data-widget_type=\"text-editor.default\">\n\t\t\t\t\t\t\t\t\t<p><strong>Das Eco-Schools-Begleithandbuch, <\/strong>das die Schulen durch die Sieben-Eco-Schools-Schritte begleitet und eine Toolbox mit Hilfsmitteln enth\u00e4lt.<\/p>\t\t\t\t\t\t\t\t<\/div>\n\t\t\t\t<div class=\"elementor-element elementor-element-f7546a0 elementor-widget__width-initial e-transform elementor-widget elementor-widget-text-editor\" data-id=\"f7546a0\" data-element_type=\"widget\" data-e-type=\"widget\" data-settings=\"{&quot;_transform_scale_effect_hover&quot;:{&quot;unit&quot;:&quot;px&quot;,&quot;size&quot;:0.99,&quot;sizes&quot;:[]},&quot;_transform_scale_effect_hover_tablet&quot;:{&quot;unit&quot;:&quot;px&quot;,&quot;size&quot;:&quot;&quot;,&quot;sizes&quot;:[]},&quot;_transform_scale_effect_hover_mobile&quot;:{&quot;unit&quot;:&quot;px&quot;,&quot;size&quot;:&quot;&quot;,&quot;sizes&quot;:[]}}\" data-widget_type=\"text-editor.default\">\n\t\t\t\t\t\t\t\t\t<p><strong>Thematische Dossiers, <\/strong>die eine Sammlung von Unterrichtsmaterialien, Projektideen, Videos und ausserschulischen Angeboten zu den Eco-Schools-Themen bieten.<\/p>\t\t\t\t\t\t\t\t<\/div>\n\t\t\t\t<div class=\"elementor-element elementor-element-e0702e5 elementor-widget__width-initial e-transform elementor-widget elementor-widget-text-editor\" data-id=\"e0702e5\" data-element_type=\"widget\" data-e-type=\"widget\" data-settings=\"{&quot;_transform_scale_effect_hover&quot;:{&quot;unit&quot;:&quot;px&quot;,&quot;size&quot;:0.99,&quot;sizes&quot;:[]},&quot;_transform_scale_effect_hover_tablet&quot;:{&quot;unit&quot;:&quot;px&quot;,&quot;size&quot;:&quot;&quot;,&quot;sizes&quot;:[]},&quot;_transform_scale_effect_hover_mobile&quot;:{&quot;unit&quot;:&quot;px&quot;,&quot;size&quot;:&quot;&quot;,&quot;sizes&quot;:[]}}\" data-widget_type=\"text-editor.default\">\n\t\t\t\t\t\t\t\t\t<p><strong>Praxisbeispiele <\/strong>von anderen Schulen, die konkrete Ideen und Inspiration liefern.<\/p>\t\t\t\t\t\t\t\t<\/div>\n\t\t\t\t<div class=\"elementor-element elementor-element-b99bc98 elementor-widget__width-initial e-transform elementor-widget elementor-widget-text-editor\" data-id=\"b99bc98\" data-element_type=\"widget\" data-e-type=\"widget\" data-settings=\"{&quot;_transform_scale_effect_hover&quot;:{&quot;unit&quot;:&quot;px&quot;,&quot;size&quot;:0.99,&quot;sizes&quot;:[]},&quot;_transform_scale_effect_hover_tablet&quot;:{&quot;unit&quot;:&quot;px&quot;,&quot;size&quot;:&quot;&quot;,&quot;sizes&quot;:[]},&quot;_transform_scale_effect_hover_mobile&quot;:{&quot;unit&quot;:&quot;px&quot;,&quot;size&quot;:&quot;&quot;,&quot;sizes&quot;:[]}}\" data-widget_type=\"text-editor.default\">\n\t\t\t\t\t\t\t\t\t<p><strong>Themenkits,<\/strong> die Hintergrundinformationen sowie pfannenfertige Projekt- und Unterrichtsvorschl\u00e4ge zu den Eco-Schools-Themen beinhalten (Die Kits zu den Themen nachhaltige Ern\u00e4hrung und Biodiversit\u00e4t sind bereits verf\u00fcgbar, weitere folgen).<\/p>\t\t\t\t\t\t\t\t<\/div>\n\t\t\t\t<\/div>\n\t\t\t\t\t<\/div>\n\t\t\t\t<\/div>\n\t\t\t\t<\/div>\n\t\t","protected":false},"excerpt":{"rendered":"<p>Unsere Begleitung Unterst\u00fctzung f\u00fcr Schulen im Eco-Schools-Programm J\u2019aime ma Plan\u00e8te steht den Schulen bei der Durchf\u00fchrung ihrer Eco-Schools-Projekte eng zur Seite. Wir bieten eine pers\u00f6nliche Prozessbegleitung sowie vielf\u00e4ltige Begleitmaterialien, die die Schulen w\u00e4hrend des Projektverlaufs unterst\u00fctzen. Pers\u00f6nliche Begleitung Jede Schule wird von einer festen Kontaktperson betreut. Die Begleitung umfasst: Einen Einf\u00fchrungsworkshop, der das Eco-Komitee mit [&hellip;]<\/p>\n","protected":false},"author":1,"featured_media":0,"parent":43035,"menu_order":0,"comment_status":"closed","ping_status":"closed","template":"","meta":{"iawp_total_views":176,"footnotes":""},"categories":[32],"class_list":["post-43060","page","type-page","status-publish","hentry","category-eco-schools"],"_links":{"self":[{"href":"https:\/\/jmp-ch.org\/de\/wp-json\/wp\/v2\/pages\/43060","targetHints":{"allow":["GET"]}}],"collection":[{"href":"https:\/\/jmp-ch.org\/de\/wp-json\/wp\/v2\/pages"}],"about":[{"href":"https:\/\/jmp-ch.org\/de\/wp-json\/wp\/v2\/types\/page"}],"author":[{"embeddable":true,"href":"https:\/\/jmp-ch.org\/de\/wp-json\/wp\/v2\/users\/1"}],"replies":[{"embeddable":true,"href":"https:\/\/jmp-ch.org\/de\/wp-json\/wp\/v2\/comments?post=43060"}],"version-history":[{"count":19,"href":"https:\/\/jmp-ch.org\/de\/wp-json\/wp\/v2\/pages\/43060\/revisions"}],"predecessor-version":[{"id":56231,"href":"https:\/\/jmp-ch.org\/de\/wp-json\/wp\/v2\/pages\/43060\/revisions\/56231"}],"up":[{"embeddable":true,"href":"https:\/\/jmp-ch.org\/de\/wp-json\/wp\/v2\/pages\/43035"}],"wp:attachment":[{"href":"https:\/\/jmp-ch.org\/de\/wp-json\/wp\/v2\/media?parent=43060"}],"wp:term":[{"taxonomy":"category","embeddable":true,"href":"https:\/\/jmp-ch.org\/de\/wp-json\/wp\/v2\/categories?post=43060"}],"curies":[{"name":"wp","href":"https:\/\/api.w.org\/{rel}","templated":true}]}}