{"id":43092,"date":"2025-01-07T17:21:06","date_gmt":"2025-01-07T16:21:06","guid":{"rendered":"https:\/\/jmp-ch.org\/le-label-eco-schools\/"},"modified":"2026-03-31T13:35:10","modified_gmt":"2026-03-31T11:35:10","slug":"die-eco-schools-auszeichnung","status":"publish","type":"page","link":"https:\/\/jmp-ch.org\/de\/die-eco-schools-auszeichnung\/","title":{"rendered":"Die Eco-Schools-Auszeichnung"},"content":{"rendered":"\t\t<div data-elementor-type=\"wp-page\" data-elementor-id=\"43092\" class=\"elementor elementor-43092 elementor-40203\" data-elementor-post-type=\"page\">\n\t\t\t\t<div class=\"elementor-element elementor-element-8eff99d e-flex e-con-boxed e-con e-parent\" data-id=\"8eff99d\" data-element_type=\"container\" data-e-type=\"container\">\n\t\t\t\t\t<div class=\"e-con-inner\">\n\t\t<div class=\"elementor-element elementor-element-dd8c211 overflow e-con-full e-flex e-con e-child\" data-id=\"dd8c211\" data-element_type=\"container\" data-e-type=\"container\">\n\t\t<div class=\"elementor-element elementor-element-2261aee e-con-full e-flex e-con e-child\" data-id=\"2261aee\" data-element_type=\"container\" data-e-type=\"container\">\n\t\t\t\t<div class=\"elementor-element elementor-element-3365259 elementor-widget__width-initial elementor-widget elementor-widget-text-editor\" data-id=\"3365259\" data-element_type=\"widget\" data-e-type=\"widget\" data-widget_type=\"text-editor.default\">\n\t\t\t\t\t\t\t\t\t<p>DIE ECO-SCHOOLS-AUSZEICHNUNG<\/p>\t\t\t\t\t\t\t\t<\/div>\n\t\t\t\t<div class=\"elementor-element elementor-element-1f9d701 elementor-widget__width-initial elementor-widget elementor-widget-text-editor\" data-id=\"1f9d701\" data-element_type=\"widget\" data-e-type=\"widget\" data-widget_type=\"text-editor.default\">\n\t\t\t\t\t\t\t\t\t<p>Nach Abschluss der sieben Projektschritte k\u00f6nnen Schulen die Eco-Schools-Auszeichnung, symbolisiert durch die internationale Gr\u00fcne Flagge, beantragen.<\/p>\t\t\t\t\t\t\t\t<\/div>\n\t\t\t\t<div class=\"elementor-element elementor-element-12fdb47 elementor-widget__width-initial elementor-widget elementor-widget-text-editor\" data-id=\"12fdb47\" data-element_type=\"widget\" data-e-type=\"widget\" data-widget_type=\"text-editor.default\">\n\t\t\t\t\t\t\t\t\t<p>Wir unterst\u00fctzen die Schulen bei der Erstellung ihres Projektdossiers. \u00dcber die Vergabe der Auszeichnung entscheidet eine unabh\u00e4ngige Jury aus Bildungs- und Nachhaltigkeitsexpertinnen und -experten. Die Auszeichnung ist zwei Jahre g\u00fcltig. W\u00e4hrend dieser Zeit setzt die Schule ihr Engagement fort, indem sie ein neues Projektthema aufgreift oder das bestehende vertieft.<\/p>\t\t\t\t\t\t\t\t<\/div>\n\t\t\t\t<\/div>\n\t\t<div class=\"elementor-element elementor-element-a92a454 e-con-full e-flex e-con e-child\" data-id=\"a92a454\" data-element_type=\"container\" data-e-type=\"container\">\n\t\t\t\t<div class=\"elementor-element elementor-element-3ad0a90 elementor-widget elementor-widget-image\" data-id=\"3ad0a90\" data-element_type=\"widget\" data-e-type=\"widget\" data-widget_type=\"image.default\">\n\t\t\t\t\t\t\t\t\t\t\t\t\t\t\t<img fetchpriority=\"high\" decoding=\"async\" width=\"800\" height=\"534\" src=\"https:\/\/jmp-ch.org\/wp-content\/uploads\/2024\/12\/DSC_0072-1024x683.jpg\" class=\"attachment-large size-large wp-image-38937\" alt=\"\" srcset=\"https:\/\/jmp-ch.org\/wp-content\/uploads\/2024\/12\/DSC_0072-1024x683.jpg 1024w, https:\/\/jmp-ch.org\/wp-content\/uploads\/2024\/12\/DSC_0072-300x200.jpg 300w, https:\/\/jmp-ch.org\/wp-content\/uploads\/2024\/12\/DSC_0072-768x512.jpg 768w, https:\/\/jmp-ch.org\/wp-content\/uploads\/2024\/12\/DSC_0072-1536x1024.jpg 1536w, https:\/\/jmp-ch.org\/wp-content\/uploads\/2024\/12\/DSC_0072-2048x1366.jpg 2048w\" sizes=\"(max-width: 800px) 100vw, 800px\" \/>\t\t\t\t\t\t\t\t\t\t\t\t\t\t\t<\/div>\n\t\t\t\t<\/div>\n\t\t\t\t<\/div>\n\t\t\t\t\t<\/div>\n\t\t\t\t<\/div>\n\t\t<div class=\"elementor-element elementor-element-4789703 pbleft e-flex e-con-boxed e-con e-parent\" data-id=\"4789703\" data-element_type=\"container\" data-e-type=\"container\" data-settings=\"{&quot;background_background&quot;:&quot;classic&quot;}\">\n\t\t\t\t\t<div class=\"e-con-inner\">\n\t\t<div class=\"elementor-element elementor-element-ed31551 e-con-full e-flex e-con e-child\" data-id=\"ed31551\" data-element_type=\"container\" data-e-type=\"container\" data-settings=\"{&quot;background_background&quot;:&quot;classic&quot;}\">\n\t\t\t\t<div class=\"elementor-element elementor-element-27c6bd1 elementor-widget__width-initial e-transform elementor-widget elementor-widget-text-editor\" data-id=\"27c6bd1\" data-element_type=\"widget\" data-e-type=\"widget\" data-settings=\"{&quot;_transform_scale_effect_hover&quot;:{&quot;unit&quot;:&quot;px&quot;,&quot;size&quot;:0.99,&quot;sizes&quot;:[]},&quot;_transform_scale_effect_hover_tablet&quot;:{&quot;unit&quot;:&quot;px&quot;,&quot;size&quot;:&quot;&quot;,&quot;sizes&quot;:[]},&quot;_transform_scale_effect_hover_mobile&quot;:{&quot;unit&quot;:&quot;px&quot;,&quot;size&quot;:&quot;&quot;,&quot;sizes&quot;:[]}}\" data-widget_type=\"text-editor.default\">\n\t\t\t\t\t\t\t\t\t<p>Warum eine Auszeichnung?<\/p>\t\t\t\t\t\t\t\t<\/div>\n\t\t\t\t<div class=\"elementor-element elementor-element-a520059 elementor-widget__width-initial e-transform elementor-widget elementor-widget-text-editor\" data-id=\"a520059\" data-element_type=\"widget\" data-e-type=\"widget\" data-settings=\"{&quot;_transform_scale_effect_hover&quot;:{&quot;unit&quot;:&quot;px&quot;,&quot;size&quot;:0.99,&quot;sizes&quot;:[]},&quot;_transform_scale_effect_hover_tablet&quot;:{&quot;unit&quot;:&quot;px&quot;,&quot;size&quot;:&quot;&quot;,&quot;sizes&quot;:[]},&quot;_transform_scale_effect_hover_mobile&quot;:{&quot;unit&quot;:&quot;px&quot;,&quot;size&quot;:&quot;&quot;,&quot;sizes&quot;:[]}}\" data-widget_type=\"text-editor.default\">\n\t\t\t\t\t\t\t\t\t<p>Die Auszeichnung w\u00fcrdigt das Engagement aller Beteiligten, erh\u00f6ht die Sichtbarkeit des Projekts und motiviert weitere Akteurinnen und Akteure zur Mitwirkung. Sie steht als Symbol f\u00fcr das kontinuierliche Engagement der Schule f\u00fcr die (Bildung f\u00fcr) Nachhaltige Entwicklung.<\/p>\t\t\t\t\t\t\t\t<\/div>\n\t\t\t\t<\/div>\n\t\t<div class=\"elementor-element elementor-element-0596e41 e-con-full e-flex e-con e-child\" data-id=\"0596e41\" data-element_type=\"container\" data-e-type=\"container\">\n\t\t\t\t<div class=\"elementor-element elementor-element-4f1c9f5 elementor-widget__width-initial e-transform elementor-widget elementor-widget-text-editor\" data-id=\"4f1c9f5\" data-element_type=\"widget\" data-e-type=\"widget\" data-settings=\"{&quot;_transform_scale_effect_hover&quot;:{&quot;unit&quot;:&quot;px&quot;,&quot;size&quot;:0.99,&quot;sizes&quot;:[]},&quot;_transform_scale_effect_hover_tablet&quot;:{&quot;unit&quot;:&quot;px&quot;,&quot;size&quot;:&quot;&quot;,&quot;sizes&quot;:[]},&quot;_transform_scale_effect_hover_mobile&quot;:{&quot;unit&quot;:&quot;px&quot;,&quot;size&quot;:&quot;&quot;,&quot;sizes&quot;:[]}}\" data-widget_type=\"text-editor.default\">\n\t\t\t\t\t\t\t\t\t<p>Die Auszeichnung umfasst:<\/p>\t\t\t\t\t\t\t\t<\/div>\n\t\t\t\t<div class=\"elementor-element elementor-element-9b6dffa elementor-widget__width-initial e-transform elementor-widget elementor-widget-text-editor\" data-id=\"9b6dffa\" data-element_type=\"widget\" data-e-type=\"widget\" data-settings=\"{&quot;_transform_scale_effect_hover&quot;:{&quot;unit&quot;:&quot;px&quot;,&quot;size&quot;:0.99,&quot;sizes&quot;:[]},&quot;_transform_scale_effect_hover_tablet&quot;:{&quot;unit&quot;:&quot;px&quot;,&quot;size&quot;:&quot;&quot;,&quot;sizes&quot;:[]},&quot;_transform_scale_effect_hover_mobile&quot;:{&quot;unit&quot;:&quot;px&quot;,&quot;size&quot;:&quot;&quot;,&quot;sizes&quot;:[]}}\" data-widget_type=\"text-editor.default\">\n\t\t\t\t\t\t\t\t\t<p><strong>Ein Diplom<\/strong> f\u00fcr die Schule<\/p>\t\t\t\t\t\t\t\t<\/div>\n\t\t\t\t<div class=\"elementor-element elementor-element-341b7b7 elementor-widget__width-initial e-transform elementor-widget elementor-widget-text-editor\" data-id=\"341b7b7\" data-element_type=\"widget\" data-e-type=\"widget\" data-settings=\"{&quot;_transform_scale_effect_hover&quot;:{&quot;unit&quot;:&quot;px&quot;,&quot;size&quot;:0.99,&quot;sizes&quot;:[]},&quot;_transform_scale_effect_hover_tablet&quot;:{&quot;unit&quot;:&quot;px&quot;,&quot;size&quot;:&quot;&quot;,&quot;sizes&quot;:[]},&quot;_transform_scale_effect_hover_mobile&quot;:{&quot;unit&quot;:&quot;px&quot;,&quot;size&quot;:&quot;&quot;,&quot;sizes&quot;:[]}}\" data-widget_type=\"text-editor.default\">\n\t\t\t\t\t\t\t\t\t<p><strong>Teilnahmezertifikate<\/strong> f\u00fcr die Eco-Komitee-Mitglieder<\/p>\t\t\t\t\t\t\t\t<\/div>\n\t\t\t\t<div class=\"elementor-element elementor-element-b57a4f1 elementor-widget__width-initial e-transform elementor-widget elementor-widget-text-editor\" data-id=\"b57a4f1\" data-element_type=\"widget\" data-e-type=\"widget\" data-settings=\"{&quot;_transform_scale_effect_hover&quot;:{&quot;unit&quot;:&quot;px&quot;,&quot;size&quot;:0.99,&quot;sizes&quot;:[]},&quot;_transform_scale_effect_hover_tablet&quot;:{&quot;unit&quot;:&quot;px&quot;,&quot;size&quot;:&quot;&quot;,&quot;sizes&quot;:[]},&quot;_transform_scale_effect_hover_mobile&quot;:{&quot;unit&quot;:&quot;px&quot;,&quot;size&quot;:&quot;&quot;,&quot;sizes&quot;:[]}}\" data-widget_type=\"text-editor.default\">\n\t\t\t\t\t\t\t\t\t<p>Die internationale <strong>Gr\u00fcne Flagge<\/strong><\/p>\t\t\t\t\t\t\t\t<\/div>\n\t\t\t\t<div class=\"elementor-element elementor-element-79d4bba elementor-widget__width-initial e-transform elementor-widget elementor-widget-text-editor\" data-id=\"79d4bba\" data-element_type=\"widget\" data-e-type=\"widget\" data-settings=\"{&quot;_transform_scale_effect_hover&quot;:{&quot;unit&quot;:&quot;px&quot;,&quot;size&quot;:0.99,&quot;sizes&quot;:[]},&quot;_transform_scale_effect_hover_tablet&quot;:{&quot;unit&quot;:&quot;px&quot;,&quot;size&quot;:&quot;&quot;,&quot;sizes&quot;:[]},&quot;_transform_scale_effect_hover_mobile&quot;:{&quot;unit&quot;:&quot;px&quot;,&quot;size&quot;:&quot;&quot;,&quot;sizes&quot;:[]}}\" data-widget_type=\"text-editor.default\">\n\t\t\t\t\t\t\t\t\t<p>Einen <strong>Themenwimpel<\/strong><\/p>\t\t\t\t\t\t\t\t<\/div>\n\t\t\t\t<div class=\"elementor-element elementor-element-14b012c elementor-widget__width-initial e-transform elementor-widget elementor-widget-text-editor\" data-id=\"14b012c\" data-element_type=\"widget\" data-e-type=\"widget\" data-settings=\"{&quot;_transform_scale_effect_hover&quot;:{&quot;unit&quot;:&quot;px&quot;,&quot;size&quot;:0.99,&quot;sizes&quot;:[]},&quot;_transform_scale_effect_hover_tablet&quot;:{&quot;unit&quot;:&quot;px&quot;,&quot;size&quot;:&quot;&quot;,&quot;sizes&quot;:[]},&quot;_transform_scale_effect_hover_mobile&quot;:{&quot;unit&quot;:&quot;px&quot;,&quot;size&quot;:&quot;&quot;,&quot;sizes&quot;:[]}}\" data-widget_type=\"text-editor.default\">\n\t\t\t\t\t\t\t\t\t<p>Das Recht, das <strong>Eco-Schools-Logo<\/strong> zu nutzen<\/p>\t\t\t\t\t\t\t\t<\/div>\n\t\t\t\t<div class=\"elementor-element elementor-element-bcca96a elementor-widget elementor-widget-spacer\" data-id=\"bcca96a\" data-element_type=\"widget\" data-e-type=\"widget\" data-widget_type=\"spacer.default\">\n\t\t\t\t\t\t\t<div class=\"elementor-spacer\">\n\t\t\t<div class=\"elementor-spacer-inner\"><\/div>\n\t\t<\/div>\n\t\t\t\t\t\t<\/div>\n\t\t\t\t<\/div>\n\t\t\t\t\t<\/div>\n\t\t\t\t<\/div>\n\t\t<div class=\"elementor-element elementor-element-ed2f82e e-flex e-con-boxed e-con e-parent\" data-id=\"ed2f82e\" data-element_type=\"container\" data-e-type=\"container\">\n\t\t\t\t\t<div class=\"e-con-inner\">\n\t\t<div class=\"elementor-element elementor-element-bc92ea7 e-con-full e-flex e-con e-child\" data-id=\"bc92ea7\" data-element_type=\"container\" data-e-type=\"container\">\n\t\t\t\t<div class=\"elementor-element elementor-element-2102d04 elementor-widget elementor-widget-image\" data-id=\"2102d04\" data-element_type=\"widget\" data-e-type=\"widget\" data-widget_type=\"image.default\">\n\t\t\t\t\t\t\t\t\t\t\t\t\t\t\t<img decoding=\"async\" width=\"800\" height=\"450\" src=\"https:\/\/jmp-ch.org\/wp-content\/uploads\/2025\/01\/IMG_20220623_134626-1024x576.jpg\" class=\"attachment-large size-large wp-image-41251\" alt=\"\" srcset=\"https:\/\/jmp-ch.org\/wp-content\/uploads\/2025\/01\/IMG_20220623_134626-1024x576.jpg 1024w, https:\/\/jmp-ch.org\/wp-content\/uploads\/2025\/01\/IMG_20220623_134626-300x169.jpg 300w, https:\/\/jmp-ch.org\/wp-content\/uploads\/2025\/01\/IMG_20220623_134626-768x432.jpg 768w, https:\/\/jmp-ch.org\/wp-content\/uploads\/2025\/01\/IMG_20220623_134626-1536x864.jpg 1536w, https:\/\/jmp-ch.org\/wp-content\/uploads\/2025\/01\/IMG_20220623_134626-2048x1152.jpg 2048w\" sizes=\"(max-width: 800px) 100vw, 800px\" \/>\t\t\t\t\t\t\t\t\t\t\t\t\t\t\t<\/div>\n\t\t\t\t<\/div>\n\t\t<div class=\"elementor-element elementor-element-e6c0373 e-con-full e-flex e-con e-child\" data-id=\"e6c0373\" data-element_type=\"container\" data-e-type=\"container\">\n\t\t\t\t<div class=\"elementor-element elementor-element-3b2842a elementor-widget elementor-widget-text-editor\" data-id=\"3b2842a\" data-element_type=\"widget\" data-e-type=\"widget\" data-widget_type=\"text-editor.default\">\n\t\t\t\t\t\t\t\t\t<p>AUSZEICHNUNGKRITERIEN<\/p>\t\t\t\t\t\t\t\t<\/div>\n\t\t\t\t<div class=\"elementor-element elementor-element-b89c0c1 elementor-widget elementor-widget-text-editor\" data-id=\"b89c0c1\" data-element_type=\"widget\" data-e-type=\"widget\" data-widget_type=\"text-editor.default\">\n\t\t\t\t\t\t\t\t\t<p>Jede Schulgemeinschaft gestaltet ihr Eco-Schools-Projekt individuell, passend zu ihren spezifischen Interessen, verf\u00fcgbaren Ressourcen und gesetzten Priorit\u00e4ten.<\/p><p>Die Auszeichnung wird nicht nach festen Leistungskriterien vergeben. Stattdessen stehen die Gesamteinsch\u00e4tzung des Projekts und die W\u00fcrdigung des Lern- und Entwicklungsprozesses der Schule im Vordergrund, die dazu beitragen, Bildung f\u00fcr Nachhaltige Entwicklung im Schulalltag zu verankern.<\/p>\t\t\t\t\t\t\t\t<\/div>\n\t\t\t\t<\/div>\n\t\t\t\t\t<\/div>\n\t\t\t\t<\/div>\n\t\t<div class=\"elementor-element elementor-element-eeeeed2 e-flex e-con-boxed e-con e-parent\" data-id=\"eeeeed2\" data-element_type=\"container\" data-e-type=\"container\">\n\t\t\t\t\t<div class=\"e-con-inner\">\n\t\t<div class=\"elementor-element elementor-element-08daa05 e-con-full e-flex e-con e-child\" data-id=\"08daa05\" data-element_type=\"container\" data-e-type=\"container\">\n\t\t\t\t<div class=\"elementor-element elementor-element-61c6650 elementor-widget elementor-widget-text-editor\" data-id=\"61c6650\" data-element_type=\"widget\" data-e-type=\"widget\" data-widget_type=\"text-editor.default\">\n\t\t\t\t\t\t\t\t\t<p>UNSERE ECO-SCHOOLS-JURY\u00a0<\/p>\t\t\t\t\t\t\t\t<\/div>\n\t\t\t\t<div class=\"elementor-element elementor-element-e405e71 elementor-widget__width-initial elementor-widget elementor-widget-text-editor\" data-id=\"e405e71\" data-element_type=\"widget\" data-e-type=\"widget\" data-widget_type=\"text-editor.default\">\n\t\t\t\t\t\t\t\t\t<p>Die Jury spielt eine wichtige Rolle bei der Beurteilung und W\u00fcrdigung der von den Schulen durchgef\u00fchrten Eco-Schools-Projekte.<\/p><p>Sie setzt sich aus Fachpersonen mit Hintergr\u00fcnden in den Bereichen Bildung, Umwelt und Nachhaltigkeit zusammen. Diese Vielfalt sorgt f\u00fcr eine fundierte und ausgewogene Bewertung, die sowohl die p\u00e4dagogischen Ziele als auch die Wirkung der Projekte im Hinblick auf das bearbeitete Nachhaltigkeitsthema ber\u00fccksichtigt.<\/p><p>Neugierig, wer zur Jury geh\u00f6rt?<\/p>\t\t\t\t\t\t\t\t<\/div>\n\t\t\t\t<\/div>\n\t\t\t\t\t<\/div>\n\t\t\t\t<\/div>\n\t\t<div class=\"elementor-element elementor-element-5f0c6db e-flex e-con-boxed e-con e-parent\" data-id=\"5f0c6db\" data-element_type=\"container\" data-e-type=\"container\">\n\t\t\t\t\t<div class=\"e-con-inner\">\n\t\t<div class=\"elementor-element elementor-element-0a21903 e-con-full e-flex e-con e-child\" data-id=\"0a21903\" data-element_type=\"container\" data-e-type=\"container\">\n\t\t<div class=\"elementor-element elementor-element-b43741d e-con-full e-flex e-con e-child\" data-id=\"b43741d\" data-element_type=\"container\" data-e-type=\"container\">\n\t\t\t\t<div class=\"elementor-element elementor-element-cdf842e elementor-widget elementor-widget-image\" data-id=\"cdf842e\" data-element_type=\"widget\" data-e-type=\"widget\" data-widget_type=\"image.default\">\n\t\t\t\t\t\t\t\t\t\t\t\t\t\t\t<img decoding=\"async\" width=\"800\" height=\"540\" src=\"https:\/\/jmp-ch.org\/wp-content\/uploads\/2025\/05\/Jury-SA-ZH-2-1024x691.jpg\" class=\"attachment-large size-large wp-image-51045\" alt=\"\" srcset=\"https:\/\/jmp-ch.org\/wp-content\/uploads\/2025\/05\/Jury-SA-ZH-2-1024x691.jpg 1024w, https:\/\/jmp-ch.org\/wp-content\/uploads\/2025\/05\/Jury-SA-ZH-2-300x202.jpg 300w, https:\/\/jmp-ch.org\/wp-content\/uploads\/2025\/05\/Jury-SA-ZH-2-768x518.jpg 768w, https:\/\/jmp-ch.org\/wp-content\/uploads\/2025\/05\/Jury-SA-ZH-2-1536x1036.jpg 1536w, https:\/\/jmp-ch.org\/wp-content\/uploads\/2025\/05\/Jury-SA-ZH-2-2048x1382.jpg 2048w\" sizes=\"(max-width: 800px) 100vw, 800px\" \/>\t\t\t\t\t\t\t\t\t\t\t\t\t\t\t<\/div>\n\t\t\t\t<div class=\"elementor-element elementor-element-84dad1f elementor-align-right elementor-widget__width-initial simpleboutonorange elementor-widget elementor-widget-button\" data-id=\"84dad1f\" data-element_type=\"widget\" data-e-type=\"widget\" data-widget_type=\"button.default\">\n\t\t\t\t\t\t\t\t\t\t<a class=\"elementor-button elementor-button-link elementor-size-sm\" href=\"https:\/\/jmp-ch.org\/wp-content\/uploads\/2026\/03\/Jury_ES2025_SA-4.pdf\" target=\"_blank\">\n\t\t\t\t\t\t<span class=\"elementor-button-content-wrapper\">\n\t\t\t\t\t\t\t\t\t<span class=\"elementor-button-text\">Jury Deutschschweiz<\/span>\n\t\t\t\t\t<\/span>\n\t\t\t\t\t<\/a>\n\t\t\t\t\t\t\t\t<\/div>\n\t\t\t\t<\/div>\n\t\t<div class=\"elementor-element elementor-element-2dfa64c e-con-full e-flex e-con e-child\" data-id=\"2dfa64c\" data-element_type=\"container\" data-e-type=\"container\">\n\t\t\t\t<div class=\"elementor-element elementor-element-9a5fba6 elementor-widget elementor-widget-image\" data-id=\"9a5fba6\" data-element_type=\"widget\" data-e-type=\"widget\" data-widget_type=\"image.default\">\n\t\t\t\t\t\t\t\t\t\t\t\t\t\t\t<img loading=\"lazy\" decoding=\"async\" width=\"800\" height=\"542\" src=\"https:\/\/jmp-ch.org\/wp-content\/uploads\/2025\/05\/Jury-SR-GE-1-1024x694.jpg\" class=\"attachment-large size-large wp-image-51082\" alt=\"\" srcset=\"https:\/\/jmp-ch.org\/wp-content\/uploads\/2025\/05\/Jury-SR-GE-1-1024x694.jpg 1024w, https:\/\/jmp-ch.org\/wp-content\/uploads\/2025\/05\/Jury-SR-GE-1-300x203.jpg 300w, https:\/\/jmp-ch.org\/wp-content\/uploads\/2025\/05\/Jury-SR-GE-1-768x521.jpg 768w, https:\/\/jmp-ch.org\/wp-content\/uploads\/2025\/05\/Jury-SR-GE-1-1536x1041.jpg 1536w, https:\/\/jmp-ch.org\/wp-content\/uploads\/2025\/05\/Jury-SR-GE-1-2048x1389.jpg 2048w\" sizes=\"(max-width: 800px) 100vw, 800px\" \/>\t\t\t\t\t\t\t\t\t\t\t\t\t\t\t<\/div>\n\t\t\t\t<div class=\"elementor-element elementor-element-8a2d2c7 elementor-align-right elementor-widget__width-initial simpleboutonorange elementor-widget elementor-widget-button\" data-id=\"8a2d2c7\" data-element_type=\"widget\" data-e-type=\"widget\" data-widget_type=\"button.default\">\n\t\t\t\t\t\t\t\t\t\t<a class=\"elementor-button elementor-button-link elementor-size-sm\" href=\"https:\/\/jmp-ch.org\/wp-content\/uploads\/2025\/06\/Jury_ES2025_SR.pdf\" target=\"_blank\">\n\t\t\t\t\t\t<span class=\"elementor-button-content-wrapper\">\n\t\t\t\t\t\t\t\t\t<span class=\"elementor-button-text\">Jury Romandie<\/span>\n\t\t\t\t\t<\/span>\n\t\t\t\t\t<\/a>\n\t\t\t\t\t\t\t\t<\/div>\n\t\t\t\t<\/div>\n\t\t\t\t<\/div>\n\t\t\t\t\t<\/div>\n\t\t\t\t<\/div>\n\t\t\t\t<\/div>\n\t\t","protected":false},"excerpt":{"rendered":"<p>DIE ECO-SCHOOLS-AUSZEICHNUNG Nach Abschluss der sieben Projektschritte k\u00f6nnen Schulen die Eco-Schools-Auszeichnung, symbolisiert durch die internationale Gr\u00fcne Flagge, beantragen. Wir unterst\u00fctzen die Schulen bei der Erstellung ihres Projektdossiers. \u00dcber die Vergabe der Auszeichnung entscheidet eine unabh\u00e4ngige Jury aus Bildungs- und Nachhaltigkeitsexpertinnen und -experten. Die Auszeichnung ist zwei Jahre g\u00fcltig. W\u00e4hrend dieser Zeit setzt die Schule ihr [&hellip;]<\/p>\n","protected":false},"author":5,"featured_media":0,"parent":0,"menu_order":0,"comment_status":"closed","ping_status":"closed","template":"","meta":{"iawp_total_views":108,"footnotes":""},"categories":[32],"class_list":["post-43092","page","type-page","status-publish","hentry","category-eco-schools"],"_links":{"self":[{"href":"https:\/\/jmp-ch.org\/de\/wp-json\/wp\/v2\/pages\/43092","targetHints":{"allow":["GET"]}}],"collection":[{"href":"https:\/\/jmp-ch.org\/de\/wp-json\/wp\/v2\/pages"}],"about":[{"href":"https:\/\/jmp-ch.org\/de\/wp-json\/wp\/v2\/types\/page"}],"author":[{"embeddable":true,"href":"https:\/\/jmp-ch.org\/de\/wp-json\/wp\/v2\/users\/5"}],"replies":[{"embeddable":true,"href":"https:\/\/jmp-ch.org\/de\/wp-json\/wp\/v2\/comments?post=43092"}],"version-history":[{"count":70,"href":"https:\/\/jmp-ch.org\/de\/wp-json\/wp\/v2\/pages\/43092\/revisions"}],"predecessor-version":[{"id":56342,"href":"https:\/\/jmp-ch.org\/de\/wp-json\/wp\/v2\/pages\/43092\/revisions\/56342"}],"wp:attachment":[{"href":"https:\/\/jmp-ch.org\/de\/wp-json\/wp\/v2\/media?parent=43092"}],"wp:term":[{"taxonomy":"category","embeddable":true,"href":"https:\/\/jmp-ch.org\/de\/wp-json\/wp\/v2\/categories?post=43092"}],"curies":[{"name":"wp","href":"https:\/\/api.w.org\/{rel}","templated":true}]}}