{"id":43099,"date":"2025-01-22T11:31:06","date_gmt":"2025-01-22T10:31:06","guid":{"rendered":"https:\/\/jmp-ch.org\/carte-des-ecoles-participantes\/"},"modified":"2026-04-01T15:14:46","modified_gmt":"2026-04-01T13:14:46","slug":"teilnehmende-schulen-eco-schools","status":"publish","type":"page","link":"https:\/\/jmp-ch.org\/de\/teilnehmende-schulen-eco-schools\/","title":{"rendered":"Teilnehmende Schulen Eco-Schools"},"content":{"rendered":"\t\t<div data-elementor-type=\"wp-page\" data-elementor-id=\"43099\" class=\"elementor elementor-43099 elementor-41854\" data-elementor-post-type=\"page\">\n\t\t\t\t<div class=\"elementor-element elementor-element-55f7c6d e-flex e-con-boxed e-con e-parent\" data-id=\"55f7c6d\" data-element_type=\"container\" data-e-type=\"container\">\n\t\t\t\t\t<div class=\"e-con-inner\">\n\t\t<div class=\"elementor-element elementor-element-292f895 overflow e-con-full e-flex e-con e-child\" data-id=\"292f895\" data-element_type=\"container\" data-e-type=\"container\">\n\t\t<div class=\"elementor-element elementor-element-f1629f1 e-con-full e-flex e-con e-child\" data-id=\"f1629f1\" data-element_type=\"container\" data-e-type=\"container\">\n\t\t\t\t<div class=\"elementor-element elementor-element-05248bb elementor-widget__width-initial elementor-widget elementor-widget-text-editor\" data-id=\"05248bb\" data-element_type=\"widget\" data-e-type=\"widget\" data-widget_type=\"text-editor.default\">\n\t\t\t\t\t\t\t\t\t<p style=\"text-align: left;\">Teilnehmende Schulen<\/p>\t\t\t\t\t\t\t\t<\/div>\n\t\t\t\t<div class=\"elementor-element elementor-element-e3d8fcf elementor-widget__width-initial elementor-widget elementor-widget-text-editor\" data-id=\"e3d8fcf\" data-element_type=\"widget\" data-e-type=\"widget\" data-widget_type=\"text-editor.default\">\n\t\t\t\t\t\t\t\t\t<p>Engagierte Schulen in der ganzen Schweiz<\/p>\t\t\t\t\t\t\t\t<\/div>\n\t\t\t\t<div class=\"elementor-element elementor-element-ba4b2a3 elementor-widget__width-initial elementor-widget elementor-widget-text-editor\" data-id=\"ba4b2a3\" data-element_type=\"widget\" data-e-type=\"widget\" data-widget_type=\"text-editor.default\">\n\t\t\t\t\t\t\t\t\t<p><span data-teams=\"true\">Die Schulen im Eco-Schools-Programm bringen Bildung f\u00fcr Nachhaltige Entwicklung in ihren Schulalltag. Sie setzen Projekte um, die von den Sch\u00fclerinnen und Sch\u00fclern mitinitiiert und aktiv mitgetragen werden.<\/span><\/p>\t\t\t\t\t\t\t\t<\/div>\n\t\t\t\t<div class=\"elementor-element elementor-element-54110f4 elementor-align-right elementor-widget__width-initial simpleboutonorange elementor-widget elementor-widget-button\" data-id=\"54110f4\" data-element_type=\"widget\" data-e-type=\"widget\" data-widget_type=\"button.default\">\n\t\t\t\t\t\t\t\t\t\t<a class=\"elementor-button elementor-button-link elementor-size-sm\" href=\"https:\/\/jmp-ch.org\/de\/projektbeispiele-eco-schools\/\" target=\"_blank\">\n\t\t\t\t\t\t<span class=\"elementor-button-content-wrapper\">\n\t\t\t\t\t\t\t\t\t<span class=\"elementor-button-text\">Entdecken Sie Projektbeispiele von ausgezeichneten Schulen<\/span>\n\t\t\t\t\t<\/span>\n\t\t\t\t\t<\/a>\n\t\t\t\t\t\t\t\t<\/div>\n\t\t\t\t<\/div>\n\t\t<div class=\"elementor-element elementor-element-c90344b e-con-full e-flex e-con e-child\" data-id=\"c90344b\" data-element_type=\"container\" data-e-type=\"container\">\n\t\t\t\t<div class=\"elementor-element elementor-element-47683a5 elementor-widget elementor-widget-image\" data-id=\"47683a5\" data-element_type=\"widget\" data-e-type=\"widget\" data-widget_type=\"image.default\">\n\t\t\t\t\t\t\t\t\t\t\t\t\t\t\t<img fetchpriority=\"high\" decoding=\"async\" width=\"800\" height=\"534\" src=\"https:\/\/jmp-ch.org\/wp-content\/uploads\/2024\/12\/DSC_0072-1024x683.jpg\" class=\"attachment-large size-large wp-image-38937\" alt=\"\" srcset=\"https:\/\/jmp-ch.org\/wp-content\/uploads\/2024\/12\/DSC_0072-1024x683.jpg 1024w, https:\/\/jmp-ch.org\/wp-content\/uploads\/2024\/12\/DSC_0072-300x200.jpg 300w, https:\/\/jmp-ch.org\/wp-content\/uploads\/2024\/12\/DSC_0072-768x512.jpg 768w, https:\/\/jmp-ch.org\/wp-content\/uploads\/2024\/12\/DSC_0072-1536x1024.jpg 1536w, https:\/\/jmp-ch.org\/wp-content\/uploads\/2024\/12\/DSC_0072-2048x1366.jpg 2048w\" sizes=\"(max-width: 800px) 100vw, 800px\" \/>\t\t\t\t\t\t\t\t\t\t\t\t\t\t\t<\/div>\n\t\t\t\t<\/div>\n\t\t\t\t<\/div>\n\t\t\t\t\t<\/div>\n\t\t\t\t<\/div>\n\t\t<div class=\"elementor-element elementor-element-612db30 e-flex e-con-boxed e-con e-parent\" data-id=\"612db30\" data-element_type=\"container\" data-e-type=\"container\">\n\t\t\t\t\t<div class=\"e-con-inner\">\n\t\t\t\t<div class=\"elementor-element elementor-element-ff153e4 elementor-widget elementor-widget-html\" data-id=\"ff153e4\" data-element_type=\"widget\" data-e-type=\"widget\" data-widget_type=\"html.default\">\n\t\t\t\t\t<iframe src=\"https:\/\/www.google.com\/maps\/d\/u\/1\/embed?mid=1ye4mg0i7i4iKoJpsuNHeAha7EbPPYj4&ehbc=2E312F\" width=\"640\" height=\"640\"><\/iframe>\t\t\t\t<\/div>\n\t\t<div class=\"elementor-element elementor-element-ebef08f e-con-full e-flex e-con e-child\" data-id=\"ebef08f\" data-element_type=\"container\" data-e-type=\"container\">\n\t\t<div class=\"elementor-element elementor-element-1ac393c e-con-full e-flex e-con e-child\" data-id=\"1ac393c\" data-element_type=\"container\" data-e-type=\"container\">\n\t\t\t\t<div class=\"elementor-element elementor-element-084a511 elementor-align-center elementor-widget__width-initial simpleboutonorange elementor-widget elementor-widget-button\" data-id=\"084a511\" data-element_type=\"widget\" data-e-type=\"widget\" data-widget_type=\"button.default\">\n\t\t\t\t\t\t\t\t\t\t<a class=\"elementor-button elementor-button-link elementor-size-sm\" href=\"https:\/\/jmp-ch.org\/wp-content\/uploads\/2026\/04\/Liste_ecoles_P26_DE_Publiques-1.pdf\" target=\"_blank\">\n\t\t\t\t\t\t<span class=\"elementor-button-content-wrapper\">\n\t\t\t\t\t\t\t\t\t<span class=\"elementor-button-text\">Liste der teilnehmenden \u00f6ffentlichen Schulen<\/span>\n\t\t\t\t\t<\/span>\n\t\t\t\t\t<\/a>\n\t\t\t\t\t\t\t\t<\/div>\n\t\t\t\t<div class=\"elementor-element elementor-element-7012dcc elementor-align-center elementor-widget__width-initial simpleboutonorange elementor-widget elementor-widget-button\" data-id=\"7012dcc\" data-element_type=\"widget\" data-e-type=\"widget\" data-widget_type=\"button.default\">\n\t\t\t\t\t\t\t\t\t\t<a class=\"elementor-button elementor-button-link elementor-size-sm\" href=\"https:\/\/jmp-ch.org\/wp-content\/uploads\/2026\/04\/Liste_ecoles_P26_DE_Privees-2.pdf\" target=\"_blank\">\n\t\t\t\t\t\t<span class=\"elementor-button-content-wrapper\">\n\t\t\t\t\t\t\t\t\t<span class=\"elementor-button-text\">Liste der teilnehmenden Privatschulen<\/span>\n\t\t\t\t\t<\/span>\n\t\t\t\t\t<\/a>\n\t\t\t\t\t\t\t\t<\/div>\n\t\t\t\t<\/div>\n\t\t\t\t<\/div>\n\t\t\t\t\t<\/div>\n\t\t\t\t<\/div>\n\t\t\t\t<\/div>\n\t\t","protected":false},"excerpt":{"rendered":"<p>Teilnehmende Schulen Engagierte Schulen in der ganzen Schweiz Die Schulen im Eco-Schools-Programm bringen Bildung f\u00fcr Nachhaltige Entwicklung in ihren Schulalltag. Sie setzen Projekte um, die von den Sch\u00fclerinnen und Sch\u00fclern mitinitiiert und aktiv mitgetragen werden. Entdecken Sie Projektbeispiele von ausgezeichneten Schulen Liste der teilnehmenden \u00f6ffentlichen Schulen Liste der teilnehmenden Privatschulen<\/p>\n","protected":false},"author":5,"featured_media":0,"parent":0,"menu_order":0,"comment_status":"closed","ping_status":"closed","template":"","meta":{"iawp_total_views":332,"footnotes":""},"categories":[32],"class_list":["post-43099","page","type-page","status-publish","hentry","category-eco-schools"],"_links":{"self":[{"href":"https:\/\/jmp-ch.org\/de\/wp-json\/wp\/v2\/pages\/43099","targetHints":{"allow":["GET"]}}],"collection":[{"href":"https:\/\/jmp-ch.org\/de\/wp-json\/wp\/v2\/pages"}],"about":[{"href":"https:\/\/jmp-ch.org\/de\/wp-json\/wp\/v2\/types\/page"}],"author":[{"embeddable":true,"href":"https:\/\/jmp-ch.org\/de\/wp-json\/wp\/v2\/users\/5"}],"replies":[{"embeddable":true,"href":"https:\/\/jmp-ch.org\/de\/wp-json\/wp\/v2\/comments?post=43099"}],"version-history":[{"count":118,"href":"https:\/\/jmp-ch.org\/de\/wp-json\/wp\/v2\/pages\/43099\/revisions"}],"predecessor-version":[{"id":56499,"href":"https:\/\/jmp-ch.org\/de\/wp-json\/wp\/v2\/pages\/43099\/revisions\/56499"}],"wp:attachment":[{"href":"https:\/\/jmp-ch.org\/de\/wp-json\/wp\/v2\/media?parent=43099"}],"wp:term":[{"taxonomy":"category","embeddable":true,"href":"https:\/\/jmp-ch.org\/de\/wp-json\/wp\/v2\/categories?post=43099"}],"curies":[{"name":"wp","href":"https:\/\/api.w.org\/{rel}","templated":true}]}}