{"id":43111,"date":"2024-06-10T09:14:45","date_gmt":"2024-06-10T07:14:45","guid":{"rendered":"https:\/\/jmp-ch.org\/homepage-eco-schools\/nous-soutenir\/"},"modified":"2026-03-25T09:29:20","modified_gmt":"2026-03-25T08:29:20","slug":"spenden","status":"publish","type":"page","link":"https:\/\/jmp-ch.org\/de\/eco-schools\/spenden\/","title":{"rendered":"Spenden"},"content":{"rendered":"\t\t<div data-elementor-type=\"wp-page\" data-elementor-id=\"43111\" class=\"elementor elementor-43111 elementor-34344\" data-elementor-post-type=\"page\">\n\t\t\t\t<div class=\"elementor-element elementor-element-87b7ad4 e-flex e-con-boxed e-con e-parent\" data-id=\"87b7ad4\" data-element_type=\"container\" data-e-type=\"container\">\n\t\t\t\t\t<div class=\"e-con-inner\">\n\t\t<div class=\"elementor-element elementor-element-e1c7caf overflow e-con-full e-flex e-con e-child\" data-id=\"e1c7caf\" data-element_type=\"container\" data-e-type=\"container\">\n\t\t<div class=\"elementor-element elementor-element-9e220bf e-con-full e-flex e-con e-child\" data-id=\"9e220bf\" data-element_type=\"container\" data-e-type=\"container\">\n\t\t\t\t<div class=\"elementor-element elementor-element-ddf8074 elementor-widget__width-initial elementor-widget elementor-widget-text-editor\" data-id=\"ddf8074\" data-element_type=\"widget\" data-e-type=\"widget\" data-widget_type=\"text-editor.default\">\n\t\t\t\t\t\t\t\t\t<p>Spenden<\/p>\n\t\t\t\t\t\t\t\t<\/div>\n\t\t\t\t<div class=\"elementor-element elementor-element-3450d0e elementor-widget__width-initial elementor-widget elementor-widget-text-editor\" data-id=\"3450d0e\" data-element_type=\"widget\" data-e-type=\"widget\" data-widget_type=\"text-editor.default\">\n\t\t\t\t\t\t\t\t\tJetzt spenden und eine nachhaltige Entwicklung f\u00f6rdern\t\t\t\t\t\t\t\t<\/div>\n\t\t\t\t<div class=\"elementor-element elementor-element-fe639c4 elementor-widget__width-initial elementor-widget elementor-widget-text-editor\" data-id=\"fe639c4\" data-element_type=\"widget\" data-e-type=\"widget\" data-widget_type=\"text-editor.default\">\n\t\t\t\t\t\t\t\t\t<p>Mit Ihrer Unterst\u00fctzung k\u00f6nnen wir Bildung f\u00fcr Nachhaltige Entwicklung vorantreiben. Jede Spende hilft uns, unsere Projekte weiterzuentwickeln und zu verbessern. Unterst\u00fctzen Sie uns punktuell oder f\u00fcr bestimmte Projekte.<\/p><p>Danke, dass Sie mit uns nachhaltige Ver\u00e4nderungen erm\u00f6glichen!<\/p>\t\t\t\t\t\t\t\t<\/div>\n\t\t\t\t<\/div>\n\t\t<div class=\"elementor-element elementor-element-5a02e8e e-con-full e-flex e-con e-child\" data-id=\"5a02e8e\" data-element_type=\"container\" data-e-type=\"container\">\n\t\t\t\t<div class=\"elementor-element elementor-element-5f2e223 elementor-widget elementor-widget-image\" data-id=\"5f2e223\" data-element_type=\"widget\" data-e-type=\"widget\" data-widget_type=\"image.default\">\n\t\t\t\t\t\t\t\t\t\t\t\t\t\t\t<img fetchpriority=\"high\" decoding=\"async\" width=\"800\" height=\"534\" src=\"https:\/\/jmp-ch.org\/wp-content\/uploads\/2025\/01\/IMG_8851-2-1024x683.jpg\" class=\"attachment-large size-large wp-image-41047\" alt=\"\" srcset=\"https:\/\/jmp-ch.org\/wp-content\/uploads\/2025\/01\/IMG_8851-2-1024x683.jpg 1024w, https:\/\/jmp-ch.org\/wp-content\/uploads\/2025\/01\/IMG_8851-2-300x200.jpg 300w, https:\/\/jmp-ch.org\/wp-content\/uploads\/2025\/01\/IMG_8851-2-768x512.jpg 768w, https:\/\/jmp-ch.org\/wp-content\/uploads\/2025\/01\/IMG_8851-2-1536x1024.jpg 1536w, https:\/\/jmp-ch.org\/wp-content\/uploads\/2025\/01\/IMG_8851-2-2048x1366.jpg 2048w\" sizes=\"(max-width: 800px) 100vw, 800px\" \/>\t\t\t\t\t\t\t\t\t\t\t\t\t\t\t<\/div>\n\t\t\t\t<\/div>\n\t\t\t\t<\/div>\n\t\t\t\t\t<\/div>\n\t\t\t\t<\/div>\n\t\t<div class=\"elementor-element elementor-element-33e28a3 e-flex e-con-boxed e-con e-parent\" data-id=\"33e28a3\" data-element_type=\"container\" data-e-type=\"container\">\n\t\t\t\t\t<div class=\"e-con-inner\">\n\t\t<div class=\"elementor-element elementor-element-6c24684 e-con-full e-flex e-con e-child\" data-id=\"6c24684\" data-element_type=\"container\" data-e-type=\"container\">\n\t\t\t\t<div class=\"elementor-element elementor-element-4ff33c2 elementor-widget__width-initial elementor-widget elementor-widget-text-editor\" data-id=\"4ff33c2\" data-element_type=\"widget\" data-e-type=\"widget\" data-widget_type=\"text-editor.default\">\n\t\t\t\t\t\t\t\t\t<p>Per Bank\u00fcberweisung spenden<\/p>\t\t\t\t\t\t\t\t<\/div>\n\t\t\t\t<div class=\"elementor-element elementor-element-1e12ac7 elementor-widget__width-initial elementor-widget elementor-widget-text-editor\" data-id=\"1e12ac7\" data-element_type=\"widget\" data-e-type=\"widget\" data-widget_type=\"text-editor.default\">\n\t\t\t\t\t\t\t\t\t<p><strong>Bank:<\/strong> Raiffeisen r\u00e9gion Gen\u00e8ve Rh\u00f4ne, Rue de Bernex 259A 1233 Bernex<\/p><p><strong>Empf\u00e4nger:<\/strong> J\u2019aime ma Plan\u00e8te<br \/><strong>BIC\/SWIFT:<\/strong> RAIFCH22XXX<br \/><strong>IBAN:<\/strong> CH90 8080 8001 0567 3607 8<\/p><p>Sie k\u00f6nnen auch einen <a href=\"https:\/\/jmp-ch.org\/wp-content\/uploads\/2023\/01\/Swiss-QR-bill.pdf\">Einzahlungsschein<\/a> herunterladen.<\/p>\t\t\t\t\t\t\t\t<\/div>\n\t\t\t\t<div class=\"elementor-element elementor-element-73899e4 elementor-widget elementor-widget-image\" data-id=\"73899e4\" data-element_type=\"widget\" data-e-type=\"widget\" data-widget_type=\"image.default\">\n\t\t\t\t\t\t\t\t\t\t\t\t\t\t\t\t<a href=\"https:\/\/jmp-ch.org\/wp-content\/uploads\/2025\/02\/Bulletin-versement.pdf\" target=\"_blank\">\n\t\t\t\t\t\t\t<img decoding=\"async\" width=\"800\" height=\"402\" src=\"https:\/\/jmp-ch.org\/wp-content\/uploads\/2025\/02\/bulletin-1024x514.jpg\" class=\"attachment-large size-large wp-image-45627\" alt=\"\" srcset=\"https:\/\/jmp-ch.org\/wp-content\/uploads\/2025\/02\/bulletin-1024x514.jpg 1024w, https:\/\/jmp-ch.org\/wp-content\/uploads\/2025\/02\/bulletin-300x151.jpg 300w, https:\/\/jmp-ch.org\/wp-content\/uploads\/2025\/02\/bulletin-768x386.jpg 768w, https:\/\/jmp-ch.org\/wp-content\/uploads\/2025\/02\/bulletin.jpg 1516w\" sizes=\"(max-width: 800px) 100vw, 800px\" \/>\t\t\t\t\t\t\t\t<\/a>\n\t\t\t\t\t\t\t\t\t\t\t\t\t\t\t<\/div>\n\t\t<div class=\"elementor-element elementor-element-714493b e-con-full e-flex e-con e-child\" data-id=\"714493b\" data-element_type=\"container\" data-e-type=\"container\">\n\t\t<div class=\"elementor-element elementor-element-deacfbd e-con-full e-flex e-con e-child\" data-id=\"deacfbd\" data-element_type=\"container\" data-e-type=\"container\">\n\t\t\t\t<div class=\"elementor-element elementor-element-349823f elementor-widget elementor-widget-image\" data-id=\"349823f\" data-element_type=\"widget\" data-e-type=\"widget\" data-widget_type=\"image.default\">\n\t\t\t\t\t\t\t\t\t\t\t\t\t\t\t<img decoding=\"async\" width=\"447\" height=\"113\" src=\"https:\/\/jmp-ch.org\/wp-content\/uploads\/2025\/02\/logo-zewo-DE.jpg\" class=\"attachment-large size-large wp-image-45856\" alt=\"\" srcset=\"https:\/\/jmp-ch.org\/wp-content\/uploads\/2025\/02\/logo-zewo-DE.jpg 447w, https:\/\/jmp-ch.org\/wp-content\/uploads\/2025\/02\/logo-zewo-DE-300x76.jpg 300w\" sizes=\"(max-width: 447px) 100vw, 447px\" \/>\t\t\t\t\t\t\t\t\t\t\t\t\t\t\t<\/div>\n\t\t\t\t<div class=\"elementor-element elementor-element-d94aea6 elementor-widget__width-initial elementor-widget elementor-widget-text-editor\" data-id=\"d94aea6\" data-element_type=\"widget\" data-e-type=\"widget\" data-widget_type=\"text-editor.default\">\n\t\t\t\t\t\t\t\t\t<p>Die Organisation J\u2019aime ma Plan\u00e8te ist Zewo-zertifiziert. Dieses G\u00fctesiegel best\u00e4tigt, dass die Organisation erhaltene Spenden zweckbestimmt, wirksam und wirtschaftlich einsetzt.\u00a0<\/p>\t\t\t\t\t\t\t\t<\/div>\n\t\t\t\t<\/div>\n\t\t\t\t<\/div>\n\t\t\t\t<\/div>\n\t\t<div class=\"elementor-element elementor-element-b99c03a e-con-full e-flex e-con e-child\" data-id=\"b99c03a\" data-element_type=\"container\" data-e-type=\"container\">\n\t\t\t\t<div class=\"elementor-element elementor-element-4b3deb0 elementor-widget__width-initial elementor-widget elementor-widget-text-editor\" data-id=\"4b3deb0\" data-element_type=\"widget\" data-e-type=\"widget\" data-widget_type=\"text-editor.default\">\n\t\t\t\t\t\t\t\t\t<p>Haben Sie Fragen?<\/p>\t\t\t\t\t\t\t\t<\/div>\n\t\t\t\t<div class=\"elementor-element elementor-element-fb8cc21 elementor-widget__width-initial elementor-widget elementor-widget-text-editor\" data-id=\"fb8cc21\" data-element_type=\"widget\" data-e-type=\"widget\" data-widget_type=\"text-editor.default\">\n\t\t\t\t\t\t\t\t\t<p>Kontaktieren Sie uns, wir helfen Ihnen gerne weiter.<\/p>\t\t\t\t\t\t\t\t<\/div>\n\t\t\t\t<div class=\"elementor-element elementor-element-a49bd92 e-transform e-transform elementor-widget elementor-widget-text-editor\" data-id=\"a49bd92\" data-element_type=\"widget\" data-e-type=\"widget\" data-settings=\"{&quot;_transform_scale_effect_hover&quot;:{&quot;unit&quot;:&quot;px&quot;,&quot;size&quot;:0.99,&quot;sizes&quot;:[]},&quot;_transform_scale_effect&quot;:{&quot;unit&quot;:&quot;px&quot;,&quot;size&quot;:&quot;&quot;,&quot;sizes&quot;:[]},&quot;_transform_scale_effect_tablet&quot;:{&quot;unit&quot;:&quot;px&quot;,&quot;size&quot;:&quot;&quot;,&quot;sizes&quot;:[]},&quot;_transform_scale_effect_mobile&quot;:{&quot;unit&quot;:&quot;px&quot;,&quot;size&quot;:&quot;&quot;,&quot;sizes&quot;:[]},&quot;_transform_scale_effect_hover_tablet&quot;:{&quot;unit&quot;:&quot;px&quot;,&quot;size&quot;:&quot;&quot;,&quot;sizes&quot;:[]},&quot;_transform_scale_effect_hover_mobile&quot;:{&quot;unit&quot;:&quot;px&quot;,&quot;size&quot;:&quot;&quot;,&quot;sizes&quot;:[]}}\" data-widget_type=\"text-editor.default\">\n\t\t\t\t\t\t\t\t\t<p>KONTAKT AUFNEHMEN<\/p>\t\t\t\t\t\t\t\t<\/div>\n\t\t<div class=\"elementor-element elementor-element-dd80f46 e-con-full e-flex e-con e-child\" data-id=\"dd80f46\" data-element_type=\"container\" data-e-type=\"container\">\n\t\t<div class=\"elementor-element elementor-element-d2b95ba e-con-full nuage_brush e-flex e-con e-child\" data-id=\"d2b95ba\" data-element_type=\"container\" data-e-type=\"container\" data-settings=\"{&quot;background_background&quot;:&quot;classic&quot;}\">\n\t\t\t\t<div class=\"elementor-element elementor-element-6ab096c elementor-widget__width-initial elementor-widget elementor-widget-text-editor\" data-id=\"6ab096c\" data-element_type=\"widget\" data-e-type=\"widget\" data-widget_type=\"text-editor.default\">\n\t\t\t\t\t\t\t\t\t<p>Spende von den Steuern abziehen<\/p>\t\t\t\t\t\t\t\t<\/div>\n\t\t\t\t<div class=\"elementor-element elementor-element-f180a49 elementor-widget elementor-widget-text-editor\" data-id=\"f180a49\" data-element_type=\"widget\" data-e-type=\"widget\" data-widget_type=\"text-editor.default\">\n\t\t\t\t\t\t\t\t\t<p>J\u2019aime ma Plan\u00e8te ist eine anerkannte gemeinn\u00fctzige Organisation. Die Spende kann in der Schweiz gem\u00e4ss den kantonalen Bestimmungen von den Steuern abgezogen werden.<\/p><p>F\u00fcr weitere Informationen:<\/p><p><a href=\"https:\/\/zewo.ch\/de\/spenden-von-der-steuer-abziehen\/\" target=\"_blank\" rel=\"noopener\">https:\/\/zewo.ch\/de\/spenden-von-der-steuer-abziehen\/<\/a><\/p>\t\t\t\t\t\t\t\t<\/div>\n\t\t\t\t<\/div>\n\t\t<div class=\"elementor-element elementor-element-564e092 e-con-full nuage_brush e-flex e-con e-child\" data-id=\"564e092\" data-element_type=\"container\" data-e-type=\"container\" data-settings=\"{&quot;background_background&quot;:&quot;classic&quot;}\">\n\t\t\t\t<div class=\"elementor-element elementor-element-18dcb34 elementor-widget__width-initial elementor-widget elementor-widget-text-editor\" data-id=\"18dcb34\" data-element_type=\"widget\" data-e-type=\"widget\" data-widget_type=\"text-editor.default\">\n\t\t\t\t\t\t\t\t\t<p>M\u00f6chten Sie sich f\u00fcr Bildung f\u00fcr Nachhaltige Entwicklung engagieren?<\/p>\t\t\t\t\t\t\t\t<\/div>\n\t\t\t\t<div class=\"elementor-element elementor-element-14d4ce5 elementor-widget elementor-widget-text-editor\" data-id=\"14d4ce5\" data-element_type=\"widget\" data-e-type=\"widget\" data-widget_type=\"text-editor.default\">\n\t\t\t\t\t\t\t\t\t<ul><li><a href=\"https:\/\/jmp-ch.org\/wp-content\/uploads\/2026\/03\/Rejoindre-benevolat_DE.pdf\" target=\"_blank\" rel=\"noopener\"><strong>Eco-Schools-Jury<\/strong><\/a>: Als Jurymitglied k\u00f6nnen Sie Eco-Schools-Projekte von Schulen bewerten und den Auszeichnungsprozess unterst\u00fctzen.<\/li><li>Bildungsmaterialien: Wirken Sie bei der Entwicklung mehrsprachiger Inhalte mit, indem Sie Unterlagen gegenlesen und \u00fcbersetzen (Franz\u00f6sisch, Deutsch, Italienisch, Englisch).<\/li><li>\u00d6ffentliche Veranstaltungen: Helfen Sie mit, Anl\u00e4sse zu realisieren, indem Sie bei der Vorbereitung helfen oder an Veranstaltungen vor Ort sind.<\/li><\/ul><p>Senden Sie uns Ihre Bewerbung (kurzes Motivationsschreiben inkl. Projekte, die Sie interessieren, sowie Lebenslauf) an <span style=\"text-decoration: underline;\"><a href=\"mailto:emploi@jmp-ch.org\">emploi@jmp-ch.org<\/a><\/span><\/p>\t\t\t\t\t\t\t\t<\/div>\n\t\t\t\t<\/div>\n\t\t\t\t<\/div>\n\t\t\t\t<\/div>\n\t\t\t\t\t<\/div>\n\t\t\t\t<\/div>\n\t\t<div class=\"elementor-element elementor-element-8e66f10 e-flex e-con-boxed e-con e-parent\" data-id=\"8e66f10\" data-element_type=\"container\" data-e-type=\"container\">\n\t\t\t\t\t<div class=\"e-con-inner\">\n\t\t<div class=\"elementor-element elementor-element-bd198d8 e-con-full e-flex e-con e-child\" data-id=\"bd198d8\" data-element_type=\"container\" data-e-type=\"container\">\n\t\t\t\t<\/div>\n\t\t\t\t\t<\/div>\n\t\t\t\t<\/div>\n\t\t<div class=\"elementor-element elementor-element-10a2bd1 e-flex e-con-boxed e-con e-parent\" data-id=\"10a2bd1\" data-element_type=\"container\" data-e-type=\"container\">\n\t\t\t\t\t<div class=\"e-con-inner\">\n\t\t\t\t\t<\/div>\n\t\t\t\t<\/div>\n\t\t\t\t<\/div>\n\t\t","protected":false},"excerpt":{"rendered":"<p>Spenden Jetzt spenden und eine nachhaltige Entwicklung f\u00f6rdern Mit Ihrer Unterst\u00fctzung k\u00f6nnen wir Bildung f\u00fcr Nachhaltige Entwicklung vorantreiben. Jede Spende hilft uns, unsere Projekte weiterzuentwickeln und zu verbessern. Unterst\u00fctzen Sie uns punktuell oder f\u00fcr bestimmte Projekte. Danke, dass Sie mit uns nachhaltige Ver\u00e4nderungen erm\u00f6glichen! Per Bank\u00fcberweisung spenden Bank: Raiffeisen r\u00e9gion Gen\u00e8ve Rh\u00f4ne, Rue de Bernex [&hellip;]<\/p>\n","protected":false},"author":1,"featured_media":0,"parent":43035,"menu_order":0,"comment_status":"closed","ping_status":"closed","template":"","meta":{"iawp_total_views":78,"footnotes":""},"categories":[32],"class_list":["post-43111","page","type-page","status-publish","hentry","category-eco-schools"],"_links":{"self":[{"href":"https:\/\/jmp-ch.org\/de\/wp-json\/wp\/v2\/pages\/43111","targetHints":{"allow":["GET"]}}],"collection":[{"href":"https:\/\/jmp-ch.org\/de\/wp-json\/wp\/v2\/pages"}],"about":[{"href":"https:\/\/jmp-ch.org\/de\/wp-json\/wp\/v2\/types\/page"}],"author":[{"embeddable":true,"href":"https:\/\/jmp-ch.org\/de\/wp-json\/wp\/v2\/users\/1"}],"replies":[{"embeddable":true,"href":"https:\/\/jmp-ch.org\/de\/wp-json\/wp\/v2\/comments?post=43111"}],"version-history":[{"count":51,"href":"https:\/\/jmp-ch.org\/de\/wp-json\/wp\/v2\/pages\/43111\/revisions"}],"predecessor-version":[{"id":56268,"href":"https:\/\/jmp-ch.org\/de\/wp-json\/wp\/v2\/pages\/43111\/revisions\/56268"}],"up":[{"embeddable":true,"href":"https:\/\/jmp-ch.org\/de\/wp-json\/wp\/v2\/pages\/43035"}],"wp:attachment":[{"href":"https:\/\/jmp-ch.org\/de\/wp-json\/wp\/v2\/media?parent=43111"}],"wp:term":[{"taxonomy":"category","embeddable":true,"href":"https:\/\/jmp-ch.org\/de\/wp-json\/wp\/v2\/categories?post=43111"}],"curies":[{"name":"wp","href":"https:\/\/api.w.org\/{rel}","templated":true}]}}