{"id":43327,"date":"2024-11-11T06:48:54","date_gmt":"2024-11-11T05:48:54","guid":{"rendered":"https:\/\/jmp-ch.org\/homepage-eco-schools\/die-themen\/nachhaltige-ernaehrung\/"},"modified":"2025-05-15T09:04:29","modified_gmt":"2025-05-15T07:04:29","slug":"nachhaltige-ernaehrung","status":"publish","type":"page","link":"https:\/\/jmp-ch.org\/de\/eco-schools\/themen\/nachhaltige-ernaehrung\/","title":{"rendered":"Nachhaltige Ern\u00e4hrung"},"content":{"rendered":"\t\t<div data-elementor-type=\"wp-page\" data-elementor-id=\"43327\" class=\"elementor elementor-43327 elementor-37179\" data-elementor-post-type=\"page\">\n\t\t\t\t<div class=\"elementor-element elementor-element-ddf4ad0 e-flex e-con-boxed e-con e-parent\" data-id=\"ddf4ad0\" data-element_type=\"container\" data-e-type=\"container\">\n\t\t\t\t\t<div class=\"e-con-inner\">\n\t\t\t\t<div class=\"elementor-element elementor-element-3580752 elementor-widget elementor-widget-spacer\" data-id=\"3580752\" data-element_type=\"widget\" data-e-type=\"widget\" data-widget_type=\"spacer.default\">\n\t\t\t\t\t\t\t<div class=\"elementor-spacer\">\n\t\t\t<div class=\"elementor-spacer-inner\"><\/div>\n\t\t<\/div>\n\t\t\t\t\t\t<\/div>\n\t\t\t\t\t<\/div>\n\t\t\t\t<\/div>\n\t\t<div class=\"elementor-element elementor-element-6aab957 e-flex e-con-boxed e-con e-parent\" data-id=\"6aab957\" data-element_type=\"container\" data-e-type=\"container\" data-settings=\"{&quot;background_background&quot;:&quot;classic&quot;}\">\n\t\t\t\t\t<div class=\"e-con-inner\">\n\t\t<div class=\"elementor-element elementor-element-b6a0c85 e-flex e-con-boxed e-con e-child\" data-id=\"b6a0c85\" data-element_type=\"container\" data-e-type=\"container\" data-settings=\"{&quot;background_background&quot;:&quot;classic&quot;}\">\n\t\t\t\t\t<div class=\"e-con-inner\">\n\t\t<div class=\"elementor-element elementor-element-84b5e4b e-con-full e-flex e-con e-child\" data-id=\"84b5e4b\" data-element_type=\"container\" data-e-type=\"container\" data-settings=\"{&quot;background_background&quot;:&quot;classic&quot;}\">\n\t\t\t\t<div class=\"elementor-element elementor-element-1133ec4 elementor-widget-mobile__width-initial elementor-widget elementor-widget-heading\" data-id=\"1133ec4\" data-element_type=\"widget\" data-e-type=\"widget\" data-widget_type=\"heading.default\">\n\t\t\t\t\t<h4 class=\"elementor-heading-title elementor-size-default\">Nachhaltige Ern\u00e4hrung<\/h4>\t\t\t\t<\/div>\n\t\t\t\t<\/div>\n\t\t<div class=\"elementor-element elementor-element-59865e9 e-con-full e-flex e-con e-child\" data-id=\"59865e9\" data-element_type=\"container\" data-e-type=\"container\">\n\t\t<div class=\"elementor-element elementor-element-83c6f5c e-con-full e-flex e-con e-child\" data-id=\"83c6f5c\" data-element_type=\"container\" data-e-type=\"container\">\n\t\t\t\t<div class=\"elementor-element elementor-element-b40fc8d elementor-widget__width-initial elementor-widget elementor-widget-text-editor\" data-id=\"b40fc8d\" data-element_type=\"widget\" data-e-type=\"widget\" data-widget_type=\"text-editor.default\">\n\t\t\t\t\t\t\t\t\t<p><strong>Essen ist mehr als nur ein Grundbed\u00fcrfnis \u2013 es spielt eine zentrale Rolle f\u00fcr unser Wohlbefinden und unsere Gesundheit. Gleichzeitig hat unsere Ern\u00e4hrung erhebliche Auswirkungen auf die Umwelt.<\/strong><\/p>\t\t\t\t\t\t\t\t<\/div>\n\t\t\t\t<div class=\"elementor-element elementor-element-2050230 elementor-widget__width-initial elementor-widget elementor-widget-text-editor\" data-id=\"2050230\" data-element_type=\"widget\" data-e-type=\"widget\" data-widget_type=\"text-editor.default\">\n\t\t\t\t\t\t\t\t\t<p>Die heutigen Ern\u00e4hrungssysteme treiben verschiedene globale Herausforderungen wie zum Beispiel den Klimawandel und den Verlust der Biodiversit\u00e4t voran. Eine nachhaltige Ern\u00e4hrung hingegen tr\u00e4gt zum Schutz von Biodiversit\u00e4t und Klima bei, ist nahrhaft, gesund, kulturell akzeptabel, fair und erschwinglich und sichert die Lebensgrundlagen f\u00fcr heutige und zuk\u00fcnftige Generationen.<\/p>\t\t\t\t\t\t\t\t<\/div>\n\t\t\t\t<div class=\"elementor-element elementor-element-eb2ff8c elementor-widget__width-initial elementor-widget elementor-widget-text-editor\" data-id=\"eb2ff8c\" data-element_type=\"widget\" data-e-type=\"widget\" data-widget_type=\"text-editor.default\">\n\t\t\t\t\t\t\t\t\t<div class=\"wpb_text_column wpb_content_element \"><div class=\"wpb_wrapper\"><p>Das Thema Ern\u00e4hrung bietet viele M\u00f6glichkeiten, um mit den Sch\u00fclerinnen und Sch\u00fclern \u00f6kologische, soziale, wirtschaftliche und gesundheitliche Fragen und ihre Zusammenh\u00e4nge mit einer nachhaltigen Entwicklung zu erforschen.<\/p><\/div><\/div>\t\t\t\t\t\t\t\t<\/div>\n\t\t<div class=\"elementor-element elementor-element-3d224a5 e-con-full e-flex e-con e-child\" data-id=\"3d224a5\" data-element_type=\"container\" data-e-type=\"container\" data-settings=\"{&quot;background_background&quot;:&quot;classic&quot;}\">\n\t\t\t\t<div class=\"elementor-element elementor-element-7b3aa22 elementor-widget__width-initial elementor-widget elementor-widget-text-editor\" data-id=\"7b3aa22\" data-element_type=\"widget\" data-e-type=\"widget\" data-widget_type=\"text-editor.default\">\n\t\t\t\t\t\t\t\t\t<p style=\"text-align: left;\"><strong>Ideen f\u00fcr gesamtschulische Projekte:<\/strong><\/p>\t\t\t\t\t\t\t\t<\/div>\n\t\t\t\t<div class=\"elementor-element elementor-element-f2ab0a0 elementor-widget-mobile__width-initial elementor-widget elementor-widget-text-editor\" data-id=\"f2ab0a0\" data-element_type=\"widget\" data-e-type=\"widget\" data-widget_type=\"text-editor.default\">\n\t\t\t\t\t\t\t\t\t<p>Gemeinsam Kriterien f\u00fcr eine nachhaltige Schulverpflegung festlegen, z. B. Produktionsweise, CO<sub>2<\/sub>-Fussabdruck, Saisonalit\u00e4t und Regionalit\u00e4t der Lebensmittel ber\u00fccksichtigen, und die Schulmensa\/den Mittagstisch sowie Eltern einbeziehen.<\/p>\t\t\t\t\t\t\t\t<\/div>\n\t\t\t\t<div class=\"elementor-element elementor-element-0bab8c4 elementor-widget elementor-widget-text-editor\" data-id=\"0bab8c4\" data-element_type=\"widget\" data-e-type=\"widget\" data-widget_type=\"text-editor.default\">\n\t\t\t\t\t\t\t\t\t<p>Ausgewogene, nachhaltige Zwischenverpflegungen zubereiten und ein eigenes Rezeptbuch erstellen.<\/p>\t\t\t\t\t\t\t\t<\/div>\n\t\t\t\t<div class=\"elementor-element elementor-element-c5bd3b5 elementor-widget elementor-widget-text-editor\" data-id=\"c5bd3b5\" data-element_type=\"widget\" data-e-type=\"widget\" data-widget_type=\"text-editor.default\">\n\t\t\t\t\t\t\t\t\t<p>Einen biologischen Schulgarten anlegen und eigene Lebensmittel anbauen, ernten und verwerten.<\/p>\t\t\t\t\t\t\t\t<\/div>\n\t\t\t\t<div class=\"elementor-element elementor-element-84b9fbc elementor-widget elementor-widget-text-editor\" data-id=\"84b9fbc\" data-element_type=\"widget\" data-e-type=\"widget\" data-widget_type=\"text-editor.default\">\n\t\t\t\t\t\t\t\t\t<p>Erkunden, welche Lebensmittelproduzierenden in der N\u00e4he der Schule sind, und Partnerschaften mit lokalen Bauernh\u00f6fen aufbauen.<\/p>\t\t\t\t\t\t\t\t<\/div>\n\t\t\t\t<div class=\"elementor-element elementor-element-0ba891d elementor-widget elementor-widget-text-editor\" data-id=\"0ba891d\" data-element_type=\"widget\" data-e-type=\"widget\" data-widget_type=\"text-editor.default\">\n\t\t\t\t\t\t\t\t\t<p>Strategien entwickeln, um Food Waste im Schulalltag zu reduzieren.<\/p>\t\t\t\t\t\t\t\t<\/div>\n\t\t\t\t<div class=\"elementor-element elementor-element-10a3feb elementor-widget elementor-widget-text-editor\" data-id=\"10a3feb\" data-element_type=\"widget\" data-e-type=\"widget\" data-widget_type=\"text-editor.default\">\n\t\t\t\t\t\t\t\t\t<p>Ein Schulfest organisieren, bei dem kulinarische Spezialit\u00e4ten aus verschiedenen L\u00e4ndern im Mittelpunkt stehen.<\/p>\t\t\t\t\t\t\t\t<\/div>\n\t\t\t\t<\/div>\n\t\t\t\t<\/div>\n\t\t<div class=\"elementor-element elementor-element-3566a4e e-con-full e-flex e-con e-child\" data-id=\"3566a4e\" data-element_type=\"container\" data-e-type=\"container\">\n\t\t\t\t<div class=\"elementor-element elementor-element-413e853 elementor-widget__width-initial elementor-widget elementor-widget-image\" data-id=\"413e853\" data-element_type=\"widget\" data-e-type=\"widget\" data-widget_type=\"image.default\">\n\t\t\t\t\t\t\t\t\t\t\t\t\t\t\t<img decoding=\"async\" width=\"200\" height=\"185\" src=\"https:\/\/jmp-ch.org\/wp-content\/uploads\/2024\/11\/logo-alimentation-200x185-1.jpg\" class=\"attachment-full size-full wp-image-37086\" alt=\"\" \/>\t\t\t\t\t\t\t\t\t\t\t\t\t\t\t<\/div>\n\t\t\t\t<div class=\"elementor-element elementor-element-5202a84 elementor-widget elementor-widget-image\" data-id=\"5202a84\" data-element_type=\"widget\" data-e-type=\"widget\" data-widget_type=\"image.default\">\n\t\t\t\t\t\t\t\t\t\t\t\t\t\t\t<img fetchpriority=\"high\" decoding=\"async\" width=\"2500\" height=\"1667\" src=\"https:\/\/jmp-ch.org\/wp-content\/uploads\/2025\/01\/IMG_9470.jpg\" class=\"attachment-full size-full wp-image-40582\" alt=\"\" srcset=\"https:\/\/jmp-ch.org\/wp-content\/uploads\/2025\/01\/IMG_9470.jpg 2500w, https:\/\/jmp-ch.org\/wp-content\/uploads\/2025\/01\/IMG_9470-300x200.jpg 300w, https:\/\/jmp-ch.org\/wp-content\/uploads\/2025\/01\/IMG_9470-1024x683.jpg 1024w, https:\/\/jmp-ch.org\/wp-content\/uploads\/2025\/01\/IMG_9470-768x512.jpg 768w, https:\/\/jmp-ch.org\/wp-content\/uploads\/2025\/01\/IMG_9470-1536x1024.jpg 1536w, https:\/\/jmp-ch.org\/wp-content\/uploads\/2025\/01\/IMG_9470-2048x1366.jpg 2048w\" sizes=\"(max-width: 2500px) 100vw, 2500px\" \/>\t\t\t\t\t\t\t\t\t\t\t\t\t\t\t<\/div>\n\t\t<div class=\"elementor-element elementor-element-8400860 e-con-full e-flex e-con e-child\" data-id=\"8400860\" data-element_type=\"container\" data-e-type=\"container\" data-settings=\"{&quot;background_background&quot;:&quot;classic&quot;}\">\n\t\t\t\t<div class=\"elementor-element elementor-element-ccc18ae elementor-widget__width-initial elementor-widget-mobile__width-initial elementor-widget elementor-widget-text-editor\" data-id=\"ccc18ae\" data-element_type=\"widget\" data-e-type=\"widget\" data-widget_type=\"text-editor.default\">\n\t\t\t\t\t\t\t\t\t<p><strong>M\u00f6gliche Bez\u00fcge zum Lehrplan 21:<\/strong><\/p>\t\t\t\t\t\t\t\t<\/div>\n\t\t\t\t<div class=\"elementor-element elementor-element-a724850 elementor-widget-mobile__width-inherit elementor-widget elementor-widget-text-editor\" data-id=\"a724850\" data-element_type=\"widget\" data-e-type=\"widget\" data-widget_type=\"text-editor.default\">\n\t\t\t\t\t\t\t\t\t<p><strong>Natur, Mensch, Gesellschaft<br \/><\/strong>NMG.1.3, NMG.2.6, NMG.6.3, NMG.6.5, NMG.7.4, NMG.8.2<\/p>\t\t\t\t\t\t\t\t<\/div>\n\t\t\t\t<div class=\"elementor-element elementor-element-5e2a746 elementor-widget-mobile__width-initial elementor-widget elementor-widget-text-editor\" data-id=\"5e2a746\" data-element_type=\"widget\" data-e-type=\"widget\" data-widget_type=\"text-editor.default\">\n\t\t\t\t\t\t\t\t\t<p><strong>Natur und Technik<br \/><\/strong>NT.3.3, NT.9.2.c, NT.9.3.b<\/p>\t\t\t\t\t\t\t\t<\/div>\n\t\t\t\t<div class=\"elementor-element elementor-element-c712d87 elementor-widget-mobile__width-initial elementor-widget elementor-widget-text-editor\" data-id=\"c712d87\" data-element_type=\"widget\" data-e-type=\"widget\" data-widget_type=\"text-editor.default\">\n\t\t\t\t\t\t\t\t\t<p><strong>Wirtschaft, Arbeit, Haushalt<br \/><\/strong>WAH.1.3, WAH.2.2, WAH.3.2, WAH.3.3, WAH.4.2, WAH.4.3, WAH.4.4., WAH.4.5<\/p>\t\t\t\t\t\t\t\t<\/div>\n\t\t\t\t<div class=\"elementor-element elementor-element-ee474ee elementor-widget-mobile__width-initial e-transform elementor-widget elementor-widget-text-editor\" data-id=\"ee474ee\" data-element_type=\"widget\" data-e-type=\"widget\" data-settings=\"{&quot;_transform_scale_effect_mobile&quot;:{&quot;unit&quot;:&quot;px&quot;,&quot;size&quot;:0.1,&quot;sizes&quot;:[]},&quot;_transform_scale_effect&quot;:{&quot;unit&quot;:&quot;px&quot;,&quot;size&quot;:&quot;&quot;,&quot;sizes&quot;:[]},&quot;_transform_scale_effect_tablet&quot;:{&quot;unit&quot;:&quot;px&quot;,&quot;size&quot;:&quot;&quot;,&quot;sizes&quot;:[]}}\" data-widget_type=\"text-editor.default\">\n\t\t\t\t\t\t\t\t\t<p><strong>R\u00e4ume, Zeiten, Gesellschaften<br \/><\/strong>RZG.1.2.c, RZG.3.1, RZG.3.2.b<\/p>\t\t\t\t\t\t\t\t<\/div>\n\t\t\t\t<\/div>\n\t\t\t\t<\/div>\n\t\t\t\t<\/div>\n\t\t\t\t\t<\/div>\n\t\t\t\t<\/div>\n\t\t\t\t\t<\/div>\n\t\t\t\t<\/div>\n\t\t\t\t<\/div>\n\t\t","protected":false},"excerpt":{"rendered":"<p>Essen ist mehr als nur ein Grundbed\u00fcrfnis \u2013 es spielt eine zentrale Rolle f\u00fcr unser Wohlbefinden und unsere Gesundheit. Gleichzeitig hat unsere Ern\u00e4hrung erhebliche Auswirkungen auf die Umwelt. Die heutigen Ern\u00e4hrungssysteme treiben verschiedene globale Herausforderungen wie zum Beispiel den Klimawandel und den Verlust der Biodiversit\u00e4t voran. Eine nachhaltige Ern\u00e4hrung hingegen tr\u00e4gt zum Schutz von Biodiversit\u00e4t [&hellip;]<\/p>\n","protected":false},"author":1,"featured_media":0,"parent":43077,"menu_order":0,"comment_status":"closed","ping_status":"closed","template":"","meta":{"iawp_total_views":55,"footnotes":""},"categories":[32],"class_list":["post-43327","page","type-page","status-publish","hentry","category-eco-schools"],"_links":{"self":[{"href":"https:\/\/jmp-ch.org\/de\/wp-json\/wp\/v2\/pages\/43327","targetHints":{"allow":["GET"]}}],"collection":[{"href":"https:\/\/jmp-ch.org\/de\/wp-json\/wp\/v2\/pages"}],"about":[{"href":"https:\/\/jmp-ch.org\/de\/wp-json\/wp\/v2\/types\/page"}],"author":[{"embeddable":true,"href":"https:\/\/jmp-ch.org\/de\/wp-json\/wp\/v2\/users\/1"}],"replies":[{"embeddable":true,"href":"https:\/\/jmp-ch.org\/de\/wp-json\/wp\/v2\/comments?post=43327"}],"version-history":[{"count":28,"href":"https:\/\/jmp-ch.org\/de\/wp-json\/wp\/v2\/pages\/43327\/revisions"}],"predecessor-version":[{"id":50540,"href":"https:\/\/jmp-ch.org\/de\/wp-json\/wp\/v2\/pages\/43327\/revisions\/50540"}],"up":[{"embeddable":true,"href":"https:\/\/jmp-ch.org\/de\/wp-json\/wp\/v2\/pages\/43077"}],"wp:attachment":[{"href":"https:\/\/jmp-ch.org\/de\/wp-json\/wp\/v2\/media?parent=43327"}],"wp:term":[{"taxonomy":"category","embeddable":true,"href":"https:\/\/jmp-ch.org\/de\/wp-json\/wp\/v2\/categories?post=43327"}],"curies":[{"name":"wp","href":"https:\/\/api.w.org\/{rel}","templated":true}]}}