{"id":43336,"date":"2024-12-10T12:21:42","date_gmt":"2024-12-10T11:21:42","guid":{"rendered":"https:\/\/jmp-ch.org\/homepage-eco-schools\/die-themen\/biodiversitaet\/"},"modified":"2025-05-15T09:08:18","modified_gmt":"2025-05-15T07:08:18","slug":"biodiversitaet","status":"publish","type":"page","link":"https:\/\/jmp-ch.org\/de\/eco-schools\/themen\/biodiversitaet\/","title":{"rendered":"Biodiversit\u00e4t"},"content":{"rendered":"\t\t<div data-elementor-type=\"wp-page\" data-elementor-id=\"43336\" class=\"elementor elementor-43336 elementor-38577\" data-elementor-post-type=\"page\">\n\t\t\t\t<div class=\"elementor-element elementor-element-ddf4ad0 e-flex e-con-boxed e-con e-parent\" data-id=\"ddf4ad0\" data-element_type=\"container\" data-e-type=\"container\">\n\t\t\t\t\t<div class=\"e-con-inner\">\n\t\t\t\t<div class=\"elementor-element elementor-element-3580752 elementor-widget elementor-widget-spacer\" data-id=\"3580752\" data-element_type=\"widget\" data-e-type=\"widget\" data-widget_type=\"spacer.default\">\n\t\t\t\t\t\t\t<div class=\"elementor-spacer\">\n\t\t\t<div class=\"elementor-spacer-inner\"><\/div>\n\t\t<\/div>\n\t\t\t\t\t\t<\/div>\n\t\t\t\t\t<\/div>\n\t\t\t\t<\/div>\n\t\t<div class=\"elementor-element elementor-element-6aab957 e-flex e-con-boxed e-con e-parent\" data-id=\"6aab957\" data-element_type=\"container\" data-e-type=\"container\" data-settings=\"{&quot;background_background&quot;:&quot;classic&quot;}\">\n\t\t\t\t\t<div class=\"e-con-inner\">\n\t\t<div class=\"elementor-element elementor-element-b6a0c85 e-flex e-con-boxed e-con e-child\" data-id=\"b6a0c85\" data-element_type=\"container\" data-e-type=\"container\" data-settings=\"{&quot;background_background&quot;:&quot;classic&quot;}\">\n\t\t\t\t\t<div class=\"e-con-inner\">\n\t\t<div class=\"elementor-element elementor-element-84b5e4b e-con-full e-flex e-con e-child\" data-id=\"84b5e4b\" data-element_type=\"container\" data-e-type=\"container\" data-settings=\"{&quot;background_background&quot;:&quot;classic&quot;}\">\n\t\t\t\t<div class=\"elementor-element elementor-element-1133ec4 elementor-widget-mobile__width-initial elementor-widget elementor-widget-heading\" data-id=\"1133ec4\" data-element_type=\"widget\" data-e-type=\"widget\" data-widget_type=\"heading.default\">\n\t\t\t\t\t<h4 class=\"elementor-heading-title elementor-size-default\">Biodiversit\u00e4t<\/h4>\t\t\t\t<\/div>\n\t\t\t\t<\/div>\n\t\t<div class=\"elementor-element elementor-element-59865e9 e-con-full e-flex e-con e-child\" data-id=\"59865e9\" data-element_type=\"container\" data-e-type=\"container\">\n\t\t<div class=\"elementor-element elementor-element-83c6f5c e-con-full e-flex e-con e-child\" data-id=\"83c6f5c\" data-element_type=\"container\" data-e-type=\"container\">\n\t\t\t\t<div class=\"elementor-element elementor-element-b40fc8d elementor-widget__width-initial elementor-widget elementor-widget-text-editor\" data-id=\"b40fc8d\" data-element_type=\"widget\" data-e-type=\"widget\" data-widget_type=\"text-editor.default\">\n\t\t\t\t\t\t\t\t\t<p><strong>Biodiversit\u00e4t umfasst die Vielfalt der Lebensr\u00e4ume, Arten und Gene sowie die Wechselwirkungen zwischen ihnen. Die Biodiversit\u00e4t bildet die Grundlage f\u00fcr unsere Ern\u00e4hrung, tr\u00e4gt zur Klimaregulation bei, reinigt Luft und Wasser, unterst\u00fctzt unsere Gesundheit und st\u00e4rkt die Wirtschaft. <\/strong><\/p>\t\t\t\t\t\t\t\t<\/div>\n\t\t\t\t<div class=\"elementor-element elementor-element-2050230 elementor-widget__width-initial elementor-widget elementor-widget-text-editor\" data-id=\"2050230\" data-element_type=\"widget\" data-e-type=\"widget\" data-widget_type=\"text-editor.default\">\n\t\t\t\t\t\t\t\t\t<p>Die Biodiversit\u00e4t ist in der Schweiz und weltweit gef\u00e4hrdet \u2013 insbesondere durch Verlust und Zerschneidung von Lebensr\u00e4umen, \u00dcbernutzung nat\u00fcrlicher Ressourcen, Klimawandel und Verschmutzung.<\/p>\t\t\t\t\t\t\t\t<\/div>\n\t\t\t\t<div class=\"elementor-element elementor-element-eb2ff8c elementor-widget__width-initial elementor-widget elementor-widget-text-editor\" data-id=\"eb2ff8c\" data-element_type=\"widget\" data-e-type=\"widget\" data-widget_type=\"text-editor.default\">\n\t\t\t\t\t\t\t\t\t<div class=\"wpb_text_column wpb_content_element \"><div class=\"wpb_wrapper\"><p>Das Thema Biodiversit\u00e4t erm\u00f6glicht es den Sch\u00fclerinnen und Sch\u00fclern, die Vielfalt des Lebens zu erforschen und \u00fcber die Beziehungen und die Rolle des Menschen in der Natur nachzudenken. Gleichzeitig bietet die Schule als Lebens- und Lernort die M\u00f6glichkeit, auf lokaler Ebene zum Erhalt der Biodiversit\u00e4t beizutragen.<\/p><\/div><\/div>\t\t\t\t\t\t\t\t<\/div>\n\t\t<div class=\"elementor-element elementor-element-3d224a5 e-con-full e-flex e-con e-child\" data-id=\"3d224a5\" data-element_type=\"container\" data-e-type=\"container\" data-settings=\"{&quot;background_background&quot;:&quot;classic&quot;}\">\n\t\t\t\t<div class=\"elementor-element elementor-element-7b3aa22 elementor-widget__width-initial e-transform elementor-widget elementor-widget-text-editor\" data-id=\"7b3aa22\" data-element_type=\"widget\" data-e-type=\"widget\" data-settings=\"{&quot;_transform_scale_effect_hover&quot;:{&quot;unit&quot;:&quot;px&quot;,&quot;size&quot;:0.99,&quot;sizes&quot;:[]},&quot;_transform_scale_effect_hover_tablet&quot;:{&quot;unit&quot;:&quot;px&quot;,&quot;size&quot;:&quot;&quot;,&quot;sizes&quot;:[]},&quot;_transform_scale_effect_hover_mobile&quot;:{&quot;unit&quot;:&quot;px&quot;,&quot;size&quot;:&quot;&quot;,&quot;sizes&quot;:[]}}\" data-widget_type=\"text-editor.default\">\n\t\t\t\t\t\t\t\t\t<p>Ideen f\u00fcr gesamtschulische Projekte:<\/p>\t\t\t\t\t\t\t\t<\/div>\n\t\t\t\t<div class=\"elementor-element elementor-element-f2ab0a0 elementor-widget elementor-widget-text-editor\" data-id=\"f2ab0a0\" data-element_type=\"widget\" data-e-type=\"widget\" data-widget_type=\"text-editor.default\">\n\t\t\t\t\t\t\t\t\t<p>Biodiversit\u00e4tsf\u00f6rdernde Massnahmen auf dem Schulareal umsetzen, wie z. B. Blumenwiesen, Wildhecken, B\u00e4ume, Kleinstrukturen oder Nisthilfen, in Zusammenarbeit mit dem Hausdienst, der Gemeinde und\/oder lokalen Fachpersonen.<\/p>\t\t\t\t\t\t\t\t<\/div>\n\t\t\t\t<div class=\"elementor-element elementor-element-0bab8c4 elementor-widget elementor-widget-text-editor\" data-id=\"0bab8c4\" data-element_type=\"widget\" data-e-type=\"widget\" data-widget_type=\"text-editor.default\">\n\t\t\t\t\t\t\t\t\t<p>Regelm\u00e4ssiges Lernen in der Natur einf\u00fchren, um den Sch\u00fclerinnen und Sch\u00fclern wertvolle Naturerfahrungen zu erm\u00f6glichen.<\/p>\t\t\t\t\t\t\t\t<\/div>\n\t\t\t\t<div class=\"elementor-element elementor-element-c5bd3b5 elementor-widget elementor-widget-text-editor\" data-id=\"c5bd3b5\" data-element_type=\"widget\" data-e-type=\"widget\" data-widget_type=\"text-editor.default\">\n\t\t\t\t\t\t\t\t\t<p>Eine Partnerschaft mit einem lokalen Bauernhof eingehen, der biodiversit\u00e4tsfreundlich wirtschaftet (z. B. Bauernhof-Exkursionen, Mithilfe auf dem Hof, Beschaffung der Schulverpflegung).<\/p>\t\t\t\t\t\t\t\t<\/div>\n\t\t\t\t<div class=\"elementor-element elementor-element-98bf443 elementor-widget elementor-widget-text-editor\" data-id=\"98bf443\" data-element_type=\"widget\" data-e-type=\"widget\" data-widget_type=\"text-editor.default\">\n\t\t\t\t\t\t\t\t\t<p>Die Konsumgewohnheiten der Schulgemeinschaft in Bezug auf ihre Auswirkungen auf die Biodiversit\u00e4t untersuchen und nachhaltiger gestalten \u2013 z. B. bez\u00fcglich Ern\u00e4hrung, Schulreisen oder Schulmaterial.<\/p>\t\t\t\t\t\t\t\t<\/div>\n\t\t\t\t<\/div>\n\t\t\t\t<\/div>\n\t\t<div class=\"elementor-element elementor-element-3566a4e e-con-full e-flex e-con e-child\" data-id=\"3566a4e\" data-element_type=\"container\" data-e-type=\"container\">\n\t\t\t\t<div class=\"elementor-element elementor-element-413e853 elementor-widget__width-initial elementor-widget elementor-widget-image\" data-id=\"413e853\" data-element_type=\"widget\" data-e-type=\"widget\" data-widget_type=\"image.default\">\n\t\t\t\t\t\t\t\t\t\t\t\t\t\t\t<img decoding=\"async\" width=\"200\" height=\"185\" src=\"https:\/\/jmp-ch.org\/wp-content\/uploads\/2024\/11\/logo-biodiversite-200x185-1.jpg\" class=\"attachment-full size-full wp-image-37122\" alt=\"\" \/>\t\t\t\t\t\t\t\t\t\t\t\t\t\t\t<\/div>\n\t\t\t\t<div class=\"elementor-element elementor-element-5202a84 elementor-widget elementor-widget-image\" data-id=\"5202a84\" data-element_type=\"widget\" data-e-type=\"widget\" data-widget_type=\"image.default\">\n\t\t\t\t\t\t\t\t\t\t\t\t\t\t\t<img fetchpriority=\"high\" decoding=\"async\" width=\"800\" height=\"534\" src=\"https:\/\/jmp-ch.org\/wp-content\/uploads\/2025\/01\/IMG_8850-2-1024x683.jpg\" class=\"attachment-large size-large wp-image-40576\" alt=\"\" srcset=\"https:\/\/jmp-ch.org\/wp-content\/uploads\/2025\/01\/IMG_8850-2-1024x683.jpg 1024w, https:\/\/jmp-ch.org\/wp-content\/uploads\/2025\/01\/IMG_8850-2-300x200.jpg 300w, https:\/\/jmp-ch.org\/wp-content\/uploads\/2025\/01\/IMG_8850-2-768x512.jpg 768w, https:\/\/jmp-ch.org\/wp-content\/uploads\/2025\/01\/IMG_8850-2-1536x1024.jpg 1536w, https:\/\/jmp-ch.org\/wp-content\/uploads\/2025\/01\/IMG_8850-2-2048x1366.jpg 2048w\" sizes=\"(max-width: 800px) 100vw, 800px\" \/>\t\t\t\t\t\t\t\t\t\t\t\t\t\t\t<\/div>\n\t\t<div class=\"elementor-element elementor-element-556b076 e-con-full e-flex e-con e-child\" data-id=\"556b076\" data-element_type=\"container\" data-e-type=\"container\" data-settings=\"{&quot;background_background&quot;:&quot;classic&quot;}\">\n\t\t\t\t<div class=\"elementor-element elementor-element-c01de63 elementor-widget__width-initial e-transform elementor-widget-mobile__width-inherit elementor-widget elementor-widget-text-editor\" data-id=\"c01de63\" data-element_type=\"widget\" data-e-type=\"widget\" data-settings=\"{&quot;_transform_scale_effect_hover&quot;:{&quot;unit&quot;:&quot;px&quot;,&quot;size&quot;:0.99,&quot;sizes&quot;:[]},&quot;_transform_scale_effect_hover_tablet&quot;:{&quot;unit&quot;:&quot;px&quot;,&quot;size&quot;:&quot;&quot;,&quot;sizes&quot;:[]},&quot;_transform_scale_effect_hover_mobile&quot;:{&quot;unit&quot;:&quot;px&quot;,&quot;size&quot;:&quot;&quot;,&quot;sizes&quot;:[]}}\" data-widget_type=\"text-editor.default\">\n\t\t\t\t\t\t\t\t\t<p><strong>M\u00f6gliche Bez\u00fcge zum Lehrplan 21:<\/strong><\/p>\t\t\t\t\t\t\t\t<\/div>\n\t\t\t\t<div class=\"elementor-element elementor-element-78247dd elementor-widget-mobile__width-inherit elementor-widget elementor-widget-text-editor\" data-id=\"78247dd\" data-element_type=\"widget\" data-e-type=\"widget\" data-widget_type=\"text-editor.default\">\n\t\t\t\t\t\t\t\t\t<p><strong>Natur, Mensch, Gesellschaft<br \/><\/strong>NMG.2.1, NMG.2.2, NMG.2.3, NMG.2.4, NMG.2.6, NMG.8.2, NMG.8.3<\/p>\t\t\t\t\t\t\t\t<\/div>\n\t\t\t\t<div class=\"elementor-element elementor-element-1f7105c elementor-widget-mobile__width-inherit elementor-widget elementor-widget-text-editor\" data-id=\"1f7105c\" data-element_type=\"widget\" data-e-type=\"widget\" data-widget_type=\"text-editor.default\">\n\t\t\t\t\t\t\t\t\t<p><strong>Natur und Technik<br \/><\/strong>NT.3.3.c, NT.9.1, NT.9.2, NT.9.3<\/p>\t\t\t\t\t\t\t\t<\/div>\n\t\t\t\t<div class=\"elementor-element elementor-element-b01c15b elementor-widget-mobile__width-inherit elementor-widget elementor-widget-text-editor\" data-id=\"b01c15b\" data-element_type=\"widget\" data-e-type=\"widget\" data-widget_type=\"text-editor.default\">\n\t\t\t\t\t\t\t\t\t<p><strong>Wirtschaft, Arbeit, Haushalt<br \/><\/strong>WAH.1.3.b, WAH.3.2, WAH.3.3., WAH.4.3.b<\/p>\t\t\t\t\t\t\t\t<\/div>\n\t\t\t\t<div class=\"elementor-element elementor-element-666905c elementor-widget-mobile__width-inherit elementor-widget elementor-widget-text-editor\" data-id=\"666905c\" data-element_type=\"widget\" data-e-type=\"widget\" data-widget_type=\"text-editor.default\">\n\t\t\t\t\t\t\t\t\t<p><strong>R\u00e4ume, Zeiten, Gesellschaften<br \/><\/strong>RZG.1.4.c, RZG.3.1, RZG.3.2<\/p>\t\t\t\t\t\t\t\t<\/div>\n\t\t\t\t<\/div>\n\t\t\t\t<\/div>\n\t\t\t\t<\/div>\n\t\t\t\t\t<\/div>\n\t\t\t\t<\/div>\n\t\t\t\t\t<\/div>\n\t\t\t\t<\/div>\n\t\t<div class=\"elementor-element elementor-element-e1190e6 e-flex e-con-boxed e-con e-parent\" data-id=\"e1190e6\" data-element_type=\"container\" data-e-type=\"container\">\n\t\t\t\t\t<div class=\"e-con-inner\">\n\t\t\t\t\t<\/div>\n\t\t\t\t<\/div>\n\t\t\t\t<\/div>\n\t\t","protected":false},"excerpt":{"rendered":"<p>Biodiversit\u00e4t umfasst die Vielfalt der Lebensr\u00e4ume, Arten und Gene sowie die Wechselwirkungen zwischen ihnen. Die Biodiversit\u00e4t bildet die Grundlage f\u00fcr unsere Ern\u00e4hrung, tr\u00e4gt zur Klimaregulation bei, reinigt Luft und Wasser, unterst\u00fctzt unsere Gesundheit und st\u00e4rkt die Wirtschaft. Die Biodiversit\u00e4t ist in der Schweiz und weltweit gef\u00e4hrdet \u2013 insbesondere durch Verlust und Zerschneidung von Lebensr\u00e4umen, \u00dcbernutzung [&hellip;]<\/p>\n","protected":false},"author":5,"featured_media":0,"parent":43077,"menu_order":0,"comment_status":"closed","ping_status":"closed","template":"","meta":{"iawp_total_views":51,"footnotes":""},"categories":[32],"class_list":["post-43336","page","type-page","status-publish","hentry","category-eco-schools"],"_links":{"self":[{"href":"https:\/\/jmp-ch.org\/de\/wp-json\/wp\/v2\/pages\/43336","targetHints":{"allow":["GET"]}}],"collection":[{"href":"https:\/\/jmp-ch.org\/de\/wp-json\/wp\/v2\/pages"}],"about":[{"href":"https:\/\/jmp-ch.org\/de\/wp-json\/wp\/v2\/types\/page"}],"author":[{"embeddable":true,"href":"https:\/\/jmp-ch.org\/de\/wp-json\/wp\/v2\/users\/5"}],"replies":[{"embeddable":true,"href":"https:\/\/jmp-ch.org\/de\/wp-json\/wp\/v2\/comments?post=43336"}],"version-history":[{"count":22,"href":"https:\/\/jmp-ch.org\/de\/wp-json\/wp\/v2\/pages\/43336\/revisions"}],"predecessor-version":[{"id":50543,"href":"https:\/\/jmp-ch.org\/de\/wp-json\/wp\/v2\/pages\/43336\/revisions\/50543"}],"up":[{"embeddable":true,"href":"https:\/\/jmp-ch.org\/de\/wp-json\/wp\/v2\/pages\/43077"}],"wp:attachment":[{"href":"https:\/\/jmp-ch.org\/de\/wp-json\/wp\/v2\/media?parent=43336"}],"wp:term":[{"taxonomy":"category","embeddable":true,"href":"https:\/\/jmp-ch.org\/de\/wp-json\/wp\/v2\/categories?post=43336"}],"curies":[{"name":"wp","href":"https:\/\/api.w.org\/{rel}","templated":true}]}}