{"id":43345,"date":"2024-12-10T12:33:50","date_gmt":"2024-12-10T11:33:50","guid":{"rendered":"https:\/\/jmp-ch.org\/homepage-eco-schools\/die-themen\/citizenship\/"},"modified":"2025-05-15T09:13:01","modified_gmt":"2025-05-15T07:13:01","slug":"citizenship","status":"publish","type":"page","link":"https:\/\/jmp-ch.org\/de\/eco-schools\/themen\/citizenship\/","title":{"rendered":"Citizenship"},"content":{"rendered":"\t\t<div data-elementor-type=\"wp-page\" data-elementor-id=\"43345\" class=\"elementor elementor-43345 elementor-38594\" data-elementor-post-type=\"page\">\n\t\t\t\t<div class=\"elementor-element elementor-element-ddf4ad0 e-flex e-con-boxed e-con e-parent\" data-id=\"ddf4ad0\" data-element_type=\"container\" data-e-type=\"container\">\n\t\t\t\t\t<div class=\"e-con-inner\">\n\t\t\t\t<div class=\"elementor-element elementor-element-3580752 elementor-widget elementor-widget-spacer\" data-id=\"3580752\" data-element_type=\"widget\" data-e-type=\"widget\" data-widget_type=\"spacer.default\">\n\t\t\t\t\t\t\t<div class=\"elementor-spacer\">\n\t\t\t<div class=\"elementor-spacer-inner\"><\/div>\n\t\t<\/div>\n\t\t\t\t\t\t<\/div>\n\t\t\t\t\t<\/div>\n\t\t\t\t<\/div>\n\t\t<div class=\"elementor-element elementor-element-6aab957 e-flex e-con-boxed e-con e-parent\" data-id=\"6aab957\" data-element_type=\"container\" data-e-type=\"container\" data-settings=\"{&quot;background_background&quot;:&quot;classic&quot;}\">\n\t\t\t\t\t<div class=\"e-con-inner\">\n\t\t<div class=\"elementor-element elementor-element-b6a0c85 e-flex e-con-boxed e-con e-child\" data-id=\"b6a0c85\" data-element_type=\"container\" data-e-type=\"container\" data-settings=\"{&quot;background_background&quot;:&quot;classic&quot;}\">\n\t\t\t\t\t<div class=\"e-con-inner\">\n\t\t<div class=\"elementor-element elementor-element-84b5e4b e-con-full e-flex e-con e-child\" data-id=\"84b5e4b\" data-element_type=\"container\" data-e-type=\"container\" data-settings=\"{&quot;background_background&quot;:&quot;classic&quot;}\">\n\t\t\t\t<div class=\"elementor-element elementor-element-1133ec4 elementor-widget-mobile__width-initial elementor-widget elementor-widget-heading\" data-id=\"1133ec4\" data-element_type=\"widget\" data-e-type=\"widget\" data-widget_type=\"heading.default\">\n\t\t\t\t\t<h4 class=\"elementor-heading-title elementor-size-default\">Citizenship<\/h4>\t\t\t\t<\/div>\n\t\t\t\t<\/div>\n\t\t<div class=\"elementor-element elementor-element-59865e9 e-con-full e-flex e-con e-child\" data-id=\"59865e9\" data-element_type=\"container\" data-e-type=\"container\">\n\t\t<div class=\"elementor-element elementor-element-83c6f5c e-con-full e-flex e-con e-child\" data-id=\"83c6f5c\" data-element_type=\"container\" data-e-type=\"container\">\n\t\t\t\t<div class=\"elementor-element elementor-element-b40fc8d elementor-widget__width-initial elementor-widget elementor-widget-text-editor\" data-id=\"b40fc8d\" data-element_type=\"widget\" data-e-type=\"widget\" data-widget_type=\"text-editor.default\">\n\t\t\t\t\t\t\t\t\t<p><strong>Citizenship (B\u00fcrger*innenschaft) umfasst das Wissen, die F\u00e4higkeiten und die Bereitschaft, durch politische Teilhabe und zivilgesellschaftliches Engagement unser Zusammenleben zum Wohl der Gemeinschaft mitzugestalten.<\/strong><\/p>\t\t\t\t\t\t\t\t<\/div>\n\t\t\t\t<div class=\"elementor-element elementor-element-2050230 elementor-widget__width-initial elementor-widget elementor-widget-text-editor\" data-id=\"2050230\" data-element_type=\"widget\" data-e-type=\"widget\" data-widget_type=\"text-editor.default\">\n\t\t\t\t\t\t\t\t\t<p>Eco-Schools-Projekte zum Thema Citizenship erm\u00f6glichen es den Sch\u00fclerinnen und Sch\u00fclern, sich mit Fragen des menschlichen Zusammenlebens auseinanderzusetzen. Sie lernen, sich in der Welt zurechtzufinden und sich im Bewusstsein \u00fcber ihre\u00a0Rechte und Pflichten als verantwortungsvolle und selbstbestimmte B\u00fcrgerinnen und B\u00fcrger in der Schule, in ihrer Gemeinde und dar\u00fcber hinaus f\u00fcr eine friedlichere und inklusivere Gesellschaft zu engagieren.<\/p>\t\t\t\t\t\t\t\t<\/div>\n\t\t<div class=\"elementor-element elementor-element-3d224a5 e-con-full e-flex e-con e-child\" data-id=\"3d224a5\" data-element_type=\"container\" data-e-type=\"container\" data-settings=\"{&quot;background_background&quot;:&quot;classic&quot;}\">\n\t\t\t\t<div class=\"elementor-element elementor-element-7b3aa22 elementor-widget__width-initial e-transform elementor-widget elementor-widget-text-editor\" data-id=\"7b3aa22\" data-element_type=\"widget\" data-e-type=\"widget\" data-settings=\"{&quot;_transform_scale_effect_hover&quot;:{&quot;unit&quot;:&quot;px&quot;,&quot;size&quot;:0.99,&quot;sizes&quot;:[]},&quot;_transform_scale_effect_hover_tablet&quot;:{&quot;unit&quot;:&quot;px&quot;,&quot;size&quot;:&quot;&quot;,&quot;sizes&quot;:[]},&quot;_transform_scale_effect_hover_mobile&quot;:{&quot;unit&quot;:&quot;px&quot;,&quot;size&quot;:&quot;&quot;,&quot;sizes&quot;:[]}}\" data-widget_type=\"text-editor.default\">\n\t\t\t\t\t\t\t\t\t<p>Ideen f\u00fcr gesamtschulische Projekte:<\/p>\t\t\t\t\t\t\t\t<\/div>\n\t\t\t\t<div class=\"elementor-element elementor-element-f2ab0a0 elementor-widget elementor-widget-text-editor\" data-id=\"f2ab0a0\" data-element_type=\"widget\" data-e-type=\"widget\" data-widget_type=\"text-editor.default\">\n\t\t\t\t\t\t\t\t\t<p>Service-Learning-Projekte entwickeln, um sich in der Gemeinde zu engagieren, etwa in interkulturellen oder intergenerationellen Projekten.<\/p>\t\t\t\t\t\t\t\t<\/div>\n\t\t\t\t<div class=\"elementor-element elementor-element-c5bd3b5 elementor-widget elementor-widget-text-editor\" data-id=\"c5bd3b5\" data-element_type=\"widget\" data-e-type=\"widget\" data-widget_type=\"text-editor.default\">\n\t\t\t\t\t\t\t\t\t<p>Die kulturelle Vielfalt in der Schulgemeinschaft erkunden, indem z. B. Sprachen, Br\u00e4uche, Geschichten und Traditionen der Herkunftsl\u00e4nder der Familien gemeinsam unter Einbezug der Eltern erforscht werden.<\/p>\t\t\t\t\t\t\t\t<\/div>\n\t\t\t\t<div class=\"elementor-element elementor-element-84b9fbc elementor-widget elementor-widget-text-editor\" data-id=\"84b9fbc\" data-element_type=\"widget\" data-e-type=\"widget\" data-widget_type=\"text-editor.default\">\n\t\t\t\t\t\t\t\t\t<p>Das friedliche Zusammenleben f\u00f6rdern, indem z. B. Achtsamkeitsverantwortliche in der Sch\u00fcler*innenschaft und im Kollegium ausgebildet werden, die bei Konflikten vermitteln, oder indem Pausenregeln gemeinsam erarbeitet sowie Wohlf\u00fchl-\/R\u00fcckzugsorte eingerichtet werden.<\/p>\t\t\t\t\t\t\t\t<\/div>\n\t\t\t\t<div class=\"elementor-element elementor-element-0bab8c4 elementor-widget elementor-widget-text-editor\" data-id=\"0bab8c4\" data-element_type=\"widget\" data-e-type=\"widget\" data-widget_type=\"text-editor.default\">\n\t\t\t\t\t\t\t\t\t<p>In k\u00fcnstlerischen Projekten die eigene Identit\u00e4t sowie Gemeinsamkeiten und Unterschiede innerhalb der Schulgemeinschaft kreativ darstellen.<\/p>\t\t\t\t\t\t\t\t<\/div>\n\t\t\t\t<div class=\"elementor-element elementor-element-0ba891d elementor-widget elementor-widget-text-editor\" data-id=\"0ba891d\" data-element_type=\"widget\" data-e-type=\"widget\" data-widget_type=\"text-editor.default\">\n\t\t\t\t\t\t\t\t\t<p>Ein Gotti\/G\u00f6tti-System einf\u00fchren, bei dem \u00e4ltere Sch\u00fclerinnen und Sch\u00fcler j\u00fcngere unterst\u00fctzen und begleiten.<\/p>\t\t\t\t\t\t\t\t<\/div>\n\t\t\t\t<div class=\"elementor-element elementor-element-98bf443 elementor-widget elementor-widget-text-editor\" data-id=\"98bf443\" data-element_type=\"widget\" data-e-type=\"widget\" data-widget_type=\"text-editor.default\">\n\t\t\t\t\t\t\t\t\t<p>Den Pausenplatz partizipativ und naturnah umgestalten.<\/p>\t\t\t\t\t\t\t\t<\/div>\n\t\t\t\t<div class=\"elementor-element elementor-element-ac0bba4 elementor-widget elementor-widget-text-editor\" data-id=\"ac0bba4\" data-element_type=\"widget\" data-e-type=\"widget\" data-widget_type=\"text-editor.default\">\n\t\t\t\t\t\t\t\t\t<p>Einen regelm\u00e4ssigen Austausch mit einer Schule im Eco-Schools-Programm in einem anderen Land aufbauen.<\/p>\t\t\t\t\t\t\t\t<\/div>\n\t\t\t\t<div class=\"elementor-element elementor-element-a5cb262 elementor-widget elementor-widget-text-editor\" data-id=\"a5cb262\" data-element_type=\"widget\" data-e-type=\"widget\" data-widget_type=\"text-editor.default\">\n\t\t\t\t\t\t\t\t\t<p>Ein gemeinsames Leitbild f\u00fcr ein respektvolles und friedliches Zusammenleben entwickeln.<\/p>\t\t\t\t\t\t\t\t<\/div>\n\t\t\t\t<div class=\"elementor-element elementor-element-5262c54 elementor-widget elementor-widget-text-editor\" data-id=\"5262c54\" data-element_type=\"widget\" data-e-type=\"widget\" data-widget_type=\"text-editor.default\">\n\t\t\t\t\t\t\t\t\t<p>Eine gemeinsame Schulordnung entwickeln, in der die Rechte und Pflichten im Schulalltag aller Schulmitglieder festgehalten werden.<\/p>\t\t\t\t\t\t\t\t<\/div>\n\t\t\t\t<\/div>\n\t\t\t\t<\/div>\n\t\t<div class=\"elementor-element elementor-element-3566a4e e-con-full e-flex e-con e-child\" data-id=\"3566a4e\" data-element_type=\"container\" data-e-type=\"container\">\n\t\t\t\t<div class=\"elementor-element elementor-element-413e853 elementor-widget__width-initial elementor-widget elementor-widget-image\" data-id=\"413e853\" data-element_type=\"widget\" data-e-type=\"widget\" data-widget_type=\"image.default\">\n\t\t\t\t\t\t\t\t\t\t\t\t\t\t\t<img fetchpriority=\"high\" decoding=\"async\" width=\"1621\" height=\"1538\" src=\"https:\/\/jmp-ch.org\/wp-content\/uploads\/2024\/12\/logo-citoyennete.png\" class=\"attachment-full size-full wp-image-38601\" alt=\"\" srcset=\"https:\/\/jmp-ch.org\/wp-content\/uploads\/2024\/12\/logo-citoyennete.png 1621w, https:\/\/jmp-ch.org\/wp-content\/uploads\/2024\/12\/logo-citoyennete-300x285.png 300w, https:\/\/jmp-ch.org\/wp-content\/uploads\/2024\/12\/logo-citoyennete-1024x972.png 1024w, https:\/\/jmp-ch.org\/wp-content\/uploads\/2024\/12\/logo-citoyennete-768x729.png 768w, https:\/\/jmp-ch.org\/wp-content\/uploads\/2024\/12\/logo-citoyennete-1536x1457.png 1536w\" sizes=\"(max-width: 1621px) 100vw, 1621px\" \/>\t\t\t\t\t\t\t\t\t\t\t\t\t\t\t<\/div>\n\t\t\t\t<div class=\"elementor-element elementor-element-5202a84 elementor-widget elementor-widget-image\" data-id=\"5202a84\" data-element_type=\"widget\" data-e-type=\"widget\" data-widget_type=\"image.default\">\n\t\t\t\t\t\t\t\t\t\t\t\t\t\t\t<img decoding=\"async\" width=\"800\" height=\"995\" src=\"https:\/\/jmp-ch.org\/wp-content\/uploads\/2025\/01\/20230419_145114-823x1024.jpg\" class=\"attachment-large size-large wp-image-40919\" alt=\"\" srcset=\"https:\/\/jmp-ch.org\/wp-content\/uploads\/2025\/01\/20230419_145114-823x1024.jpg 823w, https:\/\/jmp-ch.org\/wp-content\/uploads\/2025\/01\/20230419_145114-241x300.jpg 241w, https:\/\/jmp-ch.org\/wp-content\/uploads\/2025\/01\/20230419_145114-768x955.jpg 768w, https:\/\/jmp-ch.org\/wp-content\/uploads\/2025\/01\/20230419_145114-1235x1536.jpg 1235w, https:\/\/jmp-ch.org\/wp-content\/uploads\/2025\/01\/20230419_145114.jpg 1544w\" sizes=\"(max-width: 800px) 100vw, 800px\" \/>\t\t\t\t\t\t\t\t\t\t\t\t\t\t\t<\/div>\n\t\t<div class=\"elementor-element elementor-element-6b635e0 e-con-full e-flex e-con e-child\" data-id=\"6b635e0\" data-element_type=\"container\" data-e-type=\"container\" data-settings=\"{&quot;background_background&quot;:&quot;classic&quot;}\">\n\t\t\t\t<div class=\"elementor-element elementor-element-08e7ab7 elementor-widget__width-initial e-transform elementor-widget elementor-widget-text-editor\" data-id=\"08e7ab7\" data-element_type=\"widget\" data-e-type=\"widget\" data-settings=\"{&quot;_transform_scale_effect_hover&quot;:{&quot;unit&quot;:&quot;px&quot;,&quot;size&quot;:0.99,&quot;sizes&quot;:[]},&quot;_transform_scale_effect_hover_tablet&quot;:{&quot;unit&quot;:&quot;px&quot;,&quot;size&quot;:&quot;&quot;,&quot;sizes&quot;:[]},&quot;_transform_scale_effect_hover_mobile&quot;:{&quot;unit&quot;:&quot;px&quot;,&quot;size&quot;:&quot;&quot;,&quot;sizes&quot;:[]}}\" data-widget_type=\"text-editor.default\">\n\t\t\t\t\t\t\t\t\t<p>M\u00f6gliche Bez\u00fcge zum Lehrplan 21:<\/p>\t\t\t\t\t\t\t\t<\/div>\n\t\t\t\t<div class=\"elementor-element elementor-element-aef0b79 elementor-widget elementor-widget-text-editor\" data-id=\"aef0b79\" data-element_type=\"widget\" data-e-type=\"widget\" data-widget_type=\"text-editor.default\">\n\t\t\t\t\t\t\t\t\t<p><strong>Deutsch<br \/><\/strong>D.5.B.1.c<\/p>\t\t\t\t\t\t\t\t<\/div>\n\t\t\t\t<div class=\"elementor-element elementor-element-42f7ebc elementor-widget elementor-widget-text-editor\" data-id=\"42f7ebc\" data-element_type=\"widget\" data-e-type=\"widget\" data-widget_type=\"text-editor.default\">\n\t\t\t\t\t\t\t\t\t<p><strong>Natur, Mensch, Gesellschaft<br \/><\/strong>NMG.1.2, NMG.7.1, NMG.7.2, NMG.7.4, NMG.10.1, NMG.10.3, NMG.10.4, NMG.10.5, NMG.11.3, NMG.11.4, NMG.12.5<\/p>\t\t\t\t\t\t\t\t<\/div>\n\t\t\t\t<div class=\"elementor-element elementor-element-e29ad01 elementor-widget elementor-widget-text-editor\" data-id=\"e29ad01\" data-element_type=\"widget\" data-e-type=\"widget\" data-widget_type=\"text-editor.default\">\n\t\t\t\t\t\t\t\t\t<p><strong>R\u00e4ume, Zeiten, Gesellschaften<br \/><\/strong>RZG.2.1, RZG.2.2, RZG.3.2, RZG.5.3.c, RZG.8.1, RZG.8.2<\/p>\t\t\t\t\t\t\t\t<\/div>\n\t\t\t\t<div class=\"elementor-element elementor-element-7d4ceda elementor-widget elementor-widget-text-editor\" data-id=\"7d4ceda\" data-element_type=\"widget\" data-e-type=\"widget\" data-widget_type=\"text-editor.default\">\n\t\t\t\t\t\t\t\t\t<p><strong>Ethik, Religionen, Gemeinschaft<br \/><\/strong>ERG.2.1, ERG.2.2, ERG.4.4, ERG.5.2, ERG.5.4, ERG.5.5, ERG.5.6<\/p>\t\t\t\t\t\t\t\t<\/div>\n\t\t\t\t<\/div>\n\t\t\t\t<\/div>\n\t\t\t\t<\/div>\n\t\t\t\t\t<\/div>\n\t\t\t\t<\/div>\n\t\t\t\t\t<\/div>\n\t\t\t\t<\/div>\n\t\t\t\t<\/div>\n\t\t","protected":false},"excerpt":{"rendered":"<p>Citizenship (B\u00fcrger*innenschaft) umfasst das Wissen, die F\u00e4higkeiten und die Bereitschaft, durch politische Teilhabe und zivilgesellschaftliches Engagement unser Zusammenleben zum Wohl der Gemeinschaft mitzugestalten. Eco-Schools-Projekte zum Thema Citizenship erm\u00f6glichen es den Sch\u00fclerinnen und Sch\u00fclern, sich mit Fragen des menschlichen Zusammenlebens auseinanderzusetzen. Sie lernen, sich in der Welt zurechtzufinden und sich im Bewusstsein \u00fcber ihre\u00a0Rechte und Pflichten [&hellip;]<\/p>\n","protected":false},"author":5,"featured_media":0,"parent":43077,"menu_order":0,"comment_status":"closed","ping_status":"closed","template":"","meta":{"iawp_total_views":52,"footnotes":""},"categories":[32],"class_list":["post-43345","page","type-page","status-publish","hentry","category-eco-schools"],"_links":{"self":[{"href":"https:\/\/jmp-ch.org\/de\/wp-json\/wp\/v2\/pages\/43345","targetHints":{"allow":["GET"]}}],"collection":[{"href":"https:\/\/jmp-ch.org\/de\/wp-json\/wp\/v2\/pages"}],"about":[{"href":"https:\/\/jmp-ch.org\/de\/wp-json\/wp\/v2\/types\/page"}],"author":[{"embeddable":true,"href":"https:\/\/jmp-ch.org\/de\/wp-json\/wp\/v2\/users\/5"}],"replies":[{"embeddable":true,"href":"https:\/\/jmp-ch.org\/de\/wp-json\/wp\/v2\/comments?post=43345"}],"version-history":[{"count":13,"href":"https:\/\/jmp-ch.org\/de\/wp-json\/wp\/v2\/pages\/43345\/revisions"}],"predecessor-version":[{"id":50547,"href":"https:\/\/jmp-ch.org\/de\/wp-json\/wp\/v2\/pages\/43345\/revisions\/50547"}],"up":[{"embeddable":true,"href":"https:\/\/jmp-ch.org\/de\/wp-json\/wp\/v2\/pages\/43077"}],"wp:attachment":[{"href":"https:\/\/jmp-ch.org\/de\/wp-json\/wp\/v2\/media?parent=43345"}],"wp:term":[{"taxonomy":"category","embeddable":true,"href":"https:\/\/jmp-ch.org\/de\/wp-json\/wp\/v2\/categories?post=43345"}],"curies":[{"name":"wp","href":"https:\/\/api.w.org\/{rel}","templated":true}]}}