{"id":43365,"date":"2024-12-10T12:49:02","date_gmt":"2024-12-10T11:49:02","guid":{"rendered":"https:\/\/jmp-ch.org\/homepage-eco-schools\/die-themen\/wasser\/"},"modified":"2025-05-15T09:24:14","modified_gmt":"2025-05-15T07:24:14","slug":"wasser","status":"publish","type":"page","link":"https:\/\/jmp-ch.org\/de\/eco-schools\/themen\/wasser\/","title":{"rendered":"Wasser"},"content":{"rendered":"\t\t<div data-elementor-type=\"wp-page\" data-elementor-id=\"43365\" class=\"elementor elementor-43365 elementor-38619\" data-elementor-post-type=\"page\">\n\t\t\t\t<div class=\"elementor-element elementor-element-ddf4ad0 e-flex e-con-boxed e-con e-parent\" data-id=\"ddf4ad0\" data-element_type=\"container\" data-e-type=\"container\">\n\t\t\t\t\t<div class=\"e-con-inner\">\n\t\t\t\t<div class=\"elementor-element elementor-element-3580752 elementor-widget elementor-widget-spacer\" data-id=\"3580752\" data-element_type=\"widget\" data-e-type=\"widget\" data-widget_type=\"spacer.default\">\n\t\t\t\t\t\t\t<div class=\"elementor-spacer\">\n\t\t\t<div class=\"elementor-spacer-inner\"><\/div>\n\t\t<\/div>\n\t\t\t\t\t\t<\/div>\n\t\t\t\t\t<\/div>\n\t\t\t\t<\/div>\n\t\t<div class=\"elementor-element elementor-element-6aab957 e-flex e-con-boxed e-con e-parent\" data-id=\"6aab957\" data-element_type=\"container\" data-e-type=\"container\" data-settings=\"{&quot;background_background&quot;:&quot;classic&quot;}\">\n\t\t\t\t\t<div class=\"e-con-inner\">\n\t\t<div class=\"elementor-element elementor-element-b6a0c85 e-flex e-con-boxed e-con e-child\" data-id=\"b6a0c85\" data-element_type=\"container\" data-e-type=\"container\" data-settings=\"{&quot;background_background&quot;:&quot;classic&quot;}\">\n\t\t\t\t\t<div class=\"e-con-inner\">\n\t\t<div class=\"elementor-element elementor-element-84b5e4b e-con-full e-flex e-con e-child\" data-id=\"84b5e4b\" data-element_type=\"container\" data-e-type=\"container\" data-settings=\"{&quot;background_background&quot;:&quot;classic&quot;}\">\n\t\t\t\t<div class=\"elementor-element elementor-element-1133ec4 elementor-widget-mobile__width-initial elementor-widget elementor-widget-heading\" data-id=\"1133ec4\" data-element_type=\"widget\" data-e-type=\"widget\" data-widget_type=\"heading.default\">\n\t\t\t\t\t<h4 class=\"elementor-heading-title elementor-size-default\">Wasser<\/h4>\t\t\t\t<\/div>\n\t\t\t\t<\/div>\n\t\t<div class=\"elementor-element elementor-element-59865e9 e-con-full e-flex e-con e-child\" data-id=\"59865e9\" data-element_type=\"container\" data-e-type=\"container\">\n\t\t<div class=\"elementor-element elementor-element-83c6f5c e-con-full e-flex e-con e-child\" data-id=\"83c6f5c\" data-element_type=\"container\" data-e-type=\"container\">\n\t\t\t\t<div class=\"elementor-element elementor-element-b40fc8d elementor-widget__width-initial elementor-widget elementor-widget-text-editor\" data-id=\"b40fc8d\" data-element_type=\"widget\" data-e-type=\"widget\" data-widget_type=\"text-editor.default\">\n\t\t\t\t\t\t\t\t\t<p><strong>S\u00fcsswasser ist unverzichtbar f\u00fcr das Leben auf der Erde. Obwohl drei Viertel der Erdoberfl\u00e4che von Wasser bedeckt sind, sind nur 3 % davon S\u00fcsswasser \u2013 und der gr\u00f6sste Teil ist im Eis gebunden. Der Zugang zu Wasser ist weltweit ungleich verteilt.<\/strong><\/p>\t\t\t\t\t\t\t\t<\/div>\n\t\t\t\t<div class=\"elementor-element elementor-element-2050230 elementor-widget__width-initial elementor-widget elementor-widget-text-editor\" data-id=\"2050230\" data-element_type=\"widget\" data-e-type=\"widget\" data-widget_type=\"text-editor.default\">\n\t\t\t\t\t\t\t\t\t<p>Menschliche Aktivit\u00e4ten wie zum Beispiel das Siedlungswachstum und die intensive Landwirtschaft setzen Gew\u00e4sser zunehmend unter Druck und beeintr\u00e4chtigen ihre Qualit\u00e4t.<\/p><p>\u00a0<\/p><p>Die Schweiz verf\u00fcgt \u00fcber reichlich Wasser. Wasser ist jedoch auch f\u00fcr die Produktion unz\u00e4hliger G\u00fcter notwendig. Unser Konsum f\u00fchrt zu einem indirekten Wasserverbrauch (auch virtuelles Wasser genannt), insbesondere im Ausland, oft in Regionen mit knapperen Wasserressourcen.<\/p><p>\u00a0<\/p><p>Das Thema Wasser vereint \u00f6kologische, soziale und wirtschaftliche Fragen der nachhaltigen Entwicklung und er\u00f6ffnet vielf\u00e4ltige, spannende Einstiegsm\u00f6glichkeiten f\u00fcr ein Eco-Schools-Projekt.<\/p>\t\t\t\t\t\t\t\t<\/div>\n\t\t<div class=\"elementor-element elementor-element-3d224a5 e-con-full e-flex e-con e-child\" data-id=\"3d224a5\" data-element_type=\"container\" data-e-type=\"container\" data-settings=\"{&quot;background_background&quot;:&quot;classic&quot;}\">\n\t\t\t\t<div class=\"elementor-element elementor-element-7b3aa22 elementor-widget__width-initial e-transform elementor-widget elementor-widget-text-editor\" data-id=\"7b3aa22\" data-element_type=\"widget\" data-e-type=\"widget\" data-settings=\"{&quot;_transform_scale_effect_hover&quot;:{&quot;unit&quot;:&quot;px&quot;,&quot;size&quot;:0.99,&quot;sizes&quot;:[]},&quot;_transform_scale_effect_hover_tablet&quot;:{&quot;unit&quot;:&quot;px&quot;,&quot;size&quot;:&quot;&quot;,&quot;sizes&quot;:[]},&quot;_transform_scale_effect_hover_mobile&quot;:{&quot;unit&quot;:&quot;px&quot;,&quot;size&quot;:&quot;&quot;,&quot;sizes&quot;:[]}}\" data-widget_type=\"text-editor.default\">\n\t\t\t\t\t\t\t\t\t<p>Ideen f\u00fcr gesamtschulische Projekte:<\/p>\t\t\t\t\t\t\t\t<\/div>\n\t\t\t\t<div class=\"elementor-element elementor-element-f2ab0a0 elementor-widget elementor-widget-text-editor\" data-id=\"f2ab0a0\" data-element_type=\"widget\" data-e-type=\"widget\" data-widget_type=\"text-editor.default\">\n\t\t\t\t\t\t\t\t\t<p>Das virtuelle Wasser, das ben\u00f6tigt wurde, um Alltagsprodukte an der Schule herzustellen, und damit verbundene Auswirkungen auf Wasserressourcen und Wasserqualit\u00e4t unter die Lupe nehmen.<\/p>\t\t\t\t\t\t\t\t<\/div>\n\t\t\t\t<div class=\"elementor-element elementor-element-0bab8c4 elementor-widget elementor-widget-text-editor\" data-id=\"0bab8c4\" data-element_type=\"widget\" data-e-type=\"widget\" data-widget_type=\"text-editor.default\">\n\t\t\t\t\t\t\t\t\t<p>\u00dcberlegen, wie die Schulgemeinschaft durch bewussten Konsum Wasserressourcen und ihre Qualit\u00e4t schonen kann (z. B. durch die Wahl nachhaltig produzierter Lebensmittel, das Sammeln von Regenwasser, das Nutzen umweltfreundlicher Reinigungsmittel oder den Wechsel von Flaschen- auf Leitungswasser).<\/p>\t\t\t\t\t\t\t\t<\/div>\n\t\t\t\t<div class=\"elementor-element elementor-element-c5bd3b5 elementor-widget elementor-widget-text-editor\" data-id=\"c5bd3b5\" data-element_type=\"widget\" data-e-type=\"widget\" data-widget_type=\"text-editor.default\">\n\t\t\t\t\t\t\t\t\t<p>Einen Miniteich, T\u00fcmpel oder ein Sumpfbeet auf dem Schulareal anlegen, um Lebensraum f\u00fcr einheimische Tier und Pflanzenarten zu schaffen.<\/p>\t\t\t\t\t\t\t\t<\/div>\n\t\t\t\t<div class=\"elementor-element elementor-element-84b9fbc elementor-widget elementor-widget-text-editor\" data-id=\"84b9fbc\" data-element_type=\"widget\" data-e-type=\"widget\" data-widget_type=\"text-editor.default\">\n\t\t\t\t\t\t\t\t\t<p>Zu Themen wie Wasserknappheit, Zugang zu sauberem Wasser und Wasserverschmutzung in Klassenprojekten recherchieren und die Ergebnisse in einer Schul-Ausstellung pr\u00e4sentieren.<\/p>\t\t\t\t\t\t\t\t<\/div>\n\t\t\t\t<div class=\"elementor-element elementor-element-0ba891d elementor-widget elementor-widget-text-editor\" data-id=\"0ba891d\" data-element_type=\"widget\" data-e-type=\"widget\" data-widget_type=\"text-editor.default\">\n\t\t\t\t\t\t\t\t\t<p>Die Wasserqualit\u00e4t und Nutzung eines nahegelegenen Gew\u00e4ssers erforschen und die Erkenntnisse z. B. in einem Dokumentarfilm festhalten.<\/p>\t\t\t\t\t\t\t\t<\/div>\n\t\t\t\t<div class=\"elementor-element elementor-element-98bf443 elementor-widget elementor-widget-text-editor\" data-id=\"98bf443\" data-element_type=\"widget\" data-e-type=\"widget\" data-widget_type=\"text-editor.default\">\n\t\t\t\t\t\t\t\t\t<p>Wasser in verschiedenen F\u00e4chern und mit allen Sinnen erkunden \u2013 durch Musik, Gestalten, Sprache, Naturwissenschaften, Geschichte, Bewegung usw.<\/p>\t\t\t\t\t\t\t\t<\/div>\n\t\t\t\t<\/div>\n\t\t\t\t<\/div>\n\t\t<div class=\"elementor-element elementor-element-3566a4e e-con-full e-flex e-con e-child\" data-id=\"3566a4e\" data-element_type=\"container\" data-e-type=\"container\">\n\t\t\t\t<div class=\"elementor-element elementor-element-413e853 elementor-widget__width-initial elementor-widget elementor-widget-image\" data-id=\"413e853\" data-element_type=\"widget\" data-e-type=\"widget\" data-widget_type=\"image.default\">\n\t\t\t\t\t\t\t\t\t\t\t\t\t\t\t<img decoding=\"async\" width=\"200\" height=\"185\" src=\"https:\/\/jmp-ch.org\/wp-content\/uploads\/2024\/11\/logo-eau-200x185-1.jpg\" class=\"attachment-full size-full wp-image-37113\" alt=\"\" \/>\t\t\t\t\t\t\t\t\t\t\t\t\t\t\t<\/div>\n\t\t\t\t<div class=\"elementor-element elementor-element-5202a84 elementor-widget elementor-widget-image\" data-id=\"5202a84\" data-element_type=\"widget\" data-e-type=\"widget\" data-widget_type=\"image.default\">\n\t\t\t\t\t\t\t\t\t\t\t\t\t\t\t<img fetchpriority=\"high\" decoding=\"async\" width=\"800\" height=\"472\" src=\"https:\/\/jmp-ch.org\/wp-content\/uploads\/2025\/01\/Activite_Fonte_neige_Page_2-1024x604.jpg\" class=\"attachment-large size-large wp-image-40601\" alt=\"\" srcset=\"https:\/\/jmp-ch.org\/wp-content\/uploads\/2025\/01\/Activite_Fonte_neige_Page_2-1024x604.jpg 1024w, https:\/\/jmp-ch.org\/wp-content\/uploads\/2025\/01\/Activite_Fonte_neige_Page_2-300x177.jpg 300w, https:\/\/jmp-ch.org\/wp-content\/uploads\/2025\/01\/Activite_Fonte_neige_Page_2-768x453.jpg 768w, https:\/\/jmp-ch.org\/wp-content\/uploads\/2025\/01\/Activite_Fonte_neige_Page_2-1536x906.jpg 1536w, https:\/\/jmp-ch.org\/wp-content\/uploads\/2025\/01\/Activite_Fonte_neige_Page_2-2048x1208.jpg 2048w\" sizes=\"(max-width: 800px) 100vw, 800px\" \/>\t\t\t\t\t\t\t\t\t\t\t\t\t\t\t<\/div>\n\t\t<div class=\"elementor-element elementor-element-0946dd3 e-con-full e-flex e-con e-child\" data-id=\"0946dd3\" data-element_type=\"container\" data-e-type=\"container\" data-settings=\"{&quot;background_background&quot;:&quot;classic&quot;}\">\n\t\t\t\t<div class=\"elementor-element elementor-element-6e9c584 elementor-widget__width-initial e-transform elementor-widget-mobile__width-inherit elementor-widget elementor-widget-text-editor\" data-id=\"6e9c584\" data-element_type=\"widget\" data-e-type=\"widget\" data-settings=\"{&quot;_transform_scale_effect_hover&quot;:{&quot;unit&quot;:&quot;px&quot;,&quot;size&quot;:0.99,&quot;sizes&quot;:[]},&quot;_transform_scale_effect_hover_tablet&quot;:{&quot;unit&quot;:&quot;px&quot;,&quot;size&quot;:&quot;&quot;,&quot;sizes&quot;:[]},&quot;_transform_scale_effect_hover_mobile&quot;:{&quot;unit&quot;:&quot;px&quot;,&quot;size&quot;:&quot;&quot;,&quot;sizes&quot;:[]}}\" data-widget_type=\"text-editor.default\">\n\t\t\t\t\t\t\t\t\t<p>M\u00f6gliche Bez\u00fcge zum Lehrplan 21:<\/p>\t\t\t\t\t\t\t\t<\/div>\n\t\t\t\t<div class=\"elementor-element elementor-element-094cc8d elementor-widget-mobile__width-inherit elementor-widget elementor-widget-text-editor\" data-id=\"094cc8d\" data-element_type=\"widget\" data-e-type=\"widget\" data-widget_type=\"text-editor.default\">\n\t\t\t\t\t\t\t\t\t<p><strong>Natur, Mensch, Gesellschaft<br \/><\/strong>NMG.2.2, NMG.2.6, NMG.6.3.a, NMG.6.5.h,<br \/>NMG.7.4.e, NMG.8.2.c, NMG.8.3.e<\/p>\t\t\t\t\t\t\t\t<\/div>\n\t\t\t\t<div class=\"elementor-element elementor-element-c333bd4 elementor-widget elementor-widget-text-editor\" data-id=\"c333bd4\" data-element_type=\"widget\" data-e-type=\"widget\" data-widget_type=\"text-editor.default\">\n\t\t\t\t\t\t\t\t\t<p><strong>Natur und Technik<br \/><\/strong>NT.3.3, NT.9.1, NT.9.2, NT.9.3<\/p>\t\t\t\t\t\t\t\t<\/div>\n\t\t\t\t<div class=\"elementor-element elementor-element-1688e1b elementor-widget elementor-widget-text-editor\" data-id=\"1688e1b\" data-element_type=\"widget\" data-e-type=\"widget\" data-widget_type=\"text-editor.default\">\n\t\t\t\t\t\t\t\t\t<p><strong>Wirtschaft, Arbeit, Haushalt<br \/><\/strong>WAH.3.2, WAH.3.3, WAH.4.5.a<\/p>\t\t\t\t\t\t\t\t<\/div>\n\t\t\t\t<div class=\"elementor-element elementor-element-55ea4f0 elementor-widget elementor-widget-text-editor\" data-id=\"55ea4f0\" data-element_type=\"widget\" data-e-type=\"widget\" data-widget_type=\"text-editor.default\">\n\t\t\t\t\t\t\t\t\t<p><strong>R\u00e4ume, Zeiten, Gesellschaften<br \/><\/strong>RZG.1.4, RZG.3.1, RZG.3.2.c<\/p>\t\t\t\t\t\t\t\t<\/div>\n\t\t\t\t<div class=\"elementor-element elementor-element-43a012d elementor-widget elementor-widget-text-editor\" data-id=\"43a012d\" data-element_type=\"widget\" data-e-type=\"widget\" data-widget_type=\"text-editor.default\">\n\t\t\t\t\t\t\t\t\t<p><strong>Textiles und Technisches Gestalten<br \/><\/strong>TTG.2.B.1.5b<\/p>\t\t\t\t\t\t\t\t<\/div>\n\t\t\t\t<\/div>\n\t\t\t\t<\/div>\n\t\t\t\t<\/div>\n\t\t\t\t\t<\/div>\n\t\t\t\t<\/div>\n\t\t\t\t\t<\/div>\n\t\t\t\t<\/div>\n\t\t\t\t<\/div>\n\t\t","protected":false},"excerpt":{"rendered":"<p>S\u00fcsswasser ist unverzichtbar f\u00fcr das Leben auf der Erde. Obwohl drei Viertel der Erdoberfl\u00e4che von Wasser bedeckt sind, sind nur 3 % davon S\u00fcsswasser \u2013 und der gr\u00f6sste Teil ist im Eis gebunden. Der Zugang zu Wasser ist weltweit ungleich verteilt. Menschliche Aktivit\u00e4ten wie zum Beispiel das Siedlungswachstum und die intensive Landwirtschaft setzen Gew\u00e4sser zunehmend [&hellip;]<\/p>\n","protected":false},"author":5,"featured_media":0,"parent":43077,"menu_order":0,"comment_status":"closed","ping_status":"closed","template":"","meta":{"iawp_total_views":37,"footnotes":""},"categories":[32],"class_list":["post-43365","page","type-page","status-publish","hentry","category-eco-schools"],"_links":{"self":[{"href":"https:\/\/jmp-ch.org\/de\/wp-json\/wp\/v2\/pages\/43365","targetHints":{"allow":["GET"]}}],"collection":[{"href":"https:\/\/jmp-ch.org\/de\/wp-json\/wp\/v2\/pages"}],"about":[{"href":"https:\/\/jmp-ch.org\/de\/wp-json\/wp\/v2\/types\/page"}],"author":[{"embeddable":true,"href":"https:\/\/jmp-ch.org\/de\/wp-json\/wp\/v2\/users\/5"}],"replies":[{"embeddable":true,"href":"https:\/\/jmp-ch.org\/de\/wp-json\/wp\/v2\/comments?post=43365"}],"version-history":[{"count":10,"href":"https:\/\/jmp-ch.org\/de\/wp-json\/wp\/v2\/pages\/43365\/revisions"}],"predecessor-version":[{"id":50557,"href":"https:\/\/jmp-ch.org\/de\/wp-json\/wp\/v2\/pages\/43365\/revisions\/50557"}],"up":[{"embeddable":true,"href":"https:\/\/jmp-ch.org\/de\/wp-json\/wp\/v2\/pages\/43077"}],"wp:attachment":[{"href":"https:\/\/jmp-ch.org\/de\/wp-json\/wp\/v2\/media?parent=43365"}],"wp:term":[{"taxonomy":"category","embeddable":true,"href":"https:\/\/jmp-ch.org\/de\/wp-json\/wp\/v2\/categories?post=43365"}],"curies":[{"name":"wp","href":"https:\/\/api.w.org\/{rel}","templated":true}]}}