{"id":43407,"date":"2024-12-11T10:07:20","date_gmt":"2024-12-11T09:07:20","guid":{"rendered":"https:\/\/jmp-ch.org\/homepage-eco-schools\/die-sieben-eco-schools-schritte\/schritt-2-durchfuehrung-einer-nachhaltigkeitsanalyse\/"},"modified":"2025-05-15T09:37:12","modified_gmt":"2025-05-15T07:37:12","slug":"schritt-2-durchfuehrung-einer-nachhaltigkeitsanalyse","status":"publish","type":"page","link":"https:\/\/jmp-ch.org\/de\/eco-schools\/die-sieben-eco-schools-schritte\/schritt-2-durchfuehrung-einer-nachhaltigkeitsanalyse\/","title":{"rendered":"Schritt 2: Durchf\u00fchrung einer Nachhaltigkeitsanalyse"},"content":{"rendered":"\t\t<div data-elementor-type=\"wp-page\" data-elementor-id=\"43407\" class=\"elementor elementor-43407 elementor-38824\" data-elementor-post-type=\"page\">\n\t\t\t\t<div class=\"elementor-element elementor-element-27c5896 e-flex e-con-boxed e-con e-parent\" data-id=\"27c5896\" data-element_type=\"container\" data-e-type=\"container\" data-settings=\"{&quot;background_background&quot;:&quot;classic&quot;}\">\n\t\t\t\t\t<div class=\"e-con-inner\">\n\t\t<div class=\"elementor-element elementor-element-d281ddb e-flex e-con-boxed e-con e-child\" data-id=\"d281ddb\" data-element_type=\"container\" data-e-type=\"container\" data-settings=\"{&quot;background_background&quot;:&quot;classic&quot;}\">\n\t\t\t\t\t<div class=\"e-con-inner\">\n\t\t<div class=\"elementor-element elementor-element-aa53ceb e-con-full e-flex e-con e-child\" data-id=\"aa53ceb\" data-element_type=\"container\" data-e-type=\"container\" data-settings=\"{&quot;background_background&quot;:&quot;classic&quot;}\">\n\t\t\t\t<div class=\"elementor-element elementor-element-a8b98da elementor-widget-mobile__width-initial elementor-widget elementor-widget-heading\" data-id=\"a8b98da\" data-element_type=\"widget\" data-e-type=\"widget\" data-widget_type=\"heading.default\">\n\t\t\t\t\t<h4 class=\"elementor-heading-title elementor-size-default\">Schritt 2: Durchf\u00fchrung einer Nachhaltigkeitsanalyse<\/h4>\t\t\t\t<\/div>\n\t\t\t\t<\/div>\n\t\t<div class=\"elementor-element elementor-element-cdda619 e-con-full e-flex e-con e-child\" data-id=\"cdda619\" data-element_type=\"container\" data-e-type=\"container\">\n\t\t<div class=\"elementor-element elementor-element-3b507cb e-con-full e-flex e-con e-child\" data-id=\"3b507cb\" data-element_type=\"container\" data-e-type=\"container\">\n\t\t\t\t<div class=\"elementor-element elementor-element-da56325 elementor-widget__width-initial elementor-widget elementor-widget-text-editor\" data-id=\"da56325\" data-element_type=\"widget\" data-e-type=\"widget\" data-widget_type=\"text-editor.default\">\n\t\t\t\t\t\t\t\t\t<p>Im zweiten Schritt f\u00fchrt die Schulgemeinschaft eine Nachhaltigkeitsanalyse durch. Ziel dieser Analyse ist es, einen \u00dcberblick \u00fcber die Ausgangslage der Schule im Hinblick auf das gew\u00e4hlte Projektthema zu gewinnen, also eine Standortbestimmung vorzunehmen.<\/p><p>Dabei untersucht die Schulgemeinschaft einerseits, wie im Schulalltag mit dem gew\u00e4hlten Thema umgegangen wird, und andererseits, welches Vorwissen bereits vorhanden ist.<\/p><p>Die Ergebnisse der Nachhaltigkeitsanalyse helfen, die Bereiche zu identifizieren, in denen sich die Schule verbessern oder weiterentwickeln m\u00f6chte.<\/p>\t\t\t\t\t\t\t\t<\/div>\n\t\t<div class=\"elementor-element elementor-element-02f5a00 e-con-full e-flex e-con e-child\" data-id=\"02f5a00\" data-element_type=\"container\" data-e-type=\"container\" data-settings=\"{&quot;background_background&quot;:&quot;classic&quot;}\">\n\t\t\t\t<div class=\"elementor-element elementor-element-68055a7 elementor-widget__width-initial e-transform elementor-widget elementor-widget-text-editor\" data-id=\"68055a7\" data-element_type=\"widget\" data-e-type=\"widget\" data-settings=\"{&quot;_transform_scale_effect_hover&quot;:{&quot;unit&quot;:&quot;px&quot;,&quot;size&quot;:0.99,&quot;sizes&quot;:[]},&quot;_transform_scale_effect_hover_tablet&quot;:{&quot;unit&quot;:&quot;px&quot;,&quot;size&quot;:&quot;&quot;,&quot;sizes&quot;:[]},&quot;_transform_scale_effect_hover_mobile&quot;:{&quot;unit&quot;:&quot;px&quot;,&quot;size&quot;:&quot;&quot;,&quot;sizes&quot;:[]}}\" data-widget_type=\"text-editor.default\">\n\t\t\t\t\t\t\t\t\t<p>M\u00f6gliche Bez\u00fcge zum Lehrplan 21<\/p>\t\t\t\t\t\t\t\t<\/div>\n\t\t\t\t<div class=\"elementor-element elementor-element-69ad6f3 elementor-widget elementor-widget-text-editor\" data-id=\"69ad6f3\" data-element_type=\"widget\" data-e-type=\"widget\" data-widget_type=\"text-editor.default\">\n\t\t\t\t\t\t\t\t\t<p><strong>Natur, Mensch Gesellschaft<br \/><\/strong>NMG.2.6.h, NMG.8.3.b, NMG.8.3.e, NMG.11.3.d, NMG.11.4<\/p>\t\t\t\t\t\t\t\t<\/div>\n\t\t\t\t<div class=\"elementor-element elementor-element-8b64451 elementor-widget elementor-widget-text-editor\" data-id=\"8b64451\" data-element_type=\"widget\" data-e-type=\"widget\" data-widget_type=\"text-editor.default\">\n\t\t\t\t\t\t\t\t\t<p><strong>Natur und Technik:\u00a0<\/strong>NT.3.3.c, NT.9.3.a, NT.9.3.b<\/p>\t\t\t\t\t\t\t\t<\/div>\n\t\t\t\t<div class=\"elementor-element elementor-element-0034cdc elementor-widget elementor-widget-text-editor\" data-id=\"0034cdc\" data-element_type=\"widget\" data-e-type=\"widget\" data-widget_type=\"text-editor.default\">\n\t\t\t\t\t\t\t\t\t<p><strong>Wirtschaft, Arbeit, Haushalt: <\/strong>WAH.3.2.a<\/p>\t\t\t\t\t\t\t\t<\/div>\n\t\t\t\t<div class=\"elementor-element elementor-element-b513245 elementor-widget elementor-widget-text-editor\" data-id=\"b513245\" data-element_type=\"widget\" data-e-type=\"widget\" data-widget_type=\"text-editor.default\">\n\t\t\t\t\t\t\t\t\t<p><strong>R\u00e4ume, Zeiten, Gesellschaften:\u00a0<\/strong>RZG.1.4.c<\/p>\t\t\t\t\t\t\t\t<\/div>\n\t\t\t\t<div class=\"elementor-element elementor-element-06087e4 elementor-widget elementor-widget-text-editor\" data-id=\"06087e4\" data-element_type=\"widget\" data-e-type=\"widget\" data-widget_type=\"text-editor.default\">\n\t\t\t\t\t\t\t\t\t<p><strong>Ethik, Religionen, Gemeinschaft:\u00a0<\/strong>ERG.2.2.a<\/p>\t\t\t\t\t\t\t\t<\/div>\n\t\t\t\t<div class=\"elementor-element elementor-element-cc53e9e elementor-widget elementor-widget-text-editor\" data-id=\"cc53e9e\" data-element_type=\"widget\" data-e-type=\"widget\" data-widget_type=\"text-editor.default\">\n\t\t\t\t\t\t\t\t\t<p><strong><a href=\"https:\/\/www.education21.ch\/de\/bne-kompetenzen\" target=\"_blank\" rel=\"noopener\"><span style=\"text-decoration: underline;\">Gef\u00f6rderte BNE-Kompetenzen:<\/span><\/a>\u00a0<\/strong>Wissen, Systeme, Perspektiven, Werte<\/p>\t\t\t\t\t\t\t\t<\/div>\n\t\t\t\t<\/div>\n\t\t\t\t<\/div>\n\t\t<div class=\"elementor-element elementor-element-5c36386 e-con-full e-flex e-con e-child\" data-id=\"5c36386\" data-element_type=\"container\" data-e-type=\"container\">\n\t\t\t\t<div class=\"elementor-element elementor-element-5101e8b elementor-widget elementor-widget-image\" data-id=\"5101e8b\" data-element_type=\"widget\" data-e-type=\"widget\" data-widget_type=\"image.default\">\n\t\t\t\t\t\t\t\t\t\t\t\t\t\t\t<img fetchpriority=\"high\" decoding=\"async\" width=\"768\" height=\"625\" src=\"https:\/\/jmp-ch.org\/wp-content\/uploads\/2024\/12\/DSC08764-768x625.jpg\" class=\"attachment-medium_large size-medium_large wp-image-38899\" alt=\"\" srcset=\"https:\/\/jmp-ch.org\/wp-content\/uploads\/2024\/12\/DSC08764-768x625.jpg 768w, https:\/\/jmp-ch.org\/wp-content\/uploads\/2024\/12\/DSC08764-300x244.jpg 300w, https:\/\/jmp-ch.org\/wp-content\/uploads\/2024\/12\/DSC08764-1024x834.jpg 1024w, https:\/\/jmp-ch.org\/wp-content\/uploads\/2024\/12\/DSC08764-1536x1250.jpg 1536w, https:\/\/jmp-ch.org\/wp-content\/uploads\/2024\/12\/DSC08764.jpg 2048w\" sizes=\"(max-width: 768px) 100vw, 768px\" \/>\t\t\t\t\t\t\t\t\t\t\t\t\t\t\t<\/div>\n\t\t\t\t<\/div>\n\t\t\t\t<\/div>\n\t\t\t\t\t<\/div>\n\t\t\t\t<\/div>\n\t\t\t\t\t<\/div>\n\t\t\t\t<\/div>\n\t\t\t\t<\/div>\n\t\t","protected":false},"excerpt":{"rendered":"<p>Im zweiten Schritt f\u00fchrt die Schulgemeinschaft eine Nachhaltigkeitsanalyse durch. Ziel dieser Analyse ist es, einen \u00dcberblick \u00fcber die Ausgangslage der Schule im Hinblick auf das gew\u00e4hlte Projektthema zu gewinnen, also eine Standortbestimmung vorzunehmen. Dabei untersucht die Schulgemeinschaft einerseits, wie im Schulalltag mit dem gew\u00e4hlten Thema umgegangen wird, und andererseits, welches Vorwissen bereits vorhanden ist. Die [&hellip;]<\/p>\n","protected":false},"author":5,"featured_media":0,"parent":43055,"menu_order":0,"comment_status":"closed","ping_status":"closed","template":"","meta":{"iawp_total_views":28,"footnotes":""},"categories":[32],"class_list":["post-43407","page","type-page","status-publish","hentry","category-eco-schools"],"_links":{"self":[{"href":"https:\/\/jmp-ch.org\/de\/wp-json\/wp\/v2\/pages\/43407","targetHints":{"allow":["GET"]}}],"collection":[{"href":"https:\/\/jmp-ch.org\/de\/wp-json\/wp\/v2\/pages"}],"about":[{"href":"https:\/\/jmp-ch.org\/de\/wp-json\/wp\/v2\/types\/page"}],"author":[{"embeddable":true,"href":"https:\/\/jmp-ch.org\/de\/wp-json\/wp\/v2\/users\/5"}],"replies":[{"embeddable":true,"href":"https:\/\/jmp-ch.org\/de\/wp-json\/wp\/v2\/comments?post=43407"}],"version-history":[{"count":22,"href":"https:\/\/jmp-ch.org\/de\/wp-json\/wp\/v2\/pages\/43407\/revisions"}],"predecessor-version":[{"id":50561,"href":"https:\/\/jmp-ch.org\/de\/wp-json\/wp\/v2\/pages\/43407\/revisions\/50561"}],"up":[{"embeddable":true,"href":"https:\/\/jmp-ch.org\/de\/wp-json\/wp\/v2\/pages\/43055"}],"wp:attachment":[{"href":"https:\/\/jmp-ch.org\/de\/wp-json\/wp\/v2\/media?parent=43407"}],"wp:term":[{"taxonomy":"category","embeddable":true,"href":"https:\/\/jmp-ch.org\/de\/wp-json\/wp\/v2\/categories?post=43407"}],"curies":[{"name":"wp","href":"https:\/\/api.w.org\/{rel}","templated":true}]}}