{"id":43416,"date":"2024-12-11T10:13:34","date_gmt":"2024-12-11T09:13:34","guid":{"rendered":"https:\/\/jmp-ch.org\/homepage-eco-schools\/die-sieben-eco-schools-schritte\/schritt-3-erstellen-eines-aktionsplans\/"},"modified":"2026-01-21T14:35:03","modified_gmt":"2026-01-21T13:35:03","slug":"schritt-3-erstellen-eines-aktionsplans","status":"publish","type":"page","link":"https:\/\/jmp-ch.org\/de\/eco-schools\/die-sieben-eco-schools-schritte\/schritt-3-erstellen-eines-aktionsplans\/","title":{"rendered":"Schritt 3: Erstellen eines Aktionsplans"},"content":{"rendered":"\t\t<div data-elementor-type=\"wp-page\" data-elementor-id=\"43416\" class=\"elementor elementor-43416 elementor-38829\" data-elementor-post-type=\"page\">\n\t\t\t\t<div class=\"elementor-element elementor-element-27c5896 e-flex e-con-boxed e-con e-parent\" data-id=\"27c5896\" data-element_type=\"container\" data-e-type=\"container\" data-settings=\"{&quot;background_background&quot;:&quot;classic&quot;}\">\n\t\t\t\t\t<div class=\"e-con-inner\">\n\t\t<div class=\"elementor-element elementor-element-d281ddb e-flex e-con-boxed e-con e-child\" data-id=\"d281ddb\" data-element_type=\"container\" data-e-type=\"container\" data-settings=\"{&quot;background_background&quot;:&quot;classic&quot;}\">\n\t\t\t\t\t<div class=\"e-con-inner\">\n\t\t<div class=\"elementor-element elementor-element-aa53ceb e-con-full e-flex e-con e-child\" data-id=\"aa53ceb\" data-element_type=\"container\" data-e-type=\"container\" data-settings=\"{&quot;background_background&quot;:&quot;classic&quot;}\">\n\t\t\t\t<div class=\"elementor-element elementor-element-a8b98da elementor-widget-mobile__width-initial elementor-widget elementor-widget-heading\" data-id=\"a8b98da\" data-element_type=\"widget\" data-e-type=\"widget\" data-widget_type=\"heading.default\">\n\t\t\t\t\t<h4 class=\"elementor-heading-title elementor-size-default\">Schritt 3: Erstellen eines Aktionsplans<\/h4>\t\t\t\t<\/div>\n\t\t\t\t<\/div>\n\t\t<div class=\"elementor-element elementor-element-cdda619 e-con-full e-flex e-con e-child\" data-id=\"cdda619\" data-element_type=\"container\" data-e-type=\"container\">\n\t\t<div class=\"elementor-element elementor-element-3b507cb e-con-full e-flex e-con e-child\" data-id=\"3b507cb\" data-element_type=\"container\" data-e-type=\"container\">\n\t\t\t\t<div class=\"elementor-element elementor-element-da56325 elementor-widget__width-initial elementor-widget elementor-widget-text-editor\" data-id=\"da56325\" data-element_type=\"widget\" data-e-type=\"widget\" data-widget_type=\"text-editor.default\">\n\t\t\t\t\t\t\t\t\t<p>Basierend auf den Ergebnissen der Nachhaltigkeitsanalyse erarbeitet die Schulgemeinschaft einen Aktionsplan. Dieser Plan legt die Ziele und Massnahmen fest, wie die Schule in Bezug auf das Projektthema aktiv werden und sich weiterentwickeln m\u00f6chte.<\/p><p>Der Aktionsplan enth\u00e4lt praktische Massnahmen zur nachhaltigeren Gestaltung des Schulbetriebs. Diese Massnahmen werden mit Bildungs- und Kommunikationsaktivit\u00e4ten verkn\u00fcpft.<\/p><p>Die Sch\u00fclerinnen und Sch\u00fcler erwerben dabei die n\u00f6tigen Kompetenzen, um ihre Ideen f\u00fcr eine nachhaltige Entwicklung im Zusammenhang mit ihrem Projektthema an der Schule zu entwerfen und umzusetzen.<\/p>\t\t\t\t\t\t\t\t<\/div>\n\t\t<div class=\"elementor-element elementor-element-02f5a00 e-con-full e-flex e-con e-child\" data-id=\"02f5a00\" data-element_type=\"container\" data-e-type=\"container\" data-settings=\"{&quot;background_background&quot;:&quot;classic&quot;}\">\n\t\t\t\t<div class=\"elementor-element elementor-element-68055a7 elementor-widget__width-initial e-transform elementor-widget elementor-widget-text-editor\" data-id=\"68055a7\" data-element_type=\"widget\" data-e-type=\"widget\" data-settings=\"{&quot;_transform_scale_effect_hover&quot;:{&quot;unit&quot;:&quot;px&quot;,&quot;size&quot;:0.99,&quot;sizes&quot;:[]},&quot;_transform_scale_effect_hover_tablet&quot;:{&quot;unit&quot;:&quot;px&quot;,&quot;size&quot;:&quot;&quot;,&quot;sizes&quot;:[]},&quot;_transform_scale_effect_hover_mobile&quot;:{&quot;unit&quot;:&quot;px&quot;,&quot;size&quot;:&quot;&quot;,&quot;sizes&quot;:[]}}\" data-widget_type=\"text-editor.default\">\n\t\t\t\t\t\t\t\t\t<p>M\u00f6gliche Bez\u00fcge zum Lehrplan 21<\/p>\t\t\t\t\t\t\t\t<\/div>\n\t\t\t\t<div class=\"elementor-element elementor-element-69ad6f3 elementor-widget elementor-widget-text-editor\" data-id=\"69ad6f3\" data-element_type=\"widget\" data-e-type=\"widget\" data-widget_type=\"text-editor.default\">\n\t\t\t\t\t\t\t\t\t<p><strong>Natur, Mensch, Gesellschaft:\u00a0<\/strong>NMG.2.6.h, NMG.8.3.c, NMG.8.3.e, NMG.11.3.d<\/p>\t\t\t\t\t\t\t\t<\/div>\n\t\t\t\t<div class=\"elementor-element elementor-element-691d073 elementor-widget elementor-widget-text-editor\" data-id=\"691d073\" data-element_type=\"widget\" data-e-type=\"widget\" data-widget_type=\"text-editor.default\">\n\t\t\t\t\t\t\t\t\t<p><strong>Natur und Technik:\u00a0<\/strong>NT.9.3.c<\/p>\t\t\t\t\t\t\t\t<\/div>\n\t\t\t\t<div class=\"elementor-element elementor-element-8b64451 elementor-widget elementor-widget-text-editor\" data-id=\"8b64451\" data-element_type=\"widget\" data-e-type=\"widget\" data-widget_type=\"text-editor.default\">\n\t\t\t\t\t\t\t\t\t<p><strong>Wirtschaft, Arbeit, Haushalt:\u00a0<\/strong>WAH.3.3<\/p>\t\t\t\t\t\t\t\t<\/div>\n\t\t\t\t<div class=\"elementor-element elementor-element-0034cdc elementor-widget elementor-widget-text-editor\" data-id=\"0034cdc\" data-element_type=\"widget\" data-e-type=\"widget\" data-widget_type=\"text-editor.default\">\n\t\t\t\t\t\t\t\t\t<p><strong>R\u00e4ume, Zeiten, Gesellschaften:\u00a0<\/strong>RZG.1.4.c, RZG.3.1.e<\/p>\t\t\t\t\t\t\t\t<\/div>\n\t\t\t\t<div class=\"elementor-element elementor-element-3737ccf elementor-widget elementor-widget-text-editor\" data-id=\"3737ccf\" data-element_type=\"widget\" data-e-type=\"widget\" data-widget_type=\"text-editor.default\">\n\t\t\t\t\t\t\t\t\t<p><strong><span style=\"text-decoration: underline;\"><a href=\"https:\/\/www.education21.ch\/de\/bne-kompetenzen\" target=\"_blank\" rel=\"noopener\">Gef\u00f6rderte BNE-Kompetenzen:<\/a><\/span>\u00a0<\/strong>Antizipation, Kreativit\u00e4t, Kooperation, Partizipation, Verantwortung, Werte, Handeln<\/p>\t\t\t\t\t\t\t\t<\/div>\n\t\t\t\t<\/div>\n\t\t\t\t<\/div>\n\t\t<div class=\"elementor-element elementor-element-5c36386 e-con-full e-flex e-con e-child\" data-id=\"5c36386\" data-element_type=\"container\" data-e-type=\"container\">\n\t\t\t\t<div class=\"elementor-element elementor-element-5101e8b elementor-widget elementor-widget-image\" data-id=\"5101e8b\" data-element_type=\"widget\" data-e-type=\"widget\" data-widget_type=\"image.default\">\n\t\t\t\t\t\t\t\t\t\t\t\t\t\t\t<img fetchpriority=\"high\" decoding=\"async\" width=\"750\" height=\"1024\" src=\"https:\/\/jmp-ch.org\/wp-content\/uploads\/2026\/01\/Etape3-750x1024.jpg\" class=\"attachment-large size-large wp-image-54987\" alt=\"\" srcset=\"https:\/\/jmp-ch.org\/wp-content\/uploads\/2026\/01\/Etape3-750x1024.jpg 750w, https:\/\/jmp-ch.org\/wp-content\/uploads\/2026\/01\/Etape3-220x300.jpg 220w, https:\/\/jmp-ch.org\/wp-content\/uploads\/2026\/01\/Etape3-768x1049.jpg 768w, https:\/\/jmp-ch.org\/wp-content\/uploads\/2026\/01\/Etape3-1125x1536.jpg 1125w, https:\/\/jmp-ch.org\/wp-content\/uploads\/2026\/01\/Etape3.jpg 1406w\" sizes=\"(max-width: 750px) 100vw, 750px\" \/>\t\t\t\t\t\t\t\t\t\t\t\t\t\t\t<\/div>\n\t\t\t\t<\/div>\n\t\t\t\t<\/div>\n\t\t\t\t\t<\/div>\n\t\t\t\t<\/div>\n\t\t\t\t\t<\/div>\n\t\t\t\t<\/div>\n\t\t\t\t<\/div>\n\t\t","protected":false},"excerpt":{"rendered":"<p>Basierend auf den Ergebnissen der Nachhaltigkeitsanalyse erarbeitet die Schulgemeinschaft einen Aktionsplan. Dieser Plan legt die Ziele und Massnahmen fest, wie die Schule in Bezug auf das Projektthema aktiv werden und sich weiterentwickeln m\u00f6chte. Der Aktionsplan enth\u00e4lt praktische Massnahmen zur nachhaltigeren Gestaltung des Schulbetriebs. Diese Massnahmen werden mit Bildungs- und Kommunikationsaktivit\u00e4ten verkn\u00fcpft. Die Sch\u00fclerinnen und Sch\u00fcler [&hellip;]<\/p>\n","protected":false},"author":5,"featured_media":0,"parent":43055,"menu_order":0,"comment_status":"closed","ping_status":"closed","template":"","meta":{"iawp_total_views":26,"footnotes":""},"categories":[],"class_list":["post-43416","page","type-page","status-publish","hentry"],"_links":{"self":[{"href":"https:\/\/jmp-ch.org\/de\/wp-json\/wp\/v2\/pages\/43416","targetHints":{"allow":["GET"]}}],"collection":[{"href":"https:\/\/jmp-ch.org\/de\/wp-json\/wp\/v2\/pages"}],"about":[{"href":"https:\/\/jmp-ch.org\/de\/wp-json\/wp\/v2\/types\/page"}],"author":[{"embeddable":true,"href":"https:\/\/jmp-ch.org\/de\/wp-json\/wp\/v2\/users\/5"}],"replies":[{"embeddable":true,"href":"https:\/\/jmp-ch.org\/de\/wp-json\/wp\/v2\/comments?post=43416"}],"version-history":[{"count":22,"href":"https:\/\/jmp-ch.org\/de\/wp-json\/wp\/v2\/pages\/43416\/revisions"}],"predecessor-version":[{"id":54993,"href":"https:\/\/jmp-ch.org\/de\/wp-json\/wp\/v2\/pages\/43416\/revisions\/54993"}],"up":[{"embeddable":true,"href":"https:\/\/jmp-ch.org\/de\/wp-json\/wp\/v2\/pages\/43055"}],"wp:attachment":[{"href":"https:\/\/jmp-ch.org\/de\/wp-json\/wp\/v2\/media?parent=43416"}],"wp:term":[{"taxonomy":"category","embeddable":true,"href":"https:\/\/jmp-ch.org\/de\/wp-json\/wp\/v2\/categories?post=43416"}],"curies":[{"name":"wp","href":"https:\/\/api.w.org\/{rel}","templated":true}]}}