{"id":43427,"date":"2024-12-11T10:22:06","date_gmt":"2024-12-11T09:22:06","guid":{"rendered":"https:\/\/jmp-ch.org\/homepage-eco-schools\/die-sieben-eco-schools-schritte\/schritt-4-ueberpruefen-und-evaluieren\/"},"modified":"2026-01-21T14:37:00","modified_gmt":"2026-01-21T13:37:00","slug":"schritt-4-ueberpruefen-und-evaluieren","status":"publish","type":"page","link":"https:\/\/jmp-ch.org\/de\/eco-schools\/die-sieben-eco-schools-schritte\/schritt-4-ueberpruefen-und-evaluieren\/","title":{"rendered":"Schritt 4: \u00dcberpr\u00fcfen und evaluieren"},"content":{"rendered":"\t\t<div data-elementor-type=\"wp-page\" data-elementor-id=\"43427\" class=\"elementor elementor-43427 elementor-38834\" data-elementor-post-type=\"page\">\n\t\t\t\t<div class=\"elementor-element elementor-element-27c5896 e-flex e-con-boxed e-con e-parent\" data-id=\"27c5896\" data-element_type=\"container\" data-e-type=\"container\" data-settings=\"{&quot;background_background&quot;:&quot;classic&quot;}\">\n\t\t\t\t\t<div class=\"e-con-inner\">\n\t\t<div class=\"elementor-element elementor-element-d281ddb e-flex e-con-boxed e-con e-child\" data-id=\"d281ddb\" data-element_type=\"container\" data-e-type=\"container\" data-settings=\"{&quot;background_background&quot;:&quot;classic&quot;}\">\n\t\t\t\t\t<div class=\"e-con-inner\">\n\t\t<div class=\"elementor-element elementor-element-aa53ceb e-con-full e-flex e-con e-child\" data-id=\"aa53ceb\" data-element_type=\"container\" data-e-type=\"container\" data-settings=\"{&quot;background_background&quot;:&quot;classic&quot;}\">\n\t\t\t\t<div class=\"elementor-element elementor-element-a8b98da elementor-widget-mobile__width-initial elementor-widget elementor-widget-heading\" data-id=\"a8b98da\" data-element_type=\"widget\" data-e-type=\"widget\" data-widget_type=\"heading.default\">\n\t\t\t\t\t<h4 class=\"elementor-heading-title elementor-size-default\">Schritt 4: \u00dcberpr\u00fcfen und evaluieren<\/h4>\t\t\t\t<\/div>\n\t\t\t\t<\/div>\n\t\t<div class=\"elementor-element elementor-element-cdda619 e-con-full e-flex e-con e-child\" data-id=\"cdda619\" data-element_type=\"container\" data-e-type=\"container\">\n\t\t<div class=\"elementor-element elementor-element-3b507cb e-con-full e-flex e-con e-child\" data-id=\"3b507cb\" data-element_type=\"container\" data-e-type=\"container\">\n\t\t\t\t<div class=\"elementor-element elementor-element-da56325 elementor-widget__width-initial elementor-widget elementor-widget-text-editor\" data-id=\"da56325\" data-element_type=\"widget\" data-e-type=\"widget\" data-widget_type=\"text-editor.default\">\n\t\t\t\t\t\t\t\t\t<p>Schon bei der Erstellung des Aktionsplans plant die Schule, wie sie die Fortschritte des Eco-Schools-Projekts \u00fcberpr\u00fcfen wird.<\/p><p>Die \u00dcberpr\u00fcfung stellt sicher, dass die Massnahmen die gew\u00fcnschte Wirkung haben und die Fortschritte w\u00e4hrend des Projekts sichtbar gemacht und gemeinsam reflektiert werden k\u00f6nnen.<\/p><p>Am Ende des Projekts bewertet die Schulgemeinschaft, inwieweit die im Aktionsplan festgelegten Ziele erreicht wurden, und zieht eine abschliessende Bilanz.<\/p>\t\t\t\t\t\t\t\t<\/div>\n\t\t<div class=\"elementor-element elementor-element-b8e40b8 e-grid e-con-full e-con e-child\" data-id=\"b8e40b8\" data-element_type=\"container\" data-e-type=\"container\">\n\t\t<div class=\"elementor-element elementor-element-02f5a00 e-con-full e-flex e-con e-child\" data-id=\"02f5a00\" data-element_type=\"container\" data-e-type=\"container\" data-settings=\"{&quot;background_background&quot;:&quot;classic&quot;}\">\n\t\t\t\t<div class=\"elementor-element elementor-element-68055a7 elementor-widget__width-initial e-transform elementor-widget elementor-widget-text-editor\" data-id=\"68055a7\" data-element_type=\"widget\" data-e-type=\"widget\" data-settings=\"{&quot;_transform_scale_effect_hover&quot;:{&quot;unit&quot;:&quot;px&quot;,&quot;size&quot;:0.99,&quot;sizes&quot;:[]},&quot;_transform_scale_effect_hover_tablet&quot;:{&quot;unit&quot;:&quot;px&quot;,&quot;size&quot;:&quot;&quot;,&quot;sizes&quot;:[]},&quot;_transform_scale_effect_hover_mobile&quot;:{&quot;unit&quot;:&quot;px&quot;,&quot;size&quot;:&quot;&quot;,&quot;sizes&quot;:[]}}\" data-widget_type=\"text-editor.default\">\n\t\t\t\t\t\t\t\t\t<p>M\u00f6gliche Bez\u00fcge zum Lehrplan 21<\/p>\t\t\t\t\t\t\t\t<\/div>\n\t\t\t\t<div class=\"elementor-element elementor-element-69ad6f3 elementor-widget elementor-widget-text-editor\" data-id=\"69ad6f3\" data-element_type=\"widget\" data-e-type=\"widget\" data-widget_type=\"text-editor.default\">\n\t\t\t\t\t\t\t\t\t<p><strong>Natur, Mensch, Gesellschaft:\u00a0<\/strong>NMG.2.6.e, NMG.8.3.a, NMG.8.3.e<\/p>\t\t\t\t\t\t\t\t<\/div>\n\t\t\t\t<div class=\"elementor-element elementor-element-0034cdc elementor-widget elementor-widget-text-editor\" data-id=\"0034cdc\" data-element_type=\"widget\" data-e-type=\"widget\" data-widget_type=\"text-editor.default\">\n\t\t\t\t\t\t\t\t\t<p><strong>Natur und Technik:\u00a0<\/strong>NT.9.3.a<\/p>\t\t\t\t\t\t\t\t<\/div>\n\t\t\t\t<div class=\"elementor-element elementor-element-f8179ac elementor-widget elementor-widget-text-editor\" data-id=\"f8179ac\" data-element_type=\"widget\" data-e-type=\"widget\" data-widget_type=\"text-editor.default\">\n\t\t\t\t\t\t\t\t\t<p><strong>R\u00e4ume, Zeiten, Gesellschaften:\u00a0<\/strong>RZG.1.4.e<\/p>\t\t\t\t\t\t\t\t<\/div>\n\t\t\t\t<div class=\"elementor-element elementor-element-de3e1e7 elementor-widget elementor-widget-text-editor\" data-id=\"de3e1e7\" data-element_type=\"widget\" data-e-type=\"widget\" data-widget_type=\"text-editor.default\">\n\t\t\t\t\t\t\t\t\t<p><strong>Mathematik:\u00a0<\/strong>MA.3.C.2<\/p>\t\t\t\t\t\t\t\t<\/div>\n\t\t\t\t<div class=\"elementor-element elementor-element-9c0643f elementor-widget elementor-widget-text-editor\" data-id=\"9c0643f\" data-element_type=\"widget\" data-e-type=\"widget\" data-widget_type=\"text-editor.default\">\n\t\t\t\t\t\t\t\t\t<p><strong><a href=\"https:\/\/www.education21.ch\/de\/bne-kompetenzen\"><span style=\"text-decoration: underline;\">Gef\u00f6rderte BNE-Kompetenzen<\/span>:<\/a>\u00a0<\/strong>Kreativit\u00e4t, Handeln<\/p>\t\t\t\t\t\t\t\t<\/div>\n\t\t\t\t<\/div>\n\t\t\t\t<\/div>\n\t\t\t\t<\/div>\n\t\t<div class=\"elementor-element elementor-element-5c36386 e-con-full e-flex e-con e-child\" data-id=\"5c36386\" data-element_type=\"container\" data-e-type=\"container\">\n\t\t\t\t<div class=\"elementor-element elementor-element-9b8955b elementor-widget elementor-widget-image\" data-id=\"9b8955b\" data-element_type=\"widget\" data-e-type=\"widget\" data-widget_type=\"image.default\">\n\t\t\t\t\t\t\t\t\t\t\t\t\t\t\t<img fetchpriority=\"high\" decoding=\"async\" width=\"800\" height=\"600\" src=\"https:\/\/jmp-ch.org\/wp-content\/uploads\/2026\/01\/Etape4-1024x768.jpeg\" class=\"attachment-large size-large wp-image-54994\" alt=\"\" srcset=\"https:\/\/jmp-ch.org\/wp-content\/uploads\/2026\/01\/Etape4-1024x768.jpeg 1024w, https:\/\/jmp-ch.org\/wp-content\/uploads\/2026\/01\/Etape4-300x225.jpeg 300w, https:\/\/jmp-ch.org\/wp-content\/uploads\/2026\/01\/Etape4-768x576.jpeg 768w, https:\/\/jmp-ch.org\/wp-content\/uploads\/2026\/01\/Etape4-1536x1152.jpeg 1536w, https:\/\/jmp-ch.org\/wp-content\/uploads\/2026\/01\/Etape4.jpeg 2048w\" sizes=\"(max-width: 800px) 100vw, 800px\" \/>\t\t\t\t\t\t\t\t\t\t\t\t\t\t\t<\/div>\n\t\t\t\t<\/div>\n\t\t\t\t<\/div>\n\t\t\t\t\t<\/div>\n\t\t\t\t<\/div>\n\t\t\t\t\t<\/div>\n\t\t\t\t<\/div>\n\t\t\t\t<\/div>\n\t\t","protected":false},"excerpt":{"rendered":"<p>Schon bei der Erstellung des Aktionsplans plant die Schule, wie sie die Fortschritte des Eco-Schools-Projekts \u00fcberpr\u00fcfen wird. Die \u00dcberpr\u00fcfung stellt sicher, dass die Massnahmen die gew\u00fcnschte Wirkung haben und die Fortschritte w\u00e4hrend des Projekts sichtbar gemacht und gemeinsam reflektiert werden k\u00f6nnen. Am Ende des Projekts bewertet die Schulgemeinschaft, inwieweit die im Aktionsplan festgelegten Ziele erreicht [&hellip;]<\/p>\n","protected":false},"author":5,"featured_media":0,"parent":43055,"menu_order":0,"comment_status":"closed","ping_status":"closed","template":"","meta":{"iawp_total_views":24,"footnotes":""},"categories":[105],"class_list":["post-43427","page","type-page","status-publish","hentry","category-eco-schools-de"],"_links":{"self":[{"href":"https:\/\/jmp-ch.org\/de\/wp-json\/wp\/v2\/pages\/43427","targetHints":{"allow":["GET"]}}],"collection":[{"href":"https:\/\/jmp-ch.org\/de\/wp-json\/wp\/v2\/pages"}],"about":[{"href":"https:\/\/jmp-ch.org\/de\/wp-json\/wp\/v2\/types\/page"}],"author":[{"embeddable":true,"href":"https:\/\/jmp-ch.org\/de\/wp-json\/wp\/v2\/users\/5"}],"replies":[{"embeddable":true,"href":"https:\/\/jmp-ch.org\/de\/wp-json\/wp\/v2\/comments?post=43427"}],"version-history":[{"count":22,"href":"https:\/\/jmp-ch.org\/de\/wp-json\/wp\/v2\/pages\/43427\/revisions"}],"predecessor-version":[{"id":55000,"href":"https:\/\/jmp-ch.org\/de\/wp-json\/wp\/v2\/pages\/43427\/revisions\/55000"}],"up":[{"embeddable":true,"href":"https:\/\/jmp-ch.org\/de\/wp-json\/wp\/v2\/pages\/43055"}],"wp:attachment":[{"href":"https:\/\/jmp-ch.org\/de\/wp-json\/wp\/v2\/media?parent=43427"}],"wp:term":[{"taxonomy":"category","embeddable":true,"href":"https:\/\/jmp-ch.org\/de\/wp-json\/wp\/v2\/categories?post=43427"}],"curies":[{"name":"wp","href":"https:\/\/api.w.org\/{rel}","templated":true}]}}