{"id":43536,"date":"2024-12-11T10:52:28","date_gmt":"2024-12-11T09:52:28","guid":{"rendered":"https:\/\/jmp-ch.org\/homepage-eco-schools\/die-sieben-eco-schools-schritte\/schritt-5-verknuepfung-mit-dem-unterricht\/"},"modified":"2026-01-21T14:42:50","modified_gmt":"2026-01-21T13:42:50","slug":"schritt-5-verknuepfung-mit-dem-unterricht","status":"publish","type":"page","link":"https:\/\/jmp-ch.org\/de\/eco-schools\/die-sieben-eco-schools-schritte\/schritt-5-verknuepfung-mit-dem-unterricht\/","title":{"rendered":"Schritt 5: Verkn\u00fcpfung mit dem Unterricht"},"content":{"rendered":"\t\t<div data-elementor-type=\"wp-page\" data-elementor-id=\"43536\" class=\"elementor elementor-43536 elementor-38858\" data-elementor-post-type=\"page\">\n\t\t\t\t<div class=\"elementor-element elementor-element-27c5896 e-flex e-con-boxed e-con e-parent\" data-id=\"27c5896\" data-element_type=\"container\" data-e-type=\"container\" data-settings=\"{&quot;background_background&quot;:&quot;classic&quot;}\">\n\t\t\t\t\t<div class=\"e-con-inner\">\n\t\t<div class=\"elementor-element elementor-element-d281ddb e-flex e-con-boxed e-con e-child\" data-id=\"d281ddb\" data-element_type=\"container\" data-e-type=\"container\" data-settings=\"{&quot;background_background&quot;:&quot;classic&quot;}\">\n\t\t\t\t\t<div class=\"e-con-inner\">\n\t\t<div class=\"elementor-element elementor-element-aa53ceb e-con-full e-flex e-con e-child\" data-id=\"aa53ceb\" data-element_type=\"container\" data-e-type=\"container\" data-settings=\"{&quot;background_background&quot;:&quot;classic&quot;}\">\n\t\t\t\t<div class=\"elementor-element elementor-element-a8b98da elementor-widget-mobile__width-initial elementor-widget elementor-widget-heading\" data-id=\"a8b98da\" data-element_type=\"widget\" data-e-type=\"widget\" data-widget_type=\"heading.default\">\n\t\t\t\t\t<h4 class=\"elementor-heading-title elementor-size-default\">Schritt 5: Verkn\u00fcpfung mit dem Unterricht<\/h4>\t\t\t\t<\/div>\n\t\t\t\t<\/div>\n\t\t<div class=\"elementor-element elementor-element-cdda619 e-con-full e-flex e-con e-child\" data-id=\"cdda619\" data-element_type=\"container\" data-e-type=\"container\">\n\t\t<div class=\"elementor-element elementor-element-3b507cb e-con-full e-flex e-con e-child\" data-id=\"3b507cb\" data-element_type=\"container\" data-e-type=\"container\">\n\t\t\t\t<div class=\"elementor-element elementor-element-da56325 elementor-widget__width-initial elementor-widget elementor-widget-text-editor\" data-id=\"da56325\" data-element_type=\"widget\" data-e-type=\"widget\" data-widget_type=\"text-editor.default\">\n\t\t\t\t\t\t\t\t\t<p>Die Integration der Aktivit\u00e4ten des Eco-Schools-Projekts in den Unterricht erm\u00f6glicht es, diesen praxisnah und alltagsbezogen zu gestalten.<\/p><p>Jeder Projektschritt kann als Lernaktivit\u00e4t in den regul\u00e4ren Fachunterricht integriert oder als f\u00e4cher\u00fcbergreifendes Vorhaben umgesetzt werden. Auch das Projektthema selbst l\u00e4sst sich in verschiedenen F\u00e4chern und f\u00e4cher\u00fcbergreifend bearbeiten.<\/p><p>Eine f\u00e4cher\u00fcbergreifende Herangehensweise ist besonders wertvoll, da die Sch\u00fclerinnen und Sch\u00fcler das Thema sowie die damit verbundenen Nachhaltigkeitsfragen aus unterschiedlichen Blickwinkeln betrachten, verschiedene Arbeitsweisen anwenden und dabei sowohl fachliche als auch \u00fcberfachliche Kompetenzen aufbauen.<\/p>\t\t\t\t\t\t\t\t<\/div>\n\t\t\t\t<\/div>\n\t\t<div class=\"elementor-element elementor-element-5c36386 e-con-full e-flex e-con e-child\" data-id=\"5c36386\" data-element_type=\"container\" data-e-type=\"container\">\n\t\t\t\t<div class=\"elementor-element elementor-element-5101e8b elementor-widget elementor-widget-image\" data-id=\"5101e8b\" data-element_type=\"widget\" data-e-type=\"widget\" data-widget_type=\"image.default\">\n\t\t\t\t\t\t\t\t\t\t\t\t<figure class=\"wp-caption\">\n\t\t\t\t\t\t\t\t\t\t<img fetchpriority=\"high\" decoding=\"async\" width=\"1281\" height=\"1920\" src=\"https:\/\/jmp-ch.org\/wp-content\/uploads\/2026\/01\/Etape5.jpg\" class=\"attachment-full size-full wp-image-55001\" alt=\"\" srcset=\"https:\/\/jmp-ch.org\/wp-content\/uploads\/2026\/01\/Etape5.jpg 1281w, https:\/\/jmp-ch.org\/wp-content\/uploads\/2026\/01\/Etape5-200x300.jpg 200w, https:\/\/jmp-ch.org\/wp-content\/uploads\/2026\/01\/Etape5-683x1024.jpg 683w, https:\/\/jmp-ch.org\/wp-content\/uploads\/2026\/01\/Etape5-768x1151.jpg 768w, https:\/\/jmp-ch.org\/wp-content\/uploads\/2026\/01\/Etape5-1025x1536.jpg 1025w\" sizes=\"(max-width: 1281px) 100vw, 1281px\" \/>\t\t\t\t\t\t\t\t\t\t\t<figcaption class=\"widget-image-caption wp-caption-text\">image : Fondation vaudoise du patrimoine scolaire<\/figcaption>\n\t\t\t\t\t\t\t\t\t\t<\/figure>\n\t\t\t\t\t\t\t\t\t<\/div>\n\t\t\t\t<\/div>\n\t\t\t\t<\/div>\n\t\t\t\t\t<\/div>\n\t\t\t\t<\/div>\n\t\t\t\t\t<\/div>\n\t\t\t\t<\/div>\n\t\t\t\t<\/div>\n\t\t","protected":false},"excerpt":{"rendered":"<p>Die Integration der Aktivit\u00e4ten des Eco-Schools-Projekts in den Unterricht erm\u00f6glicht es, diesen praxisnah und alltagsbezogen zu gestalten. Jeder Projektschritt kann als Lernaktivit\u00e4t in den regul\u00e4ren Fachunterricht integriert oder als f\u00e4cher\u00fcbergreifendes Vorhaben umgesetzt werden. Auch das Projektthema selbst l\u00e4sst sich in verschiedenen F\u00e4chern und f\u00e4cher\u00fcbergreifend bearbeiten. Eine f\u00e4cher\u00fcbergreifende Herangehensweise ist besonders wertvoll, da die Sch\u00fclerinnen und [&hellip;]<\/p>\n","protected":false},"author":5,"featured_media":0,"parent":43055,"menu_order":0,"comment_status":"closed","ping_status":"closed","template":"","meta":{"iawp_total_views":18,"footnotes":""},"categories":[105],"class_list":["post-43536","page","type-page","status-publish","hentry","category-eco-schools-de"],"_links":{"self":[{"href":"https:\/\/jmp-ch.org\/de\/wp-json\/wp\/v2\/pages\/43536","targetHints":{"allow":["GET"]}}],"collection":[{"href":"https:\/\/jmp-ch.org\/de\/wp-json\/wp\/v2\/pages"}],"about":[{"href":"https:\/\/jmp-ch.org\/de\/wp-json\/wp\/v2\/types\/page"}],"author":[{"embeddable":true,"href":"https:\/\/jmp-ch.org\/de\/wp-json\/wp\/v2\/users\/5"}],"replies":[{"embeddable":true,"href":"https:\/\/jmp-ch.org\/de\/wp-json\/wp\/v2\/comments?post=43536"}],"version-history":[{"count":10,"href":"https:\/\/jmp-ch.org\/de\/wp-json\/wp\/v2\/pages\/43536\/revisions"}],"predecessor-version":[{"id":55025,"href":"https:\/\/jmp-ch.org\/de\/wp-json\/wp\/v2\/pages\/43536\/revisions\/55025"}],"up":[{"embeddable":true,"href":"https:\/\/jmp-ch.org\/de\/wp-json\/wp\/v2\/pages\/43055"}],"wp:attachment":[{"href":"https:\/\/jmp-ch.org\/de\/wp-json\/wp\/v2\/media?parent=43536"}],"wp:term":[{"taxonomy":"category","embeddable":true,"href":"https:\/\/jmp-ch.org\/de\/wp-json\/wp\/v2\/categories?post=43536"}],"curies":[{"name":"wp","href":"https:\/\/api.w.org\/{rel}","templated":true}]}}