{"id":43265,"date":"2025-01-22T11:31:06","date_gmt":"2025-01-22T10:31:06","guid":{"rendered":"https:\/\/jmp-ch.org\/carte-des-ecoles\/"},"modified":"2026-04-01T15:14:33","modified_gmt":"2026-04-01T13:14:33","slug":"carte-des-ecoles-eco-schools-participantes","status":"publish","type":"page","link":"https:\/\/jmp-ch.org\/en\/carte-des-ecoles-eco-schools-participantes\/","title":{"rendered":"Carte des \u00e9coles participantes"},"content":{"rendered":"\t\t<div data-elementor-type=\"wp-page\" data-elementor-id=\"43265\" class=\"elementor elementor-43265 elementor-41854\" data-elementor-post-type=\"page\">\n\t\t\t\t<div class=\"elementor-element elementor-element-55f7c6d e-flex e-con-boxed e-con e-parent\" data-id=\"55f7c6d\" data-element_type=\"container\" data-e-type=\"container\">\n\t\t\t\t\t<div class=\"e-con-inner\">\n\t\t<div class=\"elementor-element elementor-element-292f895 overflow e-con-full e-flex e-con e-child\" data-id=\"292f895\" data-element_type=\"container\" data-e-type=\"container\">\n\t\t<div class=\"elementor-element elementor-element-f1629f1 e-con-full e-flex e-con e-child\" data-id=\"f1629f1\" data-element_type=\"container\" data-e-type=\"container\">\n\t\t\t\t<div class=\"elementor-element elementor-element-05248bb elementor-widget__width-initial elementor-widget elementor-widget-text-editor\" data-id=\"05248bb\" data-element_type=\"widget\" data-e-type=\"widget\" data-widget_type=\"text-editor.default\">\n\t\t\t\t\t\t\t\t\tCarte des \u00e9coles participantes\t\t\t\t\t\t\t\t<\/div>\n\t\t\t\t<div class=\"elementor-element elementor-element-e3d8fcf elementor-widget__width-initial elementor-widget elementor-widget-text-editor\" data-id=\"e3d8fcf\" data-element_type=\"widget\" data-e-type=\"widget\" data-widget_type=\"text-editor.default\">\n\t\t\t\t\t\t\t\t\t<p>Des \u00e9coles engag\u00e9es \u00e0 travers toute la Suisse<\/p>\t\t\t\t\t\t\t\t<\/div>\n\t\t\t\t<div class=\"elementor-element elementor-element-ba4b2a3 elementor-widget__width-initial elementor-widget elementor-widget-text-editor\" data-id=\"ba4b2a3\" data-element_type=\"widget\" data-e-type=\"widget\" data-widget_type=\"text-editor.default\">\n\t\t\t\t\t\t\t\t\t<p>Nos \u00e9coles participantes s\u2019efforcent de mettre l\u2019\u00e9ducation \u00e0 la durabilit\u00e9 au centre de leur programme scolaire en donnant aux jeunes une place centrale dans les projets.<\/p>\t\t\t\t\t\t\t\t<\/div>\n\t\t\t\t<div class=\"elementor-element elementor-element-54110f4 elementor-align-right elementor-widget__width-initial simpleboutonorange elementor-widget elementor-widget-button\" data-id=\"54110f4\" data-element_type=\"widget\" data-e-type=\"widget\" data-widget_type=\"button.default\">\n\t\t\t\t\t\t\t\t\t\t<a class=\"elementor-button elementor-button-link elementor-size-sm\" href=\"https:\/\/jmp-ch.org\/exemples-de-projets-eco-schools-labellises\/\" target=\"_blank\">\n\t\t\t\t\t\t<span class=\"elementor-button-content-wrapper\">\n\t\t\t\t\t\t\t\t\t<span class=\"elementor-button-text\">D\u00e9couvrez des exemples de projets d'\u00e9coles labellis\u00e9es<\/span>\n\t\t\t\t\t<\/span>\n\t\t\t\t\t<\/a>\n\t\t\t\t\t\t\t\t<\/div>\n\t\t\t\t<\/div>\n\t\t<div class=\"elementor-element elementor-element-c90344b e-con-full e-flex e-con e-child\" data-id=\"c90344b\" data-element_type=\"container\" data-e-type=\"container\">\n\t\t\t\t<div class=\"elementor-element elementor-element-47683a5 elementor-widget elementor-widget-image\" data-id=\"47683a5\" data-element_type=\"widget\" data-e-type=\"widget\" data-widget_type=\"image.default\">\n\t\t\t\t\t\t\t\t\t\t\t\t\t\t\t<img fetchpriority=\"high\" decoding=\"async\" width=\"800\" height=\"534\" src=\"https:\/\/jmp-ch.org\/wp-content\/uploads\/2024\/12\/DSC_0072-1024x683.jpg\" class=\"attachment-large size-large wp-image-38936\" alt=\"\" srcset=\"https:\/\/jmp-ch.org\/wp-content\/uploads\/2024\/12\/DSC_0072-1024x683.jpg 1024w, https:\/\/jmp-ch.org\/wp-content\/uploads\/2024\/12\/DSC_0072-300x200.jpg 300w, https:\/\/jmp-ch.org\/wp-content\/uploads\/2024\/12\/DSC_0072-768x512.jpg 768w, https:\/\/jmp-ch.org\/wp-content\/uploads\/2024\/12\/DSC_0072-1536x1024.jpg 1536w, https:\/\/jmp-ch.org\/wp-content\/uploads\/2024\/12\/DSC_0072-2048x1366.jpg 2048w\" sizes=\"(max-width: 800px) 100vw, 800px\" \/>\t\t\t\t\t\t\t\t\t\t\t\t\t\t\t<\/div>\n\t\t\t\t<\/div>\n\t\t\t\t<\/div>\n\t\t\t\t\t<\/div>\n\t\t\t\t<\/div>\n\t\t<div class=\"elementor-element elementor-element-612db30 e-flex e-con-boxed e-con e-parent\" data-id=\"612db30\" data-element_type=\"container\" data-e-type=\"container\">\n\t\t\t\t\t<div class=\"e-con-inner\">\n\t\t\t\t<div class=\"elementor-element elementor-element-ff153e4 elementor-widget elementor-widget-html\" data-id=\"ff153e4\" data-element_type=\"widget\" data-e-type=\"widget\" data-widget_type=\"html.default\">\n\t\t\t\t\t<iframe src=\"https:\/\/www.google.com\/maps\/d\/u\/1\/embed?mid=1tNd8QrSqSIa5-PjbTlj7XxCsVR-xdWg&ehbc=2E312F\" width=\"640\" height=\"640\"><\/iframe>\t\t\t\t<\/div>\n\t\t<div class=\"elementor-element elementor-element-3f275c3 e-flex e-con-boxed e-con e-child\" data-id=\"3f275c3\" data-element_type=\"container\" data-e-type=\"container\">\n\t\t\t\t\t<div class=\"e-con-inner\">\n\t\t\t\t<div class=\"elementor-element elementor-element-0eaf37b elementor-align-center elementor-widget__width-initial simpleboutonorange elementor-mobile-align-left elementor-widget-mobile__width-initial elementor-widget elementor-widget-button\" data-id=\"0eaf37b\" data-element_type=\"widget\" data-e-type=\"widget\" data-widget_type=\"button.default\">\n\t\t\t\t\t\t\t\t\t\t<a class=\"elementor-button elementor-button-link elementor-size-sm\" href=\"https:\/\/jmp-ch.org\/wp-content\/uploads\/2026\/04\/Liste_ecoles_P26_FR_Publiques-1.pdf\" target=\"_blank\">\n\t\t\t\t\t\t<span class=\"elementor-button-content-wrapper\">\n\t\t\t\t\t\t\t\t\t<span class=\"elementor-button-text\">Liste des \u00e9coles publiques participantes <\/span>\n\t\t\t\t\t<\/span>\n\t\t\t\t\t<\/a>\n\t\t\t\t\t\t\t\t<\/div>\n\t\t\t\t<div class=\"elementor-element elementor-element-c34cf07 elementor-align-center elementor-widget__width-initial simpleboutonorange elementor-mobile-align-right elementor-widget elementor-widget-button\" data-id=\"c34cf07\" data-element_type=\"widget\" data-e-type=\"widget\" data-widget_type=\"button.default\">\n\t\t\t\t\t\t\t\t\t\t<a class=\"elementor-button elementor-button-link elementor-size-sm\" href=\"https:\/\/jmp-ch.org\/wp-content\/uploads\/2026\/04\/Liste_ecoles_P26_FR_Privees-1.pdf\" target=\"_blank\">\n\t\t\t\t\t\t<span class=\"elementor-button-content-wrapper\">\n\t\t\t\t\t\t\t\t\t<span class=\"elementor-button-text\">Liste des \u00e9coles priv\u00e9es participantes<\/span>\n\t\t\t\t\t<\/span>\n\t\t\t\t\t<\/a>\n\t\t\t\t\t\t\t\t<\/div>\n\t\t\t\t\t<\/div>\n\t\t\t\t<\/div>\n\t\t\t\t\t<\/div>\n\t\t\t\t<\/div>\n\t\t\t\t<\/div>\n\t\t","protected":false},"excerpt":{"rendered":"<p>Carte des \u00e9coles participantes Des \u00e9coles engag\u00e9es \u00e0 travers toute la Suisse Nos \u00e9coles participantes s\u2019efforcent de mettre l\u2019\u00e9ducation \u00e0 la durabilit\u00e9 au centre de leur programme scolaire en donnant aux jeunes une place centrale dans les projets. D\u00e9couvrez des exemples de projets d&#8217;\u00e9coles labellis\u00e9es Liste des \u00e9coles publiques participantes Liste des \u00e9coles priv\u00e9es participantes<\/p>\n","protected":false},"author":5,"featured_media":0,"parent":0,"menu_order":0,"comment_status":"closed","ping_status":"closed","template":"","meta":{"iawp_total_views":7,"footnotes":""},"categories":[107],"class_list":["post-43265","page","type-page","status-publish","hentry","category-eco-schools-en"],"_links":{"self":[{"href":"https:\/\/jmp-ch.org\/en\/wp-json\/wp\/v2\/pages\/43265","targetHints":{"allow":["GET"]}}],"collection":[{"href":"https:\/\/jmp-ch.org\/en\/wp-json\/wp\/v2\/pages"}],"about":[{"href":"https:\/\/jmp-ch.org\/en\/wp-json\/wp\/v2\/types\/page"}],"author":[{"embeddable":true,"href":"https:\/\/jmp-ch.org\/en\/wp-json\/wp\/v2\/users\/5"}],"replies":[{"embeddable":true,"href":"https:\/\/jmp-ch.org\/en\/wp-json\/wp\/v2\/comments?post=43265"}],"version-history":[{"count":104,"href":"https:\/\/jmp-ch.org\/en\/wp-json\/wp\/v2\/pages\/43265\/revisions"}],"predecessor-version":[{"id":56495,"href":"https:\/\/jmp-ch.org\/en\/wp-json\/wp\/v2\/pages\/43265\/revisions\/56495"}],"wp:attachment":[{"href":"https:\/\/jmp-ch.org\/en\/wp-json\/wp\/v2\/media?parent=43265"}],"wp:term":[{"taxonomy":"category","embeddable":true,"href":"https:\/\/jmp-ch.org\/en\/wp-json\/wp\/v2\/categories?post=43265"}],"curies":[{"name":"wp","href":"https:\/\/api.w.org\/{rel}","templated":true}]}}