{"id":56241,"date":"2024-06-11T10:49:44","date_gmt":"2024-06-11T08:49:44","guid":{"rendered":"https:\/\/jmp-ch.org\/examples-of-certified-projects\/"},"modified":"2026-03-24T15:33:44","modified_gmt":"2026-03-24T14:33:44","slug":"examples-of-certified-projects","status":"publish","type":"page","link":"https:\/\/jmp-ch.org\/en\/examples-of-certified-projects\/","title":{"rendered":"Examples of certified projects"},"content":{"rendered":"\t\t<div data-elementor-type=\"wp-page\" data-elementor-id=\"56241\" class=\"elementor elementor-56241 elementor-34455\" data-elementor-post-type=\"page\">\n\t\t\t\t<div class=\"elementor-element elementor-element-86a9f14 e-flex e-con-boxed e-con e-parent\" data-id=\"86a9f14\" data-element_type=\"container\" data-e-type=\"container\">\n\t\t\t\t\t<div class=\"e-con-inner\">\n\t\t\t\t<div class=\"elementor-element elementor-element-94610ac elementor-widget__width-initial titremoyen elementor-widget elementor-widget-text-editor\" data-id=\"94610ac\" data-element_type=\"widget\" data-e-type=\"widget\" data-widget_type=\"text-editor.default\">\n\t\t\t\t\t\t\t\t\t<p>Examples of certified projects<\/p>\n\t\t\t\t\t\t\t\t<\/div>\n\t\t\t\t\t<\/div>\n\t\t\t\t<\/div>\n\t\t<div class=\"elementor-element elementor-element-3d8604f e-flex e-con-boxed e-con e-parent\" data-id=\"3d8604f\" data-element_type=\"container\" data-e-type=\"container\">\n\t\t\t\t\t<div class=\"e-con-inner\">\n\t\t\t\t<div class=\"elementor-element elementor-element-9626569 elementor-widget elementor-widget-search\" data-id=\"9626569\" data-element_type=\"widget\" data-e-type=\"widget\" data-settings=\"{&quot;live_results&quot;:&quot;yes&quot;,&quot;template_id&quot;:&quot;42580&quot;,&quot;submit_trigger&quot;:&quot;click_submit&quot;,&quot;minimum_search_characters&quot;:3,&quot;pagination_type_options&quot;:&quot;none&quot;,&quot;results_is_dropdown_width&quot;:&quot;search_field&quot;}\" data-widget_type=\"search.default\">\n\t\t\t\t\t\t\t<search class=\"e-search hidden\" role=\"search\">\n\t\t\t<form class=\"e-search-form\" action=\"https:\/\/jmp-ch.org\/en\/\" method=\"get\">\n\n\t\t\t\t\n\t\t\t\t<label class=\"e-search-label\" for=\"search-9626569\">\n\t\t\t\t\t<span class=\"elementor-screen-only\">\n\t\t\t\t\t\tSearch\t\t\t\t\t<\/span>\n\t\t\t\t\t\t\t\t\t<\/label>\n\n\t\t\t\t<div class=\"e-search-input-wrapper\">\n\t\t\t\t\t<input id=\"search-9626569\" placeholder=\"Search...\" class=\"e-search-input\" type=\"search\" name=\"s\" value=\"\" autocomplete=\"off\" role=\"combobox\" aria-autocomplete=\"list\" aria-expanded=\"false\" aria-controls=\"results-9626569\" aria-haspopup=\"listbox\">\n\t\t\t\t\t<svg aria-hidden=\"true\" class=\"e-font-icon-svg e-fas-times\" viewBox=\"0 0 352 512\" xmlns=\"http:\/\/www.w3.org\/2000\/svg\"><path d=\"M242.72 256l100.07-100.07c12.28-12.28 12.28-32.19 0-44.48l-22.24-22.24c-12.28-12.28-32.19-12.28-44.48 0L176 189.28 75.93 89.21c-12.28-12.28-32.19-12.28-44.48 0L9.21 111.45c-12.28 12.28-12.28 32.19 0 44.48L109.28 256 9.21 356.07c-12.28 12.28-12.28 32.19 0 44.48l22.24 22.24c12.28 12.28 32.2 12.28 44.48 0L176 322.72l100.07 100.07c12.28 12.28 32.2 12.28 44.48 0l22.24-22.24c12.28-12.28 12.28-32.19 0-44.48L242.72 256z\"><\/path><\/svg>\t\t\t\t\t\t\t\t\t\t<output id=\"results-9626569\" class=\"e-search-results-container hide-loader\" aria-live=\"polite\" aria-atomic=\"true\" aria-label=\"Results for search\" tabindex=\"0\">\n\t\t\t\t\t\t<div class=\"e-search-results\"><\/div>\n\t\t\t\t\t\t\t\t\t\t\t<\/output>\n\t\t\t\t\t\t\t\t\t<\/div>\n\t\t\t\t\n\t\t\t\t\n\t\t\t\t<button class=\"e-search-submit  \" type=\"submit\">\n\t\t\t\t\t\n\t\t\t\t\t\t\t\t\t\t<span class=\"\">\n\t\t\t\t\t\tSearch\t\t\t\t\t<\/span>\n\t\t\t\t\t\t\t\t\t<\/button>\n\t\t\t\t<input type=\"hidden\" name=\"e_search_props\" value=\"9626569-56241\">\n\t\t\t<\/form>\n\t\t<\/search>\n\t\t\t\t\t\t<\/div>\n\t\t\t\t<div class=\"elementor-element elementor-element-ef6b718 filtre-orange elementor-widget elementor-widget-taxonomy-filter\" data-id=\"ef6b718\" data-element_type=\"widget\" data-e-type=\"widget\" data-settings=\"{&quot;selected_element&quot;:&quot;e1e9f88&quot;,&quot;taxonomy&quot;:&quot;category&quot;,&quot;multiple_selection&quot;:&quot;yes&quot;,&quot;logical_combination&quot;:&quot;AND&quot;,&quot;horizontal_scroll&quot;:&quot;disable&quot;}\" data-widget_type=\"taxonomy-filter.default\">\n\t\t\t\t\t\t\t<search class=\"e-filter\" role=\"search\" data-base-url=\"https:\/\/jmp-ch.org\/en\/\" data-page-num=\"1\">\n\t\t\t\n\t\t\t\t\t\t\t\t\t<button class=\"e-filter-item\" data-filter=\"__all\" aria-pressed=\"true\">\n\t\t\t\tAll\t\t\t<\/button>\n\t\t\t\t\t<\/search>\n\t\t\t\t\t\t<\/div>\n\t\t\t\t<div class=\"elementor-element elementor-element-2a5be10 elementor-widget elementor-widget-shortcode\" data-id=\"2a5be10\" data-element_type=\"widget\" data-e-type=\"widget\" data-widget_type=\"shortcode.default\">\n\t\t\t\t\t\t\t<div class=\"elementor-shortcode\">    <div class=\"custom-filter-container\">\n        <div class=\"custom-filter-row\">\n            <button class=\"custom-filter-btn active\" data-filter=\"__all\">Tout<\/button>\n        <\/div>\n        <div class=\"custom-filter-row custom-filter-scolaire\">\n            <button class=\"custom-filter-btn\" data-filter=\"pre-scolaire-0-4-ans\">Pr\u00e9-scolaire<\/button>\n            <button class=\"custom-filter-btn\" data-filter=\"cycle-i-4-8-ans\">Cycle I<\/button>\n            <button class=\"custom-filter-btn\" data-filter=\"cycle-ii-8-12ans\">Cycle II<\/button>\n            <button class=\"custom-filter-btn\" data-filter=\"secondaire-i-12-15-ans\">Secondaire I<\/button>\n            <button class=\"custom-filter-btn\" data-filter=\"secondaire-ii-des-15-ans\">Secondaire II<\/button>\n        <\/div>\n    <\/div>\n    <\/div>\n\t\t\t\t\t\t<\/div>\n\t\t\t\t<div class=\"elementor-element elementor-element-e1e9f88 elementor-grid-2 elementor-grid-tablet-2 elementor-grid-mobile-1 elementor-widget elementor-widget-loop-grid\" data-id=\"e1e9f88\" data-element_type=\"widget\" data-e-type=\"widget\" data-settings=\"{&quot;template_id&quot;:42580,&quot;columns&quot;:2,&quot;pagination_type&quot;:&quot;load_more_on_click&quot;,&quot;_skin&quot;:&quot;post&quot;,&quot;columns_tablet&quot;:&quot;2&quot;,&quot;columns_mobile&quot;:&quot;1&quot;,&quot;edit_handle_selector&quot;:&quot;[data-elementor-type=\\&quot;loop-item\\&quot;]&quot;,&quot;load_more_spinner&quot;:{&quot;value&quot;:&quot;fas fa-spinner&quot;,&quot;library&quot;:&quot;fa-solid&quot;},&quot;row_gap&quot;:{&quot;unit&quot;:&quot;px&quot;,&quot;size&quot;:&quot;&quot;,&quot;sizes&quot;:[]},&quot;row_gap_tablet&quot;:{&quot;unit&quot;:&quot;px&quot;,&quot;size&quot;:&quot;&quot;,&quot;sizes&quot;:[]},&quot;row_gap_mobile&quot;:{&quot;unit&quot;:&quot;px&quot;,&quot;size&quot;:&quot;&quot;,&quot;sizes&quot;:[]}}\" data-widget_type=\"loop-grid.post\">\n\t\t\t\t<div class=\"elementor-widget-container\">\n\t\t\t\t\t\t\t<div class=\"e-loop-nothing-found-message\">\n\t\t<\/div>\n\t\t\t\t\t\t<\/div>\n\t\t\t\t<\/div>\n\t\t\t\t\t<\/div>\n\t\t\t\t<\/div>\n\t\t\t\t<\/div>\n\t\t","protected":false},"excerpt":{"rendered":"<p>Examples of certified projects Rechercher Search Action Days Eco-Schools Degr\u00e9s scolaires Cycle I (4-8 ans) Cycle II (8-12ans) Pr\u00e9-scolaire (0-4 ans) Secondaire I (12-15 ans) Secondaire II (d\u00e8s 15 ans) Th\u00e8mes Alimentation durable Biodiversit\u00e9 Citoyennet\u00e9 D\u00e9chets Eau Energie Expertise Conception d&#039;outils p\u00e9dagogiques Conception et mise en \u0153uvre des activit\u00e9s de sensibilisation et d\u2019action au sein [&hellip;]<\/p>\n","protected":false},"author":1,"featured_media":0,"parent":0,"menu_order":0,"comment_status":"closed","ping_status":"closed","template":"","meta":{"iawp_total_views":0,"footnotes":""},"categories":[107],"class_list":["post-56241","page","type-page","status-publish","hentry","category-eco-schools-en"],"_links":{"self":[{"href":"https:\/\/jmp-ch.org\/en\/wp-json\/wp\/v2\/pages\/56241","targetHints":{"allow":["GET"]}}],"collection":[{"href":"https:\/\/jmp-ch.org\/en\/wp-json\/wp\/v2\/pages"}],"about":[{"href":"https:\/\/jmp-ch.org\/en\/wp-json\/wp\/v2\/types\/page"}],"author":[{"embeddable":true,"href":"https:\/\/jmp-ch.org\/en\/wp-json\/wp\/v2\/users\/1"}],"replies":[{"embeddable":true,"href":"https:\/\/jmp-ch.org\/en\/wp-json\/wp\/v2\/comments?post=56241"}],"version-history":[{"count":3,"href":"https:\/\/jmp-ch.org\/en\/wp-json\/wp\/v2\/pages\/56241\/revisions"}],"predecessor-version":[{"id":56245,"href":"https:\/\/jmp-ch.org\/en\/wp-json\/wp\/v2\/pages\/56241\/revisions\/56245"}],"wp:attachment":[{"href":"https:\/\/jmp-ch.org\/en\/wp-json\/wp\/v2\/media?parent=56241"}],"wp:term":[{"taxonomy":"category","embeddable":true,"href":"https:\/\/jmp-ch.org\/en\/wp-json\/wp\/v2\/categories?post=56241"}],"curies":[{"name":"wp","href":"https:\/\/api.w.org\/{rel}","templated":true}]}}