{"id":52716,"date":"2024-11-07T08:38:58","date_gmt":"2024-11-07T07:38:58","guid":{"rendered":"https:\/\/jmp-ch.org\/eco-schools-in-sintesi\/"},"modified":"2025-11-17T10:02:18","modified_gmt":"2025-11-17T09:02:18","slug":"eco-schools-in-sintesi","status":"publish","type":"page","link":"https:\/\/jmp-ch.org\/it\/home-eco-schools\/eco-schools-in-sintesi\/","title":{"rendered":"Eco-Schools in sintesi"},"content":{"rendered":"\t\t<div data-elementor-type=\"wp-page\" data-elementor-id=\"52716\" class=\"elementor elementor-52716 elementor-36901\" data-elementor-post-type=\"page\">\n\t\t\t\t<div class=\"elementor-element elementor-element-3cfc549 e-flex e-con-boxed e-con e-parent\" data-id=\"3cfc549\" data-element_type=\"container\" data-e-type=\"container\">\n\t\t\t\t\t<div class=\"e-con-inner\">\n\t\t<div class=\"elementor-element elementor-element-08a3001 overflow e-con-full e-flex e-con e-child\" data-id=\"08a3001\" data-element_type=\"container\" data-e-type=\"container\">\n\t\t<div class=\"elementor-element elementor-element-3119480 e-con-full e-flex e-con e-child\" data-id=\"3119480\" data-element_type=\"container\" data-e-type=\"container\">\n\t\t\t\t<div class=\"elementor-element elementor-element-69521ea elementor-widget__width-initial elementor-widget elementor-widget-text-editor\" data-id=\"69521ea\" data-element_type=\"widget\" data-e-type=\"widget\" data-widget_type=\"text-editor.default\">\n\t\t\t\t\t\t\t\t\t<p>Eco-Schools in sintesi<\/p>\n\t\t\t\t\t\t\t\t<\/div>\n\t\t\t\t<div class=\"elementor-element elementor-element-0f12d0a elementor-widget__width-initial elementor-widget elementor-widget-text-editor\" data-id=\"0f12d0a\" data-element_type=\"widget\" data-e-type=\"widget\" data-widget_type=\"text-editor.default\">\n\t\t\t\t\t\t\t\t\t<p>Eco-Schools &#8211; la sostenibilit\u00e0 entra a scuola<\/p>\n\t\t\t\t\t\t\t\t<\/div>\n\t\t\t\t<div class=\"elementor-element elementor-element-4ade4c5 elementor-widget__width-initial elementor-widget elementor-widget-text-editor\" data-id=\"4ade4c5\" data-element_type=\"widget\" data-e-type=\"widget\" data-widget_type=\"text-editor.default\">\n\t\t\t\t\t\t\t\t\t<p>Eco-Schools \u00e8 un programma educativo per le scuole (dall\u2019asilo nido, passando per la scuola dell\u2019infanzia, elementari, scuole medie e fino al liceo e scuole professionali e specializzate) che desiderano impegnarsi a favore della sostenibilit\u00e0 e di uno stile di vita scolastico pi\u00f9 rispettoso del mondo nel quale viviamo. Il programma accompagna la comunit\u00e0 scolastica nell\u2019integrazione dell\u2019educazione alla sostenibilit\u00e0 nella vita quotidiana scolastica e aiuta le scuole a ridurre la loro impronta ecologica.<\/p>\n\t\t\t\t\t\t\t\t<\/div>\n\t\t\t\t<\/div>\n\t\t<div class=\"elementor-element elementor-element-4ac9ec1 e-con-full e-flex e-con e-child\" data-id=\"4ac9ec1\" data-element_type=\"container\" data-e-type=\"container\">\n\t\t\t\t<div class=\"elementor-element elementor-element-902be92 elementor-widget elementor-widget-image\" data-id=\"902be92\" data-element_type=\"widget\" data-e-type=\"widget\" data-widget_type=\"image.default\">\n\t\t\t\t\t\t\t\t\t\t\t\t\t\t\t<img fetchpriority=\"high\" decoding=\"async\" width=\"800\" height=\"534\" src=\"https:\/\/jmp-ch.org\/wp-content\/uploads\/2025\/01\/IMG_8851-2-1024x683.jpg\" class=\"attachment-large size-large wp-image-52717\" alt=\"\" srcset=\"https:\/\/jmp-ch.org\/wp-content\/uploads\/2025\/01\/IMG_8851-2-1024x683.jpg 1024w, https:\/\/jmp-ch.org\/wp-content\/uploads\/2025\/01\/IMG_8851-2-300x200.jpg 300w, https:\/\/jmp-ch.org\/wp-content\/uploads\/2025\/01\/IMG_8851-2-768x512.jpg 768w, https:\/\/jmp-ch.org\/wp-content\/uploads\/2025\/01\/IMG_8851-2-1536x1024.jpg 1536w, https:\/\/jmp-ch.org\/wp-content\/uploads\/2025\/01\/IMG_8851-2-2048x1366.jpg 2048w\" sizes=\"(max-width: 800px) 100vw, 800px\" \/>\t\t\t\t\t\t\t\t\t\t\t\t\t\t\t<\/div>\n\t\t\t\t<\/div>\n\t\t\t\t<\/div>\n\t\t\t\t\t<\/div>\n\t\t\t\t<\/div>\n\t\t<div class=\"elementor-element elementor-element-00971c6 pbleft e-flex e-con-boxed e-con e-parent\" data-id=\"00971c6\" data-element_type=\"container\" data-e-type=\"container\" data-settings=\"{&quot;background_background&quot;:&quot;classic&quot;}\">\n\t\t\t\t\t<div class=\"e-con-inner\">\n\t\t<div class=\"elementor-element elementor-element-81c9f17 e-con-full e-flex e-con e-child\" data-id=\"81c9f17\" data-element_type=\"container\" data-e-type=\"container\" data-settings=\"{&quot;background_background&quot;:&quot;classic&quot;}\">\n\t\t\t\t<div class=\"elementor-element elementor-element-af24fa5 elementor-widget__width-initial elementor-widget elementor-widget-text-editor\" data-id=\"af24fa5\" data-element_type=\"widget\" data-e-type=\"widget\" data-widget_type=\"text-editor.default\">\n\t\t\t\t\t\t\t\t\t<p>Come funziona?<\/p>\n\t\t\t\t\t\t\t\t<\/div>\n\t\t\t\t<div class=\"elementor-element elementor-element-769ffea elementor-widget__width-initial elementor-widget elementor-widget-text-editor\" data-id=\"769ffea\" data-element_type=\"widget\" data-e-type=\"widget\" data-widget_type=\"text-editor.default\">\n\t\t\t\t\t\t\t\t\t<p>La comunit\u00e0 scolastica sceglie un tema prioritario per uno o due anni scolastici e segue una metodologia in sette passi flessibili, per migliorare le pratiche e le conoscenze in relazione al tema scelto.<\/p>\n\t\t\t\t\t\t\t\t<\/div>\n\t\t\t\t<div class=\"elementor-element elementor-element-d1a4350 elementor-widget__width-initial elementor-widget elementor-widget-text-editor\" data-id=\"d1a4350\" data-element_type=\"widget\" data-e-type=\"widget\" data-widget_type=\"text-editor.default\">\n\t\t\t\t\t\t\t\t\t<p>Le allieve e gli allievi, il corpo docenti, la direzione scolastica, il personale tecnico, i partner esterni e persino i genitori sono invitati a collaborare per raggiungere un obiettivo comune.<\/p>\n\t\t\t\t\t\t\t\t<\/div>\n\t\t\t\t<div class=\"elementor-element elementor-element-5488a66 elementor-widget__width-initial elementor-widget elementor-widget-text-editor\" data-id=\"5488a66\" data-element_type=\"widget\" data-e-type=\"widget\" data-widget_type=\"text-editor.default\">\n\t\t\t\t\t\t\t\t\t<p>A seguito del successo del progetto, le scuole ricevono il label Eco-Schools, riconosciuto a livello internazionale. Questa certificazione premia l\u2019impegno costante e progressivo a favore dell\u2019ambiente e della sostenibilit\u00e0. Le scuole approfondiscono questo approccio nel quadro di nuovi cicli di progetti.<\/p>\n\t\t\t\t\t\t\t\t<\/div>\n\t\t\t\t<\/div>\n\t\t<div class=\"elementor-element elementor-element-d773146 e-con-full e-flex e-con e-child\" data-id=\"d773146\" data-element_type=\"container\" data-e-type=\"container\">\n\t\t\t\t<div class=\"elementor-element elementor-element-fe2fd9e elementor-widget__width-initial elementor-widget elementor-widget-text-editor\" data-id=\"fe2fd9e\" data-element_type=\"widget\" data-e-type=\"widget\" data-widget_type=\"text-editor.default\">\n\t\t\t\t\t\t\t\t\t<p>Il programma vi interessa?<\/p>\n\t\t\t\t\t\t\t\t<\/div>\n\t\t\t\t<div class=\"elementor-element elementor-element-4790286 elementor-widget__width-initial elementor-widget elementor-widget-text-editor\" data-id=\"4790286\" data-element_type=\"widget\" data-e-type=\"widget\" data-widget_type=\"text-editor.default\">\n\t\t\t\t\t\t\t\t\t<p>Avete delle domande, desiderate una presentazione o volete iscrivere la vostra scuola al programma Eco-Schools?<\/p>\n\t\t\t\t\t\t\t\t<\/div>\n\t\t\t\t<div class=\"elementor-element elementor-element-fb1e6c8 e-transform e-transform elementor-widget elementor-widget-text-editor\" data-id=\"fb1e6c8\" data-element_type=\"widget\" data-e-type=\"widget\" data-settings=\"{&quot;_transform_scale_effect_hover&quot;:{&quot;unit&quot;:&quot;px&quot;,&quot;size&quot;:0.99,&quot;sizes&quot;:[]},&quot;_transform_scale_effect&quot;:{&quot;unit&quot;:&quot;px&quot;,&quot;size&quot;:&quot;&quot;,&quot;sizes&quot;:[]},&quot;_transform_scale_effect_tablet&quot;:{&quot;unit&quot;:&quot;px&quot;,&quot;size&quot;:&quot;&quot;,&quot;sizes&quot;:[]},&quot;_transform_scale_effect_mobile&quot;:{&quot;unit&quot;:&quot;px&quot;,&quot;size&quot;:&quot;&quot;,&quot;sizes&quot;:[]},&quot;_transform_scale_effect_hover_tablet&quot;:{&quot;unit&quot;:&quot;px&quot;,&quot;size&quot;:&quot;&quot;,&quot;sizes&quot;:[]},&quot;_transform_scale_effect_hover_mobile&quot;:{&quot;unit&quot;:&quot;px&quot;,&quot;size&quot;:&quot;&quot;,&quot;sizes&quot;:[]}}\" data-widget_type=\"text-editor.default\">\n\t\t\t\t\t\t\t\t\t<p>Contattaci<\/p>\t\t\t\t\t\t\t\t<\/div>\n\t\t\t\t<div class=\"elementor-element elementor-element-a0cc983 elementor-align-right elementor-widget__width-initial boutonorange elementor-widget elementor-widget-button\" data-id=\"a0cc983\" data-element_type=\"widget\" data-e-type=\"widget\" data-widget_type=\"button.default\">\n\t\t\t\t\t\t\t\t\t\t<a class=\"elementor-button elementor-button-link elementor-size-sm\" href=\"https:\/\/jmp-ch.org\/wp-content\/uploads\/2025\/10\/2025_IT_FlyerES_WEB.pdf\" target=\"_blank\">\n\t\t\t\t\t\t<span class=\"elementor-button-content-wrapper\">\n\t\t\t\t\t\t\t\t\t<span class=\"elementor-button-text\">flyer scuole<\/span>\n\t\t\t\t\t<\/span>\n\t\t\t\t\t<\/a>\n\t\t\t\t\t\t\t\t<\/div>\n\t\t\t\t<div class=\"elementor-element elementor-element-4278163 elementor-align-right elementor-widget__width-initial boutonorange elementor-hidden-desktop elementor-hidden-tablet elementor-hidden-mobile elementor-widget elementor-widget-button\" data-id=\"4278163\" data-element_type=\"widget\" data-e-type=\"widget\" data-widget_type=\"button.default\">\n\t\t\t\t\t\t\t\t\t\t<a class=\"elementor-button elementor-button-link elementor-size-sm\" href=\"#\">\n\t\t\t\t\t\t<span class=\"elementor-button-content-wrapper\">\n\t\t\t\t\t\t\t\t\t<span class=\"elementor-button-text\">flyer asilo nido<\/span>\n\t\t\t\t\t<\/span>\n\t\t\t\t\t<\/a>\n\t\t\t\t\t\t\t\t<\/div>\n\t\t\t\t<\/div>\n\t\t\t\t\t<\/div>\n\t\t\t\t<\/div>\n\t\t<div class=\"elementor-element elementor-element-eac8aa4 pbleft e-flex e-con-boxed e-con e-parent\" data-id=\"eac8aa4\" data-element_type=\"container\" data-e-type=\"container\" data-settings=\"{&quot;background_background&quot;:&quot;classic&quot;}\">\n\t\t\t\t\t<div class=\"e-con-inner\">\n\t\t<div class=\"elementor-element elementor-element-6602cf4 e-con-full e-flex e-con e-child\" data-id=\"6602cf4\" data-element_type=\"container\" data-e-type=\"container\" data-settings=\"{&quot;background_background&quot;:&quot;classic&quot;}\">\n\t\t\t\t<div class=\"elementor-element elementor-element-99df7df elementor-widget elementor-widget-text-editor\" data-id=\"99df7df\" data-element_type=\"widget\" data-e-type=\"widget\" data-widget_type=\"text-editor.default\">\n\t\t\t\t\t\t\t\t\t<p>I bambini e i giovani si impegnano per un mondo sostenibile<\/p>\n\t\t\t\t\t\t\t\t<\/div>\n\t\t\t\t<div class=\"elementor-element elementor-element-a8a05d3 elementor-widget__width-initial elementor-widget elementor-widget-text-editor\" data-id=\"a8a05d3\" data-element_type=\"widget\" data-e-type=\"widget\" data-widget_type=\"text-editor.default\">\n\t\t\t\t\t\t\t\t\t<p>Le allieve e gli allievi sono i protagonisti principali del programma Eco-Schools. Durante la fase di implementazione del programma, i temi e le sfide della sostenibilit\u00e0 vengono sviluppati a partire da situazioni concrete. La comunit\u00e0 scolastica utilizza gli edifici scolastici e i loro dintorni come strumenti di studio e sperimentazione. In questo modo le allieve e gli allievi possono scoprire come contribuire concretamente a uno stile di vita pi\u00f9 sostenibile.<\/p>\n\t\t\t\t\t\t\t\t<\/div>\n\t\t\t\t<\/div>\n\t\t<div class=\"elementor-element elementor-element-744ad6b e-con-full e-flex e-con e-child\" data-id=\"744ad6b\" data-element_type=\"container\" data-e-type=\"container\">\n\t\t\t\t<div class=\"elementor-element elementor-element-ecd5133 elementor-widget elementor-widget-text-editor\" data-id=\"ecd5133\" data-element_type=\"widget\" data-e-type=\"widget\" data-widget_type=\"text-editor.default\">\n\t\t\t\t\t\t\t\t\t<p>Scuole coinvolte in tutto il mondo<\/p>\n\t\t\t\t\t\t\t\t<\/div>\n\t\t\t\t<div class=\"elementor-element elementor-element-5ec3a90 elementor-widget elementor-widget-text-editor\" data-id=\"5ec3a90\" data-element_type=\"widget\" data-e-type=\"widget\" data-widget_type=\"text-editor.default\">\n\t\t\t\t\t\t\t\t\t<p>Eco-Schools \u00e8 un programma internazionale. \u00c8 stato fondato nel 1994 dalla Foundation for Environmental Education (FEE). Con i suoi membri in pi\u00f9 di 100 paesi, la FEE \u00e8 oggi la pi\u00f9 grande rete internazionale nel campo dell\u2019educazione alla sostenibilit\u00e0 e uno dei partner chiave dell\u2019UNESCO. In Svizzera, l\u2019associazione J\u2019aime ma plan\u00e8te offre Eco-Schools dal 2016 a partire dall\u2019asilo nido e fino alle scuole secondarie. Con questo programma, J\u2019aime ma Plan\u00e8te contribuisce a rafforzare l\u2019educazione alla sostenibilit\u00e0integrandosi ai piani di studio regionali.<\/p>\n\t\t\t\t\t\t\t\t<\/div>\n\t\t\t\t<\/div>\n\t\t\t\t\t<\/div>\n\t\t\t\t<\/div>\n\t\t\t\t<\/div>\n\t\t","protected":false},"excerpt":{"rendered":"<p>Eco-Schools in sintesi Eco-Schools &#8211; la sostenibilit\u00e0 entra a scuola Eco-Schools \u00e8 un programma educativo per le scuole (dall\u2019asilo nido, passando per la scuola dell\u2019infanzia, elementari, scuole medie e fino al liceo e scuole professionali e specializzate) che desiderano impegnarsi a favore della sostenibilit\u00e0 e di uno stile di vita scolastico pi\u00f9 rispettoso del mondo [&hellip;]<\/p>\n","protected":false},"author":1,"featured_media":0,"parent":52814,"menu_order":0,"comment_status":"closed","ping_status":"closed","template":"","meta":{"iawp_total_views":64,"footnotes":""},"categories":[163],"class_list":["post-52716","page","type-page","status-publish","hentry","category-eco-schools"],"_links":{"self":[{"href":"https:\/\/jmp-ch.org\/it\/wp-json\/wp\/v2\/pages\/52716","targetHints":{"allow":["GET"]}}],"collection":[{"href":"https:\/\/jmp-ch.org\/it\/wp-json\/wp\/v2\/pages"}],"about":[{"href":"https:\/\/jmp-ch.org\/it\/wp-json\/wp\/v2\/types\/page"}],"author":[{"embeddable":true,"href":"https:\/\/jmp-ch.org\/it\/wp-json\/wp\/v2\/users\/1"}],"replies":[{"embeddable":true,"href":"https:\/\/jmp-ch.org\/it\/wp-json\/wp\/v2\/comments?post=52716"}],"version-history":[{"count":11,"href":"https:\/\/jmp-ch.org\/it\/wp-json\/wp\/v2\/pages\/52716\/revisions"}],"predecessor-version":[{"id":54236,"href":"https:\/\/jmp-ch.org\/it\/wp-json\/wp\/v2\/pages\/52716\/revisions\/54236"}],"up":[{"embeddable":true,"href":"https:\/\/jmp-ch.org\/it\/wp-json\/wp\/v2\/pages\/52814"}],"wp:attachment":[{"href":"https:\/\/jmp-ch.org\/it\/wp-json\/wp\/v2\/media?parent=52716"}],"wp:term":[{"taxonomy":"category","embeddable":true,"href":"https:\/\/jmp-ch.org\/it\/wp-json\/wp\/v2\/categories?post=52716"}],"curies":[{"name":"wp","href":"https:\/\/api.w.org\/{rel}","templated":true}]}}