{"id":52785,"date":"2024-12-11T10:52:28","date_gmt":"2024-12-11T09:52:28","guid":{"rendered":"https:\/\/jmp-ch.org\/i-7-passi\/passo-5-stabilire-collegamenti-con-il-programma-scolastico\/"},"modified":"2025-09-30T10:25:51","modified_gmt":"2025-09-30T08:25:51","slug":"passo-5-stabilire-collegamenti-con-il-programma-scolastico","status":"publish","type":"page","link":"https:\/\/jmp-ch.org\/it\/home-eco-schools\/i-7-passi\/passo-5-stabilire-collegamenti-con-il-programma-scolastico\/","title":{"rendered":"Passo 5: Stabilire collegamenti con il programma scolastico"},"content":{"rendered":"\t\t<div data-elementor-type=\"wp-page\" data-elementor-id=\"52785\" class=\"elementor elementor-52785 elementor-38858\" data-elementor-post-type=\"page\">\n\t\t\t\t<div class=\"elementor-element elementor-element-27c5896 e-flex e-con-boxed e-con e-parent\" data-id=\"27c5896\" data-element_type=\"container\" data-e-type=\"container\" data-settings=\"{&quot;background_background&quot;:&quot;classic&quot;}\">\n\t\t\t\t\t<div class=\"e-con-inner\">\n\t\t<div class=\"elementor-element elementor-element-d281ddb e-flex e-con-boxed e-con e-child\" data-id=\"d281ddb\" data-element_type=\"container\" data-e-type=\"container\" data-settings=\"{&quot;background_background&quot;:&quot;classic&quot;}\">\n\t\t\t\t\t<div class=\"e-con-inner\">\n\t\t<div class=\"elementor-element elementor-element-aa53ceb e-con-full e-flex e-con e-child\" data-id=\"aa53ceb\" data-element_type=\"container\" data-e-type=\"container\" data-settings=\"{&quot;background_background&quot;:&quot;classic&quot;}\">\n\t\t\t\t<div class=\"elementor-element elementor-element-a8b98da elementor-widget-mobile__width-initial elementor-widget elementor-widget-heading\" data-id=\"a8b98da\" data-element_type=\"widget\" data-e-type=\"widget\" data-widget_type=\"heading.default\">\n\t\t\t\t\t<h4 class=\"elementor-heading-title elementor-size-default\">Passo 5: Stabilire collegamenti con il programma scolastico<\/h4>\t\t\t\t<\/div>\n\t\t\t\t<\/div>\n\t\t<div class=\"elementor-element elementor-element-cdda619 e-con-full e-flex e-con e-child\" data-id=\"cdda619\" data-element_type=\"container\" data-e-type=\"container\">\n\t\t<div class=\"elementor-element elementor-element-3b507cb e-con-full e-flex e-con e-child\" data-id=\"3b507cb\" data-element_type=\"container\" data-e-type=\"container\">\n\t\t\t\t<div class=\"elementor-element elementor-element-da56325 elementor-widget__width-initial elementor-widget elementor-widget-text-editor\" data-id=\"da56325\" data-element_type=\"widget\" data-e-type=\"widget\" data-widget_type=\"text-editor.default\">\n\t\t\t\t\t\t\t\t\t<p>Tutte le attivit\u00e0 del progetto Eco-Schools possono essere integrate nelle lezioni, in modo da renderle pi\u00f9 vicine alla pratica e orientate verso situazioni reali e quotidiane.<\/p>\n<p>Da un lato, i passi Eco-Schools possono essere direttamente applicati in classe. Dall\u2019altro, esistono molte possibilit\u00e0 di affrontare il tema del progetto stesso in diverse materie e in modo interdisciplinare.<\/p>\n<p>Questo consente alle allieve e agli allievi di affrontare il tema scelto e le questioni di sostenibilit\u00e0 ad esso correlate in modo interconnesso e con diverse modalit\u00e0 di pensiero e di lavoro, sviluppando cos\u00ec molte competenze disciplinari e trasversali.<\/p>\n<p>Integrare le attivit\u00e0 pratiche e pedagogiche del progetto Eco-Schools con gli obiettivi didattici del piano di studi \u00e8 interessante per vari motivi. Da un lato, le attivit\u00e0 proposte offrono molte possibilit\u00e0 di utilizzo pedagogico per ogni singola disciplina scolastica, dall\u2019altro, le discipline insegnate permettono di approfondire il tema scelto. In questo modo, illustrando situazioni quotidiane, si rende pi\u00f9 concreto e coinvolgente l\u2019insegnamento, fornendo al contempo dei chiarimenti su \u00a0alcuni aspetti del progetto<strong>.<\/strong><\/p>\n\t\t\t\t\t\t\t\t<\/div>\n\t\t\t\t<\/div>\n\t\t<div class=\"elementor-element elementor-element-5c36386 e-con-full e-flex e-con e-child\" data-id=\"5c36386\" data-element_type=\"container\" data-e-type=\"container\">\n\t\t\t\t<div class=\"elementor-element elementor-element-5101e8b elementor-widget elementor-widget-image\" data-id=\"5101e8b\" data-element_type=\"widget\" data-e-type=\"widget\" data-widget_type=\"image.default\">\n\t\t\t\t\t\t\t\t\t\t\t\t<figure class=\"wp-caption\">\n\t\t\t\t\t\t\t\t\t\t<img decoding=\"async\" src=\"https:\/\/jmp-ch.org\/wp-content\/uploads\/2024\/12\/plan-d-etude-romand-700x700.jpg\" title=\"plan-d-etude-romand\" alt=\"Image : Fondation vaudoise du patrimoine scolaire\" loading=\"lazy\" \/>\t\t\t\t\t\t\t\t\t\t\t<figcaption class=\"widget-image-caption wp-caption-text\">immagine : Fondation vaudoise du patrimoine scolaire<\/figcaption>\n\t\t\t\t\t\t\t\t\t\t<\/figure>\n\t\t\t\t\t\t\t\t\t<\/div>\n\t\t\t\t<\/div>\n\t\t\t\t<\/div>\n\t\t\t\t\t<\/div>\n\t\t\t\t<\/div>\n\t\t\t\t\t<\/div>\n\t\t\t\t<\/div>\n\t\t\t\t<\/div>\n\t\t","protected":false},"excerpt":{"rendered":"<p>Tutte le attivit\u00e0 del progetto Eco-Schools possono essere integrate nelle lezioni, in modo da renderle pi\u00f9 vicine alla pratica e orientate verso situazioni reali e quotidiane. Da un lato, i passi Eco-Schools possono essere direttamente applicati in classe. Dall\u2019altro, esistono molte possibilit\u00e0 di affrontare il tema del progetto stesso in diverse materie e in modo [&hellip;]<\/p>\n","protected":false},"author":5,"featured_media":0,"parent":52736,"menu_order":0,"comment_status":"closed","ping_status":"closed","template":"","meta":{"iawp_total_views":2,"footnotes":""},"categories":[163],"class_list":["post-52785","page","type-page","status-publish","hentry","category-eco-schools"],"_links":{"self":[{"href":"https:\/\/jmp-ch.org\/it\/wp-json\/wp\/v2\/pages\/52785","targetHints":{"allow":["GET"]}}],"collection":[{"href":"https:\/\/jmp-ch.org\/it\/wp-json\/wp\/v2\/pages"}],"about":[{"href":"https:\/\/jmp-ch.org\/it\/wp-json\/wp\/v2\/types\/page"}],"author":[{"embeddable":true,"href":"https:\/\/jmp-ch.org\/it\/wp-json\/wp\/v2\/users\/5"}],"replies":[{"embeddable":true,"href":"https:\/\/jmp-ch.org\/it\/wp-json\/wp\/v2\/comments?post=52785"}],"version-history":[{"count":3,"href":"https:\/\/jmp-ch.org\/it\/wp-json\/wp\/v2\/pages\/52785\/revisions"}],"predecessor-version":[{"id":52789,"href":"https:\/\/jmp-ch.org\/it\/wp-json\/wp\/v2\/pages\/52785\/revisions\/52789"}],"up":[{"embeddable":true,"href":"https:\/\/jmp-ch.org\/it\/wp-json\/wp\/v2\/pages\/52736"}],"wp:attachment":[{"href":"https:\/\/jmp-ch.org\/it\/wp-json\/wp\/v2\/media?parent=52785"}],"wp:term":[{"taxonomy":"category","embeddable":true,"href":"https:\/\/jmp-ch.org\/it\/wp-json\/wp\/v2\/categories?post=52785"}],"curies":[{"name":"wp","href":"https:\/\/api.w.org\/{rel}","templated":true}]}}