{"id":52808,"date":"2025-01-07T17:21:06","date_gmt":"2025-01-07T16:21:06","guid":{"rendered":"https:\/\/jmp-ch.org\/il-label-eco-schools\/"},"modified":"2026-03-31T13:35:16","modified_gmt":"2026-03-31T11:35:16","slug":"il-label-eco-schools","status":"publish","type":"page","link":"https:\/\/jmp-ch.org\/it\/il-label-eco-schools\/","title":{"rendered":"Il label Eco-Schools"},"content":{"rendered":"\t\t<div data-elementor-type=\"wp-page\" data-elementor-id=\"52808\" class=\"elementor elementor-52808 elementor-40203\" data-elementor-post-type=\"page\">\n\t\t\t\t<div class=\"elementor-element elementor-element-8eff99d e-flex e-con-boxed e-con e-parent\" data-id=\"8eff99d\" data-element_type=\"container\" data-e-type=\"container\">\n\t\t\t\t\t<div class=\"e-con-inner\">\n\t\t<div class=\"elementor-element elementor-element-dd8c211 overflow e-con-full e-flex e-con e-child\" data-id=\"dd8c211\" data-element_type=\"container\" data-e-type=\"container\">\n\t\t<div class=\"elementor-element elementor-element-2261aee e-con-full e-flex e-con e-child\" data-id=\"2261aee\" data-element_type=\"container\" data-e-type=\"container\">\n\t\t\t\t<div class=\"elementor-element elementor-element-3365259 elementor-widget__width-initial elementor-widget elementor-widget-text-editor\" data-id=\"3365259\" data-element_type=\"widget\" data-e-type=\"widget\" data-widget_type=\"text-editor.default\">\n\t\t\t\t\t\t\t\t\t<p>Il label Eco-Schools<\/p>\n\t\t\t\t\t\t\t\t<\/div>\n\t\t\t\t<div class=\"elementor-element elementor-element-1f9d701 elementor-widget__width-initial elementor-widget elementor-widget-text-editor\" data-id=\"1f9d701\" data-element_type=\"widget\" data-e-type=\"widget\" data-widget_type=\"text-editor.default\">\n\t\t\t\t\t\t\t\t\t<p>Dopo aver accompagnato la scuola nella realizzazione dei 7 passi, assistiamo le scuole che desiderano ottenere il label Eco-Schools nella preparazione del portfolio di certificazione.<\/p>\n\t\t\t\t\t\t\t\t<\/div>\n\t\t\t\t<div class=\"elementor-element elementor-element-12fdb47 elementor-widget__width-initial elementor-widget elementor-widget-text-editor\" data-id=\"12fdb47\" data-element_type=\"widget\" data-e-type=\"widget\" data-widget_type=\"text-editor.default\">\n\t\t\t\t\t\t\t\t\t<p>La certificazione viene assegnata da una giuria indipendente composta da esperti nei settori dell\u2019educazione e della sostenibilit\u00e0. Il label, riconosciuto a livello nazionale e internazionale, ha una validit\u00e0 di 2 anni, durante i quali l\u2019istituto continua a portare avanti il tema trattato e amplia il proprio campo d\u2019azione approfondendo lo stesso tema o lavorando su un nuova tematica.<\/p>\n\t\t\t\t\t\t\t\t<\/div>\n\t\t\t\t<\/div>\n\t\t<div class=\"elementor-element elementor-element-a92a454 e-con-full e-flex e-con e-child\" data-id=\"a92a454\" data-element_type=\"container\" data-e-type=\"container\">\n\t\t\t\t<div class=\"elementor-element elementor-element-3ad0a90 elementor-widget elementor-widget-image\" data-id=\"3ad0a90\" data-element_type=\"widget\" data-e-type=\"widget\" data-widget_type=\"image.default\">\n\t\t\t\t\t\t\t\t\t\t\t\t\t\t\t<img fetchpriority=\"high\" decoding=\"async\" width=\"800\" height=\"534\" src=\"https:\/\/jmp-ch.org\/wp-content\/uploads\/2024\/12\/DSC_0072-1024x683.jpg\" class=\"attachment-large size-large wp-image-52826\" alt=\"\" srcset=\"https:\/\/jmp-ch.org\/wp-content\/uploads\/2024\/12\/DSC_0072-1024x683.jpg 1024w, https:\/\/jmp-ch.org\/wp-content\/uploads\/2024\/12\/DSC_0072-300x200.jpg 300w, https:\/\/jmp-ch.org\/wp-content\/uploads\/2024\/12\/DSC_0072-768x512.jpg 768w, https:\/\/jmp-ch.org\/wp-content\/uploads\/2024\/12\/DSC_0072-1536x1024.jpg 1536w, https:\/\/jmp-ch.org\/wp-content\/uploads\/2024\/12\/DSC_0072-2048x1366.jpg 2048w\" sizes=\"(max-width: 800px) 100vw, 800px\" \/>\t\t\t\t\t\t\t\t\t\t\t\t\t\t\t<\/div>\n\t\t\t\t<\/div>\n\t\t\t\t<\/div>\n\t\t\t\t\t<\/div>\n\t\t\t\t<\/div>\n\t\t<div class=\"elementor-element elementor-element-4789703 pbleft e-flex e-con-boxed e-con e-parent\" data-id=\"4789703\" data-element_type=\"container\" data-e-type=\"container\" data-settings=\"{&quot;background_background&quot;:&quot;classic&quot;}\">\n\t\t\t\t\t<div class=\"e-con-inner\">\n\t\t<div class=\"elementor-element elementor-element-ed31551 e-con-full e-flex e-con e-child\" data-id=\"ed31551\" data-element_type=\"container\" data-e-type=\"container\" data-settings=\"{&quot;background_background&quot;:&quot;classic&quot;}\">\n\t\t\t\t<div class=\"elementor-element elementor-element-27c6bd1 elementor-widget__width-initial e-transform elementor-widget elementor-widget-text-editor\" data-id=\"27c6bd1\" data-element_type=\"widget\" data-e-type=\"widget\" data-settings=\"{&quot;_transform_scale_effect_hover&quot;:{&quot;unit&quot;:&quot;px&quot;,&quot;size&quot;:0.99,&quot;sizes&quot;:[]},&quot;_transform_scale_effect_hover_tablet&quot;:{&quot;unit&quot;:&quot;px&quot;,&quot;size&quot;:&quot;&quot;,&quot;sizes&quot;:[]},&quot;_transform_scale_effect_hover_mobile&quot;:{&quot;unit&quot;:&quot;px&quot;,&quot;size&quot;:&quot;&quot;,&quot;sizes&quot;:[]}}\" data-widget_type=\"text-editor.default\">\n\t\t\t\t\t\t\t\t\t<p>Perch\u00e9 il label Eco-Schools?<\/p>\n\t\t\t\t\t\t\t\t<\/div>\n\t\t\t\t<div class=\"elementor-element elementor-element-a520059 elementor-widget__width-initial e-transform elementor-widget elementor-widget-text-editor\" data-id=\"a520059\" data-element_type=\"widget\" data-e-type=\"widget\" data-settings=\"{&quot;_transform_scale_effect_hover&quot;:{&quot;unit&quot;:&quot;px&quot;,&quot;size&quot;:0.99,&quot;sizes&quot;:[]},&quot;_transform_scale_effect_hover_tablet&quot;:{&quot;unit&quot;:&quot;px&quot;,&quot;size&quot;:&quot;&quot;,&quot;sizes&quot;:[]},&quot;_transform_scale_effect_hover_mobile&quot;:{&quot;unit&quot;:&quot;px&quot;,&quot;size&quot;:&quot;&quot;,&quot;sizes&quot;:[]}}\" data-widget_type=\"text-editor.default\">\n\t\t\t\t\t\t\t\t\t<p>La certificazione consente di valorizzare le persone coinvolte, di dare visibilit\u00e0, credibilit\u00e0 e legittimit\u00e0 al progetto e di stimolare la partecipazione di un maggior numero di persone.<\/p>\n\t\t\t\t\t\t\t\t<\/div>\n\t\t\t\t<div class=\"elementor-element elementor-element-565d715 elementor-widget__width-initial e-transform elementor-widget elementor-widget-text-editor\" data-id=\"565d715\" data-element_type=\"widget\" data-e-type=\"widget\" data-settings=\"{&quot;_transform_scale_effect_hover&quot;:{&quot;unit&quot;:&quot;px&quot;,&quot;size&quot;:0.99,&quot;sizes&quot;:[]},&quot;_transform_scale_effect_hover_tablet&quot;:{&quot;unit&quot;:&quot;px&quot;,&quot;size&quot;:&quot;&quot;,&quot;sizes&quot;:[]},&quot;_transform_scale_effect_hover_mobile&quot;:{&quot;unit&quot;:&quot;px&quot;,&quot;size&quot;:&quot;&quot;,&quot;sizes&quot;:[]}}\" data-widget_type=\"text-editor.default\">\n\t\t\t\t\t\t\t\t\t<p>Tuttavia, l\u2019attribuzione del label deve essere considerato come un punto di partenza che simboleggia l\u2019impegno della scuola alla sostenibilit\u00e0 (e nell\u2019educazione alla sostenibilit\u00e0).<\/p>\n\t\t\t\t\t\t\t\t<\/div>\n\t\t\t\t<\/div>\n\t\t<div class=\"elementor-element elementor-element-0596e41 e-con-full e-flex e-con e-child\" data-id=\"0596e41\" data-element_type=\"container\" data-e-type=\"container\">\n\t\t\t\t<div class=\"elementor-element elementor-element-4f1c9f5 elementor-widget__width-initial e-transform elementor-widget elementor-widget-text-editor\" data-id=\"4f1c9f5\" data-element_type=\"widget\" data-e-type=\"widget\" data-settings=\"{&quot;_transform_scale_effect_hover&quot;:{&quot;unit&quot;:&quot;px&quot;,&quot;size&quot;:0.99,&quot;sizes&quot;:[]},&quot;_transform_scale_effect_hover_tablet&quot;:{&quot;unit&quot;:&quot;px&quot;,&quot;size&quot;:&quot;&quot;,&quot;sizes&quot;:[]},&quot;_transform_scale_effect_hover_mobile&quot;:{&quot;unit&quot;:&quot;px&quot;,&quot;size&quot;:&quot;&quot;,&quot;sizes&quot;:[]}}\" data-widget_type=\"text-editor.default\">\n\t\t\t\t\t\t\t\t\t<p>L\u2019ottenimento della certificazione si concretizza in:<\/p>\n\t\t\t\t\t\t\t\t<\/div>\n\t\t\t\t<div class=\"elementor-element elementor-element-9b6dffa elementor-widget__width-initial e-transform elementor-widget elementor-widget-text-editor\" data-id=\"9b6dffa\" data-element_type=\"widget\" data-e-type=\"widget\" data-settings=\"{&quot;_transform_scale_effect_hover&quot;:{&quot;unit&quot;:&quot;px&quot;,&quot;size&quot;:0.99,&quot;sizes&quot;:[]},&quot;_transform_scale_effect_hover_tablet&quot;:{&quot;unit&quot;:&quot;px&quot;,&quot;size&quot;:&quot;&quot;,&quot;sizes&quot;:[]},&quot;_transform_scale_effect_hover_mobile&quot;:{&quot;unit&quot;:&quot;px&quot;,&quot;size&quot;:&quot;&quot;,&quot;sizes&quot;:[]}}\" data-widget_type=\"text-editor.default\">\n\t\t\t\t\t\t\t\t\t<p>Un\u2019attestazione dell\u2019ottenimento del label<\/p>\n\t\t\t\t\t\t\t\t<\/div>\n\t\t\t\t<div class=\"elementor-element elementor-element-341b7b7 elementor-widget__width-initial e-transform elementor-widget elementor-widget-text-editor\" data-id=\"341b7b7\" data-element_type=\"widget\" data-e-type=\"widget\" data-settings=\"{&quot;_transform_scale_effect_hover&quot;:{&quot;unit&quot;:&quot;px&quot;,&quot;size&quot;:0.99,&quot;sizes&quot;:[]},&quot;_transform_scale_effect_hover_tablet&quot;:{&quot;unit&quot;:&quot;px&quot;,&quot;size&quot;:&quot;&quot;,&quot;sizes&quot;:[]},&quot;_transform_scale_effect_hover_mobile&quot;:{&quot;unit&quot;:&quot;px&quot;,&quot;size&quot;:&quot;&quot;,&quot;sizes&quot;:[]}}\" data-widget_type=\"text-editor.default\">\n\t\t\t\t\t\t\t\t\t<p>Un certificato di partecipazione per tutti i membri del Eco-Comitato<\/p>\n\t\t\t\t\t\t\t\t<\/div>\n\t\t\t\t<div class=\"elementor-element elementor-element-b57a4f1 elementor-widget__width-initial e-transform elementor-widget elementor-widget-text-editor\" data-id=\"b57a4f1\" data-element_type=\"widget\" data-e-type=\"widget\" data-settings=\"{&quot;_transform_scale_effect_hover&quot;:{&quot;unit&quot;:&quot;px&quot;,&quot;size&quot;:0.99,&quot;sizes&quot;:[]},&quot;_transform_scale_effect_hover_tablet&quot;:{&quot;unit&quot;:&quot;px&quot;,&quot;size&quot;:&quot;&quot;,&quot;sizes&quot;:[]},&quot;_transform_scale_effect_hover_mobile&quot;:{&quot;unit&quot;:&quot;px&quot;,&quot;size&quot;:&quot;&quot;,&quot;sizes&quot;:[]}}\" data-widget_type=\"text-editor.default\">\n\t\t\t\t\t\t\t\t\t<p>L\u2019ottenimento della<strong> Bandiera Verde Internazionale<\/strong>, simbolo di appartenenza alla rete di scuole certificate Eco-Schools<\/p>\n\t\t\t\t\t\t\t\t<\/div>\n\t\t\t\t<div class=\"elementor-element elementor-element-79d4bba elementor-widget__width-initial e-transform elementor-widget elementor-widget-text-editor\" data-id=\"79d4bba\" data-element_type=\"widget\" data-e-type=\"widget\" data-settings=\"{&quot;_transform_scale_effect_hover&quot;:{&quot;unit&quot;:&quot;px&quot;,&quot;size&quot;:0.99,&quot;sizes&quot;:[]},&quot;_transform_scale_effect_hover_tablet&quot;:{&quot;unit&quot;:&quot;px&quot;,&quot;size&quot;:&quot;&quot;,&quot;sizes&quot;:[]},&quot;_transform_scale_effect_hover_mobile&quot;:{&quot;unit&quot;:&quot;px&quot;,&quot;size&quot;:&quot;&quot;,&quot;sizes&quot;:[]}}\" data-widget_type=\"text-editor.default\">\n\t\t\t\t\t\t\t\t\t<p>Un gagliardetto che rappresenta la tematica affrontata<\/p>\n\t\t\t\t\t\t\t\t<\/div>\n\t\t\t\t<div class=\"elementor-element elementor-element-14b012c elementor-widget__width-initial e-transform elementor-widget elementor-widget-text-editor\" data-id=\"14b012c\" data-element_type=\"widget\" data-e-type=\"widget\" data-settings=\"{&quot;_transform_scale_effect_hover&quot;:{&quot;unit&quot;:&quot;px&quot;,&quot;size&quot;:0.99,&quot;sizes&quot;:[]},&quot;_transform_scale_effect_hover_tablet&quot;:{&quot;unit&quot;:&quot;px&quot;,&quot;size&quot;:&quot;&quot;,&quot;sizes&quot;:[]},&quot;_transform_scale_effect_hover_mobile&quot;:{&quot;unit&quot;:&quot;px&quot;,&quot;size&quot;:&quot;&quot;,&quot;sizes&quot;:[]}}\" data-widget_type=\"text-editor.default\">\n\t\t\t\t\t\t\t\t\t<p>Il diritto di utilizzare il logo <strong>Eco-Schools<\/strong> nelle proprie pubblicazioni e sul sito internet<\/p>\n\t\t\t\t\t\t\t\t<\/div>\n\t\t\t\t<div class=\"elementor-element elementor-element-bcca96a elementor-widget elementor-widget-spacer\" data-id=\"bcca96a\" data-element_type=\"widget\" data-e-type=\"widget\" data-widget_type=\"spacer.default\">\n\t\t\t\t\t\t\t<div class=\"elementor-spacer\">\n\t\t\t<div class=\"elementor-spacer-inner\"><\/div>\n\t\t<\/div>\n\t\t\t\t\t\t<\/div>\n\t\t\t\t<\/div>\n\t\t\t\t\t<\/div>\n\t\t\t\t<\/div>\n\t\t<div class=\"elementor-element elementor-element-ed2f82e e-flex e-con-boxed e-con e-parent\" data-id=\"ed2f82e\" data-element_type=\"container\" data-e-type=\"container\">\n\t\t\t\t\t<div class=\"e-con-inner\">\n\t\t<div class=\"elementor-element elementor-element-bc92ea7 e-con-full e-flex e-con e-child\" data-id=\"bc92ea7\" data-element_type=\"container\" data-e-type=\"container\">\n\t\t\t\t<div class=\"elementor-element elementor-element-2102d04 elementor-widget elementor-widget-image\" data-id=\"2102d04\" data-element_type=\"widget\" data-e-type=\"widget\" data-widget_type=\"image.default\">\n\t\t\t\t\t\t\t\t\t\t\t\t\t\t\t<img decoding=\"async\" width=\"800\" height=\"450\" src=\"https:\/\/jmp-ch.org\/wp-content\/uploads\/2025\/01\/IMG_20220623_134626-1024x576.jpg\" class=\"attachment-large size-large wp-image-41249\" alt=\"\" srcset=\"https:\/\/jmp-ch.org\/wp-content\/uploads\/2025\/01\/IMG_20220623_134626-1024x576.jpg 1024w, https:\/\/jmp-ch.org\/wp-content\/uploads\/2025\/01\/IMG_20220623_134626-300x169.jpg 300w, https:\/\/jmp-ch.org\/wp-content\/uploads\/2025\/01\/IMG_20220623_134626-768x432.jpg 768w, https:\/\/jmp-ch.org\/wp-content\/uploads\/2025\/01\/IMG_20220623_134626-1536x864.jpg 1536w, https:\/\/jmp-ch.org\/wp-content\/uploads\/2025\/01\/IMG_20220623_134626-2048x1152.jpg 2048w\" sizes=\"(max-width: 800px) 100vw, 800px\" \/>\t\t\t\t\t\t\t\t\t\t\t\t\t\t\t<\/div>\n\t\t\t\t<\/div>\n\t\t<div class=\"elementor-element elementor-element-e6c0373 e-con-full e-flex e-con e-child\" data-id=\"e6c0373\" data-element_type=\"container\" data-e-type=\"container\">\n\t\t\t\t<div class=\"elementor-element elementor-element-3b2842a elementor-widget elementor-widget-text-editor\" data-id=\"3b2842a\" data-element_type=\"widget\" data-e-type=\"widget\" data-widget_type=\"text-editor.default\">\n\t\t\t\t\t\t\t\t\t<p>QUALI SONO I CRITERI DI CERTIFICAZIONE?<\/p>\n\t\t\t\t\t\t\t\t<\/div>\n\t\t\t\t<div class=\"elementor-element elementor-element-b89c0c1 elementor-widget elementor-widget-text-editor\" data-id=\"b89c0c1\" data-element_type=\"widget\" data-e-type=\"widget\" data-widget_type=\"text-editor.default\">\n\t\t\t\t\t\t\t\t\t<p>Eco-Schools fornisce un contesto e una metodologia che favoriscono l\u2019implementazione di un processo di miglioramento progressivo e duraturo.<\/p>\n<p>Ogni istituto scolastico progetta il proprio percorso in base alle proprie motivazioni e preoccupazioni, costruisce i progetti in funzione del tempo e dei mezzi a disposizione e progredisce secondo il proprio ritmo.<\/p>\n<p>Tenendo conto di questa diversit\u00e0, l\u2019attribuzione del label non \u00e8 subordinata a criteri di rendimento. Si tratta di una valutazione globale del progetto, volta a riconoscere la dinamica creata e a valorizzare il lavoro svolto.<\/p>\n\t\t\t\t\t\t\t\t<\/div>\n\t\t\t\t<\/div>\n\t\t\t\t\t<\/div>\n\t\t\t\t<\/div>\n\t\t<div class=\"elementor-element elementor-element-ec3ecb9 e-flex e-con-boxed e-con e-parent\" data-id=\"ec3ecb9\" data-element_type=\"container\" data-e-type=\"container\">\n\t\t\t\t\t<div class=\"e-con-inner\">\n\t\t<div class=\"elementor-element elementor-element-f4aecd3 e-con-full e-flex e-con e-child\" data-id=\"f4aecd3\" data-element_type=\"container\" data-e-type=\"container\">\n\t\t\t\t<div class=\"elementor-element elementor-element-fafffdd elementor-widget elementor-widget-text-editor\" data-id=\"fafffdd\" data-element_type=\"widget\" data-e-type=\"widget\" data-widget_type=\"text-editor.default\">\n\t\t\t\t\t\t\t\t\t<p>LA NOSTRA GIURIA ECO-SCHOOLS<\/p>\n\t\t\t\t\t\t\t\t<\/div>\n\t\t\t\t<div class=\"elementor-element elementor-element-2fdc42a elementor-widget elementor-widget-text-editor\" data-id=\"2fdc42a\" data-element_type=\"widget\" data-e-type=\"widget\" data-widget_type=\"text-editor.default\">\n\t\t\t\t\t\t\t\t\t<p>La giuria svolge un ruolo importante nella valutazione e valorizzazione dei progetti realizzati dalle scuole.<\/p>\n<p>E\u2019 composta da specialisti provenienti da diversi ambiti. Questa diversit\u00e0 di competenze garantisce una valutazione ricca, equilibrata e rispettosa degli obiettivi pedagogici.<\/p>\n<p>Siete curiosi di sapere chi sono i membri della nostra giuria?<\/p>\n\t\t\t\t\t\t\t\t<\/div>\n\t\t\t\t<\/div>\n\t\t\t\t\t<\/div>\n\t\t\t\t<\/div>\n\t\t<div class=\"elementor-element elementor-element-6426a11 e-flex e-con-boxed e-con e-parent\" data-id=\"6426a11\" data-element_type=\"container\" data-e-type=\"container\">\n\t\t\t\t\t<div class=\"e-con-inner\">\n\t\t<div class=\"elementor-element elementor-element-f18b4e3 e-con-full e-flex e-con e-child\" data-id=\"f18b4e3\" data-element_type=\"container\" data-e-type=\"container\">\n\t\t\t\t<div class=\"elementor-element elementor-element-733cf20 elementor-widget elementor-widget-image\" data-id=\"733cf20\" data-element_type=\"widget\" data-e-type=\"widget\" data-widget_type=\"image.default\">\n\t\t\t\t\t\t\t\t\t\t\t\t\t\t\t<img decoding=\"async\" width=\"800\" height=\"542\" src=\"https:\/\/jmp-ch.org\/wp-content\/uploads\/2025\/05\/Jury-SR-GE-1024x694.jpg\" class=\"attachment-large size-large wp-image-52809\" alt=\"\" srcset=\"https:\/\/jmp-ch.org\/wp-content\/uploads\/2025\/05\/Jury-SR-GE-1024x694.jpg 1024w, https:\/\/jmp-ch.org\/wp-content\/uploads\/2025\/05\/Jury-SR-GE-300x203.jpg 300w, https:\/\/jmp-ch.org\/wp-content\/uploads\/2025\/05\/Jury-SR-GE-768x521.jpg 768w, https:\/\/jmp-ch.org\/wp-content\/uploads\/2025\/05\/Jury-SR-GE-1536x1041.jpg 1536w, https:\/\/jmp-ch.org\/wp-content\/uploads\/2025\/05\/Jury-SR-GE-2048x1389.jpg 2048w\" sizes=\"(max-width: 800px) 100vw, 800px\" \/>\t\t\t\t\t\t\t\t\t\t\t\t\t\t\t<\/div>\n\t\t\t\t<div class=\"elementor-element elementor-element-d48c6c6 elementor-align-right elementor-widget__width-initial simpleboutonorange elementor-widget elementor-widget-button\" data-id=\"d48c6c6\" data-element_type=\"widget\" data-e-type=\"widget\" data-widget_type=\"button.default\">\n\t\t\t\t\t\t\t\t\t\t<a class=\"elementor-button elementor-button-link elementor-size-sm\" href=\"https:\/\/jmp-ch.org\/wp-content\/uploads\/2025\/06\/Jury_ES2025_SR.pdf\" target=\"_blank\">\n\t\t\t\t\t\t<span class=\"elementor-button-content-wrapper\">\n\t\t\t\t\t\t\t\t\t<span class=\"elementor-button-text\">Giuria della Svizzera romanda<\/span>\n\t\t\t\t\t<\/span>\n\t\t\t\t\t<\/a>\n\t\t\t\t\t\t\t\t<\/div>\n\t\t\t\t<\/div>\n\t\t<div class=\"elementor-element elementor-element-4ed3d12 e-con-full e-flex e-con e-child\" data-id=\"4ed3d12\" data-element_type=\"container\" data-e-type=\"container\">\n\t\t\t\t<div class=\"elementor-element elementor-element-d6588a1 elementor-widget elementor-widget-image\" data-id=\"d6588a1\" data-element_type=\"widget\" data-e-type=\"widget\" data-widget_type=\"image.default\">\n\t\t\t\t\t\t\t\t\t\t\t\t\t\t\t<img loading=\"lazy\" decoding=\"async\" width=\"800\" height=\"540\" src=\"https:\/\/jmp-ch.org\/wp-content\/uploads\/2025\/05\/Jury-SA-ZH-2-1024x691.jpg\" class=\"attachment-large size-large wp-image-52810\" alt=\"\" srcset=\"https:\/\/jmp-ch.org\/wp-content\/uploads\/2025\/05\/Jury-SA-ZH-2-1024x691.jpg 1024w, https:\/\/jmp-ch.org\/wp-content\/uploads\/2025\/05\/Jury-SA-ZH-2-300x202.jpg 300w, https:\/\/jmp-ch.org\/wp-content\/uploads\/2025\/05\/Jury-SA-ZH-2-768x518.jpg 768w, https:\/\/jmp-ch.org\/wp-content\/uploads\/2025\/05\/Jury-SA-ZH-2-1536x1036.jpg 1536w, https:\/\/jmp-ch.org\/wp-content\/uploads\/2025\/05\/Jury-SA-ZH-2-2048x1382.jpg 2048w\" sizes=\"(max-width: 800px) 100vw, 800px\" \/>\t\t\t\t\t\t\t\t\t\t\t\t\t\t\t<\/div>\n\t\t\t\t<div class=\"elementor-element elementor-element-aae977a elementor-align-right elementor-widget__width-initial simpleboutonorange elementor-widget elementor-widget-button\" data-id=\"aae977a\" data-element_type=\"widget\" data-e-type=\"widget\" data-widget_type=\"button.default\">\n\t\t\t\t\t\t\t\t\t\t<a class=\"elementor-button elementor-button-link elementor-size-sm\" href=\"https:\/\/jmp-ch.org\/wp-content\/uploads\/2026\/03\/Jury_ES2025_SA-4.pdf\" target=\"_blank\">\n\t\t\t\t\t\t<span class=\"elementor-button-content-wrapper\">\n\t\t\t\t\t\t\t\t\t<span class=\"elementor-button-text\">Giuria della Svizzera tedesca<\/span>\n\t\t\t\t\t<\/span>\n\t\t\t\t\t<\/a>\n\t\t\t\t\t\t\t\t<\/div>\n\t\t\t\t<\/div>\n\t\t\t\t\t<\/div>\n\t\t\t\t<\/div>\n\t\t\t\t<\/div>\n\t\t","protected":false},"excerpt":{"rendered":"<p>Il label Eco-Schools Dopo aver accompagnato la scuola nella realizzazione dei 7 passi, assistiamo le scuole che desiderano ottenere il label Eco-Schools nella preparazione del portfolio di certificazione. La certificazione viene assegnata da una giuria indipendente composta da esperti nei settori dell\u2019educazione e della sostenibilit\u00e0. Il label, riconosciuto a livello nazionale e internazionale, ha una [&hellip;]<\/p>\n","protected":false},"author":5,"featured_media":0,"parent":0,"menu_order":0,"comment_status":"closed","ping_status":"closed","template":"","meta":{"iawp_total_views":7,"footnotes":""},"categories":[32],"class_list":["post-52808","page","type-page","status-publish","hentry","category-eco-schools"],"_links":{"self":[{"href":"https:\/\/jmp-ch.org\/it\/wp-json\/wp\/v2\/pages\/52808","targetHints":{"allow":["GET"]}}],"collection":[{"href":"https:\/\/jmp-ch.org\/it\/wp-json\/wp\/v2\/pages"}],"about":[{"href":"https:\/\/jmp-ch.org\/it\/wp-json\/wp\/v2\/types\/page"}],"author":[{"embeddable":true,"href":"https:\/\/jmp-ch.org\/it\/wp-json\/wp\/v2\/users\/5"}],"replies":[{"embeddable":true,"href":"https:\/\/jmp-ch.org\/it\/wp-json\/wp\/v2\/comments?post=52808"}],"version-history":[{"count":12,"href":"https:\/\/jmp-ch.org\/it\/wp-json\/wp\/v2\/pages\/52808\/revisions"}],"predecessor-version":[{"id":56345,"href":"https:\/\/jmp-ch.org\/it\/wp-json\/wp\/v2\/pages\/52808\/revisions\/56345"}],"wp:attachment":[{"href":"https:\/\/jmp-ch.org\/it\/wp-json\/wp\/v2\/media?parent=52808"}],"wp:term":[{"taxonomy":"category","embeddable":true,"href":"https:\/\/jmp-ch.org\/it\/wp-json\/wp\/v2\/categories?post=52808"}],"curies":[{"name":"wp","href":"https:\/\/api.w.org\/{rel}","templated":true}]}}