{"id":52872,"date":"2024-12-10T12:49:02","date_gmt":"2024-12-10T11:49:02","guid":{"rendered":"https:\/\/jmp-ch.org\/home-eco-schools\/temi\/acqua\/"},"modified":"2025-10-08T08:40:24","modified_gmt":"2025-10-08T06:40:24","slug":"acqua","status":"publish","type":"page","link":"https:\/\/jmp-ch.org\/it\/home-eco-schools\/temi\/acqua\/","title":{"rendered":"Acqua"},"content":{"rendered":"\t\t<div data-elementor-type=\"wp-page\" data-elementor-id=\"52872\" class=\"elementor elementor-52872 elementor-38619\" data-elementor-post-type=\"page\">\n\t\t\t\t<div class=\"elementor-element elementor-element-ddf4ad0 e-flex e-con-boxed e-con e-parent\" data-id=\"ddf4ad0\" data-element_type=\"container\" data-e-type=\"container\">\n\t\t\t\t\t<div class=\"e-con-inner\">\n\t\t\t\t<div class=\"elementor-element elementor-element-3580752 elementor-widget elementor-widget-spacer\" data-id=\"3580752\" data-element_type=\"widget\" data-e-type=\"widget\" data-widget_type=\"spacer.default\">\n\t\t\t\t\t\t\t<div class=\"elementor-spacer\">\n\t\t\t<div class=\"elementor-spacer-inner\"><\/div>\n\t\t<\/div>\n\t\t\t\t\t\t<\/div>\n\t\t\t\t\t<\/div>\n\t\t\t\t<\/div>\n\t\t<div class=\"elementor-element elementor-element-6aab957 e-flex e-con-boxed e-con e-parent\" data-id=\"6aab957\" data-element_type=\"container\" data-e-type=\"container\" data-settings=\"{&quot;background_background&quot;:&quot;classic&quot;}\">\n\t\t\t\t\t<div class=\"e-con-inner\">\n\t\t<div class=\"elementor-element elementor-element-b6a0c85 e-flex e-con-boxed e-con e-child\" data-id=\"b6a0c85\" data-element_type=\"container\" data-e-type=\"container\" data-settings=\"{&quot;background_background&quot;:&quot;classic&quot;}\">\n\t\t\t\t\t<div class=\"e-con-inner\">\n\t\t<div class=\"elementor-element elementor-element-84b5e4b e-con-full e-flex e-con e-child\" data-id=\"84b5e4b\" data-element_type=\"container\" data-e-type=\"container\" data-settings=\"{&quot;background_background&quot;:&quot;classic&quot;}\">\n\t\t\t\t<div class=\"elementor-element elementor-element-1133ec4 elementor-widget-mobile__width-initial elementor-widget elementor-widget-heading\" data-id=\"1133ec4\" data-element_type=\"widget\" data-e-type=\"widget\" data-widget_type=\"heading.default\">\n\t\t\t\t\t<h4 class=\"elementor-heading-title elementor-size-default\">Acqua<\/h4>\t\t\t\t<\/div>\n\t\t\t\t<\/div>\n\t\t<div class=\"elementor-element elementor-element-59865e9 e-con-full e-flex e-con e-child\" data-id=\"59865e9\" data-element_type=\"container\" data-e-type=\"container\">\n\t\t<div class=\"elementor-element elementor-element-83c6f5c e-con-full e-flex e-con e-child\" data-id=\"83c6f5c\" data-element_type=\"container\" data-e-type=\"container\">\n\t\t\t\t<div class=\"elementor-element elementor-element-b40fc8d elementor-widget__width-initial elementor-widget elementor-widget-text-editor\" data-id=\"b40fc8d\" data-element_type=\"widget\" data-e-type=\"widget\" data-widget_type=\"text-editor.default\">\n\t\t\t\t\t\t\t\t\t<p><strong>L&#8217;acqua dolce \u00e8 indispensabile per la vita sulla Terra. Anche se i tre quarti della superficie terrestre sono ricoperti d&#8217;acqua, solo il 3% \u00e8 costituito da acqua dolce e la maggior parte di questa \u00e8 intrappolata nei ghiacci.<\/strong><\/p>\n\t\t\t\t\t\t\t\t<\/div>\n\t\t\t\t<div class=\"elementor-element elementor-element-2050230 elementor-widget__width-initial elementor-widget elementor-widget-text-editor\" data-id=\"2050230\" data-element_type=\"widget\" data-e-type=\"widget\" data-widget_type=\"text-editor.default\">\n\t\t\t\t\t\t\t\t\t<p>L&#8217;accesso all&#8217;acqua \u00e8 distribuito in modo diseguale nel mondo e le attivit\u00e0 umane come l&#8217;espansione urbana, l&#8217;agricoltura intensiva e l&#8217;industria esercitano una crescente pressione sulle nostre acque, compromettendone inoltre la qualit\u00e0.<\/p>\n<p>La Svizzera dispone di acqua in abbondanza. Tuttavia, l&#8217;acqua \u00e8 anche necessaria per la produzione di innumerevoli beni. Il nostro consumo comporta un utilizzo indiretto di acqua (chiamato anche acqua virtuale), spesso all&#8217;estero, in regioni dove le risorse idriche sono pi\u00f9 limitate.<\/p>\n<p>Il tema dell&#8217;acqua riunisce le questioni ecologiche, sociali ed economiche legate al nostro consumo idrico.<\/p>\n<p>Offre inoltre diverse possibilit\u00e0 di approccio per un progetto Eco-Schools.<\/p>\n\t\t\t\t\t\t\t\t<\/div>\n\t\t<div class=\"elementor-element elementor-element-3d224a5 e-con-full e-flex e-con e-child\" data-id=\"3d224a5\" data-element_type=\"container\" data-e-type=\"container\" data-settings=\"{&quot;background_background&quot;:&quot;classic&quot;}\">\n\t\t\t\t<div class=\"elementor-element elementor-element-7b3aa22 elementor-widget__width-initial e-transform elementor-widget elementor-widget-text-editor\" data-id=\"7b3aa22\" data-element_type=\"widget\" data-e-type=\"widget\" data-settings=\"{&quot;_transform_scale_effect_hover&quot;:{&quot;unit&quot;:&quot;px&quot;,&quot;size&quot;:0.99,&quot;sizes&quot;:[]},&quot;_transform_scale_effect_hover_tablet&quot;:{&quot;unit&quot;:&quot;px&quot;,&quot;size&quot;:&quot;&quot;,&quot;sizes&quot;:[]},&quot;_transform_scale_effect_hover_mobile&quot;:{&quot;unit&quot;:&quot;px&quot;,&quot;size&quot;:&quot;&quot;,&quot;sizes&quot;:[]}}\" data-widget_type=\"text-editor.default\">\n\t\t\t\t\t\t\t\t\t<p style=\"text-align: left;\">Alcune idee di attivit\u00e0 di progetto per tutta la scuola:<\/p>\n\t\t\t\t\t\t\t\t<\/div>\n\t\t\t\t<div class=\"elementor-element elementor-element-f2ab0a0 elementor-widget elementor-widget-text-editor\" data-id=\"f2ab0a0\" data-element_type=\"widget\" data-e-type=\"widget\" data-widget_type=\"text-editor.default\">\n\t\t\t\t\t\t\t\t\t<p>Esaminare da vicino l\u2019acqua virtuale necessaria per la produzione di prodotti di uso quotidiano a scuola e il loro impatto sulle risorse idriche.<\/p>\n\t\t\t\t\t\t\t\t<\/div>\n\t\t\t\t<div class=\"elementor-element elementor-element-0bab8c4 elementor-widget elementor-widget-text-editor\" data-id=\"0bab8c4\" data-element_type=\"widget\" data-e-type=\"widget\" data-widget_type=\"text-editor.default\">\n\t\t\t\t\t\t\t\t\t<p>Riflettere su come la comunit\u00e0 scolastica possa preservare le risorse idriche consumandole in modo consapevole e rispettoso, ad esempio riflettendo su un consumo consapevole di beni, servizi e alimenti, installando un sistema di recupero dell\u2019acqua o promuovendo l\u2019uso di prodotti per la pulizia rispettosi dell\u2019ambiente.<\/p>\n\t\t\t\t\t\t\t\t<\/div>\n\t\t\t\t<div class=\"elementor-element elementor-element-c5bd3b5 elementor-widget elementor-widget-text-editor\" data-id=\"c5bd3b5\" data-element_type=\"widget\" data-e-type=\"widget\" data-widget_type=\"text-editor.default\">\n\t\t\t\t\t\t\t\t\t<p>Creare un mini-stagno, un laghetto o un prato umido all\u2019interno della scuola per creare un habitat per le specie animali e vegetali locali.<\/p>\n\t\t\t\t\t\t\t\t<\/div>\n\t\t\t\t<div class=\"elementor-element elementor-element-84b9fbc elementor-widget elementor-widget-text-editor\" data-id=\"84b9fbc\" data-element_type=\"widget\" data-e-type=\"widget\" data-widget_type=\"text-editor.default\">\n\t\t\t\t\t\t\t\t\t<p>Svolgere ricerche su temi come la penuria d\u2019acqua, l\u2019accesso all\u2019acqua potabile e l\u2019inquinamento dell\u2019acqua nell\u2019ambito di progetti di classe e presentare i risultati in una mostra scolastica.<\/p>\n\t\t\t\t\t\t\t\t<\/div>\n\t\t\t\t<div class=\"elementor-element elementor-element-0ba891d elementor-widget elementor-widget-text-editor\" data-id=\"0ba891d\" data-element_type=\"widget\" data-e-type=\"widget\" data-widget_type=\"text-editor.default\">\n\t\t\t\t\t\t\t\t\t<p>Studiare la qualit\u00e0 dell\u2019acqua e l\u2019utilizzo di un corso d\u2019acqua nei pressi della scuola e registrare i risultati in un film documentario.<\/p>\n\t\t\t\t\t\t\t\t<\/div>\n\t\t\t\t<div class=\"elementor-element elementor-element-98bf443 elementor-widget elementor-widget-text-editor\" data-id=\"98bf443\" data-element_type=\"widget\" data-e-type=\"widget\" data-widget_type=\"text-editor.default\">\n\t\t\t\t\t\t\t\t\t<p>Esplorare l\u2019acqua attraverso diverse materie e con tutti i sensi &#8211; attraverso la musica, le arti visive, le lingue, le scienze naturali, la storia, ecc.<\/p>\n\t\t\t\t\t\t\t\t<\/div>\n\t\t\t\t<\/div>\n\t\t\t\t<\/div>\n\t\t<div class=\"elementor-element elementor-element-3566a4e e-con-full e-flex e-con e-child\" data-id=\"3566a4e\" data-element_type=\"container\" data-e-type=\"container\">\n\t\t\t\t<div class=\"elementor-element elementor-element-413e853 elementor-widget__width-initial elementor-widget elementor-widget-image\" data-id=\"413e853\" data-element_type=\"widget\" data-e-type=\"widget\" data-widget_type=\"image.default\">\n\t\t\t\t\t\t\t\t\t\t\t\t\t\t\t<img decoding=\"async\" width=\"200\" height=\"185\" src=\"https:\/\/jmp-ch.org\/wp-content\/uploads\/2024\/11\/logo-eau-200x185-1.jpg\" class=\"attachment-full size-full wp-image-52727\" alt=\"\" \/>\t\t\t\t\t\t\t\t\t\t\t\t\t\t\t<\/div>\n\t\t\t\t<div class=\"elementor-element elementor-element-5202a84 elementor-widget elementor-widget-image\" data-id=\"5202a84\" data-element_type=\"widget\" data-e-type=\"widget\" data-widget_type=\"image.default\">\n\t\t\t\t\t\t\t\t\t\t\t\t\t\t\t<img fetchpriority=\"high\" decoding=\"async\" width=\"800\" height=\"472\" src=\"https:\/\/jmp-ch.org\/wp-content\/uploads\/2025\/01\/Activite_Fonte_neige_Page_2-1024x604.jpg\" class=\"attachment-large size-large wp-image-52874\" alt=\"\" srcset=\"https:\/\/jmp-ch.org\/wp-content\/uploads\/2025\/01\/Activite_Fonte_neige_Page_2-1024x604.jpg 1024w, https:\/\/jmp-ch.org\/wp-content\/uploads\/2025\/01\/Activite_Fonte_neige_Page_2-300x177.jpg 300w, https:\/\/jmp-ch.org\/wp-content\/uploads\/2025\/01\/Activite_Fonte_neige_Page_2-768x453.jpg 768w, https:\/\/jmp-ch.org\/wp-content\/uploads\/2025\/01\/Activite_Fonte_neige_Page_2-1536x906.jpg 1536w, https:\/\/jmp-ch.org\/wp-content\/uploads\/2025\/01\/Activite_Fonte_neige_Page_2-2048x1208.jpg 2048w\" sizes=\"(max-width: 800px) 100vw, 800px\" \/>\t\t\t\t\t\t\t\t\t\t\t\t\t\t\t<\/div>\n\t\t\t\t<\/div>\n\t\t\t\t<\/div>\n\t\t\t\t\t<\/div>\n\t\t\t\t<\/div>\n\t\t\t\t\t<\/div>\n\t\t\t\t<\/div>\n\t\t\t\t<\/div>\n\t\t","protected":false},"excerpt":{"rendered":"<p>L&#8217;acqua dolce \u00e8 indispensabile per la vita sulla Terra. Anche se i tre quarti della superficie terrestre sono ricoperti d&#8217;acqua, solo il 3% \u00e8 costituito da acqua dolce e la maggior parte di questa \u00e8 intrappolata nei ghiacci. L&#8217;accesso all&#8217;acqua \u00e8 distribuito in modo diseguale nel mondo e le attivit\u00e0 umane come l&#8217;espansione urbana, l&#8217;agricoltura [&hellip;]<\/p>\n","protected":false},"author":5,"featured_media":0,"parent":52723,"menu_order":0,"comment_status":"closed","ping_status":"closed","template":"","meta":{"iawp_total_views":2,"footnotes":""},"categories":[163],"class_list":["post-52872","page","type-page","status-publish","hentry","category-eco-schools"],"_links":{"self":[{"href":"https:\/\/jmp-ch.org\/it\/wp-json\/wp\/v2\/pages\/52872","targetHints":{"allow":["GET"]}}],"collection":[{"href":"https:\/\/jmp-ch.org\/it\/wp-json\/wp\/v2\/pages"}],"about":[{"href":"https:\/\/jmp-ch.org\/it\/wp-json\/wp\/v2\/types\/page"}],"author":[{"embeddable":true,"href":"https:\/\/jmp-ch.org\/it\/wp-json\/wp\/v2\/users\/5"}],"replies":[{"embeddable":true,"href":"https:\/\/jmp-ch.org\/it\/wp-json\/wp\/v2\/comments?post=52872"}],"version-history":[{"count":6,"href":"https:\/\/jmp-ch.org\/it\/wp-json\/wp\/v2\/pages\/52872\/revisions"}],"predecessor-version":[{"id":52955,"href":"https:\/\/jmp-ch.org\/it\/wp-json\/wp\/v2\/pages\/52872\/revisions\/52955"}],"up":[{"embeddable":true,"href":"https:\/\/jmp-ch.org\/it\/wp-json\/wp\/v2\/pages\/52723"}],"wp:attachment":[{"href":"https:\/\/jmp-ch.org\/it\/wp-json\/wp\/v2\/media?parent=52872"}],"wp:term":[{"taxonomy":"category","embeddable":true,"href":"https:\/\/jmp-ch.org\/it\/wp-json\/wp\/v2\/categories?post=52872"}],"curies":[{"name":"wp","href":"https:\/\/api.w.org\/{rel}","templated":true}]}}