{"id":52888,"date":"2024-12-10T12:33:50","date_gmt":"2024-12-10T11:33:50","guid":{"rendered":"https:\/\/jmp-ch.org\/home-eco-schools\/temi\/cittadinanza\/"},"modified":"2025-10-08T08:42:05","modified_gmt":"2025-10-08T06:42:05","slug":"cittadinanza","status":"publish","type":"page","link":"https:\/\/jmp-ch.org\/it\/home-eco-schools\/temi\/cittadinanza\/","title":{"rendered":"Cittadinanza"},"content":{"rendered":"\t\t<div data-elementor-type=\"wp-page\" data-elementor-id=\"52888\" class=\"elementor elementor-52888 elementor-38594\" data-elementor-post-type=\"page\">\n\t\t\t\t<div class=\"elementor-element elementor-element-ddf4ad0 e-flex e-con-boxed e-con e-parent\" data-id=\"ddf4ad0\" data-element_type=\"container\" data-e-type=\"container\">\n\t\t\t\t\t<div class=\"e-con-inner\">\n\t\t\t\t<div class=\"elementor-element elementor-element-3580752 elementor-widget elementor-widget-spacer\" data-id=\"3580752\" data-element_type=\"widget\" data-e-type=\"widget\" data-widget_type=\"spacer.default\">\n\t\t\t\t\t\t\t<div class=\"elementor-spacer\">\n\t\t\t<div class=\"elementor-spacer-inner\"><\/div>\n\t\t<\/div>\n\t\t\t\t\t\t<\/div>\n\t\t\t\t\t<\/div>\n\t\t\t\t<\/div>\n\t\t<div class=\"elementor-element elementor-element-6aab957 e-flex e-con-boxed e-con e-parent\" data-id=\"6aab957\" data-element_type=\"container\" data-e-type=\"container\" data-settings=\"{&quot;background_background&quot;:&quot;classic&quot;}\">\n\t\t\t\t\t<div class=\"e-con-inner\">\n\t\t<div class=\"elementor-element elementor-element-b6a0c85 e-flex e-con-boxed e-con e-child\" data-id=\"b6a0c85\" data-element_type=\"container\" data-e-type=\"container\" data-settings=\"{&quot;background_background&quot;:&quot;classic&quot;}\">\n\t\t\t\t\t<div class=\"e-con-inner\">\n\t\t<div class=\"elementor-element elementor-element-84b5e4b e-con-full e-flex e-con e-child\" data-id=\"84b5e4b\" data-element_type=\"container\" data-e-type=\"container\" data-settings=\"{&quot;background_background&quot;:&quot;classic&quot;}\">\n\t\t\t\t<div class=\"elementor-element elementor-element-1133ec4 elementor-widget-mobile__width-initial elementor-widget elementor-widget-heading\" data-id=\"1133ec4\" data-element_type=\"widget\" data-e-type=\"widget\" data-widget_type=\"heading.default\">\n\t\t\t\t\t<h4 class=\"elementor-heading-title elementor-size-default\">Cittadinanza<\/h4>\t\t\t\t<\/div>\n\t\t\t\t<\/div>\n\t\t<div class=\"elementor-element elementor-element-59865e9 e-con-full e-flex e-con e-child\" data-id=\"59865e9\" data-element_type=\"container\" data-e-type=\"container\">\n\t\t<div class=\"elementor-element elementor-element-83c6f5c e-con-full e-flex e-con e-child\" data-id=\"83c6f5c\" data-element_type=\"container\" data-e-type=\"container\">\n\t\t\t\t<div class=\"elementor-element elementor-element-b40fc8d elementor-widget__width-initial elementor-widget elementor-widget-text-editor\" data-id=\"b40fc8d\" data-element_type=\"widget\" data-e-type=\"widget\" data-widget_type=\"text-editor.default\">\n\t\t\t\t\t\t\t\t\t<p><strong>La cittadinanza comprende un insieme di attitudini e conoscenze che consentono di riconoscere i valori necessari per la vita in comune, di operare scelte e di agire nel rispetto di s\u00e9 e degli altri.<\/strong><\/p>\n\t\t\t\t\t\t\t\t<\/div>\n\t\t\t\t<div class=\"elementor-element elementor-element-2050230 elementor-widget__width-initial elementor-widget elementor-widget-text-editor\" data-id=\"2050230\" data-element_type=\"widget\" data-e-type=\"widget\" data-widget_type=\"text-editor.default\">\n\t\t\t\t\t\t\t\t\t<p>I progetti Eco-Schools sul tema della cittadinanza consentono alle allieve e agli allievi di approfondire le questioni della solidariet\u00e0 e della convivenza pacifica. Imparano a orientarsi nel mondo e a impegnarsi come cittadini responsabili e autonomi a scuola, nella loro comunit\u00e0 e oltre, per contribuire a costruire una societ\u00e0 pi\u00f9 pacifica e inclusiva.<\/p>\n\t\t\t\t\t\t\t\t<\/div>\n\t\t<div class=\"elementor-element elementor-element-3d224a5 e-con-full e-flex e-con e-child\" data-id=\"3d224a5\" data-element_type=\"container\" data-e-type=\"container\" data-settings=\"{&quot;background_background&quot;:&quot;classic&quot;}\">\n\t\t\t\t<div class=\"elementor-element elementor-element-7b3aa22 elementor-widget__width-initial e-transform elementor-widget elementor-widget-text-editor\" data-id=\"7b3aa22\" data-element_type=\"widget\" data-e-type=\"widget\" data-settings=\"{&quot;_transform_scale_effect_hover&quot;:{&quot;unit&quot;:&quot;px&quot;,&quot;size&quot;:0.99,&quot;sizes&quot;:[]},&quot;_transform_scale_effect_hover_tablet&quot;:{&quot;unit&quot;:&quot;px&quot;,&quot;size&quot;:&quot;&quot;,&quot;sizes&quot;:[]},&quot;_transform_scale_effect_hover_mobile&quot;:{&quot;unit&quot;:&quot;px&quot;,&quot;size&quot;:&quot;&quot;,&quot;sizes&quot;:[]}}\" data-widget_type=\"text-editor.default\">\n\t\t\t\t\t\t\t\t\t<p style=\"text-align: left;\">Alcune idee di attivit\u00e0 di progetto per tutta la scuola:<\/p>\n\t\t\t\t\t\t\t\t<\/div>\n\t\t\t\t<div class=\"elementor-element elementor-element-f2ab0a0 elementor-widget elementor-widget-text-editor\" data-id=\"f2ab0a0\" data-element_type=\"widget\" data-e-type=\"widget\" data-widget_type=\"text-editor.default\">\n\t\t\t\t\t\t\t\t\t<p>Sviluppare progetti per coinvolgere la comunit\u00e0 locale, ad esempio progetti interculturali o intergenerazionali.<\/p>\n\t\t\t\t\t\t\t\t<\/div>\n\t\t\t\t<div class=\"elementor-element elementor-element-0bab8c4 elementor-widget elementor-widget-text-editor\" data-id=\"0bab8c4\" data-element_type=\"widget\" data-e-type=\"widget\" data-widget_type=\"text-editor.default\">\n\t\t\t\t\t\t\t\t\t<p>Esplorare la diversit\u00e0 culturale all&#8217;interno della comunit\u00e0 scolastica, ad esempio esplorando insieme le lingue, le usanze, le storie e le tradizioni dei paesi di origine delle famiglie e invitare i genitori a partecipare.<\/p>\n\t\t\t\t\t\t\t\t<\/div>\n\t\t\t\t<div class=\"elementor-element elementor-element-c5bd3b5 elementor-widget elementor-widget-text-editor\" data-id=\"c5bd3b5\" data-element_type=\"widget\" data-e-type=\"widget\" data-widget_type=\"text-editor.default\">\n\t\t\t\t\t\t\t\t\t<p>Promuovere la convivenza pacifica, ad esempio nominando tra le allieve e gli allievi delle scuole medie responsabili della pace che svolgano il ruolo di mediatori in caso di conflitto, o elaborando insieme regole per la ricreazione e creando spazi di benessere.<\/p>\n\t\t\t\t\t\t\t\t<\/div>\n\t\t\t\t<div class=\"elementor-element elementor-element-84b9fbc elementor-widget elementor-widget-text-editor\" data-id=\"84b9fbc\" data-element_type=\"widget\" data-e-type=\"widget\" data-widget_type=\"text-editor.default\">\n\t\t\t\t\t\t\t\t\t<p>Rappresentare in modo creativo la propria identit\u00e0 come anche i punti in comune e le differenze all&#8217;interno della comunit\u00e0 scolastica nell&#8217;ambito di progetti artistici.<\/p>\n\t\t\t\t\t\t\t\t<\/div>\n\t\t\t\t<div class=\"elementor-element elementor-element-0ba891d elementor-widget elementor-widget-text-editor\" data-id=\"0ba891d\" data-element_type=\"widget\" data-e-type=\"widget\" data-widget_type=\"text-editor.default\">\n\t\t\t\t\t\t\t\t\t<p>Introdurre un sistema di tutoraggio tra pari, in cui le allieve e gli allievi pi\u00f9 grandi sostengono e accompagnano quelli pi\u00f9 giovani.<\/p>\n\t\t\t\t\t\t\t\t<\/div>\n\t\t\t\t<div class=\"elementor-element elementor-element-98bf443 elementor-widget elementor-widget-text-editor\" data-id=\"98bf443\" data-element_type=\"widget\" data-e-type=\"widget\" data-widget_type=\"text-editor.default\">\n\t\t\t\t\t\t\t\t\t<p>Creare un cortile scolastico partecipativo e a contatto con la natura.<\/p>\n\t\t\t\t\t\t\t\t<\/div>\n\t\t\t\t<div class=\"elementor-element elementor-element-ac0bba4 elementor-widget elementor-widget-text-editor\" data-id=\"ac0bba4\" data-element_type=\"widget\" data-e-type=\"widget\" data-widget_type=\"text-editor.default\">\n\t\t\t\t\t\t\t\t\t<p>Instaurare uno scambio regolare con una scuola del programma Eco-Schools in un&#8217;altra regione linguistica o in un altro paese.<\/p>\n\t\t\t\t\t\t\t\t<\/div>\n\t\t\t\t<div class=\"elementor-element elementor-element-a5cb262 elementor-widget elementor-widget-text-editor\" data-id=\"a5cb262\" data-element_type=\"widget\" data-e-type=\"widget\" data-widget_type=\"text-editor.default\">\n\t\t\t\t\t\t\t\t\t<p>Sviluppare una politica comune per una convivenza rispettosa e pacifica.<\/p>\n\t\t\t\t\t\t\t\t<\/div>\n\t\t\t\t<div class=\"elementor-element elementor-element-5262c54 elementor-widget elementor-widget-text-editor\" data-id=\"5262c54\" data-element_type=\"widget\" data-e-type=\"widget\" data-widget_type=\"text-editor.default\">\n\t\t\t\t\t\t\t\t\t<p>Creare insieme un regolamento scolastico in cui siano elencati i diritti e i doveri della vita quotidiana di tutti i membri della comunit\u00e0 scolastica.<\/p>\n\t\t\t\t\t\t\t\t<\/div>\n\t\t\t\t<\/div>\n\t\t\t\t<\/div>\n\t\t<div class=\"elementor-element elementor-element-3566a4e e-con-full e-flex e-con e-child\" data-id=\"3566a4e\" data-element_type=\"container\" data-e-type=\"container\">\n\t\t\t\t<div class=\"elementor-element elementor-element-413e853 elementor-widget__width-initial elementor-widget elementor-widget-image\" data-id=\"413e853\" data-element_type=\"widget\" data-e-type=\"widget\" data-widget_type=\"image.default\">\n\t\t\t\t\t\t\t\t\t\t\t\t\t\t\t<img fetchpriority=\"high\" decoding=\"async\" width=\"1621\" height=\"1538\" src=\"https:\/\/jmp-ch.org\/wp-content\/uploads\/2024\/12\/logo-citoyennete.png\" class=\"attachment-full size-full wp-image-52890\" alt=\"\" srcset=\"https:\/\/jmp-ch.org\/wp-content\/uploads\/2024\/12\/logo-citoyennete.png 1621w, https:\/\/jmp-ch.org\/wp-content\/uploads\/2024\/12\/logo-citoyennete-300x285.png 300w, https:\/\/jmp-ch.org\/wp-content\/uploads\/2024\/12\/logo-citoyennete-1024x972.png 1024w, https:\/\/jmp-ch.org\/wp-content\/uploads\/2024\/12\/logo-citoyennete-768x729.png 768w, https:\/\/jmp-ch.org\/wp-content\/uploads\/2024\/12\/logo-citoyennete-1536x1457.png 1536w\" sizes=\"(max-width: 1621px) 100vw, 1621px\" \/>\t\t\t\t\t\t\t\t\t\t\t\t\t\t\t<\/div>\n\t\t\t\t<div class=\"elementor-element elementor-element-5202a84 elementor-widget elementor-widget-image\" data-id=\"5202a84\" data-element_type=\"widget\" data-e-type=\"widget\" data-widget_type=\"image.default\">\n\t\t\t\t\t\t\t\t\t\t\t\t\t\t\t<img decoding=\"async\" width=\"800\" height=\"643\" src=\"https:\/\/jmp-ch.org\/wp-content\/uploads\/2025\/01\/20230419_145114-e1736946119347-1024x823.jpg\" class=\"attachment-large size-large wp-image-40917\" alt=\"\" srcset=\"https:\/\/jmp-ch.org\/wp-content\/uploads\/2025\/01\/20230419_145114-e1736946119347-1024x823.jpg 1024w, https:\/\/jmp-ch.org\/wp-content\/uploads\/2025\/01\/20230419_145114-e1736946119347-300x241.jpg 300w, https:\/\/jmp-ch.org\/wp-content\/uploads\/2025\/01\/20230419_145114-e1736946119347-768x618.jpg 768w, https:\/\/jmp-ch.org\/wp-content\/uploads\/2025\/01\/20230419_145114-e1736946119347-1536x1235.jpg 1536w, https:\/\/jmp-ch.org\/wp-content\/uploads\/2025\/01\/20230419_145114-e1736946119347.jpg 1920w\" sizes=\"(max-width: 800px) 100vw, 800px\" \/>\t\t\t\t\t\t\t\t\t\t\t\t\t\t\t<\/div>\n\t\t\t\t<\/div>\n\t\t\t\t<\/div>\n\t\t\t\t\t<\/div>\n\t\t\t\t<\/div>\n\t\t\t\t\t<\/div>\n\t\t\t\t<\/div>\n\t\t\t\t<\/div>\n\t\t","protected":false},"excerpt":{"rendered":"<p>La cittadinanza comprende un insieme di attitudini e conoscenze che consentono di riconoscere i valori necessari per la vita in comune, di operare scelte e di agire nel rispetto di s\u00e9 e degli altri. I progetti Eco-Schools sul tema della cittadinanza consentono alle allieve e agli allievi di approfondire le questioni della solidariet\u00e0 e della [&hellip;]<\/p>\n","protected":false},"author":5,"featured_media":0,"parent":52723,"menu_order":0,"comment_status":"closed","ping_status":"closed","template":"","meta":{"iawp_total_views":11,"footnotes":""},"categories":[163],"class_list":["post-52888","page","type-page","status-publish","hentry","category-eco-schools"],"_links":{"self":[{"href":"https:\/\/jmp-ch.org\/it\/wp-json\/wp\/v2\/pages\/52888","targetHints":{"allow":["GET"]}}],"collection":[{"href":"https:\/\/jmp-ch.org\/it\/wp-json\/wp\/v2\/pages"}],"about":[{"href":"https:\/\/jmp-ch.org\/it\/wp-json\/wp\/v2\/types\/page"}],"author":[{"embeddable":true,"href":"https:\/\/jmp-ch.org\/it\/wp-json\/wp\/v2\/users\/5"}],"replies":[{"embeddable":true,"href":"https:\/\/jmp-ch.org\/it\/wp-json\/wp\/v2\/comments?post=52888"}],"version-history":[{"count":6,"href":"https:\/\/jmp-ch.org\/it\/wp-json\/wp\/v2\/pages\/52888\/revisions"}],"predecessor-version":[{"id":52961,"href":"https:\/\/jmp-ch.org\/it\/wp-json\/wp\/v2\/pages\/52888\/revisions\/52961"}],"up":[{"embeddable":true,"href":"https:\/\/jmp-ch.org\/it\/wp-json\/wp\/v2\/pages\/52723"}],"wp:attachment":[{"href":"https:\/\/jmp-ch.org\/it\/wp-json\/wp\/v2\/media?parent=52888"}],"wp:term":[{"taxonomy":"category","embeddable":true,"href":"https:\/\/jmp-ch.org\/it\/wp-json\/wp\/v2\/categories?post=52888"}],"curies":[{"name":"wp","href":"https:\/\/api.w.org\/{rel}","templated":true}]}}