{"id":52983,"date":"2024-11-07T10:35:15","date_gmt":"2024-11-07T09:35:15","guid":{"rendered":"https:\/\/jmp-ch.org\/home-eco-schools\/il-nostro-accompagnamento\/"},"modified":"2025-10-08T09:23:13","modified_gmt":"2025-10-08T07:23:13","slug":"il-nostro-accompagnamento","status":"publish","type":"page","link":"https:\/\/jmp-ch.org\/it\/home-eco-schools\/il-nostro-accompagnamento\/","title":{"rendered":"Il nostro accompagnamento"},"content":{"rendered":"\t\t<div data-elementor-type=\"wp-page\" data-elementor-id=\"52983\" class=\"elementor elementor-52983 elementor-36930\" data-elementor-post-type=\"page\">\n\t\t\t\t<div class=\"elementor-element elementor-element-af236af e-flex e-con-boxed e-con e-parent\" data-id=\"af236af\" data-element_type=\"container\" data-e-type=\"container\">\n\t\t\t\t\t<div class=\"e-con-inner\">\n\t\t<div class=\"elementor-element elementor-element-7d9276d overflow e-con-full e-flex e-con e-child\" data-id=\"7d9276d\" data-element_type=\"container\" data-e-type=\"container\">\n\t\t<div class=\"elementor-element elementor-element-93bdd68 e-con-full e-flex e-con e-child\" data-id=\"93bdd68\" data-element_type=\"container\" data-e-type=\"container\">\n\t\t\t\t<div class=\"elementor-element elementor-element-138483f elementor-widget__width-initial elementor-widget elementor-widget-text-editor\" data-id=\"138483f\" data-element_type=\"widget\" data-e-type=\"widget\" data-widget_type=\"text-editor.default\">\n\t\t\t\t\t\t\t\t\t<p>Il nostro accompagnamento<\/p>\n\t\t\t\t\t\t\t\t<\/div>\n\t\t\t\t<div class=\"elementor-element elementor-element-90592a2 elementor-widget__width-initial elementor-widget elementor-widget-text-editor\" data-id=\"90592a2\" data-element_type=\"widget\" data-e-type=\"widget\" data-widget_type=\"text-editor.default\">\n\t\t\t\t\t\t\t\t\t<p>Sostegno personalizzato per le scuole partecipanti<\/p>\n\t\t\t\t\t\t\t\t<\/div>\n\t\t\t\t<div class=\"elementor-element elementor-element-ec14e2d elementor-widget__width-initial elementor-widget elementor-widget-text-editor\" data-id=\"ec14e2d\" data-element_type=\"widget\" data-e-type=\"widget\" data-widget_type=\"text-editor.default\">\n\t\t\t\t\t\t\t\t\t<p>Specializzati in educazione alla sostenibilit\u00e0, l\u2019\u00e9quipe di J\u2019aime ma Plan\u00e8te sostiene ogni istituto scolastico nella realizzazione del suo progetto Eco-Schools per promuovere progetti con un forte impatto positivo.<\/p>\n\t\t\t\t\t\t\t\t<\/div>\n\t\t\t\t<\/div>\n\t\t<div class=\"elementor-element elementor-element-b2e7e79 e-con-full e-flex e-con e-child\" data-id=\"b2e7e79\" data-element_type=\"container\" data-e-type=\"container\">\n\t\t\t\t<div class=\"elementor-element elementor-element-0904c8a elementor-widget elementor-widget-image\" data-id=\"0904c8a\" data-element_type=\"widget\" data-e-type=\"widget\" data-widget_type=\"image.default\">\n\t\t\t\t\t\t\t\t\t\t\t\t\t\t\t<img fetchpriority=\"high\" decoding=\"async\" width=\"800\" height=\"534\" src=\"https:\/\/jmp-ch.org\/wp-content\/uploads\/2024\/12\/DSC_0072-1024x683.jpg\" class=\"attachment-large size-large wp-image-52826\" alt=\"\" srcset=\"https:\/\/jmp-ch.org\/wp-content\/uploads\/2024\/12\/DSC_0072-1024x683.jpg 1024w, https:\/\/jmp-ch.org\/wp-content\/uploads\/2024\/12\/DSC_0072-300x200.jpg 300w, https:\/\/jmp-ch.org\/wp-content\/uploads\/2024\/12\/DSC_0072-768x512.jpg 768w, https:\/\/jmp-ch.org\/wp-content\/uploads\/2024\/12\/DSC_0072-1536x1024.jpg 1536w, https:\/\/jmp-ch.org\/wp-content\/uploads\/2024\/12\/DSC_0072-2048x1366.jpg 2048w\" sizes=\"(max-width: 800px) 100vw, 800px\" \/>\t\t\t\t\t\t\t\t\t\t\t\t\t\t\t<\/div>\n\t\t\t\t<\/div>\n\t\t\t\t<\/div>\n\t\t\t\t\t<\/div>\n\t\t\t\t<\/div>\n\t\t<div class=\"elementor-element elementor-element-323cce5 e-flex e-con-boxed e-con e-parent\" data-id=\"323cce5\" data-element_type=\"container\" data-e-type=\"container\">\n\t\t\t\t\t<div class=\"e-con-inner\">\n\t\t<div class=\"elementor-element elementor-element-d3f68e9 e-con-full e-flex e-con e-child\" data-id=\"d3f68e9\" data-element_type=\"container\" data-e-type=\"container\" data-settings=\"{&quot;background_background&quot;:&quot;classic&quot;}\">\n\t\t<div class=\"elementor-element elementor-element-08cfae2 e-con-full e-flex e-con e-child\" data-id=\"08cfae2\" data-element_type=\"container\" data-e-type=\"container\">\n\t\t\t\t<div class=\"elementor-element elementor-element-f296ee5 elementor-widget__width-initial e-transform elementor-widget elementor-widget-text-editor\" data-id=\"f296ee5\" data-element_type=\"widget\" data-e-type=\"widget\" data-settings=\"{&quot;_transform_scale_effect_hover&quot;:{&quot;unit&quot;:&quot;px&quot;,&quot;size&quot;:0.99,&quot;sizes&quot;:[]},&quot;_transform_scale_effect_hover_tablet&quot;:{&quot;unit&quot;:&quot;px&quot;,&quot;size&quot;:&quot;&quot;,&quot;sizes&quot;:[]},&quot;_transform_scale_effect_hover_mobile&quot;:{&quot;unit&quot;:&quot;px&quot;,&quot;size&quot;:&quot;&quot;,&quot;sizes&quot;:[]}}\" data-widget_type=\"text-editor.default\">\n\t\t\t\t\t\t\t\t\t<p><span style=\"color: #010101;\">Che cosa comprende il sostegno di J&#8217;aime ma Plan\u00e8te?<\/span><\/p>\n\t\t\t\t\t\t\t\t<\/div>\n\t\t\t\t<div class=\"elementor-element elementor-element-df0668e elementor-widget elementor-widget-text-editor\" data-id=\"df0668e\" data-element_type=\"widget\" data-e-type=\"widget\" data-widget_type=\"text-editor.default\">\n\t\t\t\t\t\t\t\t\t<p>Il nostro accompagnamento si compone dei seguenti elementi:<\/p>\n\t\t\t\t\t\t\t\t<\/div>\n\t\t\t\t<div class=\"elementor-element elementor-element-c06da07 elementor-widget__width-initial e-transform elementor-widget elementor-widget-text-editor\" data-id=\"c06da07\" data-element_type=\"widget\" data-e-type=\"widget\" data-settings=\"{&quot;_transform_scale_effect_hover&quot;:{&quot;unit&quot;:&quot;px&quot;,&quot;size&quot;:0.99,&quot;sizes&quot;:[]},&quot;_animation&quot;:&quot;none&quot;,&quot;_transform_scale_effect_hover_tablet&quot;:{&quot;unit&quot;:&quot;px&quot;,&quot;size&quot;:&quot;&quot;,&quot;sizes&quot;:[]},&quot;_transform_scale_effect_hover_mobile&quot;:{&quot;unit&quot;:&quot;px&quot;,&quot;size&quot;:&quot;&quot;,&quot;sizes&quot;:[]}}\" data-widget_type=\"text-editor.default\">\n\t\t\t\t\t\t\t\t\t<p><strong>Un accompagnamento<\/strong> personalizzato durante tutto il progetto Eco-Schools<\/p>\n\t\t\t\t\t\t\t\t<\/div>\n\t\t\t\t<div class=\"elementor-element elementor-element-78fad0a elementor-widget__width-initial e-transform elementor-widget elementor-widget-text-editor\" data-id=\"78fad0a\" data-element_type=\"widget\" data-e-type=\"widget\" data-settings=\"{&quot;_transform_scale_effect_hover&quot;:{&quot;unit&quot;:&quot;px&quot;,&quot;size&quot;:0.99,&quot;sizes&quot;:[]},&quot;_transform_scale_effect_hover_tablet&quot;:{&quot;unit&quot;:&quot;px&quot;,&quot;size&quot;:&quot;&quot;,&quot;sizes&quot;:[]},&quot;_transform_scale_effect_hover_mobile&quot;:{&quot;unit&quot;:&quot;px&quot;,&quot;size&quot;:&quot;&quot;,&quot;sizes&quot;:[]}}\" data-widget_type=\"text-editor.default\">\n\t\t\t\t\t\t\t\t\t<p><strong>Strumenti<\/strong> di monitoraggio del progetto<\/p>\n\t\t\t\t\t\t\t\t<\/div>\n\t\t\t\t<div class=\"elementor-element elementor-element-598e2a4 elementor-widget__width-initial e-transform elementor-widget elementor-widget-text-editor\" data-id=\"598e2a4\" data-element_type=\"widget\" data-e-type=\"widget\" data-settings=\"{&quot;_transform_scale_effect_hover&quot;:{&quot;unit&quot;:&quot;px&quot;,&quot;size&quot;:0.99,&quot;sizes&quot;:[]},&quot;_transform_scale_effect_hover_tablet&quot;:{&quot;unit&quot;:&quot;px&quot;,&quot;size&quot;:&quot;&quot;,&quot;sizes&quot;:[]},&quot;_transform_scale_effect_hover_mobile&quot;:{&quot;unit&quot;:&quot;px&quot;,&quot;size&quot;:&quot;&quot;,&quot;sizes&quot;:[]}}\" data-widget_type=\"text-editor.default\">\n\t\t\t\t\t\t\t\t\t<p><strong>Risorse<\/strong> metodologiche e tematiche pronte all\u2019uso<\/p>\n\t\t\t\t\t\t\t\t<\/div>\n\t\t\t\t<\/div>\n\t\t\t\t<\/div>\n\t\t\t\t\t<\/div>\n\t\t\t\t<\/div>\n\t\t<div class=\"elementor-element elementor-element-4022084 e-flex e-con-boxed e-con e-parent\" data-id=\"4022084\" data-element_type=\"container\" data-e-type=\"container\">\n\t\t\t\t\t<div class=\"e-con-inner\">\n\t\t\t\t<div class=\"elementor-element elementor-element-9b7f142 e-n-tabs-mobile elementor-widget elementor-widget-n-tabs\" data-id=\"9b7f142\" data-element_type=\"widget\" data-e-type=\"widget\" data-settings=\"{&quot;horizontal_scroll&quot;:&quot;disable&quot;}\" data-widget_type=\"nested-tabs.default\">\n\t\t\t\t\t\t\t<div class=\"e-n-tabs\" data-widget-number=\"163049794\" aria-label=\"Schede. Apri gli elementi con Invio o Spazio, chiudili con Esc e naviga con i tasti freccia.\">\n\t\t\t<div class=\"e-n-tabs-heading\" role=\"tablist\">\n\t\t\t\t\t<button id=\"e-n-tab-title-1630497941\" data-tab-title-id=\"e-n-tab-title-1630497941\" class=\"e-n-tab-title\" aria-selected=\"true\" data-tab-index=\"1\" role=\"tab\" tabindex=\"0\" aria-controls=\"e-n-tab-content-1630497941\" style=\"--n-tabs-title-order: 1;\">\n\t\t\t\t\t\t<span class=\"e-n-tab-title-text\">\n\t\t\t\tAccompagnamento personalizzato\t\t\t<\/span>\n\t\t<\/button>\n\t\t\t\t<button id=\"e-n-tab-title-1630497942\" data-tab-title-id=\"e-n-tab-title-1630497942\" class=\"e-n-tab-title\" aria-selected=\"false\" data-tab-index=\"2\" role=\"tab\" tabindex=\"-1\" aria-controls=\"e-n-tab-content-1630497942\" style=\"--n-tabs-title-order: 2;\">\n\t\t\t\t\t\t<span class=\"e-n-tab-title-text\">\n\t\t\t\tGli strumenti di monitoraggio del progetto\t\t\t<\/span>\n\t\t<\/button>\n\t\t\t\t<button id=\"e-n-tab-title-1630497943\" data-tab-title-id=\"e-n-tab-title-1630497943\" class=\"e-n-tab-title\" aria-selected=\"false\" data-tab-index=\"3\" role=\"tab\" tabindex=\"-1\" aria-controls=\"e-n-tab-content-1630497943\" style=\"--n-tabs-title-order: 3;\">\n\t\t\t\t\t\t<span class=\"e-n-tab-title-text\">\n\t\t\t\tLe risorse metodologiche e tematiche\t\t\t<\/span>\n\t\t<\/button>\n\t\t\t\t\t<\/div>\n\t\t\t<div class=\"e-n-tabs-content\">\n\t\t\t\t<div id=\"e-n-tab-content-1630497941\" role=\"tabpanel\" aria-labelledby=\"e-n-tab-title-1630497941\" data-tab-index=\"1\" style=\"--n-tabs-title-order: 1;\" class=\"e-active elementor-element elementor-element-9a523e7 e-con-full e-flex e-con e-child\" data-id=\"9a523e7\" data-element_type=\"container\" data-e-type=\"container\">\n\t\t<div class=\"elementor-element elementor-element-75ca639 e-con-full e-flex e-con e-child\" data-id=\"75ca639\" data-element_type=\"container\" data-e-type=\"container\">\n\t\t\t\t<div class=\"elementor-element elementor-element-23cd5b3 elementor-widget elementor-widget-text-editor\" data-id=\"23cd5b3\" data-element_type=\"widget\" data-e-type=\"widget\" data-widget_type=\"text-editor.default\">\n\t\t\t\t\t\t\t\t\t<p style=\"text-align: left;\">A ogni scuola partecipante viene assegnato un referente o una referente all\u2019interno della nostra \u00e9quipe di J\u2019aime ma Plan\u00e8te. Questa persona sar\u00e0 incaricata di aiutare la comunit\u00e0 scolastica nella realizzazione del progetto Eco-Schools durante tutto il processo.<\/p>\n<p><\/p>\n<p style=\"text-align: left;\">L\u2019accompagnamento personalizzato comprende:<\/p>\n<ul>\n<li style=\"text-align: left;\">Un sostegno durante tutto il progetto e un\u2019attenzione particolare all\u2019inizio del progetto (analisi e piano d\u2019azione), per garantire una base solida e per avviare il progetto nelle migliori condizioni<\/li>\n<li style=\"text-align: left;\">Una formazione tematica e metodologica per aiutarvi a comprendere le sfide del tema scelto e a identificare punti di forza della vostra scuola<\/li>\n<li style=\"text-align: left;\">Incontri presso la vostra scuola, scambi di e-mail, telefonate\/videochiamate nelle fasi pi\u00f9 importanti del progetto<\/li>\n<li style=\"text-align: left;\">Feedback regolari sui documenti di monitoraggio del progetto<\/li>\n<li style=\"text-align: left;\">Un sostegno durante il processo di certificazione, in particolare per la trasmissione del portfolio e l\u2019organizzazione della visita della giuria<\/li>\n<\/ul>\n\t\t\t\t\t\t\t\t<\/div>\n\t\t\t\t<\/div>\n\t\t\t\t<\/div>\n\t\t<div id=\"e-n-tab-content-1630497942\" role=\"tabpanel\" aria-labelledby=\"e-n-tab-title-1630497942\" data-tab-index=\"2\" style=\"--n-tabs-title-order: 2;\" class=\" elementor-element elementor-element-b50cc96 e-con-full e-flex e-con e-child\" data-id=\"b50cc96\" data-element_type=\"container\" data-e-type=\"container\">\n\t\t<div class=\"elementor-element elementor-element-8e0a547 e-con-full e-flex e-con e-child\" data-id=\"8e0a547\" data-element_type=\"container\" data-e-type=\"container\">\n\t\t\t\t<div class=\"elementor-element elementor-element-34586bd elementor-widget elementor-widget-text-editor\" data-id=\"34586bd\" data-element_type=\"widget\" data-e-type=\"widget\" data-widget_type=\"text-editor.default\">\n\t\t\t\t\t\t\t\t\t<p style=\"text-align: left;\">Per aiutarvi a implementare il progetto, abbiamo sviluppato degli strumenti di monitoraggio specifici, tutti disponibili tramite un accesso personalizzato sulla piattaforma Eco-Schools. Tra questi troviamo:<\/p>\n<ul>\n<li style=\"text-align: left;\">Un diario di bordo che permette di ritracciare i passi fatti, mantenere la rotta e a seguire il vostro progetto e i suoi risultati<\/li>\n<li style=\"text-align: left;\">Griglie di analisi tematiche per aiutarvi a individuare le priorit\u00e0 d\u2019azione legate al tema scelto<\/li>\n<li style=\"text-align: left;\">Un modello di piano d\u2019azione da compilare<\/li>\n<li style=\"text-align: left;\">Un poster di monitoraggio del progetto per aiutarvi nella vostra comunicazione<\/li>\n<\/ul>\n\t\t\t\t\t\t\t\t<\/div>\n\t\t\t\t<\/div>\n\t\t\t\t<\/div>\n\t\t<div id=\"e-n-tab-content-1630497943\" role=\"tabpanel\" aria-labelledby=\"e-n-tab-title-1630497943\" data-tab-index=\"3\" style=\"--n-tabs-title-order: 3;\" class=\" elementor-element elementor-element-1b55fe6 e-con-full e-flex e-con e-child\" data-id=\"1b55fe6\" data-element_type=\"container\" data-e-type=\"container\">\n\t\t<div class=\"elementor-element elementor-element-1cc7da2 e-flex e-con-boxed e-con e-child\" data-id=\"1cc7da2\" data-element_type=\"container\" data-e-type=\"container\">\n\t\t\t\t\t<div class=\"e-con-inner\">\n\t\t\t\t<div class=\"elementor-element elementor-element-20c12de elementor-widget elementor-widget-text-editor\" data-id=\"20c12de\" data-element_type=\"widget\" data-e-type=\"widget\" data-widget_type=\"text-editor.default\">\n\t\t\t\t\t\t\t\t\t<p>Mettiamo a disposizione delle scuole diverse risorse metodologiche e tematiche:<\/p>\n<ul>\n<li>Il <span style=\"color: #ea5901;\"><a style=\"color: #ea5901;\" href=\"https:\/\/heyzine.com\/flip-book\/ecb36698f0.html\" target=\"_blank\" rel=\"noopener\"><span style=\"text-decoration: underline;\">Manuale d\u2019accompagnamento Eco-Schools<\/span><\/a><\/span> aiuta gli Eco-Comitati a introdurre il programma nelle loro scuole. Creato dall\u2019\u00e9quipe Eco-Schools di J\u2019aime ma Plan\u00e8te e adattato il pi\u00f9 possibile ai differenti contesti<\/li>\n<li>La <span style=\"text-decoration: underline;\"><span style=\"color: #ea5901;\"><a style=\"color: #ea5901; text-decoration: underline;\" href=\"https:\/\/heyzine.com\/flip-book\/84b94575fd.html\" target=\"_blank\" rel=\"noopener\">Raccolta delle buone pratiche<\/a><\/span><\/span> fornisce suggerimenti e esempi per la realizzazione dei passi della metodologia Eco-Schools. Le buone pratiche sono illustrate con esempi concreti realizzati da scuole che hanno ottenuto la certificazione Eco-Schools in Svizzera. La Raccolta \u00e8 arricchita da illustrazioni, testimonianze e altri documenti<\/li>\n<li>I <span style=\"text-decoration: underline; color: #ea5901;\"><a style=\"color: #ea5901; text-decoration: underline;\" href=\"https:\/\/heyzine.com\/flip-book\/f8e367f2c8.html\" target=\"_blank\" rel=\"noopener\">Kit tematici<\/a><\/span>, in relazione ai temi Eco-Schools, aiutano le scuole a trattare questioni legate alla sostenibilit\u00e0 nel contesto scolastico e sostengono le comunit\u00e0 scolastiche nella realizzazione di azioni concrete per migliorare l\u2019impronta ecologica della scuola. I Kit contengono strumenti pronti all\u2019uso e adattati all\u2019et\u00e0 delle allieve e degli allievi, tra cui:\n<ul>\n<li>infografiche<\/li>\n<li>questionari di analisi di sostenibilit\u00e0<\/li>\n<li>attivit\u00e0 di analisi della sostenibilit\u00e0<\/li>\n<li>schede di azione pratiche e proposte di attivit\u00e0 da svolgere in classe.<\/li>\n<\/ul>\n<p><\/li>\n<p><\/ul>\n\t\t\t\t\t\t\t\t<\/div>\n\t\t\t\t\t<\/div>\n\t\t\t\t<\/div>\n\t\t\t\t<\/div>\n\t\t\t\t\t<\/div>\n\t\t<\/div>\n\t\t\t\t\t\t<\/div>\n\t\t\t\t\t<\/div>\n\t\t\t\t<\/div>\n\t\t\t\t<\/div>\n\t\t","protected":false},"excerpt":{"rendered":"<p>Il nostro accompagnamento Sostegno personalizzato per le scuole partecipanti Specializzati in educazione alla sostenibilit\u00e0, l\u2019\u00e9quipe di J\u2019aime ma Plan\u00e8te sostiene ogni istituto scolastico nella realizzazione del suo progetto Eco-Schools per promuovere progetti con un forte impatto positivo. Che cosa comprende il sostegno di J&#8217;aime ma Plan\u00e8te? Il nostro accompagnamento si compone dei seguenti elementi: Un [&hellip;]<\/p>\n","protected":false},"author":1,"featured_media":0,"parent":52814,"menu_order":0,"comment_status":"closed","ping_status":"closed","template":"","meta":{"iawp_total_views":18,"footnotes":""},"categories":[163],"class_list":["post-52983","page","type-page","status-publish","hentry","category-eco-schools"],"_links":{"self":[{"href":"https:\/\/jmp-ch.org\/it\/wp-json\/wp\/v2\/pages\/52983","targetHints":{"allow":["GET"]}}],"collection":[{"href":"https:\/\/jmp-ch.org\/it\/wp-json\/wp\/v2\/pages"}],"about":[{"href":"https:\/\/jmp-ch.org\/it\/wp-json\/wp\/v2\/types\/page"}],"author":[{"embeddable":true,"href":"https:\/\/jmp-ch.org\/it\/wp-json\/wp\/v2\/users\/1"}],"replies":[{"embeddable":true,"href":"https:\/\/jmp-ch.org\/it\/wp-json\/wp\/v2\/comments?post=52983"}],"version-history":[{"count":11,"href":"https:\/\/jmp-ch.org\/it\/wp-json\/wp\/v2\/pages\/52983\/revisions"}],"predecessor-version":[{"id":52995,"href":"https:\/\/jmp-ch.org\/it\/wp-json\/wp\/v2\/pages\/52983\/revisions\/52995"}],"up":[{"embeddable":true,"href":"https:\/\/jmp-ch.org\/it\/wp-json\/wp\/v2\/pages\/52814"}],"wp:attachment":[{"href":"https:\/\/jmp-ch.org\/it\/wp-json\/wp\/v2\/media?parent=52983"}],"wp:term":[{"taxonomy":"category","embeddable":true,"href":"https:\/\/jmp-ch.org\/it\/wp-json\/wp\/v2\/categories?post=52983"}],"curies":[{"name":"wp","href":"https:\/\/api.w.org\/{rel}","templated":true}]}}