{"id":54136,"date":"2024-09-30T08:26:14","date_gmt":"2024-09-30T06:26:14","guid":{"rendered":"https:\/\/jmp-ch.org\/novita\/"},"modified":"2025-11-10T10:36:23","modified_gmt":"2025-11-10T09:36:23","slug":"novita","status":"publish","type":"page","link":"https:\/\/jmp-ch.org\/it\/novita\/","title":{"rendered":"Novit\u00e0"},"content":{"rendered":"\t\t<div data-elementor-type=\"wp-page\" data-elementor-id=\"54136\" class=\"elementor elementor-54136 elementor-35015\" data-elementor-post-type=\"page\">\n\t\t\t\t<div class=\"elementor-element elementor-element-609c319 e-flex e-con-boxed e-con e-parent\" data-id=\"609c319\" data-element_type=\"container\" data-e-type=\"container\">\n\t\t\t\t\t<div class=\"e-con-inner\">\n\t\t<div class=\"elementor-element elementor-element-5925c21 e-con-full e-flex e-con e-child\" data-id=\"5925c21\" data-element_type=\"container\" data-e-type=\"container\">\n\t\t\t\t<div class=\"elementor-element elementor-element-bd63a5c elementor-widget__width-initial titre-bg elementor-widget elementor-widget-text-editor\" data-id=\"bd63a5c\" data-element_type=\"widget\" data-e-type=\"widget\" data-widget_type=\"text-editor.default\">\n\t\t\t\t\t\t\t\t\t<h2>Novit\u00e0<\/h2>\n\t\t\t\t\t\t\t\t<\/div>\n\t\t\t\t<div class=\"elementor-element elementor-element-aa88208 elementor-widget__width-initial elementor-widget elementor-widget-text-editor\" data-id=\"aa88208\" data-element_type=\"widget\" data-e-type=\"widget\" data-widget_type=\"text-editor.default\">\n\t\t\t\t\t\t\t\t\t<p>Scoprite le ultime notizie sui nostri eventi, le mostre, le escursioni sul campo e i programmi Eco-Schools e Giovani Reporter per l\u2019Ambiente.<\/p>\n\t\t\t\t\t\t\t\t<\/div>\n\t\t\t\t<\/div>\n\t\t\t\t\t<\/div>\n\t\t\t\t<\/div>\n\t\t<div class=\"elementor-element elementor-element-8a53dca portfoliorea e-flex e-con-boxed e-con e-parent\" data-id=\"8a53dca\" data-element_type=\"container\" data-e-type=\"container\" data-settings=\"{&quot;background_background&quot;:&quot;classic&quot;}\">\n\t\t\t\t\t<div class=\"e-con-inner\">\n\t\t<div class=\"elementor-element elementor-element-32ba3a2 e-flex e-con-boxed e-con e-child\" data-id=\"32ba3a2\" data-element_type=\"container\" data-e-type=\"container\">\n\t\t\t\t\t<div class=\"e-con-inner\">\n\t\t\t\t<div class=\"elementor-element elementor-element-3b72acd elementor-grid-1 elementor-widget__width-initial elementor-grid-tablet-2 elementor-grid-mobile-1 elementor-widget elementor-widget-loop-grid\" data-id=\"3b72acd\" data-element_type=\"widget\" data-e-type=\"widget\" data-settings=\"{&quot;template_id&quot;:35055,&quot;columns&quot;:1,&quot;_skin&quot;:&quot;post&quot;,&quot;columns_tablet&quot;:&quot;2&quot;,&quot;columns_mobile&quot;:&quot;1&quot;,&quot;edit_handle_selector&quot;:&quot;[data-elementor-type=\\&quot;loop-item\\&quot;]&quot;,&quot;row_gap&quot;:{&quot;unit&quot;:&quot;px&quot;,&quot;size&quot;:&quot;&quot;,&quot;sizes&quot;:[]},&quot;row_gap_tablet&quot;:{&quot;unit&quot;:&quot;px&quot;,&quot;size&quot;:&quot;&quot;,&quot;sizes&quot;:[]},&quot;row_gap_mobile&quot;:{&quot;unit&quot;:&quot;px&quot;,&quot;size&quot;:&quot;&quot;,&quot;sizes&quot;:[]}}\" data-widget_type=\"loop-grid.post\">\n\t\t\t\t<div class=\"elementor-widget-container\">\n\t\t\t\t\t\t\t<div class=\"e-loop-nothing-found-message\">\n\t\t<\/div>\n\t\t\t\t\t\t<\/div>\n\t\t\t\t<\/div>\n\t\t\t\t\t<\/div>\n\t\t\t\t<\/div>\n\t\t\t\t\t<\/div>\n\t\t\t\t<\/div>\n\t\t<div class=\"elementor-element elementor-element-64b9013 e-flex e-con-boxed e-con e-parent\" data-id=\"64b9013\" data-element_type=\"container\" data-e-type=\"container\">\n\t\t\t\t\t<div class=\"e-con-inner\">\n\t\t<div class=\"elementor-element elementor-element-e4a7d73 e-con-full e-flex e-con e-child\" data-id=\"e4a7d73\" data-element_type=\"container\" data-e-type=\"container\">\n\t\t\t\t<div class=\"elementor-element elementor-element-080eb61 elementor-widget elementor-widget-taxonomy-filter\" data-id=\"080eb61\" data-element_type=\"widget\" data-e-type=\"widget\" data-settings=\"{&quot;selected_element&quot;:&quot;4c448da&quot;,&quot;taxonomy&quot;:&quot;category&quot;,&quot;horizontal_scroll&quot;:&quot;disable&quot;}\" data-widget_type=\"taxonomy-filter.default\">\n\t\t\t\t\t\t\t<search class=\"e-filter\" role=\"search\" data-base-url=\"https:\/\/jmp-ch.org\/it\/\" data-page-num=\"1\">\n\t\t\t\t\t\t\t<button class=\"e-filter-item\" data-filter=\"association\" aria-pressed=\"false\">Association<\/button>\n\t\t\t\t\t\t\t<button class=\"e-filter-item\" data-filter=\"eco-schools-actualites\" aria-pressed=\"false\">Eco-Schools Actualit\u00e9s<\/button>\n\t\t\t\n\t\t\t\t\t\t\t\t\t<button class=\"e-filter-item\" data-filter=\"__all\" aria-pressed=\"true\">\n\t\t\t\tTutto\t\t\t<\/button>\n\t\t\t\t\t<\/search>\n\t\t\t\t\t\t<\/div>\n\t\t\t\t<div class=\"elementor-element elementor-element-4c448da elementor-grid-3 elementor-grid-tablet-2 elementor-grid-mobile-1 elementor-widget elementor-widget-loop-grid\" data-id=\"4c448da\" data-element_type=\"widget\" data-e-type=\"widget\" data-settings=\"{&quot;template_id&quot;:35130,&quot;columns&quot;:3,&quot;pagination_type&quot;:&quot;load_more_on_click&quot;,&quot;_skin&quot;:&quot;post&quot;,&quot;columns_tablet&quot;:&quot;2&quot;,&quot;columns_mobile&quot;:&quot;1&quot;,&quot;edit_handle_selector&quot;:&quot;[data-elementor-type=\\&quot;loop-item\\&quot;]&quot;,&quot;load_more_spinner&quot;:{&quot;value&quot;:&quot;fas fa-spinner&quot;,&quot;library&quot;:&quot;fa-solid&quot;},&quot;row_gap&quot;:{&quot;unit&quot;:&quot;px&quot;,&quot;size&quot;:&quot;&quot;,&quot;sizes&quot;:[]},&quot;row_gap_tablet&quot;:{&quot;unit&quot;:&quot;px&quot;,&quot;size&quot;:&quot;&quot;,&quot;sizes&quot;:[]},&quot;row_gap_mobile&quot;:{&quot;unit&quot;:&quot;px&quot;,&quot;size&quot;:&quot;&quot;,&quot;sizes&quot;:[]}}\" data-widget_type=\"loop-grid.post\">\n\t\t\t\t<div class=\"elementor-widget-container\">\n\t\t\t\t\t\t\t<div class=\"elementor-loop-container elementor-grid\" role=\"list\">\n\t\t<style id=\"loop-35130\">.elementor-35130 .elementor-element.elementor-element-83a5caa{--display:flex;--min-height:468px;--flex-direction:column;--container-widget-width:100%;--container-widget-height:initial;--container-widget-flex-grow:0;--container-widget-align-self:initial;--flex-wrap-mobile:wrap;--gap:0px 0px;--row-gap:0px;--column-gap:0px;--overlay-opacity:0.5;--margin-top:0px;--margin-bottom:0px;--margin-left:0px;--margin-right:0px;--padding-top:0px;--padding-bottom:0px;--padding-left:0px;--padding-right:0px;}.elementor-35130 .elementor-element.elementor-element-83a5caa:not(.elementor-motion-effects-element-type-background), .elementor-35130 .elementor-element.elementor-element-83a5caa > .elementor-motion-effects-container > .elementor-motion-effects-layer{background-color:var( --e-global-color-3f36736 );}.elementor-35130 .elementor-element.elementor-element-83a5caa::before, .elementor-35130 .elementor-element.elementor-element-83a5caa > .elementor-background-video-container::before, .elementor-35130 .elementor-element.elementor-element-83a5caa > .e-con-inner > .elementor-background-video-container::before, .elementor-35130 .elementor-element.elementor-element-83a5caa > .elementor-background-slideshow::before, .elementor-35130 .elementor-element.elementor-element-83a5caa > .e-con-inner > .elementor-background-slideshow::before, .elementor-35130 .elementor-element.elementor-element-83a5caa > .elementor-motion-effects-container > .elementor-motion-effects-layer::before{--background-overlay:'';}.elementor-widget-theme-post-featured-image .widget-image-caption{color:var( --e-global-color-text );font-family:var( --e-global-typography-text-font-family ), Sans-serif;font-size:var( --e-global-typography-text-font-size );font-weight:var( --e-global-typography-text-font-weight );}.elementor-35130 .elementor-element.elementor-element-10d45d4{--display:flex;--padding-top:0px;--padding-bottom:15px;--padding-left:15px;--padding-right:15px;}.elementor-widget-heading .elementor-heading-title{font-family:var( --e-global-typography-primary-font-family ), Sans-serif;font-size:var( --e-global-typography-primary-font-size );font-weight:var( --e-global-typography-primary-font-weight );color:var( --e-global-color-primary );}.elementor-35130 .elementor-element.elementor-element-5b1a2bc .elementor-heading-title{font-family:\"Fira Sans\", Sans-serif;font-size:18px;font-weight:700;text-transform:uppercase;line-height:19px;letter-spacing:0px;word-spacing:0px;color:var( --e-global-color-3f36736 );}.elementor-35130 .elementor-element.elementor-element-5b1a2bc{margin:0px 0px calc(var(--kit-widget-spacing, 0px) + 0px) -1px;padding:15px 0px 15px 0px;border-radius:0px 0px 0px 0px;}.elementor-widget-post-info .elementor-icon-list-item:not(:last-child):after{border-color:var( --e-global-color-text );}.elementor-widget-post-info .elementor-icon-list-icon i{color:var( --e-global-color-primary );}.elementor-widget-post-info .elementor-icon-list-icon svg{fill:var( --e-global-color-primary );}.elementor-widget-post-info .elementor-icon-list-text, .elementor-widget-post-info .elementor-icon-list-text a{color:var( --e-global-color-secondary );}.elementor-widget-post-info .elementor-icon-list-item{font-family:var( --e-global-typography-text-font-family ), Sans-serif;font-size:var( --e-global-typography-text-font-size );font-weight:var( --e-global-typography-text-font-weight );}.elementor-35130 .elementor-element.elementor-element-8f50757 .elementor-icon-list-items:not(.elementor-inline-items) .elementor-icon-list-item:not(:last-child){padding-bottom:calc(0px\/2);}.elementor-35130 .elementor-element.elementor-element-8f50757 .elementor-icon-list-items:not(.elementor-inline-items) .elementor-icon-list-item:not(:first-child){margin-top:calc(0px\/2);}.elementor-35130 .elementor-element.elementor-element-8f50757 .elementor-icon-list-items.elementor-inline-items .elementor-icon-list-item{margin-right:calc(0px\/2);margin-left:calc(0px\/2);}.elementor-35130 .elementor-element.elementor-element-8f50757 .elementor-icon-list-items.elementor-inline-items{margin-right:calc(-0px\/2);margin-left:calc(-0px\/2);}body.rtl .elementor-35130 .elementor-element.elementor-element-8f50757 .elementor-icon-list-items.elementor-inline-items .elementor-icon-list-item:after{left:calc(-0px\/2);}body:not(.rtl) .elementor-35130 .elementor-element.elementor-element-8f50757 .elementor-icon-list-items.elementor-inline-items .elementor-icon-list-item:after{right:calc(-0px\/2);}.elementor-35130 .elementor-element.elementor-element-8f50757 .elementor-icon-list-icon{width:6px;}.elementor-35130 .elementor-element.elementor-element-8f50757 .elementor-icon-list-icon i{font-size:6px;}.elementor-35130 .elementor-element.elementor-element-8f50757 .elementor-icon-list-icon svg{--e-icon-list-icon-size:6px;}body:not(.rtl) .elementor-35130 .elementor-element.elementor-element-8f50757 .elementor-icon-list-text{padding-left:0px;}body.rtl .elementor-35130 .elementor-element.elementor-element-8f50757 .elementor-icon-list-text{padding-right:0px;}.elementor-35130 .elementor-element.elementor-element-8f50757 .elementor-icon-list-text, .elementor-35130 .elementor-element.elementor-element-8f50757 .elementor-icon-list-text a{color:#FFFFFF;}.elementor-35130 .elementor-element.elementor-element-8f50757 .elementor-icon-list-item{font-family:\"Fira Sans\", Sans-serif;font-size:16px;font-weight:700;}.elementor-35130 .elementor-element.elementor-element-8f50757{margin:0px 0px calc(var(--kit-widget-spacing, 0px) + 0px) -1px;}.elementor-widget-theme-post-excerpt{font-family:var( --e-global-typography-text-font-family ), Sans-serif;font-size:var( --e-global-typography-text-font-size );font-weight:var( --e-global-typography-text-font-weight );color:var( --e-global-color-text );}.elementor-35130 .elementor-element.elementor-element-54bcb41{padding:15px 15px 15px 15px;}.elementor-widget-icon.elementor-view-stacked .elementor-icon{background-color:var( --e-global-color-primary );}.elementor-widget-icon.elementor-view-framed .elementor-icon, .elementor-widget-icon.elementor-view-default .elementor-icon{color:var( --e-global-color-primary );border-color:var( --e-global-color-primary );}.elementor-widget-icon.elementor-view-framed .elementor-icon, .elementor-widget-icon.elementor-view-default .elementor-icon svg{fill:var( --e-global-color-primary );}.elementor-35130 .elementor-element.elementor-element-f3655de .elementor-icon-wrapper{text-align:center;}.elementor-35130 .elementor-element.elementor-element-f3655de.elementor-view-stacked .elementor-icon{background-color:#57905E;}.elementor-35130 .elementor-element.elementor-element-f3655de.elementor-view-framed .elementor-icon, .elementor-35130 .elementor-element.elementor-element-f3655de.elementor-view-default .elementor-icon{color:#57905E;border-color:#57905E;}.elementor-35130 .elementor-element.elementor-element-f3655de.elementor-view-framed .elementor-icon, .elementor-35130 .elementor-element.elementor-element-f3655de.elementor-view-default .elementor-icon svg{fill:#57905E;}.elementor-35130 .elementor-element.elementor-element-f3655de .elementor-icon{font-size:26px;}.elementor-35130 .elementor-element.elementor-element-f3655de .elementor-icon svg{height:26px;}.elementor-35130 .elementor-element.elementor-element-f3655de{margin:0px 0px calc(var(--kit-widget-spacing, 0px) + 0px) 0px;padding:0px 0px 0px 0px;width:100%;max-width:100%;bottom:-25px;border-radius:0px 0px 0px 0px;}.elementor-35130 .elementor-element.elementor-element-f3655de.elementor-element{--align-self:center;}body:not(.rtl) .elementor-35130 .elementor-element.elementor-element-f3655de{left:0px;}body.rtl .elementor-35130 .elementor-element.elementor-element-f3655de{right:0px;}@media(max-width:1024px){.elementor-widget-theme-post-featured-image .widget-image-caption{font-size:var( --e-global-typography-text-font-size );}.elementor-widget-heading .elementor-heading-title{font-size:var( --e-global-typography-primary-font-size );}.elementor-widget-post-info .elementor-icon-list-item{font-size:var( --e-global-typography-text-font-size );}.elementor-widget-theme-post-excerpt{font-size:var( --e-global-typography-text-font-size );}}@media(max-width:767px){.elementor-widget-theme-post-featured-image .widget-image-caption{font-size:var( --e-global-typography-text-font-size );}.elementor-widget-heading .elementor-heading-title{font-size:var( --e-global-typography-primary-font-size );}.elementor-widget-post-info .elementor-icon-list-item{font-size:var( --e-global-typography-text-font-size );}.elementor-widget-theme-post-excerpt{font-size:var( --e-global-typography-text-font-size );}}\/* Start custom CSS for heading, class: .elementor-element-5b1a2bc *\/body .titre3lignes {   \n    line-height: 1.2em;\n    height: 3.8em;\n    max-height: 3.8em;\n    overflow: hidden\n}\/* End custom CSS *\/<\/style>\t\t<div data-elementor-type=\"loop-item\" data-elementor-id=\"35130\" class=\"elementor elementor-35130 e-loop-item e-loop-item-55315 post-55315 post type-post status-publish format-standard has-post-thumbnail hentry category-eco-schools-actualites\" data-elementor-post-type=\"elementor_library\" data-custom-edit-handle=\"1\">\n\t\t\t<a class=\"elementor-element elementor-element-83a5caa boite_actu e-flex e-con-boxed e-con e-parent\" data-id=\"83a5caa\" data-element_type=\"container\" data-e-type=\"container\" data-settings=\"{&quot;background_background&quot;:&quot;classic&quot;}\" href=\"https:\/\/jmp-ch.org\/it\/il-programma-es-arriva-in-ticino\/\">\n\t\t\t\t\t<div class=\"e-con-inner\">\n\t\t\t\t<div class=\"elementor-element elementor-element-00af884 elementor-widget elementor-widget-theme-post-featured-image elementor-widget-image\" data-id=\"00af884\" data-element_type=\"widget\" data-e-type=\"widget\" data-widget_type=\"theme-post-featured-image.default\">\n\t\t\t\t\t\t\t\t\t\t\t\t\t\t\t<img decoding=\"async\" src=\"https:\/\/jmp-ch.org\/wp-content\/uploads\/elementor\/thumbs\/Nouvelles-ecoles-ES-fevrier-2026-2-rjkmyqoxcb5lxpim6q5xwkmx61i2bq5koxx58npwg8.jpg\" title=\"Nouvelles \u00e9coles ES f\u00e9vrier 2026\" alt=\"Nouvelles \u00e9coles ES f\u00e9vrier 2026\" loading=\"lazy\" \/>\t\t\t\t\t\t\t\t\t\t\t\t\t\t\t<\/div>\n\t\t<div class=\"elementor-element elementor-element-10d45d4 titre-background e-flex e-con-boxed e-con e-child\" data-id=\"10d45d4\" data-element_type=\"container\" data-e-type=\"container\">\n\t\t\t\t\t<div class=\"e-con-inner\">\n\t\t\t\t<div class=\"elementor-element elementor-element-5b1a2bc titre3lignes elementor-widget elementor-widget-heading\" data-id=\"5b1a2bc\" data-element_type=\"widget\" data-e-type=\"widget\" data-widget_type=\"heading.default\">\n\t\t\t\t\t<h2 class=\"elementor-heading-title elementor-size-default\">Il programma ES arriva in Ticino<\/h2>\t\t\t\t<\/div>\n\t\t\t\t<div class=\"elementor-element elementor-element-8f50757 actu_date elementor-widget elementor-widget-post-info\" data-id=\"8f50757\" data-element_type=\"widget\" data-e-type=\"widget\" data-widget_type=\"post-info.default\">\n\t\t\t\t\t\t\t<ul class=\"elementor-inline-items elementor-icon-list-items elementor-post-info\">\n\t\t\t\t\t\t\t\t<li class=\"elementor-icon-list-item elementor-repeater-item-1945741 elementor-inline-item\" itemprop=\"datePublished\">\n\t\t\t\t\t\t\t\t\t\t\t\t\t<span class=\"elementor-icon-list-text elementor-post-info__item elementor-post-info__item--type-date\">\n\t\t\t\t\t\t\t\t\t\t<time>10\/02\/2026<\/time>\t\t\t\t\t<\/span>\n\t\t\t\t\t\t\t\t<\/li>\n\t\t\t\t<\/ul>\n\t\t\t\t\t\t<\/div>\n\t\t\t\t\t<\/div>\n\t\t\t\t<\/div>\n\t\t\t\t<div class=\"elementor-element elementor-element-54bcb41 elementor-widget elementor-widget-theme-post-excerpt\" data-id=\"54bcb41\" data-element_type=\"widget\" data-e-type=\"widget\" data-widget_type=\"theme-post-excerpt.default\">\n\t\t\t\t\tAll\u2019inizio di quest\u2019anno, 11 nuove scuole aderiscono al programma Eco-Schools, tra cui la prima scuola pubblica...\t\t\t\t<\/div>\n\t\t\t\t<div class=\"elementor-element elementor-element-f3655de elementor-widget__width-inherit elementor-absolute elementor-view-default elementor-widget elementor-widget-icon\" data-id=\"f3655de\" data-element_type=\"widget\" data-e-type=\"widget\" data-settings=\"{&quot;_position&quot;:&quot;absolute&quot;}\" data-widget_type=\"icon.default\">\n\t\t\t\t\t\t\t<div class=\"elementor-icon-wrapper\">\n\t\t\t<div class=\"elementor-icon\">\n\t\t\t<i aria-hidden=\"true\" class=\"icon icon-plus\"><\/i>\t\t\t<\/div>\n\t\t<\/div>\n\t\t\t\t\t\t<\/div>\n\t\t\t\t\t<\/div>\n\t\t\t\t<\/a>\n\t\t\t\t<\/div>\n\t\t\t\t<div data-elementor-type=\"loop-item\" data-elementor-id=\"35130\" class=\"elementor elementor-35130 e-loop-item e-loop-item-54661 post-54661 post type-post status-publish format-standard has-post-thumbnail hentry category-association\" data-elementor-post-type=\"elementor_library\" data-custom-edit-handle=\"1\">\n\t\t\t<a class=\"elementor-element elementor-element-83a5caa boite_actu e-flex e-con-boxed e-con e-parent\" data-id=\"83a5caa\" data-element_type=\"container\" data-e-type=\"container\" data-settings=\"{&quot;background_background&quot;:&quot;classic&quot;}\" href=\"https:\/\/jmp-ch.org\/it\/buon-anno-2026\/\">\n\t\t\t\t\t<div class=\"e-con-inner\">\n\t\t\t\t<div class=\"elementor-element elementor-element-00af884 elementor-widget elementor-widget-theme-post-featured-image elementor-widget-image\" data-id=\"00af884\" data-element_type=\"widget\" data-e-type=\"widget\" data-widget_type=\"theme-post-featured-image.default\">\n\t\t\t\t\t\t\t\t\t\t\t\t\t\t\t<img decoding=\"async\" src=\"https:\/\/jmp-ch.org\/wp-content\/uploads\/elementor\/thumbs\/Voeux_2026-rga9hfsgttwr0swd4hdhvdw1ka56xwz5zld0ul5gf2.jpg\" title=\"Voeux_2026\" alt=\"Voeux_2026\" loading=\"lazy\" \/>\t\t\t\t\t\t\t\t\t\t\t\t\t\t\t<\/div>\n\t\t<div class=\"elementor-element elementor-element-10d45d4 titre-background e-flex e-con-boxed e-con e-child\" data-id=\"10d45d4\" data-element_type=\"container\" data-e-type=\"container\">\n\t\t\t\t\t<div class=\"e-con-inner\">\n\t\t\t\t<div class=\"elementor-element elementor-element-5b1a2bc titre3lignes elementor-widget elementor-widget-heading\" data-id=\"5b1a2bc\" data-element_type=\"widget\" data-e-type=\"widget\" data-widget_type=\"heading.default\">\n\t\t\t\t\t<h2 class=\"elementor-heading-title elementor-size-default\">Buon anno 2026!<\/h2>\t\t\t\t<\/div>\n\t\t\t\t<div class=\"elementor-element elementor-element-8f50757 actu_date elementor-widget elementor-widget-post-info\" data-id=\"8f50757\" data-element_type=\"widget\" data-e-type=\"widget\" data-widget_type=\"post-info.default\">\n\t\t\t\t\t\t\t<ul class=\"elementor-inline-items elementor-icon-list-items elementor-post-info\">\n\t\t\t\t\t\t\t\t<li class=\"elementor-icon-list-item elementor-repeater-item-1945741 elementor-inline-item\" itemprop=\"datePublished\">\n\t\t\t\t\t\t\t\t\t\t\t\t\t<span class=\"elementor-icon-list-text elementor-post-info__item elementor-post-info__item--type-date\">\n\t\t\t\t\t\t\t\t\t\t<time>23\/12\/2025<\/time>\t\t\t\t\t<\/span>\n\t\t\t\t\t\t\t\t<\/li>\n\t\t\t\t<\/ul>\n\t\t\t\t\t\t<\/div>\n\t\t\t\t\t<\/div>\n\t\t\t\t<\/div>\n\t\t\t\t<div class=\"elementor-element elementor-element-54bcb41 elementor-widget elementor-widget-theme-post-excerpt\" data-id=\"54bcb41\" data-element_type=\"widget\" data-e-type=\"widget\" data-widget_type=\"theme-post-excerpt.default\">\n\t\t\t\t\tJ\u2019aime ma Plan\u00e8te vi augura buone feste e vi porge i suoi migliori auguri per il...\t\t\t\t<\/div>\n\t\t\t\t<div class=\"elementor-element elementor-element-f3655de elementor-widget__width-inherit elementor-absolute elementor-view-default elementor-widget elementor-widget-icon\" data-id=\"f3655de\" data-element_type=\"widget\" data-e-type=\"widget\" data-settings=\"{&quot;_position&quot;:&quot;absolute&quot;}\" data-widget_type=\"icon.default\">\n\t\t\t\t\t\t\t<div class=\"elementor-icon-wrapper\">\n\t\t\t<div class=\"elementor-icon\">\n\t\t\t<i aria-hidden=\"true\" class=\"icon icon-plus\"><\/i>\t\t\t<\/div>\n\t\t<\/div>\n\t\t\t\t\t\t<\/div>\n\t\t\t\t\t<\/div>\n\t\t\t\t<\/a>\n\t\t\t\t<\/div>\n\t\t\t\t<\/div>\n\t\t\t\t\t<span class=\"e-load-more-spinner\">\n\t\t\t\t<svg aria-hidden=\"true\" class=\"e-font-icon-svg e-fas-spinner\" viewBox=\"0 0 512 512\" xmlns=\"http:\/\/www.w3.org\/2000\/svg\"><path d=\"M304 48c0 26.51-21.49 48-48 48s-48-21.49-48-48 21.49-48 48-48 48 21.49 48 48zm-48 368c-26.51 0-48 21.49-48 48s21.49 48 48 48 48-21.49 48-48-21.49-48-48-48zm208-208c-26.51 0-48 21.49-48 48s21.49 48 48 48 48-21.49 48-48-21.49-48-48-48zM96 256c0-26.51-21.49-48-48-48S0 229.49 0 256s21.49 48 48 48 48-21.49 48-48zm12.922 99.078c-26.51 0-48 21.49-48 48s21.49 48 48 48 48-21.49 48-48c0-26.509-21.491-48-48-48zm294.156 0c-26.51 0-48 21.49-48 48s21.49 48 48 48 48-21.49 48-48c0-26.509-21.49-48-48-48zM108.922 60.922c-26.51 0-48 21.49-48 48s21.49 48 48 48 48-21.49 48-48-21.491-48-48-48z\"><\/path><\/svg>\t\t\t<\/span>\n\t\t\n\t\t\t\t\t\t<\/div>\n\t\t\t\t<\/div>\n\t\t\t\t<\/div>\n\t\t\t\t\t<\/div>\n\t\t\t\t<\/div>\n\t\t\t\t<\/div>\n\t\t","protected":false},"excerpt":{"rendered":"<p>Novit\u00e0 Scoprite le ultime notizie sui nostri eventi, le mostre, le escursioni sul campo e i programmi Eco-Schools e Giovani Reporter per l\u2019Ambiente. Action Days Eco-Schools Degr\u00e9s scolaires Th\u00e8mes Expertise Conception d&#039;outils p\u00e9dagogiques Conception et mise en \u0153uvre des activit\u00e9s de sensibilisation et d\u2019action au sein des communes Formations aux enjeux de la durabilit\u00e9 Journ\u00e9es [&hellip;]<\/p>\n","protected":false},"author":1,"featured_media":0,"parent":0,"menu_order":0,"comment_status":"closed","ping_status":"closed","template":"","meta":{"iawp_total_views":35,"footnotes":""},"categories":[],"class_list":["post-54136","page","type-page","status-publish","hentry"],"_links":{"self":[{"href":"https:\/\/jmp-ch.org\/it\/wp-json\/wp\/v2\/pages\/54136","targetHints":{"allow":["GET"]}}],"collection":[{"href":"https:\/\/jmp-ch.org\/it\/wp-json\/wp\/v2\/pages"}],"about":[{"href":"https:\/\/jmp-ch.org\/it\/wp-json\/wp\/v2\/types\/page"}],"author":[{"embeddable":true,"href":"https:\/\/jmp-ch.org\/it\/wp-json\/wp\/v2\/users\/1"}],"replies":[{"embeddable":true,"href":"https:\/\/jmp-ch.org\/it\/wp-json\/wp\/v2\/comments?post=54136"}],"version-history":[{"count":3,"href":"https:\/\/jmp-ch.org\/it\/wp-json\/wp\/v2\/pages\/54136\/revisions"}],"predecessor-version":[{"id":54139,"href":"https:\/\/jmp-ch.org\/it\/wp-json\/wp\/v2\/pages\/54136\/revisions\/54139"}],"wp:attachment":[{"href":"https:\/\/jmp-ch.org\/it\/wp-json\/wp\/v2\/media?parent=54136"}],"wp:term":[{"taxonomy":"category","embeddable":true,"href":"https:\/\/jmp-ch.org\/it\/wp-json\/wp\/v2\/categories?post=54136"}],"curies":[{"name":"wp","href":"https:\/\/api.w.org\/{rel}","templated":true}]}}