{"id":54204,"date":"2024-06-10T09:14:45","date_gmt":"2024-06-10T07:14:45","guid":{"rendered":"https:\/\/jmp-ch.org\/home-eco-schools\/sostienici\/"},"modified":"2026-03-19T15:06:03","modified_gmt":"2026-03-19T14:06:03","slug":"sostienici","status":"publish","type":"page","link":"https:\/\/jmp-ch.org\/it\/home-eco-schools\/sostienici\/","title":{"rendered":"Sostienici"},"content":{"rendered":"\t\t<div data-elementor-type=\"wp-page\" data-elementor-id=\"54204\" class=\"elementor elementor-54204 elementor-34344\" data-elementor-post-type=\"page\">\n\t\t\t\t<div class=\"elementor-element elementor-element-87b7ad4 e-flex e-con-boxed e-con e-parent\" data-id=\"87b7ad4\" data-element_type=\"container\" data-e-type=\"container\">\n\t\t\t\t\t<div class=\"e-con-inner\">\n\t\t<div class=\"elementor-element elementor-element-e1c7caf overflow e-con-full e-flex e-con e-child\" data-id=\"e1c7caf\" data-element_type=\"container\" data-e-type=\"container\">\n\t\t<div class=\"elementor-element elementor-element-9e220bf e-con-full e-flex e-con e-child\" data-id=\"9e220bf\" data-element_type=\"container\" data-e-type=\"container\">\n\t\t\t\t<div class=\"elementor-element elementor-element-ddf8074 elementor-widget__width-initial elementor-widget elementor-widget-text-editor\" data-id=\"ddf8074\" data-element_type=\"widget\" data-e-type=\"widget\" data-widget_type=\"text-editor.default\">\n\t\t\t\t\t\t\t\t\t<p>Sostienici<\/p>\n\t\t\t\t\t\t\t\t<\/div>\n\t\t\t\t<div class=\"elementor-element elementor-element-3450d0e elementor-widget__width-initial elementor-widget elementor-widget-text-editor\" data-id=\"3450d0e\" data-element_type=\"widget\" data-e-type=\"widget\" data-widget_type=\"text-editor.default\">\n\t\t\t\t\t\t\t\t\tPiantiamo i semi del cambiamento,<br>oggi, grazie a voi!\t\t\t\t\t\t\t\t<\/div>\n\t\t\t\t<div class=\"elementor-element elementor-element-fe639c4 elementor-widget__width-initial elementor-widget elementor-widget-text-editor\" data-id=\"fe639c4\" data-element_type=\"widget\" data-e-type=\"widget\" data-widget_type=\"text-editor.default\">\n\t\t\t\t\t\t\t\t\t<p>\u00c8 grazie alla vostra <strong>generosit\u00e0<\/strong> che possiamo <strong>agire<\/strong>!<\/p>\n<p><strong>Fate una donazione<\/strong> alla nostra associazione e aiutaci a sviluppare e migliorare le nostre attivit\u00e0 e i nostri progetti educativi. Supportateci su <strong>base ad hoc<\/strong> o per <strong>progetti specifici<\/strong>.<\/p>\n\t\t\t\t\t\t\t\t<\/div>\n\t\t\t\t<\/div>\n\t\t<div class=\"elementor-element elementor-element-5a02e8e e-con-full e-flex e-con e-child\" data-id=\"5a02e8e\" data-element_type=\"container\" data-e-type=\"container\">\n\t\t\t\t<div class=\"elementor-element elementor-element-5f2e223 elementor-widget elementor-widget-image\" data-id=\"5f2e223\" data-element_type=\"widget\" data-e-type=\"widget\" data-widget_type=\"image.default\">\n\t\t\t\t\t\t\t\t\t\t\t\t\t\t\t<img fetchpriority=\"high\" decoding=\"async\" width=\"800\" height=\"534\" src=\"https:\/\/jmp-ch.org\/wp-content\/uploads\/2025\/01\/IMG_8851-2-1024x683.jpg\" class=\"attachment-large size-large wp-image-52717\" alt=\"\" srcset=\"https:\/\/jmp-ch.org\/wp-content\/uploads\/2025\/01\/IMG_8851-2-1024x683.jpg 1024w, https:\/\/jmp-ch.org\/wp-content\/uploads\/2025\/01\/IMG_8851-2-300x200.jpg 300w, https:\/\/jmp-ch.org\/wp-content\/uploads\/2025\/01\/IMG_8851-2-768x512.jpg 768w, https:\/\/jmp-ch.org\/wp-content\/uploads\/2025\/01\/IMG_8851-2-1536x1024.jpg 1536w, https:\/\/jmp-ch.org\/wp-content\/uploads\/2025\/01\/IMG_8851-2-2048x1366.jpg 2048w\" sizes=\"(max-width: 800px) 100vw, 800px\" \/>\t\t\t\t\t\t\t\t\t\t\t\t\t\t\t<\/div>\n\t\t\t\t<\/div>\n\t\t\t\t<\/div>\n\t\t\t\t\t<\/div>\n\t\t\t\t<\/div>\n\t\t<div class=\"elementor-element elementor-element-33e28a3 e-flex e-con-boxed e-con e-parent\" data-id=\"33e28a3\" data-element_type=\"container\" data-e-type=\"container\">\n\t\t\t\t\t<div class=\"e-con-inner\">\n\t\t<div class=\"elementor-element elementor-element-6c24684 e-con-full e-flex e-con e-child\" data-id=\"6c24684\" data-element_type=\"container\" data-e-type=\"container\">\n\t\t\t\t<div class=\"elementor-element elementor-element-4ff33c2 elementor-widget__width-initial elementor-widget elementor-widget-text-editor\" data-id=\"4ff33c2\" data-element_type=\"widget\" data-e-type=\"widget\" data-widget_type=\"text-editor.default\">\n\t\t\t\t\t\t\t\t\t<p>Inviate la vostra donazione tramite bonifico bancario<\/p>\n\t\t\t\t\t\t\t\t<\/div>\n\t\t\t\t<div class=\"elementor-element elementor-element-1e12ac7 elementor-widget__width-initial elementor-widget elementor-widget-text-editor\" data-id=\"1e12ac7\" data-element_type=\"widget\" data-e-type=\"widget\" data-widget_type=\"text-editor.default\">\n\t\t\t\t\t\t\t\t\t<p><strong>Banca:<\/strong> Raiffeisen regione Ginevra Rh\u00f4ne, Rue de Bernex 259A 1233 Bernex<\/p>\n<p><strong>Beneficiario:<\/strong> Associazione J\u2019aime ma Plan\u00e8te<br \/><strong>BIC\/SWIFT:<\/strong> RAIFCH22XXX<br \/><strong>IBAN:<\/strong> CH90 8080 8001 0567 3607 8<\/p>\n<p>Pu\u00f2 anche scaricare il bollettino di versamento.<\/p>\n\t\t\t\t\t\t\t\t<\/div>\n\t\t\t\t<div class=\"elementor-element elementor-element-73899e4 elementor-widget elementor-widget-image\" data-id=\"73899e4\" data-element_type=\"widget\" data-e-type=\"widget\" data-widget_type=\"image.default\">\n\t\t\t\t\t\t\t\t\t\t\t\t\t\t\t\t<a href=\"https:\/\/jmp-ch.org\/wp-content\/uploads\/2025\/02\/Bulletin-versement.pdf\" target=\"_blank\">\n\t\t\t\t\t\t\t<img decoding=\"async\" width=\"800\" height=\"402\" src=\"https:\/\/jmp-ch.org\/wp-content\/uploads\/2025\/02\/bulletin-1024x514.jpg\" class=\"attachment-large size-large wp-image-54210\" alt=\"\" srcset=\"https:\/\/jmp-ch.org\/wp-content\/uploads\/2025\/02\/bulletin-1024x514.jpg 1024w, https:\/\/jmp-ch.org\/wp-content\/uploads\/2025\/02\/bulletin-300x151.jpg 300w, https:\/\/jmp-ch.org\/wp-content\/uploads\/2025\/02\/bulletin-768x386.jpg 768w, https:\/\/jmp-ch.org\/wp-content\/uploads\/2025\/02\/bulletin.jpg 1516w\" sizes=\"(max-width: 800px) 100vw, 800px\" \/>\t\t\t\t\t\t\t\t<\/a>\n\t\t\t\t\t\t\t\t\t\t\t\t\t\t\t<\/div>\n\t\t<div class=\"elementor-element elementor-element-bd198d8 e-con-full e-flex e-con e-child\" data-id=\"bd198d8\" data-element_type=\"container\" data-e-type=\"container\">\n\t\t<div class=\"elementor-element elementor-element-deacfbd e-con-full e-flex e-con e-child\" data-id=\"deacfbd\" data-element_type=\"container\" data-e-type=\"container\">\n\t\t\t\t<div class=\"elementor-element elementor-element-349823f elementor-widget elementor-widget-image\" data-id=\"349823f\" data-element_type=\"widget\" data-e-type=\"widget\" data-widget_type=\"image.default\">\n\t\t\t\t\t\t\t\t\t\t\t\t\t\t\t<img decoding=\"async\" width=\"426\" height=\"118\" src=\"https:\/\/jmp-ch.org\/wp-content\/uploads\/2025\/02\/images.jpg\" class=\"attachment-large size-large wp-image-54212\" alt=\"\" srcset=\"https:\/\/jmp-ch.org\/wp-content\/uploads\/2025\/02\/images.jpg 426w, https:\/\/jmp-ch.org\/wp-content\/uploads\/2025\/02\/images-300x83.jpg 300w\" sizes=\"(max-width: 426px) 100vw, 426px\" \/>\t\t\t\t\t\t\t\t\t\t\t\t\t\t\t<\/div>\n\t\t\t\t<div class=\"elementor-element elementor-element-d94aea6 elementor-widget__width-initial elementor-widget elementor-widget-text-editor\" data-id=\"d94aea6\" data-element_type=\"widget\" data-e-type=\"widget\" data-widget_type=\"text-editor.default\">\n\t\t\t\t\t\t\t\t\t<p>J\u2019aime ma Plan\u00e8te \u00e8 certificata Zewo. Questo label garantisce che i vostri contributi siano utilizzati in modo efficace e trasparente per sostenere i nostri progetti.<\/p>\n\t\t\t\t\t\t\t\t<\/div>\n\t\t\t\t<\/div>\n\t\t\t\t<\/div>\n\t\t\t\t<\/div>\n\t\t<div class=\"elementor-element elementor-element-29817b5 e-con-full e-flex e-con e-child\" data-id=\"29817b5\" data-element_type=\"container\" data-e-type=\"container\">\n\t\t\t\t<div class=\"elementor-element elementor-element-b8b0024 elementor-widget__width-initial elementor-widget elementor-widget-text-editor\" data-id=\"b8b0024\" data-element_type=\"widget\" data-e-type=\"widget\" data-widget_type=\"text-editor.default\">\n\t\t\t\t\t\t\t\t\t<p>AVETE DELLE DOMANDE?<\/p>\n\t\t\t\t\t\t\t\t<\/div>\n\t\t\t\t<div class=\"elementor-element elementor-element-eda33e7 e-transform e-transform elementor-widget elementor-widget-text-editor\" data-id=\"eda33e7\" data-element_type=\"widget\" data-e-type=\"widget\" data-settings=\"{&quot;_transform_scale_effect_hover&quot;:{&quot;unit&quot;:&quot;px&quot;,&quot;size&quot;:0.99,&quot;sizes&quot;:[]},&quot;_transform_scale_effect&quot;:{&quot;unit&quot;:&quot;px&quot;,&quot;size&quot;:&quot;&quot;,&quot;sizes&quot;:[]},&quot;_transform_scale_effect_tablet&quot;:{&quot;unit&quot;:&quot;px&quot;,&quot;size&quot;:&quot;&quot;,&quot;sizes&quot;:[]},&quot;_transform_scale_effect_mobile&quot;:{&quot;unit&quot;:&quot;px&quot;,&quot;size&quot;:&quot;&quot;,&quot;sizes&quot;:[]},&quot;_transform_scale_effect_hover_tablet&quot;:{&quot;unit&quot;:&quot;px&quot;,&quot;size&quot;:&quot;&quot;,&quot;sizes&quot;:[]},&quot;_transform_scale_effect_hover_mobile&quot;:{&quot;unit&quot;:&quot;px&quot;,&quot;size&quot;:&quot;&quot;,&quot;sizes&quot;:[]}}\" data-widget_type=\"text-editor.default\">\n\t\t\t\t\t\t\t\t\t<p>CONTATTACI<\/p>\n\t\t\t\t\t\t\t\t<\/div>\n\t\t<div class=\"elementor-element elementor-element-dd80f46 e-con-full e-flex e-con e-child\" data-id=\"dd80f46\" data-element_type=\"container\" data-e-type=\"container\">\n\t\t<div class=\"elementor-element elementor-element-d2b95ba e-con-full nuage_brush e-flex e-con e-child\" data-id=\"d2b95ba\" data-element_type=\"container\" data-e-type=\"container\" data-settings=\"{&quot;background_background&quot;:&quot;classic&quot;}\">\n\t\t\t\t<div class=\"elementor-element elementor-element-6ab096c elementor-widget__width-initial elementor-widget elementor-widget-text-editor\" data-id=\"6ab096c\" data-element_type=\"widget\" data-e-type=\"widget\" data-widget_type=\"text-editor.default\">\n\t\t\t\t\t\t\t\t\t<p>Deduzione fiscale<\/p>\n\t\t\t\t\t\t\t\t<\/div>\n\t\t\t\t<div class=\"elementor-element elementor-element-f180a49 elementor-widget-mobile__width-initial elementor-widget elementor-widget-text-editor\" data-id=\"f180a49\" data-element_type=\"widget\" data-e-type=\"widget\" data-widget_type=\"text-editor.default\">\n\t\t\t\t\t\t\t\t\t<p>J\u2019aime ma Plan\u00e8te \u00e8 un\u2019associazione riconosciuta di pubblica utilit\u00e0 e la sua donazione \u00e8 deducibile dalle imposte in Svizzera secondo le modalit\u00e0 stabilite dal cantone.<\/p>\n<p>Per maggiori informazioni https:\/\/zewo.ch<\/p>\n\t\t\t\t\t\t\t\t<\/div>\n\t\t\t\t<\/div>\n\t\t<div class=\"elementor-element elementor-element-acbaa59 e-con-full nuage_brush e-flex e-con e-child\" data-id=\"acbaa59\" data-element_type=\"container\" data-e-type=\"container\" data-settings=\"{&quot;background_background&quot;:&quot;classic&quot;}\">\n\t\t\t\t<div class=\"elementor-element elementor-element-45b47ce elementor-widget__width-initial elementor-widget elementor-widget-text-editor\" data-id=\"45b47ce\" data-element_type=\"widget\" data-e-type=\"widget\" data-widget_type=\"text-editor.default\">\n\t\t\t\t\t\t\t\t\t<p>Sostienici con il volontariato ?<\/p>\t\t\t\t\t\t\t\t<\/div>\n\t\t\t\t<div class=\"elementor-element elementor-element-96ae432 elementor-widget-mobile__width-initial elementor-widget elementor-widget-text-editor\" data-id=\"96ae432\" data-element_type=\"widget\" data-e-type=\"widget\" data-widget_type=\"text-editor.default\">\n\t\t\t\t\t\t\t\t\t<ul><li>Essere membro della <a href=\"https:\/\/jmp-ch.org\/wp-content\/uploads\/2026\/03\/Rejoindre-benevolat_IT.pdf\" target=\"_blank\" rel=\"noopener\"><span style=\"text-decoration: underline;\"><strong>giuria Eco-Schools<\/strong><\/span><\/a> e aiutare il team nella valutazione dei progetti realizzati dalle scuole (processo di certificazione)<\/li><li>Partecipare alla creazione di contenuti multilingue attraverso la traduzione e la revisione di risorse didattiche e materiali di comunicazione (francese, inglese, tedesco, italiano)<\/li><li>Supportare il team nell\u2019organizzazione di eventi pubblici (preparazione del materiale, presenza sul posto, ecc.)<\/li><\/ul><p>Non aspettare oltre: unisciti all\u2019avventura! Basta inviare la tua candidatura (CV + breve testo che spieghi le ragioni del tuo interesse per la nostra associazione) a <span style=\"text-decoration: underline;\"><a href=\"mailto:emploi@jmp-ch.org\">emploi@jmp-ch.org<\/a><\/span><\/p>\t\t\t\t\t\t\t\t<\/div>\n\t\t\t\t<\/div>\n\t\t\t\t<\/div>\n\t\t\t\t<\/div>\n\t\t\t\t\t<\/div>\n\t\t\t\t<\/div>\n\t\t<div class=\"elementor-element elementor-element-8e66f10 e-flex e-con-boxed e-con e-parent\" data-id=\"8e66f10\" data-element_type=\"container\" data-e-type=\"container\">\n\t\t\t\t\t<div class=\"e-con-inner\">\n\t\t\t\t\t<\/div>\n\t\t\t\t<\/div>\n\t\t<div class=\"elementor-element elementor-element-10a2bd1 e-flex e-con-boxed e-con e-parent\" data-id=\"10a2bd1\" data-element_type=\"container\" data-e-type=\"container\">\n\t\t\t\t\t<div class=\"e-con-inner\">\n\t\t\t\t\t<\/div>\n\t\t\t\t<\/div>\n\t\t\t\t<\/div>\n\t\t","protected":false},"excerpt":{"rendered":"<p>Sostienici Piantiamo i semi del cambiamento,oggi, grazie a voi! \u00c8 grazie alla vostra generosit\u00e0 che possiamo agire! Fate una donazione alla nostra associazione e aiutaci a sviluppare e migliorare le nostre attivit\u00e0 e i nostri progetti educativi. Supportateci su base ad hoc o per progetti specifici. Inviate la vostra donazione tramite bonifico bancario Banca: Raiffeisen [&hellip;]<\/p>\n","protected":false},"author":1,"featured_media":0,"parent":52814,"menu_order":0,"comment_status":"closed","ping_status":"closed","template":"","meta":{"iawp_total_views":4,"footnotes":""},"categories":[32],"class_list":["post-54204","page","type-page","status-publish","hentry","category-eco-schools"],"_links":{"self":[{"href":"https:\/\/jmp-ch.org\/it\/wp-json\/wp\/v2\/pages\/54204","targetHints":{"allow":["GET"]}}],"collection":[{"href":"https:\/\/jmp-ch.org\/it\/wp-json\/wp\/v2\/pages"}],"about":[{"href":"https:\/\/jmp-ch.org\/it\/wp-json\/wp\/v2\/types\/page"}],"author":[{"embeddable":true,"href":"https:\/\/jmp-ch.org\/it\/wp-json\/wp\/v2\/users\/1"}],"replies":[{"embeddable":true,"href":"https:\/\/jmp-ch.org\/it\/wp-json\/wp\/v2\/comments?post=54204"}],"version-history":[{"count":14,"href":"https:\/\/jmp-ch.org\/it\/wp-json\/wp\/v2\/pages\/54204\/revisions"}],"predecessor-version":[{"id":56137,"href":"https:\/\/jmp-ch.org\/it\/wp-json\/wp\/v2\/pages\/54204\/revisions\/56137"}],"up":[{"embeddable":true,"href":"https:\/\/jmp-ch.org\/it\/wp-json\/wp\/v2\/pages\/52814"}],"wp:attachment":[{"href":"https:\/\/jmp-ch.org\/it\/wp-json\/wp\/v2\/media?parent=54204"}],"wp:term":[{"taxonomy":"category","embeddable":true,"href":"https:\/\/jmp-ch.org\/it\/wp-json\/wp\/v2\/categories?post=54204"}],"curies":[{"name":"wp","href":"https:\/\/api.w.org\/{rel}","templated":true}]}}