{"id":54209,"date":"2024-06-04T09:02:27","date_gmt":"2024-06-04T07:02:27","guid":{"rendered":"https:\/\/jmp-ch.org\/sostienici\/"},"modified":"2026-03-19T15:06:09","modified_gmt":"2026-03-19T14:06:09","slug":"sostienici","status":"publish","type":"page","link":"https:\/\/jmp-ch.org\/it\/sostienici\/","title":{"rendered":"Sostienici"},"content":{"rendered":"\t\t<div data-elementor-type=\"wp-page\" data-elementor-id=\"54209\" class=\"elementor elementor-54209 elementor-33758\" data-elementor-post-type=\"page\">\n\t\t\t\t<div class=\"elementor-element elementor-element-a794e0d e-flex e-con-boxed e-con e-parent\" data-id=\"a794e0d\" data-element_type=\"container\" data-e-type=\"container\">\n\t\t\t\t\t<div class=\"e-con-inner\">\n\t\t<div class=\"elementor-element elementor-element-8e3ae14 e-con-full e-flex e-con e-child\" data-id=\"8e3ae14\" data-element_type=\"container\" data-e-type=\"container\">\n\t\t\t\t<div class=\"elementor-element elementor-element-46ddead elementor-widget__width-initial elementor-widget elementor-widget-text-editor\" data-id=\"46ddead\" data-element_type=\"widget\" data-e-type=\"widget\" data-widget_type=\"text-editor.default\">\n\t\t\t\t\t\t\t\t\t<p>Sostienici<\/p>\n\t\t\t\t\t\t\t\t<\/div>\n\t\t\t\t<div class=\"elementor-element elementor-element-9d77d6a elementor-widget__width-initial elementor-widget elementor-widget-text-editor\" data-id=\"9d77d6a\" data-element_type=\"widget\" data-e-type=\"widget\" data-widget_type=\"text-editor.default\">\n\t\t\t\t\t\t\t\t\t<p><strong>Sostienici<\/strong><br \/><strong>Piantiamo i semi del cambiamento,<\/strong><br \/><strong>oggi, grazie a voi!<\/strong><\/p>\n\t\t\t\t\t\t\t\t<\/div>\n\t\t\t\t<div class=\"elementor-element elementor-element-f5bccc5 elementor-widget__width-initial elementor-widget elementor-widget-text-editor\" data-id=\"f5bccc5\" data-element_type=\"widget\" data-e-type=\"widget\" data-widget_type=\"text-editor.default\">\n\t\t\t\t\t\t\t\t\t<p>\u00c8 grazie alla vostra <strong>generosit\u00e0<\/strong> che possiamo <strong>agire<\/strong>!<\/p>\n<p><strong>Fate una donazione<\/strong> alla nostra associazione e aiutaci a sviluppare e migliorare le nostre attivit\u00e0 e i nostri progetti educativi. Supportateci su <strong>base ad hoc<\/strong> o per <strong>progetti specifici<\/strong>.<\/p>\n\t\t\t\t\t\t\t\t<\/div>\n\t\t\t\t<\/div>\n\t\t<div class=\"elementor-element elementor-element-455d785 e-con-full e-flex e-con e-child\" data-id=\"455d785\" data-element_type=\"container\" data-e-type=\"container\">\n\t\t\t\t<div class=\"elementor-element elementor-element-45bf11e elementor-widget elementor-widget-image\" data-id=\"45bf11e\" data-element_type=\"widget\" data-e-type=\"widget\" data-widget_type=\"image.default\">\n\t\t\t\t\t\t\t\t\t\t\t\t\t\t\t<img fetchpriority=\"high\" decoding=\"async\" width=\"800\" height=\"491\" src=\"https:\/\/jmp-ch.org\/wp-content\/uploads\/2024\/12\/IMG_8912-e1733133465699-1024x628.jpg\" class=\"attachment-large size-large wp-image-54095\" alt=\"\" srcset=\"https:\/\/jmp-ch.org\/wp-content\/uploads\/2024\/12\/IMG_8912-e1733133465699-1024x628.jpg 1024w, https:\/\/jmp-ch.org\/wp-content\/uploads\/2024\/12\/IMG_8912-e1733133465699-300x184.jpg 300w, https:\/\/jmp-ch.org\/wp-content\/uploads\/2024\/12\/IMG_8912-e1733133465699-768x471.jpg 768w, https:\/\/jmp-ch.org\/wp-content\/uploads\/2024\/12\/IMG_8912-e1733133465699-1536x943.jpg 1536w, https:\/\/jmp-ch.org\/wp-content\/uploads\/2024\/12\/IMG_8912-e1733133465699-2048x1257.jpg 2048w\" sizes=\"(max-width: 800px) 100vw, 800px\" \/>\t\t\t\t\t\t\t\t\t\t\t\t\t\t\t<\/div>\n\t\t\t\t<\/div>\n\t\t\t\t\t<\/div>\n\t\t\t\t<\/div>\n\t\t<div class=\"elementor-element elementor-element-5250232 e-flex e-con-boxed e-con e-parent\" data-id=\"5250232\" data-element_type=\"container\" data-e-type=\"container\">\n\t\t\t\t\t<div class=\"e-con-inner\">\n\t\t<div class=\"elementor-element elementor-element-8d19ccc e-con-full e-flex e-con e-child\" data-id=\"8d19ccc\" data-element_type=\"container\" data-e-type=\"container\">\n\t\t\t\t<div class=\"elementor-element elementor-element-fb16e9b elementor-widget elementor-widget-html\" data-id=\"fb16e9b\" data-element_type=\"widget\" data-e-type=\"widget\" data-widget_type=\"html.default\">\n\t\t\t\t\t<iframe id=\"tamaro-iframe\" style=\"width: 100%; border: 0;\" \r\n  src=\"https:\/\/donate.raisenow.io\/jsgkr?analytics.channel=embed&lang=fr\">\r\n<\/iframe>\r\n\r\n<script>\r\n  window.addEventListener(\r\n    'message',\r\n    e => {\r\n      const iframe = document.getElementById('tamaro-iframe')\r\n      if (iframe && e.origin === 'https:\/\/donate.raisenow.io') {\r\n        iframe.style.height = e.data.height + 'px'\r\n      }\r\n    }\r\n  )\r\n<\/script>\t\t\t\t<\/div>\n\t\t<div class=\"elementor-element elementor-element-68ac6d3 e-con-full e-flex e-con e-child\" data-id=\"68ac6d3\" data-element_type=\"container\" data-e-type=\"container\">\n\t\t<div class=\"elementor-element elementor-element-96999df e-con-full e-flex e-con e-child\" data-id=\"96999df\" data-element_type=\"container\" data-e-type=\"container\">\n\t\t\t\t<div class=\"elementor-element elementor-element-847d11f elementor-widget elementor-widget-image\" data-id=\"847d11f\" data-element_type=\"widget\" data-e-type=\"widget\" data-widget_type=\"image.default\">\n\t\t\t\t\t\t\t\t\t\t\t\t\t\t\t<img decoding=\"async\" width=\"426\" height=\"118\" src=\"https:\/\/jmp-ch.org\/wp-content\/uploads\/2025\/02\/images.jpg\" class=\"attachment-large size-large wp-image-54212\" alt=\"\" srcset=\"https:\/\/jmp-ch.org\/wp-content\/uploads\/2025\/02\/images.jpg 426w, https:\/\/jmp-ch.org\/wp-content\/uploads\/2025\/02\/images-300x83.jpg 300w\" sizes=\"(max-width: 426px) 100vw, 426px\" \/>\t\t\t\t\t\t\t\t\t\t\t\t\t\t\t<\/div>\n\t\t\t\t<div class=\"elementor-element elementor-element-9449e81 elementor-widget__width-initial elementor-widget elementor-widget-text-editor\" data-id=\"9449e81\" data-element_type=\"widget\" data-e-type=\"widget\" data-widget_type=\"text-editor.default\">\n\t\t\t\t\t\t\t\t\t<p>J\u2019aime ma Plan\u00e8te \u00e8 certificata Zewo. Questo label garantisce che i vostri contributi siano utilizzati in modo efficace e trasparente per sostenere i nostri progetti.<\/p>\n\t\t\t\t\t\t\t\t<\/div>\n\t\t\t\t<\/div>\n\t\t\t\t<\/div>\n\t\t\t\t<\/div>\n\t\t<div class=\"elementor-element elementor-element-d9d37b0 e-con-full e-flex e-con e-child\" data-id=\"d9d37b0\" data-element_type=\"container\" data-e-type=\"container\">\n\t\t<div class=\"elementor-element elementor-element-564e262 e-con-full e-flex e-con e-child\" data-id=\"564e262\" data-element_type=\"container\" data-e-type=\"container\">\n\t\t\t\t<div class=\"elementor-element elementor-element-eb01711 elementor-widget__width-initial elementor-widget elementor-widget-text-editor\" data-id=\"eb01711\" data-element_type=\"widget\" data-e-type=\"widget\" data-widget_type=\"text-editor.default\">\n\t\t\t\t\t\t\t\t\t<p>Inviate la vostra donazione tramite bonifico bancario<\/p>\n\t\t\t\t\t\t\t\t<\/div>\n\t\t\t\t<div class=\"elementor-element elementor-element-c35fbad elementor-widget__width-initial elementor-widget elementor-widget-text-editor\" data-id=\"c35fbad\" data-element_type=\"widget\" data-e-type=\"widget\" data-widget_type=\"text-editor.default\">\n\t\t\t\t\t\t\t\t\t<p><strong>Banca:<\/strong> Raiffeisen regione Ginevra Rh\u00f4ne, Rue de Bernex 259A 1233 Bernex<\/p>\n<p><strong>Beneficiario:<\/strong> Associazione J\u2019aime ma Plan\u00e8te<br \/><strong>BIC\/SWIFT:<\/strong> RAIFCH22XXX<br \/><strong>IBAN:<\/strong> CH90 8080 8001 0567 3607 8<\/p>\n<p>Pu\u00f2 anche scaricare il bollettino di versamento.<\/p>\n\t\t\t\t\t\t\t\t<\/div>\n\t\t\t\t<div class=\"elementor-element elementor-element-17a4636 elementor-widget elementor-widget-image\" data-id=\"17a4636\" data-element_type=\"widget\" data-e-type=\"widget\" data-widget_type=\"image.default\">\n\t\t\t\t\t\t\t\t\t\t\t\t\t\t\t\t<a href=\"https:\/\/jmp-ch.org\/wp-content\/uploads\/2025\/02\/Bulletin-versement.pdf\" target=\"_blank\">\n\t\t\t\t\t\t\t<img decoding=\"async\" width=\"800\" height=\"402\" src=\"https:\/\/jmp-ch.org\/wp-content\/uploads\/2025\/02\/bulletin-1024x514.jpg\" class=\"attachment-large size-large wp-image-54210\" alt=\"\" srcset=\"https:\/\/jmp-ch.org\/wp-content\/uploads\/2025\/02\/bulletin-1024x514.jpg 1024w, https:\/\/jmp-ch.org\/wp-content\/uploads\/2025\/02\/bulletin-300x151.jpg 300w, https:\/\/jmp-ch.org\/wp-content\/uploads\/2025\/02\/bulletin-768x386.jpg 768w, https:\/\/jmp-ch.org\/wp-content\/uploads\/2025\/02\/bulletin.jpg 1516w\" sizes=\"(max-width: 800px) 100vw, 800px\" \/>\t\t\t\t\t\t\t\t<\/a>\n\t\t\t\t\t\t\t\t\t\t\t\t\t\t\t<\/div>\n\t\t<div class=\"elementor-element elementor-element-321286b e-con-full e-flex e-con e-child\" data-id=\"321286b\" data-element_type=\"container\" data-e-type=\"container\">\n\t\t\t\t<div class=\"elementor-element elementor-element-e97ffea elementor-widget__width-initial elementor-widget elementor-widget-text-editor\" data-id=\"e97ffea\" data-element_type=\"widget\" data-e-type=\"widget\" data-widget_type=\"text-editor.default\">\n\t\t\t\t\t\t\t\t\t<p>Avete delle domande?<\/p>\n\t\t\t\t\t\t\t\t<\/div>\n\t\t\t\t<div class=\"elementor-element elementor-element-f05f205 elementor-widget__width-initial elementor-widget elementor-widget-text-editor\" data-id=\"f05f205\" data-element_type=\"widget\" data-e-type=\"widget\" data-widget_type=\"text-editor.default\">\n\t\t\t\t\t\t\t\t\t<p>Contattaci, saremo lieti di aiutarvi.<\/p>\n\t\t\t\t\t\t\t\t<\/div>\n\t\t\t\t<div class=\"elementor-element elementor-element-a6b0171 e-transform elementor-widget elementor-widget-text-editor\" data-id=\"a6b0171\" data-element_type=\"widget\" data-e-type=\"widget\" data-settings=\"{&quot;_transform_scale_effect_hover&quot;:{&quot;unit&quot;:&quot;px&quot;,&quot;size&quot;:0.99,&quot;sizes&quot;:[]},&quot;_transform_scale_effect_hover_tablet&quot;:{&quot;unit&quot;:&quot;px&quot;,&quot;size&quot;:&quot;&quot;,&quot;sizes&quot;:[]},&quot;_transform_scale_effect_hover_mobile&quot;:{&quot;unit&quot;:&quot;px&quot;,&quot;size&quot;:&quot;&quot;,&quot;sizes&quot;:[]}}\" data-widget_type=\"text-editor.default\">\n\t\t\t\t\t\t\t\t\t<p>CONTATTACI<\/p>\n\t\t\t\t\t\t\t\t<\/div>\n\t\t<div class=\"elementor-element elementor-element-4df2d0a e-con-full e-flex e-con e-child\" data-id=\"4df2d0a\" data-element_type=\"container\" data-e-type=\"container\">\n\t\t<div class=\"elementor-element elementor-element-6007a09 e-con-full nuage_brush e-flex e-con e-child\" data-id=\"6007a09\" data-element_type=\"container\" data-e-type=\"container\" data-settings=\"{&quot;background_background&quot;:&quot;classic&quot;}\">\n\t\t\t\t<div class=\"elementor-element elementor-element-cdeb749 elementor-widget elementor-widget-text-editor\" data-id=\"cdeb749\" data-element_type=\"widget\" data-e-type=\"widget\" data-widget_type=\"text-editor.default\">\n\t\t\t\t\t\t\t\t\t<p>Deduzione fiscale<\/p>\n\t\t\t\t\t\t\t\t<\/div>\n\t\t\t\t<div class=\"elementor-element elementor-element-a15a7a1 elementor-widget elementor-widget-text-editor\" data-id=\"a15a7a1\" data-element_type=\"widget\" data-e-type=\"widget\" data-widget_type=\"text-editor.default\">\n\t\t\t\t\t\t\t\t\tJ\u2019aime ma Plan\u00e8te \u00e8 un\u2019associazione riconosciuta di pubblica utilit\u00e0 e la sua donazione \u00e8 deducibile dalle imposte in Svizzera secondo le modalit\u00e0 stabilite dal cantone.<br><br>Per maggiori informazioni https:\/\/zewo.ch\t\t\t\t\t\t\t\t<\/div>\n\t\t\t\t<\/div>\n\t\t\t\t<\/div>\n\t\t<div class=\"elementor-element elementor-element-41e8366 e-con-full e-flex e-con e-child\" data-id=\"41e8366\" data-element_type=\"container\" data-e-type=\"container\">\n\t\t<div class=\"elementor-element elementor-element-d3d8703 e-con-full nuage_brush e-flex e-con e-child\" data-id=\"d3d8703\" data-element_type=\"container\" data-e-type=\"container\" data-settings=\"{&quot;background_background&quot;:&quot;classic&quot;}\">\n\t\t\t\t<div class=\"elementor-element elementor-element-85d4ae2 elementor-widget elementor-widget-text-editor\" data-id=\"85d4ae2\" data-element_type=\"widget\" data-e-type=\"widget\" data-widget_type=\"text-editor.default\">\n\t\t\t\t\t\t\t\t\t<p>Sostienici con il volontariato ?<\/p>\t\t\t\t\t\t\t\t<\/div>\n\t\t\t\t<div class=\"elementor-element elementor-element-59b2615 elementor-widget elementor-widget-text-editor\" data-id=\"59b2615\" data-element_type=\"widget\" data-e-type=\"widget\" data-widget_type=\"text-editor.default\">\n\t\t\t\t\t\t\t\t\t<ul><li>Essere membro della <a href=\"https:\/\/jmp-ch.org\/wp-content\/uploads\/2026\/03\/Rejoindre-benevolat_IT.pdf\" target=\"_blank\" rel=\"noopener\"><span style=\"text-decoration: underline;\"><strong>giuria Eco-Schools<\/strong><\/span><\/a> e aiutare il team nella valutazione dei progetti realizzati dalle scuole (processo di certificazione)<\/li><li>Partecipare alla creazione di contenuti multilingue attraverso la traduzione e la revisione di risorse didattiche e materiali di comunicazione (francese, inglese, tedesco, italiano)<\/li><li>Supportare il team nell\u2019organizzazione di eventi pubblici (preparazione del materiale, presenza sul posto, ecc.)<\/li><\/ul><p>Non aspettare oltre: unisciti all\u2019avventura! Basta inviare la tua candidatura (CV + breve testo che spieghi le ragioni del tuo interesse per la nostra associazione) a <span style=\"text-decoration: underline;\"><a href=\"mailto:emploi@jmp-ch.org\">emploi@jmp-ch.org<\/a><\/span><\/p>\t\t\t\t\t\t\t\t<\/div>\n\t\t\t\t<\/div>\n\t\t\t\t<\/div>\n\t\t\t\t<\/div>\n\t\t\t\t<\/div>\n\t\t\t\t<\/div>\n\t\t\t\t\t<\/div>\n\t\t\t\t<\/div>\n\t\t<div class=\"elementor-element elementor-element-2d89c59 e-flex e-con-boxed e-con e-parent\" data-id=\"2d89c59\" data-element_type=\"container\" data-e-type=\"container\">\n\t\t\t\t\t<div class=\"e-con-inner\">\n\t\t\t\t\t<\/div>\n\t\t\t\t<\/div>\n\t\t<div class=\"elementor-element elementor-element-371483c e-flex e-con-boxed e-con e-parent\" data-id=\"371483c\" data-element_type=\"container\" data-e-type=\"container\">\n\t\t\t\t\t<div class=\"e-con-inner\">\n\t\t\t\t\t<\/div>\n\t\t\t\t<\/div>\n\t\t<div class=\"elementor-element elementor-element-8c88c32 e-flex e-con-boxed e-con e-parent\" data-id=\"8c88c32\" data-element_type=\"container\" data-e-type=\"container\">\n\t\t\t\t\t<div class=\"e-con-inner\">\n\t\t<div class=\"elementor-element elementor-element-562c729 e-con-full e-flex e-con e-child\" data-id=\"562c729\" data-element_type=\"container\" data-e-type=\"container\">\n\t\t\t\t<\/div>\n\t\t\t\t\t<\/div>\n\t\t\t\t<\/div>\n\t\t\t\t<\/div>\n\t\t","protected":false},"excerpt":{"rendered":"<p>Sostienici SostieniciPiantiamo i semi del cambiamento,oggi, grazie a voi! \u00c8 grazie alla vostra generosit\u00e0 che possiamo agire! Fate una donazione alla nostra associazione e aiutaci a sviluppare e migliorare le nostre attivit\u00e0 e i nostri progetti educativi. Supportateci su base ad hoc o per progetti specifici. J\u2019aime ma Plan\u00e8te \u00e8 certificata Zewo. Questo label garantisce [&hellip;]<\/p>\n","protected":false},"author":1,"featured_media":0,"parent":0,"menu_order":0,"comment_status":"closed","ping_status":"closed","template":"","meta":{"iawp_total_views":16,"footnotes":""},"categories":[],"class_list":["post-54209","page","type-page","status-publish","hentry"],"_links":{"self":[{"href":"https:\/\/jmp-ch.org\/it\/wp-json\/wp\/v2\/pages\/54209","targetHints":{"allow":["GET"]}}],"collection":[{"href":"https:\/\/jmp-ch.org\/it\/wp-json\/wp\/v2\/pages"}],"about":[{"href":"https:\/\/jmp-ch.org\/it\/wp-json\/wp\/v2\/types\/page"}],"author":[{"embeddable":true,"href":"https:\/\/jmp-ch.org\/it\/wp-json\/wp\/v2\/users\/1"}],"replies":[{"embeddable":true,"href":"https:\/\/jmp-ch.org\/it\/wp-json\/wp\/v2\/comments?post=54209"}],"version-history":[{"count":12,"href":"https:\/\/jmp-ch.org\/it\/wp-json\/wp\/v2\/pages\/54209\/revisions"}],"predecessor-version":[{"id":56140,"href":"https:\/\/jmp-ch.org\/it\/wp-json\/wp\/v2\/pages\/54209\/revisions\/56140"}],"wp:attachment":[{"href":"https:\/\/jmp-ch.org\/it\/wp-json\/wp\/v2\/media?parent=54209"}],"wp:term":[{"taxonomy":"category","embeddable":true,"href":"https:\/\/jmp-ch.org\/it\/wp-json\/wp\/v2\/categories?post=54209"}],"curies":[{"name":"wp","href":"https:\/\/api.w.org\/{rel}","templated":true}]}}